{"id":5,"date":"2017-06-22T10:58:06","date_gmt":"2017-06-22T07:58:06","guid":{"rendered":"https:\/\/coursepages.uta.fi\/tiey4\/?page_id=5"},"modified":"2020-08-15T12:01:59","modified_gmt":"2020-08-15T09:01:59","slug":"ajankohtaista","status":"publish","type":"page","link":"https:\/\/coursepages2.tuni.fi\/tiey4\/","title":{"rendered":"Ajankohtaistahttps:\/\/coursepages2.tuni.fi\/tiey4\/wp-admin\/post-new.php?post_type=page"},"content":{"rendered":"<p><span style=\"color: #ff0000\"><span style=\"color: #000000\">N\u00e4m\u00e4 sivut<\/span> poistuvat vuoden 2020 syksyll\u00e4<\/span>, ja materiaali on jatkossa saatavissa WETO-alustalta.<\/p>\n<p><a href=\"https:\/\/weto.sis.uta.fi\/weto5\/viewTask.action?taskId=25&amp;tabId=0&amp;dbId=3\"><strong>WETO: TIETOTEKNIIKKATAIDOT <\/strong><\/a><\/p>\n<dl><\/dl>\n","protected":false},"excerpt":{"rendered":"<p>N\u00e4m\u00e4 sivut poistuvat vuoden 2020 syksyll\u00e4, ja materiaali on jatkossa saatavissa WETO-alustalta. WETO: TIETOTEKNIIKKATAIDOT<\/p>\n","protected":false},"author":30,"featured_media":0,"parent":0,"menu_order":1,"comment_status":"closed","ping_status":"closed","template":"","meta":{"footnotes":""},"class_list":["post-5","page","type-page","status-publish","hentry"],"_links":{"self":[{"href":"https:\/\/coursepages2.tuni.fi\/tiey4\/wp-json\/wp\/v2\/pages\/5","targetHints":{"allow":["GET"]}}],"collection":[{"href":"https:\/\/coursepages2.tuni.fi\/tiey4\/wp-json\/wp\/v2\/pages"}],"about":[{"href":"https:\/\/coursepages2.tuni.fi\/tiey4\/wp-json\/wp\/v2\/types\/page"}],"author":[{"embeddable":true,"href":"https:\/\/coursepages2.tuni.fi\/tiey4\/wp-json\/wp\/v2\/users\/30"}],"replies":[{"embeddable":true,"href":"https:\/\/coursepages2.tuni.fi\/tiey4\/wp-json\/wp\/v2\/comments?post=5"}],"version-history":[{"count":422,"href":"https:\/\/coursepages2.tuni.fi\/tiey4\/wp-json\/wp\/v2\/pages\/5\/revisions"}],"predecessor-version":[{"id":2073,"href":"https:\/\/coursepages2.tuni.fi\/tiey4\/wp-json\/wp\/v2\/pages\/5\/revisions\/2073"}],"wp:attachment":[{"href":"https:\/\/coursepages2.tuni.fi\/tiey4\/wp-json\/wp\/v2\/media?parent=5"}],"curies":[{"name":"wp","href":"https:\/\/api.w.org\/{rel}","templated":true}]}}