{"id":2042,"date":"2020-03-27T16:24:02","date_gmt":"2020-03-27T14:24:02","guid":{"rendered":"https:\/\/coursepages.uta.fi\/tiey4\/?page_id=2042"},"modified":"2020-03-27T17:03:31","modified_gmt":"2020-03-27T15:03:31","slug":"8-verkkojulkaiseminen","status":"publish","type":"page","link":"https:\/\/coursepages2.tuni.fi\/tiey4\/teema-3-2\/8-verkkojulkaiseminen\/","title":{"rendered":"8. Verkkojulkaiseminen"},"content":{"rendered":"<p><span style=\"color: #000080\">\u00a9Juhani Linna, Aulikki Hyrskykari<\/span><\/p>\n<p>Verkossa julkaiseminen tarkoittaa t\u00e4ss\u00e4 digitaalisen informaation &#8211; esimerkiksi tekstin, dokumenttien, kuvien ja videoiden &#8211; asettamista muiden saataville Internetin (verkon) kautta. Dokumenttien jakamista verkon kautta harjoiteltiin jo teemassa 1, ja sit\u00e4kin voidaan pit\u00e4\u00e4 verkossa julkaisemisena.<\/p>\n<p>Pilvipalvelujen ja erityisesti sosiaalisen median kehitys on tehnyt verkkojulkaisemisesta helppoa, ja mainosperustaisuus on tehnyt siit\u00e4 maksutonta tai ainakin edullista. Monelle tavallisille kuluttajallekin julkaiseminen verkossa esimerkiksi <strong>Instagram<\/strong>in, <strong>Flickr<\/strong>in tai <strong>YouTube<\/strong>n kautta voi olla l\u00e4hes p\u00e4ivitt\u00e4inen toimenpide. Dokumentteja voi jakaa suhteellisen suoraviivaisesti pilvilevyilt\u00e4 kuten <strong>OneDrive<\/strong>lt\u00e4, <strong>Google Drive<\/strong>st\u00e4, <strong>DropBox<\/strong>ista tai <strong>iCloud<\/strong>ista, erikoistuneempia palveluja ovat esimerkiksi <strong>SlideShare<\/strong> esitysgrafiikalle ja <strong>issuu<\/strong> vihkomuotoon taitetulle medialle. Blogimaiseen sis\u00e4ll\u00f6ntuottoon on esimerkiksi <strong>Blogger<\/strong> ja <strong>WordPress<\/strong>, ja yhteistoiminnallista julkaisua voi blogien lis\u00e4ksi harjoittaa erilaisilla wiki-sivustoilla. Kaikkia n\u00e4it\u00e4 palveluja yhdist\u00e4\u00e4 paitsi suhteellinen helppok\u00e4ytt\u00f6isyys, my\u00f6s se ett\u00e4 niiden perusversiot ovat kuluttajak\u00e4ytt\u00e4jille ilmaisia.<\/p>\n<p>Olennainen kysymys verkkojulkaisemisessa on, <em><strong>mit\u00e4<\/strong><\/em> julkaisee ja <em><strong>kenelle<\/strong><\/em>. Kysymyksess\u00e4 <em>mit\u00e4<\/em> merkityksellist\u00e4 on sek\u00e4 tiedostomuoto (esimerkiksi kuva, video, esitys, dokumentti) ett\u00e4 sis\u00e4lt\u00f6 (esimerkiksi ty\u00f6sis\u00e4ll\u00f6t vs. harrastejulkaisut). Kysymyksess\u00e4 <em>kenelle<\/em> on merkityst\u00e4 sill\u00e4, kenen toivoo l\u00f6yt\u00e4v\u00e4n julkaisun ja onko ajatuksena esimerkiksi vain jakaminen vai my\u00f6s yhteismuokkaus tai kommentointi. Useissa ty\u00f6kaluissa on mahdollista valita ainakin sen v\u00e4lill\u00e4, julkaiseeko kaikille (eli asettaa julkisesti saataville) vai vain niille, joilla on linkki. Joissakin (kuten yliopiston Office365:n OneDrivess\u00e4) on mahdollista lis\u00e4ksi rajata julkaisu vain oman organisaation j\u00e4senille. K\u00e4ytt\u00e4j\u00e4n onneksi monessa tapauksessa on monta oikeaa vastausta, mutta sopivimman l\u00f6yt\u00e4minen vaatii joka tapauksessa kokeilua. Teeman III viimeisess\u00e4 osassa teemme juuri t\u00e4t\u00e4 &#8211; kokeilemme erilaisia verkkojulkaisemisen ty\u00f6kaluja.<\/p>\n","protected":false},"excerpt":{"rendered":"<p>\u00a9Juhani Linna, Aulikki Hyrskykari Verkossa julkaiseminen tarkoittaa t\u00e4ss\u00e4 digitaalisen informaation &#8211; esimerkiksi tekstin, dokumenttien, kuvien ja videoiden &#8211; asettamista muiden saataville Internetin (verkon) kautta. Dokumenttien jakamista verkon kautta harjoiteltiin jo teemassa 1, ja sit\u00e4kin voidaan pit\u00e4\u00e4 verkossa julkaisemisena. Pilvipalvelujen ja erityisesti sosiaalisen median kehitys on tehnyt verkkojulkaisemisesta helppoa, ja mainosperustaisuus on tehnyt siit\u00e4 maksutonta tai &hellip; <a href=\"https:\/\/coursepages2.tuni.fi\/tiey4\/teema-3-2\/8-verkkojulkaiseminen\/\" class=\"more-link\">Jatka artikkeliin <span class=\"screen-reader-text\">8. Verkkojulkaiseminen<\/span><\/a><\/p>\n","protected":false},"author":1,"featured_media":0,"parent":1932,"menu_order":8,"comment_status":"closed","ping_status":"closed","template":"","meta":{"footnotes":""},"class_list":["post-2042","page","type-page","status-publish","hentry"],"_links":{"self":[{"href":"https:\/\/coursepages2.tuni.fi\/tiey4\/wp-json\/wp\/v2\/pages\/2042","targetHints":{"allow":["GET"]}}],"collection":[{"href":"https:\/\/coursepages2.tuni.fi\/tiey4\/wp-json\/wp\/v2\/pages"}],"about":[{"href":"https:\/\/coursepages2.tuni.fi\/tiey4\/wp-json\/wp\/v2\/types\/page"}],"author":[{"embeddable":true,"href":"https:\/\/coursepages2.tuni.fi\/tiey4\/wp-json\/wp\/v2\/users\/1"}],"replies":[{"embeddable":true,"href":"https:\/\/coursepages2.tuni.fi\/tiey4\/wp-json\/wp\/v2\/comments?post=2042"}],"version-history":[{"count":4,"href":"https:\/\/coursepages2.tuni.fi\/tiey4\/wp-json\/wp\/v2\/pages\/2042\/revisions"}],"predecessor-version":[{"id":2047,"href":"https:\/\/coursepages2.tuni.fi\/tiey4\/wp-json\/wp\/v2\/pages\/2042\/revisions\/2047"}],"up":[{"embeddable":true,"href":"https:\/\/coursepages2.tuni.fi\/tiey4\/wp-json\/wp\/v2\/pages\/1932"}],"wp:attachment":[{"href":"https:\/\/coursepages2.tuni.fi\/tiey4\/wp-json\/wp\/v2\/media?parent=2042"}],"curies":[{"name":"wp","href":"https:\/\/api.w.org\/{rel}","templated":true}]}}