{"id":2038,"date":"2020-03-27T16:21:46","date_gmt":"2020-03-27T14:21:46","guid":{"rendered":"https:\/\/coursepages.uta.fi\/tiey4\/?page_id=2038"},"modified":"2020-03-27T17:05:20","modified_gmt":"2020-03-27T15:05:20","slug":"6-viivaimen-ja-sarkainten-kaytto","status":"publish","type":"page","link":"https:\/\/coursepages2.tuni.fi\/tiey4\/teema-3-2\/6-viivaimen-ja-sarkainten-kaytto\/","title":{"rendered":"6. Viivain, sarkaimet"},"content":{"rendered":"<p><span style=\"color: #000080\">\u00a9Juhani Linna, Aulikki Hyrskykari<\/span><\/p>\n<p>Sisennys tehd\u00e4\u00e4n siis kappale -ty\u00f6kaluryhm\u00e4st\u00e4 joko kappaletta suoraan muokkaamalla tai kappaletyyli\u00e4 muokkaamalla &#8211; ei v\u00e4lily\u00f6nneill\u00e4. Toisinaan sisennysten lis\u00e4ksi on tarpeen j\u00e4rjest\u00e4\u00e4 dokumentin rivien sanat juuri tiettyihin kohtiin, ja t\u00e4ll\u00f6in tarvitaan <strong>sarkaimia<\/strong> (<em>Tabs<\/em>). Sarkaimia s\u00e4\u00e4det\u00e4\u00e4n k\u00e4tevimmin Kappale-ty\u00f6kaluryhm\u00e4n Sarkaimet-ty\u00f6kalulla.<\/p>\n<p><img loading=\"lazy\" decoding=\"async\" class=\"alignleft wp-image-1003\" src=\"https:\/\/coursepages2.tuni.fi\/tiey4\/wp-content\/uploads\/sites\/39\/2018\/10\/T3-039-sark.png\" alt=\"\" width=\"200\" height=\"241\" srcset=\"https:\/\/coursepages2.tuni.fi\/tiey4\/wp-content\/uploads\/sites\/39\/2018\/10\/T3-039-sark.png 290w, https:\/\/coursepages2.tuni.fi\/tiey4\/wp-content\/uploads\/sites\/39\/2018\/10\/T3-039-sark-249x300.png 249w\" sizes=\"auto, (max-width: 200px) 100vw, 200px\" \/>Sarkaimet -ty\u00f6kalu n\u00e4ytt\u00e4\u00e4 vasemmalla olevan kuvan kaltaiselta. Sarkainkohdat asetetaan sy\u00f6tt\u00e4m\u00e4ll\u00e4 kohta (senttimetreiss\u00e4), valitsemalla tasaus ja painamalla Aseta. Kuvassa on asetettu sarkaimet kohtiin 3 cm, 6,5 cm, 12 cm, 14 cm ja 16 cm. Nimens\u00e4 mukaisesti vasen sarkain tasaa sis\u00e4ll\u00f6n vasemmalle, keskisarkain keskelle ja oikea sarkain oikealle. Desimaalisarkain tasaa desimaalin mukaan, ja viivasarkain tekee m\u00e4\u00e4riteltyyn kohtaan pystyviivan. Asetettu sarkain poistetaan valitsemalla se ja klikkaamalla Tyhjenn\u00e4.<\/p>\n<p>Edell\u00e4 m\u00e4\u00e4ritellyt sarkaimet n\u00e4kyv\u00e4t viivaimella (<em>ruler<\/em>) allaolevalla tavalla. Niiden paikkaa voi siirt\u00e4\u00e4 hiirell\u00e4 raahamalla.<\/p>\n<p><img loading=\"lazy\" decoding=\"async\" class=\"aligncenter wp-image-999\" src=\"https:\/\/coursepages2.tuni.fi\/tiey4\/wp-content\/uploads\/sites\/39\/2018\/10\/T3-040-sark.png\" alt=\"\" width=\"600\" height=\"37\" srcset=\"https:\/\/coursepages2.tuni.fi\/tiey4\/wp-content\/uploads\/sites\/39\/2018\/10\/T3-040-sark.png 881w, https:\/\/coursepages2.tuni.fi\/tiey4\/wp-content\/uploads\/sites\/39\/2018\/10\/T3-040-sark-300x19.png 300w, https:\/\/coursepages2.tuni.fi\/tiey4\/wp-content\/uploads\/sites\/39\/2018\/10\/T3-040-sark-768x48.png 768w\" sizes=\"auto, (max-width: 600px) 100vw, 600px\" \/><\/p>\n<p>Huomaa, ett\u00e4 tehdyt muutokset vaikuttavat vain aktiiviseen kappaleeseen, tai useampaan siin\u00e4 tapauksessa ett\u00e4 ne ovat valittuna muutoksia teht\u00e4ess\u00e4.<\/p>\n<figure id=\"attachment_1007\" aria-describedby=\"caption-attachment-1007\" style=\"width: 600px\" class=\"wp-caption aligncenter\"><a href=\"https:\/\/www.youtube.com\/watch?v=1JnogC11zX0\" target=\"_blank\" rel=\"noopener\"><img loading=\"lazy\" decoding=\"async\" class=\"wp-image-1007\" src=\"https:\/\/coursepages2.tuni.fi\/tiey4\/wp-content\/uploads\/sites\/39\/2018\/10\/T3-video-sark.png\" alt=\"Kurssitalon video sarkaimista Wordissa (6:54)\" width=\"600\" height=\"337\" srcset=\"https:\/\/coursepages2.tuni.fi\/tiey4\/wp-content\/uploads\/sites\/39\/2018\/10\/T3-video-sark.png 1279w, https:\/\/coursepages2.tuni.fi\/tiey4\/wp-content\/uploads\/sites\/39\/2018\/10\/T3-video-sark-300x169.png 300w, https:\/\/coursepages2.tuni.fi\/tiey4\/wp-content\/uploads\/sites\/39\/2018\/10\/T3-video-sark-768x432.png 768w, https:\/\/coursepages2.tuni.fi\/tiey4\/wp-content\/uploads\/sites\/39\/2018\/10\/T3-video-sark-1024x576.png 1024w\" sizes=\"auto, (max-width: 600px) 100vw, 600px\" \/><\/a><figcaption id=\"caption-attachment-1007\" class=\"wp-caption-text\">Kurssitalon video sarkaimista Wordissa (6:54)<\/figcaption><\/figure>\n","protected":false},"excerpt":{"rendered":"<p>\u00a9Juhani Linna, Aulikki Hyrskykari Sisennys tehd\u00e4\u00e4n siis kappale -ty\u00f6kaluryhm\u00e4st\u00e4 joko kappaletta suoraan muokkaamalla tai kappaletyyli\u00e4 muokkaamalla &#8211; ei v\u00e4lily\u00f6nneill\u00e4. Toisinaan sisennysten lis\u00e4ksi on tarpeen j\u00e4rjest\u00e4\u00e4 dokumentin rivien sanat juuri tiettyihin kohtiin, ja t\u00e4ll\u00f6in tarvitaan sarkaimia (Tabs). Sarkaimia s\u00e4\u00e4det\u00e4\u00e4n k\u00e4tevimmin Kappale-ty\u00f6kaluryhm\u00e4n Sarkaimet-ty\u00f6kalulla. Sarkaimet -ty\u00f6kalu n\u00e4ytt\u00e4\u00e4 vasemmalla olevan kuvan kaltaiselta. Sarkainkohdat asetetaan sy\u00f6tt\u00e4m\u00e4ll\u00e4 kohta (senttimetreiss\u00e4), valitsemalla tasaus &hellip; <a href=\"https:\/\/coursepages2.tuni.fi\/tiey4\/teema-3-2\/6-viivaimen-ja-sarkainten-kaytto\/\" class=\"more-link\">Jatka artikkeliin <span class=\"screen-reader-text\">6. Viivain, sarkaimet<\/span><\/a><\/p>\n","protected":false},"author":1,"featured_media":0,"parent":1932,"menu_order":6,"comment_status":"closed","ping_status":"closed","template":"","meta":{"footnotes":""},"class_list":["post-2038","page","type-page","status-publish","hentry"],"_links":{"self":[{"href":"https:\/\/coursepages2.tuni.fi\/tiey4\/wp-json\/wp\/v2\/pages\/2038","targetHints":{"allow":["GET"]}}],"collection":[{"href":"https:\/\/coursepages2.tuni.fi\/tiey4\/wp-json\/wp\/v2\/pages"}],"about":[{"href":"https:\/\/coursepages2.tuni.fi\/tiey4\/wp-json\/wp\/v2\/types\/page"}],"author":[{"embeddable":true,"href":"https:\/\/coursepages2.tuni.fi\/tiey4\/wp-json\/wp\/v2\/users\/1"}],"replies":[{"embeddable":true,"href":"https:\/\/coursepages2.tuni.fi\/tiey4\/wp-json\/wp\/v2\/comments?post=2038"}],"version-history":[{"count":2,"href":"https:\/\/coursepages2.tuni.fi\/tiey4\/wp-json\/wp\/v2\/pages\/2038\/revisions"}],"predecessor-version":[{"id":2061,"href":"https:\/\/coursepages2.tuni.fi\/tiey4\/wp-json\/wp\/v2\/pages\/2038\/revisions\/2061"}],"up":[{"embeddable":true,"href":"https:\/\/coursepages2.tuni.fi\/tiey4\/wp-json\/wp\/v2\/pages\/1932"}],"wp:attachment":[{"href":"https:\/\/coursepages2.tuni.fi\/tiey4\/wp-json\/wp\/v2\/media?parent=2038"}],"curies":[{"name":"wp","href":"https:\/\/api.w.org\/{rel}","templated":true}]}}