{"id":2036,"date":"2020-03-27T16:20:39","date_gmt":"2020-03-27T14:20:39","guid":{"rendered":"https:\/\/coursepages.uta.fi\/tiey4\/?page_id=2036"},"modified":"2020-03-27T19:46:39","modified_gmt":"2020-03-27T17:46:39","slug":"5-5-sisallysluettelo-yla-ja-alatunnisteet-seka-sivunumerot","status":"publish","type":"page","link":"https:\/\/coursepages2.tuni.fi\/tiey4\/teema-3-2\/5-5-sisallysluettelo-yla-ja-alatunnisteet-seka-sivunumerot\/","title":{"rendered":"5. Sis\u00e4llysluettelo, yl\u00e4- ja alatunnisteet sek\u00e4 sivunumerot"},"content":{"rendered":"<p><span style=\"color: #000080\">\u00a9Juhani Linna, Aulikki Hyrskykari<\/span><\/p>\n<p><strong><img loading=\"lazy\" decoding=\"async\" class=\"alignleft wp-image-989\" src=\"https:\/\/coursepages2.tuni.fi\/tiey4\/wp-content\/uploads\/sites\/39\/2018\/10\/T3-035-SiSL.png\" alt=\"\" width=\"325\" height=\"490\" srcset=\"https:\/\/coursepages2.tuni.fi\/tiey4\/wp-content\/uploads\/sites\/39\/2018\/10\/T3-035-SiSL.png 405w, https:\/\/coursepages2.tuni.fi\/tiey4\/wp-content\/uploads\/sites\/39\/2018\/10\/T3-035-SiSL-199x300.png 199w\" sizes=\"auto, (max-width: 325px) 100vw, 325px\" \/>Sis\u00e4llysluettelo<\/strong>. Kun dokumentin sis\u00e4lt\u00f6 on m\u00e4\u00e4ritelty kappaletyylien kautta asianmukaisesti (esim. otsikot otsikkotyyleill\u00e4), sis\u00e4llysluettelon luominen on suoraviivaista. Vie kursori doku\u00admen\u00adtis\u00adsa siihen koh\u00adtaan johon sis\u00e4l\u00adlys\u00ad\u00adlue\u00adttelon haluat, ja valitse Viittauk\u00adset (<em>References<\/em>) -v\u00e4lileh\u00addel\u00adt\u00e4 Sis\u00e4llysluettelo (<em>Table of Contents<\/em>) -komennon ali\u00advali\u00adkosta joku val\u00admis sis\u00e4llys\u00adluet\u00adtelo\u00adtyyli. Vaihtoehtoisesti voit muokata oman si\u00ads\u00e4l\u00adlys\u00adluette\u00adlo\u00adtyy\u00adlisi valitsemalla Mukauta sis\u00e4llys\u00adluet\u00adte\u00adloa\u2026 (<em>Insert Table of Contents<\/em>\u2026, kuva vasemmalla). Avautuvassa dialogissa valitse v\u00e4li\u00adle\u00adhti Sis\u00e4llys\u00adluettelo (<em>Table of Contents<\/em>), ja valittuasi tyyliasetukset paina ok-painiketta.<\/p>\n<p>Automaattisesti luodun sis\u00e4llysluettelon p\u00e4ivitykseen riitt\u00e4\u00e4, kun sis\u00e4llysluettelossa valitsee hiiren kakkospainikkeen alta l\u00f6ytyv\u00e4st\u00e4 pikavalikosta P\u00e4ivit\u00e4 kentt\u00e4 (<em>Update Field<\/em>), tai Viittaukset (<em>References<\/em>) -v\u00e4lilehdelt\u00e4 P\u00e4ivit\u00e4 taulukko <em>(Update Table).<\/em> N\u00e4in saadaan sis\u00e4llysluettelon otsikkojen nimet ja niihin liittyv\u00e4t sivunumerot p\u00e4ivitetyksi automaattisesti.<\/p>\n<p><img loading=\"lazy\" decoding=\"async\" class=\"alignleft wp-image-996\" src=\"https:\/\/coursepages2.tuni.fi\/tiey4\/wp-content\/uploads\/sites\/39\/2018\/10\/T3-036-ytat.png\" alt=\"\" width=\"175\" height=\"78\" \/><strong>Yl\u00e4- ja alatunnisteet<\/strong>. Yl\u00e4- ja alatunnisteet luodaan Lis\u00e4\u00e4 (<em>Insert<\/em>) -v\u00e4lilehden Yl\u00e4- ja alatunniste (<em>Header &amp; Footer<\/em>) -ty\u00f6kaluryhm\u00e4n kautta (kuva vasemmalla). Sek\u00e4 yl\u00e4- ett\u00e4 alatunnisteille on tarjolla joukko valmiita rakennemalleja, mutta juuri oikean valinta ei ole v\u00e4ltt\u00e4m\u00e4t\u00f6nt\u00e4 koska kaikkea voi muokata j\u00e4lkeenp\u00e4in. Muokkauksessa k\u00e4ytet\u00e4\u00e4n Yl\u00e4- ja alatunnistety\u00f6kaluja <em>(Header and Footer Tools<\/em>, kuva alla).<\/p>\n<p><img loading=\"lazy\" decoding=\"async\" class=\"aligncenter wp-image-995\" src=\"https:\/\/coursepages2.tuni.fi\/tiey4\/wp-content\/uploads\/sites\/39\/2018\/10\/T3-037-ytat.png\" alt=\"\" width=\"600\" height=\"78\" srcset=\"https:\/\/coursepages2.tuni.fi\/tiey4\/wp-content\/uploads\/sites\/39\/2018\/10\/T3-037-ytat.png 1226w, https:\/\/coursepages2.tuni.fi\/tiey4\/wp-content\/uploads\/sites\/39\/2018\/10\/T3-037-ytat-300x39.png 300w, https:\/\/coursepages2.tuni.fi\/tiey4\/wp-content\/uploads\/sites\/39\/2018\/10\/T3-037-ytat-768x100.png 768w, https:\/\/coursepages2.tuni.fi\/tiey4\/wp-content\/uploads\/sites\/39\/2018\/10\/T3-037-ytat-1024x133.png 1024w\" sizes=\"auto, (max-width: 600px) 100vw, 600px\" \/><\/p>\n<p>Niill\u00e4 voidaan mm. muokata tunnisteiden rakennetta (kohdat 2 ja 3), sivunumeroa (3), sy\u00f6tt\u00e4\u00e4 haluttuun kohtaan p\u00e4iv\u00e4m\u00e4\u00e4r\u00e4 ja aika (4) sek\u00e4 m\u00e4\u00e4ritt\u00e4\u00e4, linkitet\u00e4\u00e4nk\u00f6 tunniste samaan tyyliin kuin edellisen sivun tunniste (5) &#8211; oletusarvoisesti n\u00e4in on. Jos haluat sivuillesi eri tunnisteita, sinun on eroteltava dokumentti osanvaihdoilla (kappale 2), ja poistettava valinta Linkit\u00e4 edelliseen (<em>Link with Previous<\/em>).<\/p>\n<p><strong>Sivunumerot<\/strong>. Sivunumerot lis\u00e4t\u00e4\u00e4n Yl\u00e4- ja alatunniste -ty\u00f6kaluryhm\u00e4st\u00e4. Sivunmeron voi asettaa joko yl\u00e4- tai alareunaan, sivureunaan tai siihen kohtaan, miss\u00e4 kursori on (Nykyinen sijainti, <em>Current position<\/em>). Sivunumerolle voi asettaa erilaisia tyylej\u00e4 Muotoile sivunumerot (<em>Format Page Numbers&#8230;<\/em>) -valikon kautta; jos haluat tehd\u00e4 n\u00e4in, lis\u00e4\u00e4 ensin sivunumero ja tee muotoilu sitten.<\/p>\n","protected":false},"excerpt":{"rendered":"<p>\u00a9Juhani Linna, Aulikki Hyrskykari Sis\u00e4llysluettelo. Kun dokumentin sis\u00e4lt\u00f6 on m\u00e4\u00e4ritelty kappaletyylien kautta asianmukaisesti (esim. otsikot otsikkotyyleill\u00e4), sis\u00e4llysluettelon luominen on suoraviivaista. Vie kursori doku\u00admen\u00adtis\u00adsa siihen koh\u00adtaan johon sis\u00e4l\u00adlys\u00ad\u00adlue\u00adttelon haluat, ja valitse Viittauk\u00adset (References) -v\u00e4lileh\u00addel\u00adt\u00e4 Sis\u00e4llysluettelo (Table of Contents) -komennon ali\u00advali\u00adkosta joku val\u00admis sis\u00e4llys\u00adluet\u00adtelo\u00adtyyli. Vaihtoehtoisesti voit muokata oman si\u00ads\u00e4l\u00adlys\u00adluette\u00adlo\u00adtyy\u00adlisi valitsemalla Mukauta sis\u00e4llys\u00adluet\u00adte\u00adloa\u2026 (Insert Table of Contents\u2026, kuva &hellip; <a href=\"https:\/\/coursepages2.tuni.fi\/tiey4\/teema-3-2\/5-5-sisallysluettelo-yla-ja-alatunnisteet-seka-sivunumerot\/\" class=\"more-link\">Jatka artikkeliin <span class=\"screen-reader-text\">5. Sis\u00e4llysluettelo, yl\u00e4- ja alatunnisteet sek\u00e4 sivunumerot<\/span><\/a><\/p>\n","protected":false},"author":30,"featured_media":0,"parent":1932,"menu_order":5,"comment_status":"closed","ping_status":"closed","template":"","meta":{"footnotes":""},"class_list":["post-2036","page","type-page","status-publish","hentry"],"_links":{"self":[{"href":"https:\/\/coursepages2.tuni.fi\/tiey4\/wp-json\/wp\/v2\/pages\/2036","targetHints":{"allow":["GET"]}}],"collection":[{"href":"https:\/\/coursepages2.tuni.fi\/tiey4\/wp-json\/wp\/v2\/pages"}],"about":[{"href":"https:\/\/coursepages2.tuni.fi\/tiey4\/wp-json\/wp\/v2\/types\/page"}],"author":[{"embeddable":true,"href":"https:\/\/coursepages2.tuni.fi\/tiey4\/wp-json\/wp\/v2\/users\/30"}],"replies":[{"embeddable":true,"href":"https:\/\/coursepages2.tuni.fi\/tiey4\/wp-json\/wp\/v2\/comments?post=2036"}],"version-history":[{"count":4,"href":"https:\/\/coursepages2.tuni.fi\/tiey4\/wp-json\/wp\/v2\/pages\/2036\/revisions"}],"predecessor-version":[{"id":2062,"href":"https:\/\/coursepages2.tuni.fi\/tiey4\/wp-json\/wp\/v2\/pages\/2036\/revisions\/2062"}],"up":[{"embeddable":true,"href":"https:\/\/coursepages2.tuni.fi\/tiey4\/wp-json\/wp\/v2\/pages\/1932"}],"wp:attachment":[{"href":"https:\/\/coursepages2.tuni.fi\/tiey4\/wp-json\/wp\/v2\/media?parent=2036"}],"curies":[{"name":"wp","href":"https:\/\/api.w.org\/{rel}","templated":true}]}}