{"id":2034,"date":"2020-03-27T16:18:59","date_gmt":"2020-03-27T14:18:59","guid":{"rendered":"https:\/\/coursepages.uta.fi\/tiey4\/?page_id=2034"},"modified":"2020-03-27T17:01:11","modified_gmt":"2020-03-27T15:01:11","slug":"4-kappaletyylit","status":"publish","type":"page","link":"https:\/\/coursepages2.tuni.fi\/tiey4\/teema-3-2\/4-kappaletyylit\/","title":{"rendered":"4. Kappaletyylit"},"content":{"rendered":"<p><span style=\"color: #000080\">\u00a9Juhani Linna, Aulikki Hyrskykari<\/span><\/p>\n<p>Wordissa tekstill\u00e4 on aina joku <strong>kappaletyyli<\/strong>. Jos aloitat kirjoittamaan tyhj\u00e4\u00e4n dokumenttiin teksti\u00e4 ilman esivalmisteluja, kappaletyyli on todenn\u00e4k\u00f6isesti Normaali (<em>Normal<\/em>). Kuten kappaleessa kaksi opit, aktiivista kappaleita voi muokata esimerkiksi sisennyksen, tasauksen tai riviv\u00e4lin suhteen Kappale-ty\u00f6kaluryhm\u00e4n toiminnoilla. Pidemm\u00e4ss\u00e4 tekstiss\u00e4 kappaleen ulkoasua on kuitenkin fiksumpaa muokata valmiiden kappaletyylien kautta erityisesti, jos kirjoitusty\u00f6ll\u00e4 on virallinen tai puolivirallinen luonne. Kun koko dokumentin osat on m\u00e4\u00e4ritelty johdonmukaisesti kappaletyylien kautta, tyylim\u00e4\u00e4rittelyj\u00e4 voidaan muuttaa koko dokumentin osalta muokkaamalla kappaletyylej\u00e4 &#8211; ei jokaista kappaletta erikseen. Samoin esimerkiksi sis\u00e4llysluetteloja voidaan luoda ja p\u00e4ivitt\u00e4\u00e4 automaattisesti. Tyylit (<em>Styles<\/em>) -ty\u00f6kaluryhm\u00e4 l\u00f6ytyy Aloitus (<em>Home<\/em>) -v\u00e4lilehdelt\u00e4.<\/p>\n<p><img loading=\"lazy\" decoding=\"async\" class=\"aligncenter wp-image-981\" src=\"https:\/\/coursepages2.tuni.fi\/tiey4\/wp-content\/uploads\/sites\/39\/2018\/10\/T3-031-Tyyli.png\" alt=\"\" width=\"600\" height=\"75\" srcset=\"https:\/\/coursepages2.tuni.fi\/tiey4\/wp-content\/uploads\/sites\/39\/2018\/10\/T3-031-Tyyli.png 754w, https:\/\/coursepages2.tuni.fi\/tiey4\/wp-content\/uploads\/sites\/39\/2018\/10\/T3-031-Tyyli-300x37.png 300w\" sizes=\"auto, (max-width: 600px) 100vw, 600px\" \/><\/p>\n<p><img loading=\"lazy\" decoding=\"async\" class=\"alignright wp-image-983\" src=\"https:\/\/coursepages2.tuni.fi\/tiey4\/wp-content\/uploads\/sites\/39\/2018\/10\/T3-032-Tyyli.png\" alt=\"\" width=\"175\" height=\"441\" srcset=\"https:\/\/coursepages2.tuni.fi\/tiey4\/wp-content\/uploads\/sites\/39\/2018\/10\/T3-032-Tyyli.png 199w, https:\/\/coursepages2.tuni.fi\/tiey4\/wp-content\/uploads\/sites\/39\/2018\/10\/T3-032-Tyyli-119x300.png 119w\" sizes=\"auto, (max-width: 175px) 100vw, 175px\" \/>Osa tyyleist\u00e4 on n\u00e4kyviss\u00e4 ty\u00f6kaluryhm\u00e4n pikavalintoina &#8211; yll\u00e4olevassa kuvassa esimerkiksi Kappale, Otsikko 1 ja Otsikko 2 (joka on valittuna) ovat pikavalittavia tyylej\u00e4. Kaikki tyylit saat esiin klikkaamalla alakulman pikkunuolta (kuva oikealla). Valmiita tyylej\u00e4 on kymmeni\u00e4 ja lis\u00e4ksi voit luoda itse uusia. Kaikilla tyyleill\u00e4 on oletusarvoiset asetukset, jotka m\u00e4\u00e4rittelev\u00e4t mm. fonttikoon, v\u00e4rin, riviv\u00e4lin, tasauksen ja sen, onko kappale sidottu seuraavaan. N\u00e4it\u00e4 asetuksia voi halutessaan muokata. T\u00e4m\u00e4 tapahtuu klikkaamalla tyylin nime\u00e4 hiiren kakkospainikkeella ja valitsemalla sen j\u00e4lkeen Muokkaa&#8230; (<em>Edit&#8230;<\/em>). Kun muokkaat kappaletyyli\u00e4, dokumentin kaikki ko. tyylill\u00e4 m\u00e4\u00e4ritellyt kappaleet muokkautuvat vastaavasti.<\/p>\n<p><strong>Omat tyylit<\/strong><\/p>\n<p>Jos haluat luoda oman kappaletyylin, se tapahtuu klikkaamalla pikavalittavien tyylien (kuva ylh\u00e4\u00e4ll\u00e4) ty\u00f6kaluryhm\u00e4ss\u00e4 Lis\u00e4\u00e4 (<em>More<\/em>) -nuolta (<img loading=\"lazy\" decoding=\"async\" class=\"alignnone size-full wp-image-986\" src=\"https:\/\/coursepages2.tuni.fi\/tiey4\/wp-content\/uploads\/sites\/39\/2018\/10\/T3-033-Tyyli.png\" alt=\"\" width=\"14\" height=\"22\" \/>) ja valitsemalla Luo tyyli (<em>Create style<\/em>), tai klikkaamalla tyylipaneelista (kuva oikealla) nappia Uusi tyyli (<em>New style<\/em>) (<img loading=\"lazy\" decoding=\"async\" class=\"alignnone size-full wp-image-985\" src=\"https:\/\/coursepages2.tuni.fi\/tiey4\/wp-content\/uploads\/sites\/39\/2018\/10\/T3-034-Tyyli.png\" alt=\"\" width=\"25\" height=\"24\" \/>). My\u00f6s itse luotuja tyylej\u00e4 voi muokata j\u00e4lkeenp\u00e4in. Huomattavaa kuitenkin on, ett\u00e4 ne eiv\u00e4t s\u00e4ily julkisesti k\u00e4yt\u00f6ss\u00e4 (kuten mikroluokissa) olevilla koneilla.<\/p>\n<p>Rakenne (<em>Design<\/em>) -v\u00e4lilehti sis\u00e4lt\u00e4\u00e4 joukon valmiiksi tehtyj\u00e4 &#8211; ja toisiinsa sointuvia &#8211; kappaletyylijoukkoja, joita on ryhmitelty eri teemoihin. Kun dokumenttisi sis\u00e4lt\u00f6 on m\u00e4\u00e4ritelty kappaletyyleill\u00e4, uuden ilmeen luominen tapahtuu t\u00e4\u00e4ll\u00e4 k\u00e4den k\u00e4\u00e4nteess\u00e4. Yksitt\u00e4isten tyylien lis\u00e4ksi voidaan tallentaa esimerkiksi kappaletyylijoukkoja (tiedostotyyppi .dotx) ja Office-teemoja (.thmx). Monella hieman isommalla organisaatiolla onkin omilla v\u00e4reill\u00e4 ja asetuksilla m\u00e4\u00e4ritellyt dokumenttipohjat ja Office-teemat.<\/p>\n<figure id=\"attachment_1005\" aria-describedby=\"caption-attachment-1005\" style=\"width: 600px\" class=\"wp-caption aligncenter\"><a href=\"https:\/\/www.youtube.com\/watch?v=Gv-bSu5abkw\" target=\"_blank\" rel=\"noopener\"><img loading=\"lazy\" decoding=\"async\" class=\"wp-image-1005\" src=\"https:\/\/coursepages2.tuni.fi\/tiey4\/wp-content\/uploads\/sites\/39\/2018\/10\/T3-video-tyylit.png\" alt=\"Kurssitalon video tyyleist\u00e4 Wordissa (4:35)\" width=\"600\" height=\"340\" srcset=\"https:\/\/coursepages2.tuni.fi\/tiey4\/wp-content\/uploads\/sites\/39\/2018\/10\/T3-video-tyylit.png 1281w, https:\/\/coursepages2.tuni.fi\/tiey4\/wp-content\/uploads\/sites\/39\/2018\/10\/T3-video-tyylit-300x170.png 300w, https:\/\/coursepages2.tuni.fi\/tiey4\/wp-content\/uploads\/sites\/39\/2018\/10\/T3-video-tyylit-768x435.png 768w, https:\/\/coursepages2.tuni.fi\/tiey4\/wp-content\/uploads\/sites\/39\/2018\/10\/T3-video-tyylit-1024x580.png 1024w\" sizes=\"auto, (max-width: 600px) 100vw, 600px\" \/><\/a><figcaption id=\"caption-attachment-1005\" class=\"wp-caption-text\">Kurssitalon video tyyleist\u00e4 Wordissa (4:35)<\/figcaption><\/figure>\n","protected":false},"excerpt":{"rendered":"<p>\u00a9Juhani Linna, Aulikki Hyrskykari Wordissa tekstill\u00e4 on aina joku kappaletyyli. Jos aloitat kirjoittamaan tyhj\u00e4\u00e4n dokumenttiin teksti\u00e4 ilman esivalmisteluja, kappaletyyli on todenn\u00e4k\u00f6isesti Normaali (Normal). Kuten kappaleessa kaksi opit, aktiivista kappaleita voi muokata esimerkiksi sisennyksen, tasauksen tai riviv\u00e4lin suhteen Kappale-ty\u00f6kaluryhm\u00e4n toiminnoilla. Pidemm\u00e4ss\u00e4 tekstiss\u00e4 kappaleen ulkoasua on kuitenkin fiksumpaa muokata valmiiden kappaletyylien kautta erityisesti, jos kirjoitusty\u00f6ll\u00e4 on virallinen &hellip; <a href=\"https:\/\/coursepages2.tuni.fi\/tiey4\/teema-3-2\/4-kappaletyylit\/\" class=\"more-link\">Jatka artikkeliin <span class=\"screen-reader-text\">4. Kappaletyylit<\/span><\/a><\/p>\n","protected":false},"author":1,"featured_media":0,"parent":1932,"menu_order":4,"comment_status":"closed","ping_status":"closed","template":"","meta":{"footnotes":""},"class_list":["post-2034","page","type-page","status-publish","hentry"],"_links":{"self":[{"href":"https:\/\/coursepages2.tuni.fi\/tiey4\/wp-json\/wp\/v2\/pages\/2034","targetHints":{"allow":["GET"]}}],"collection":[{"href":"https:\/\/coursepages2.tuni.fi\/tiey4\/wp-json\/wp\/v2\/pages"}],"about":[{"href":"https:\/\/coursepages2.tuni.fi\/tiey4\/wp-json\/wp\/v2\/types\/page"}],"author":[{"embeddable":true,"href":"https:\/\/coursepages2.tuni.fi\/tiey4\/wp-json\/wp\/v2\/users\/1"}],"replies":[{"embeddable":true,"href":"https:\/\/coursepages2.tuni.fi\/tiey4\/wp-json\/wp\/v2\/comments?post=2034"}],"version-history":[{"count":1,"href":"https:\/\/coursepages2.tuni.fi\/tiey4\/wp-json\/wp\/v2\/pages\/2034\/revisions"}],"predecessor-version":[{"id":2035,"href":"https:\/\/coursepages2.tuni.fi\/tiey4\/wp-json\/wp\/v2\/pages\/2034\/revisions\/2035"}],"up":[{"embeddable":true,"href":"https:\/\/coursepages2.tuni.fi\/tiey4\/wp-json\/wp\/v2\/pages\/1932"}],"wp:attachment":[{"href":"https:\/\/coursepages2.tuni.fi\/tiey4\/wp-json\/wp\/v2\/media?parent=2034"}],"curies":[{"name":"wp","href":"https:\/\/api.w.org\/{rel}","templated":true}]}}