{"id":2032,"date":"2020-03-27T16:08:21","date_gmt":"2020-03-27T14:08:21","guid":{"rendered":"https:\/\/coursepages.uta.fi\/tiey4\/?page_id=2032"},"modified":"2020-03-27T16:59:46","modified_gmt":"2020-03-27T14:59:46","slug":"3-tekstin-valinta","status":"publish","type":"page","link":"https:\/\/coursepages2.tuni.fi\/tiey4\/teema-3-2\/3-tekstin-valinta\/","title":{"rendered":"3 Tekstin valinta"},"content":{"rendered":"<p><span style=\"color: #000080\">\u00a9Juhani Linna, Aulikki Hyrskykari<\/span><\/p>\n<p>Tekstin <strong>valintaan<\/strong> on useita eri keinoja. Word ymm\u00e4rt\u00e4\u00e4 kielioppia ja lauserakenteita, mik\u00e4 auttaa, kun valinnan haluaa kohdistaa esimerkiksi virkkeeseen tai kappaleeseen. Tekstin muokkauksessa on kyse samasta peruslogiikasta kuin taulukkomuotoisenkin datan muokkauksessa: valitaan kohde, valitaan ty\u00f6kalu ja suoritetaan toimenpide.<\/p>\n<p><strong>Valinta hiiren avulla<\/strong><\/p>\n<p>Yksinkertaisin, <em>tekstialueen valinta<\/em> tapahtuu <em>raahaamalla<\/em>. Kursorin siirt\u00e4mist\u00e4 hiiren painiketta alhaalla pit\u00e4en kutsutaan raahaukseksi. Hiiren osoitin vied\u00e4\u00e4n siis valittavan alueen alkuun, painetaan hiiren painike alas, ja siirret\u00e4\u00e4n osoitin valittavan alueen loppuun. Hiiren painike vapautetaan, kun haluttu valinta on tehty.<\/p>\n<p><em>Leikkaava (rivityksen rikkova) valinta.<\/em> Mink\u00e4 tahansa suorakaiteen muotoisen alueen voi valita pit\u00e4m\u00e4ll\u00e4 <em>Alt<\/em>-n\u00e4pp\u00e4int\u00e4 pohjassa alueen yli raahatessaan.<\/p>\n<p><em>Rivin valinta.<\/em> Kun vie hiiren osoittimen rivin vasemmalle puolelle marginaaliin, hiiren osoitin muuttuu oikealle kallellaan olevaksi nuoleksi. Hiiren napsautus marginaalissa valitsee ko. rivin. Jos halutaan valita useampi rivi, pidet\u00e4\u00e4n hiiren vasen painike pohjassa ja liikutetaan hiirt\u00e4 yl\u00f6s tai alas.<\/p>\n<p><em>Sanan valinta<\/em>. Kaksoisnapsautus valitsee sanan.<\/p>\n<p><em>Kappaleen valinta.<\/em> Kolmoisnapsautus valitsee kappaleen. Kappaleen valinnan saa aikaan my\u00f6s, jos rivin valinnassa marginaalissa tehdyn napsautuksen sijasta tekeekin kaksoisnapsautuksen.<\/p>\n<p><em>Virkkeen valinta. Ctrl<\/em>-n\u00e4pp\u00e4int\u00e4 painettaessa hiiren napsautus valitsee virkkeen.<\/p>\n<p><em>Erillisten alueiden valinta.<\/em> Valintaan voi \u201dlis\u00e4t\u00e4\u201d uusia alueita pit\u00e4m\u00e4ll\u00e4 <em>Ctrl<\/em>-n\u00e4pp\u00e4int\u00e4 alhaalla uusia valintoja teht\u00e4ess\u00e4.<\/p>\n<p><em>Koko asiakirjan valinta.<\/em> Joskus halutaan kohdistaa komentoja <em>koko dokumenttiin<\/em>. Tekstin voi aina valita hiiren avulla tekstin raahaamalla dokumentin alusta loppuun, mutta k\u00e4tev\u00e4mmin se tapahtuu kolmoisnapsauttamalla vasemmassa marginaalissa.<\/p>\n<p><strong>Valinta pelkk\u00e4\u00e4 n\u00e4pp\u00e4imist\u00f6\u00e4 k\u00e4ytt\u00e4en.<\/strong><\/p>\n<p>Usein on nopeampaa tehd\u00e4 valintoja tarttumatta hiireen. Kursoria voi aina siirt\u00e4\u00e4 nuolin\u00e4pp\u00e4inten avulla merkki kerrallaan eteen (n\u00e4pp\u00e4in \u2192) tai taakse (\u2190) tai rivi kerrallaan yl\u00f6s (\u2191) tai alas (\u2193).<\/p>\n<p>Tekstialueiden valintoja tehdess\u00e4\u00e4n voi kursorin siirron voi useimmissa edell\u00e4 kuvatuista tilanteista tehd\u00e4 hiiren sijasta nuolin\u00e4pp\u00e4imill\u00e4. Esimerkiksi aluetta valittaessa (kursorin nykyisest\u00e4 kohdasta l\u00e4htien) painetaan Vaihto (<em>Shift<\/em>)-n\u00e4pp\u00e4in pohjaan ja siirret\u00e4\u00e4n kursoria nuolin\u00e4pp\u00e4imill\u00e4 haluttuun suuntaan. Vaihto-n\u00e4pp\u00e4in vapautetaan, kun haluttu valinta on tehty.<\/p>\n<p>Kun samalla pit\u00e4\u00e4 kolmea n\u00e4pp\u00e4int\u00e4, <em>Ctrl+Shift+nuolin\u00e4pp\u00e4in<\/em>, alhaalla tapahtuu valinta kursorin kohdasta sanan loppuun tai alkuun, ja kappaleen loppuun tai alkuun.<\/p>\n<p>N\u00e4pp\u00e4inyhdistelm\u00e4 <em>Ctrl+a<\/em> valitsee koko dokumentin (my\u00f6s valikosta l\u00f6ytyy Valitse kaikki -komento (<em>Select All<\/em>)<strong>.<\/strong><\/p>\n<figure id=\"attachment_1006\" aria-describedby=\"caption-attachment-1006\" style=\"width: 600px\" class=\"wp-caption aligncenter\"><a href=\"https:\/\/www.youtube.com\/watch?v=cg3WYD87s38\" target=\"_blank\" rel=\"noopener\"><img loading=\"lazy\" decoding=\"async\" class=\"wp-image-1006\" src=\"https:\/\/coursepages2.tuni.fi\/tiey4\/wp-content\/uploads\/sites\/39\/2018\/10\/T3-video-valinta.png\" alt=\"Kurssitalon video tekstin valitsemisesta Wordissa (2:44)\" width=\"600\" height=\"342\" srcset=\"https:\/\/coursepages2.tuni.fi\/tiey4\/wp-content\/uploads\/sites\/39\/2018\/10\/T3-video-valinta.png 1271w, https:\/\/coursepages2.tuni.fi\/tiey4\/wp-content\/uploads\/sites\/39\/2018\/10\/T3-video-valinta-300x171.png 300w, https:\/\/coursepages2.tuni.fi\/tiey4\/wp-content\/uploads\/sites\/39\/2018\/10\/T3-video-valinta-768x438.png 768w, https:\/\/coursepages2.tuni.fi\/tiey4\/wp-content\/uploads\/sites\/39\/2018\/10\/T3-video-valinta-1024x584.png 1024w\" sizes=\"auto, (max-width: 600px) 100vw, 600px\" \/><\/a><figcaption id=\"caption-attachment-1006\" class=\"wp-caption-text\">Kurssitalon video tekstin valitsemisesta Wordissa (2:44)<\/figcaption><\/figure>\n","protected":false},"excerpt":{"rendered":"<p>\u00a9Juhani Linna, Aulikki Hyrskykari Tekstin valintaan on useita eri keinoja. Word ymm\u00e4rt\u00e4\u00e4 kielioppia ja lauserakenteita, mik\u00e4 auttaa, kun valinnan haluaa kohdistaa esimerkiksi virkkeeseen tai kappaleeseen. Tekstin muokkauksessa on kyse samasta peruslogiikasta kuin taulukkomuotoisenkin datan muokkauksessa: valitaan kohde, valitaan ty\u00f6kalu ja suoritetaan toimenpide. Valinta hiiren avulla Yksinkertaisin, tekstialueen valinta tapahtuu raahaamalla. Kursorin siirt\u00e4mist\u00e4 hiiren painiketta alhaalla &hellip; <a href=\"https:\/\/coursepages2.tuni.fi\/tiey4\/teema-3-2\/3-tekstin-valinta\/\" class=\"more-link\">Jatka artikkeliin <span class=\"screen-reader-text\">3 Tekstin valinta<\/span><\/a><\/p>\n","protected":false},"author":1,"featured_media":0,"parent":1932,"menu_order":3,"comment_status":"closed","ping_status":"closed","template":"","meta":{"footnotes":""},"class_list":["post-2032","page","type-page","status-publish","hentry"],"_links":{"self":[{"href":"https:\/\/coursepages2.tuni.fi\/tiey4\/wp-json\/wp\/v2\/pages\/2032","targetHints":{"allow":["GET"]}}],"collection":[{"href":"https:\/\/coursepages2.tuni.fi\/tiey4\/wp-json\/wp\/v2\/pages"}],"about":[{"href":"https:\/\/coursepages2.tuni.fi\/tiey4\/wp-json\/wp\/v2\/types\/page"}],"author":[{"embeddable":true,"href":"https:\/\/coursepages2.tuni.fi\/tiey4\/wp-json\/wp\/v2\/users\/1"}],"replies":[{"embeddable":true,"href":"https:\/\/coursepages2.tuni.fi\/tiey4\/wp-json\/wp\/v2\/comments?post=2032"}],"version-history":[{"count":1,"href":"https:\/\/coursepages2.tuni.fi\/tiey4\/wp-json\/wp\/v2\/pages\/2032\/revisions"}],"predecessor-version":[{"id":2033,"href":"https:\/\/coursepages2.tuni.fi\/tiey4\/wp-json\/wp\/v2\/pages\/2032\/revisions\/2033"}],"up":[{"embeddable":true,"href":"https:\/\/coursepages2.tuni.fi\/tiey4\/wp-json\/wp\/v2\/pages\/1932"}],"wp:attachment":[{"href":"https:\/\/coursepages2.tuni.fi\/tiey4\/wp-json\/wp\/v2\/media?parent=2032"}],"curies":[{"name":"wp","href":"https:\/\/api.w.org\/{rel}","templated":true}]}}