{"id":2018,"date":"2020-03-27T15:57:09","date_gmt":"2020-03-27T13:57:09","guid":{"rendered":"https:\/\/coursepages.uta.fi\/tiey4\/?page_id=2018"},"modified":"2020-03-27T16:58:51","modified_gmt":"2020-03-27T14:58:51","slug":"1-tekstimuotoinen-data","status":"publish","type":"page","link":"https:\/\/coursepages2.tuni.fi\/tiey4\/teema-3-2\/1-tekstimuotoinen-data\/","title":{"rendered":"1. Tekstimuotoinen data"},"content":{"rendered":"<p><span style=\"color: #000080\">\u00a9Juhani Linna, Aulikki Hyrskykari<\/span><\/p>\n<p>Tekstimuotoisella datalla tarkoitetaan t\u00e4ss\u00e4 luonnollisella kielell\u00e4 tuotettua, digitaalista informaatiota kuten raportteja, esseit\u00e4, runoja, kirjoitelmia tai artikkeleita. Tekstimuotoisen datan k\u00e4sittelyyn on omat ty\u00f6kalunsa, jotka sis\u00e4lt\u00e4v\u00e4t kielioppia, taittoa, luettavuutta ja julkaisutekniikkaa tukevia toimintoja. Tunnetuin n\u00e4ist\u00e4 on Microsoftin Word. Ty\u00f6kalujen ja tekstidatan luonteen tuntemus on hy\u00f6dyksi paitsi tekstidokumentteja luotaessa ja muokattaessa, my\u00f6s niit\u00e4 analysoitaessa.<\/p>\n<p>Wordista ja sen omista tiedostotyypeist\u00e4 .<strong>docx<\/strong> (uusi) ja <strong>.doc<\/strong> (vanha) on tullut 90-luvun j\u00e4lkeen k\u00e4yt\u00e4nn\u00f6ss\u00e4 synonyymej\u00e4 tekstink\u00e4sittelylle. Wordin omia tiedostotyyppej\u00e4 kutsutaan usein dokumenteiksi, ja ne voivat sis\u00e4lt\u00e4\u00e4 tekstin lis\u00e4ksi laaja-alaisesti erilaisia graafisia muotoiluja, kuvia ja mahdollisesti my\u00f6s videota ja \u00e4\u00e4nt\u00e4. Kuten Excelin .xlsx-tiedostot, my\u00f6s .docx-tiedostot voivat sis\u00e4lt\u00e4\u00e4 makroja eli tiedostoon upotettuja pienoisohjelmia. Muita tekstitiedostotyyppej\u00e4 ovat esimerkiksi muotoilematonta teksti\u00e4 sis\u00e4lt\u00e4v\u00e4 <strong>.txt<\/strong>, joka on esimerkiksi Notepadin oma tiedostomuoto, muotoillun tekstin alkeellinen yleistiedostotyyppi <strong>.rtf<\/strong>, joka on esimerkiksi WordPadin oma tiedostomuoto, sek\u00e4 OpenOfficen ja LibreOfficen tektink\u00e4sittelytiedostotyyppi <strong>.odt<\/strong>. Kaikki n\u00e4m\u00e4 tiedostomuodot aukeavat my\u00f6s Wordissa ja my\u00f6s tallennus niihin on mahdollinen, mutta ty\u00f6skennelt\u00e4ess\u00e4 tiedostotyyppin\u00e4 on useimmiten syyt\u00e4 pit\u00e4\u00e4 .docx, jotta ty\u00f6 tallentuu juuri sellaisena kuin olet tarkoittanut.<\/p>\n<p>Tekstimuotoisen datan muotoilussa tavoitellaan usein luettavuuden parantamista ja esteettist\u00e4 kiinnostavuutta. Kuten aikaisemmissakin teemoissa, t\u00e4ss\u00e4kin teemassa keskityt\u00e4\u00e4n tekniseen tekemiseen luovuuden sijaan. Vaikka tekstiss\u00e4 itse sis\u00e4lt\u00f6 on useimmiten muotoa t\u00e4rke\u00e4mpi, ulkon\u00e4k\u00f6\u00f6n ja luettavuuteen on syyt\u00e4 satsata. T\u00e4ss\u00e4 informaatiota ja laadukkaita sis\u00e4lt\u00f6j\u00e4 pursuavassa ajassa k\u00f6mpel\u00f6n ulko- tai kieliasun omaava dokumentti her\u00e4tt\u00e4\u00e4 ei-toivottuja mielikuvia ja j\u00e4\u00e4 usein lukematta.<\/p>\n","protected":false},"excerpt":{"rendered":"<p>\u00a9Juhani Linna, Aulikki Hyrskykari Tekstimuotoisella datalla tarkoitetaan t\u00e4ss\u00e4 luonnollisella kielell\u00e4 tuotettua, digitaalista informaatiota kuten raportteja, esseit\u00e4, runoja, kirjoitelmia tai artikkeleita. Tekstimuotoisen datan k\u00e4sittelyyn on omat ty\u00f6kalunsa, jotka sis\u00e4lt\u00e4v\u00e4t kielioppia, taittoa, luettavuutta ja julkaisutekniikkaa tukevia toimintoja. Tunnetuin n\u00e4ist\u00e4 on Microsoftin Word. Ty\u00f6kalujen ja tekstidatan luonteen tuntemus on hy\u00f6dyksi paitsi tekstidokumentteja luotaessa ja muokattaessa, my\u00f6s niit\u00e4 analysoitaessa. &hellip; <a href=\"https:\/\/coursepages2.tuni.fi\/tiey4\/teema-3-2\/1-tekstimuotoinen-data\/\" class=\"more-link\">Jatka artikkeliin <span class=\"screen-reader-text\">1. Tekstimuotoinen data<\/span><\/a><\/p>\n","protected":false},"author":1,"featured_media":0,"parent":1932,"menu_order":1,"comment_status":"closed","ping_status":"closed","template":"","meta":{"footnotes":""},"class_list":["post-2018","page","type-page","status-publish","hentry"],"_links":{"self":[{"href":"https:\/\/coursepages2.tuni.fi\/tiey4\/wp-json\/wp\/v2\/pages\/2018","targetHints":{"allow":["GET"]}}],"collection":[{"href":"https:\/\/coursepages2.tuni.fi\/tiey4\/wp-json\/wp\/v2\/pages"}],"about":[{"href":"https:\/\/coursepages2.tuni.fi\/tiey4\/wp-json\/wp\/v2\/types\/page"}],"author":[{"embeddable":true,"href":"https:\/\/coursepages2.tuni.fi\/tiey4\/wp-json\/wp\/v2\/users\/1"}],"replies":[{"embeddable":true,"href":"https:\/\/coursepages2.tuni.fi\/tiey4\/wp-json\/wp\/v2\/comments?post=2018"}],"version-history":[{"count":5,"href":"https:\/\/coursepages2.tuni.fi\/tiey4\/wp-json\/wp\/v2\/pages\/2018\/revisions"}],"predecessor-version":[{"id":2044,"href":"https:\/\/coursepages2.tuni.fi\/tiey4\/wp-json\/wp\/v2\/pages\/2018\/revisions\/2044"}],"up":[{"embeddable":true,"href":"https:\/\/coursepages2.tuni.fi\/tiey4\/wp-json\/wp\/v2\/pages\/1932"}],"wp:attachment":[{"href":"https:\/\/coursepages2.tuni.fi\/tiey4\/wp-json\/wp\/v2\/media?parent=2018"}],"curies":[{"name":"wp","href":"https:\/\/api.w.org\/{rel}","templated":true}]}}