{"id":1944,"date":"2020-03-12T14:51:33","date_gmt":"2020-03-12T12:51:33","guid":{"rendered":"https:\/\/coursepages.uta.fi\/tiey4\/?page_id=1944"},"modified":"2020-03-13T01:08:13","modified_gmt":"2020-03-12T23:08:13","slug":"4-tietojen-syottaminen","status":"publish","type":"page","link":"https:\/\/coursepages2.tuni.fi\/tiey4\/teema-2-2\/4-tietojen-syottaminen\/","title":{"rendered":"4. Tietojen sy\u00f6tt\u00e4minen"},"content":{"rendered":"<p><span style=\"color: #4e008e\">\u00a9Juhani Linna, Aulikki Hyrskykari<\/span><br \/>\nTietoa voidaan sy\u00f6tt\u00e4\u00e4 taulukon soluihin kolmella tapaa. Ensinn\u00e4kin sit\u00e4 voidaan sy\u00f6tt\u00e4\u00e4 n\u00e4pp\u00e4imist\u00f6lt\u00e4 &#8211; valitaan solu ja kirjoitetaan. Toiseksi tietoa voidaan kopioida soluihin liitt\u00e4m\u00e4ll\u00e4 leikep\u00f6yd\u00e4lt\u00e4 (v\u00e4limuistista) tai t\u00e4ytt\u00f6kahvan avulla. Kolmanneksi tieto voidaan johtaa toisista soluista kaavan avulla &#8211; t\u00e4st\u00e4 kerrotaan kappaleessa 5.<\/p>\n<p><img loading=\"lazy\" decoding=\"async\" class=\"alignright wp-image-736\" src=\"https:\/\/coursepages2.tuni.fi\/tiey4\/wp-content\/uploads\/sites\/39\/2018\/09\/T2-006-krivi.png\" alt=\"\" width=\"392\" height=\"159\" srcset=\"https:\/\/coursepages2.tuni.fi\/tiey4\/wp-content\/uploads\/sites\/39\/2018\/09\/T2-006-krivi.png 518w, https:\/\/coursepages2.tuni.fi\/tiey4\/wp-content\/uploads\/sites\/39\/2018\/09\/T2-006-krivi-300x122.png 300w\" sizes=\"auto, (max-width: 392px) 100vw, 392px\" \/>Tiedon sy\u00f6tt\u00e4minen soluun <strong>n\u00e4pp\u00e4imist\u00f6ll\u00e4<\/strong> tapahtuu joko itse solussa tai kaavarivill\u00e4. Periaatteessa ei ole merkityst\u00e4 kummalla tapaa tiedon sy\u00f6tt\u00e4\u00e4, mutta kaavarivi tarjoaa enemm\u00e4n tilaa ja mahdollisuuden muotoilla saman solun sis\u00e4lt\u00f6\u00e4 eri tavoin &#8211; kaavarivill\u00e4 voit esimerkiksi lihavoida kolmisanaisen lauseen keskimm\u00e4isen sanan tai lis\u00e4t\u00e4 rivinvaihdon (Alt + Enter) solun sis\u00e4lle.<\/p>\n<p><img loading=\"lazy\" decoding=\"async\" class=\"alignleft size-full wp-image-741\" src=\"https:\/\/coursepages2.tuni.fi\/tiey4\/wp-content\/uploads\/sites\/39\/2018\/09\/T2-007-liit\u00e4.png\" alt=\"\" width=\"153\" height=\"289\" \/>Tiedon sy\u00f6tt\u00e4minen soluun <strong>liitt\u00e4m\u00e4ll\u00e4<\/strong> se leikep\u00f6yd\u00e4lt\u00e4 tapahtuu Liit\u00e4 (<em>Paste<\/em>) valinnan kautta. Kyseess\u00e4 on usein k\u00e4ytetty toiminto ja liitt\u00e4misen vaihtoehtoja on useita (kuva vasemmalla). Perusvaihtoehto (1) liitt\u00e4\u00e4 leikep\u00f6yd\u00e4n sis\u00e4ll\u00f6n sellaisenaan. Jos kopioit kaavoja, suhteelliset viittaukset muuttuvat asiaankuuluvasti. Kaavat-vaihtoehto (2) liitt\u00e4\u00e4 pelk\u00e4n kaavan, kaavat ja lukumuotoilu (3) kaavan ja tietotyypin. S\u00e4ilyt\u00e4 l\u00e4hteen muotoilu (4) kopioi lis\u00e4ksi ulkon\u00e4k\u00f6\u00f6n liittyv\u00e4t muotoilut, ei reunaviivoja (5) samoin mutta ilman reunaviivoja. S\u00e4ilyt\u00e4 l\u00e4hdesarakkeiden leveydet (6) muuttaa sarakeleveyden samaksi kuin kopioinnin kohteessa, transponointi (7) k\u00e4\u00e4nt\u00e4\u00e4 vaakasuuntaisen solualueen horisontaaliseksi ja toisinp\u00e4in.<\/p>\n<p>Arvot (8) valinta liitt\u00e4\u00e4 vain lukuarvot, Arvot ja lukumuotoilu (9) lis\u00e4ksi tietotyypin ja Arvot ja l\u00e4hteen muotoilu (10) ulkon\u00e4k\u00f6\u00f6n liittyv\u00e4t muotoilut. Muotoilu (11) liitt\u00e4\u00e4 pelk\u00e4n muotoilun ilman muuta sis\u00e4lt\u00f6\u00e4, Liit\u00e4 linkki (12) liitt\u00e4\u00e4 absoluuttisen viittauksen l\u00e4hdesoluun (esim. =$B$3), Kuva (13) tekee leikep\u00f6yd\u00e4n sis\u00e4ll\u00f6st\u00e4 kuvan ja liitt\u00e4\u00e4 sen, Kuvalinkki (14) linkitt\u00e4\u00e4 kuvan sis\u00e4ll\u00f6n l\u00e4hdesoluun eli se p\u00e4ivittyy l\u00e4hdesolun mukana.<\/p>\n<p><img loading=\"lazy\" decoding=\"async\" class=\"alignright wp-image-737\" src=\"https:\/\/coursepages2.tuni.fi\/tiey4\/wp-content\/uploads\/sites\/39\/2018\/09\/T2-005-tkahva.png\" alt=\"\" width=\"250\" height=\"234\" srcset=\"https:\/\/coursepages2.tuni.fi\/tiey4\/wp-content\/uploads\/sites\/39\/2018\/09\/T2-005-tkahva.png 320w, https:\/\/coursepages2.tuni.fi\/tiey4\/wp-content\/uploads\/sites\/39\/2018\/09\/T2-005-tkahva-300x280.png 300w\" sizes=\"auto, (max-width: 250px) 100vw, 250px\" \/><strong>T\u00e4ytt\u00f6kahva<\/strong> on Excelin erikoisuus ja eritt\u00e4in hy\u00f6dyllinen esimerkiksi sarjojen tekemisess\u00e4 ja kaavoja kopioitaessa.T\u00e4ytt\u00f6kahvaksi kutsutaan valitun &#8221;kantasolualueen&#8221; oikean alakulman neli\u00f6t\u00e4 &#8211; sit\u00e4 vet\u00e4m\u00e4ll\u00e4 uudet solut t\u00e4yttyv\u00e4t alkuper\u00e4isen valitun alueen tietojen perusteella. Sen, mill\u00e4 ehdoilla kopiointi uusiin soluihin tapahtuu, p\u00e4\u00e4see m\u00e4\u00e4ritt\u00e4m\u00e4\u00e4n Automaattisen t\u00e4yt\u00f6n asetukset (<em>Auto Fill Options<\/em>) -pudotusvalikon avulla (ks. kuva oikealla). Valikko ilmestyy hiirell\u00e4 raahauksen j\u00e4lkeen, kun vapautat painikkeen. Valikosta voit valita kopioidaanko kantasolualueen tieto (1) sellaisenaan uusiin soluihin (Kopioi solut\/<em>Copy Cells<\/em>), (2) k\u00e4ytet\u00e4\u00e4nk\u00f6 kopioinnissa kantasolualueen arvoista l\u00e4htev\u00e4\u00e4 sarjaa (kuten kuvassa, T\u00e4yt\u00e4 sarjat\/<em>Fill Series<\/em>), (3) kopioidaanko uusiin soluihin vain kantasolualueen muotoilu (T\u00e4yt\u00e4 vain muotoilu\/<em>Fill Formatting Only<\/em>), (4) kantasolualueen sis\u00e4lt\u00f6 ilman muotoilua (T\u00e4yt\u00e4 ilman muotoilua\/<em>Fill Without Formatting<\/em>), vai kokeillaanko (5) pikat\u00e4ydennyst\u00e4 (<em>Flash Fill<\/em>). Eri t\u00e4ytt\u00f6tapojen merkityksen ymm\u00e4rt\u00e4\u00e4 parhaiten kokeilemalla.<\/p>\n","protected":false},"excerpt":{"rendered":"<p>\u00a9Juhani Linna, Aulikki Hyrskykari Tietoa voidaan sy\u00f6tt\u00e4\u00e4 taulukon soluihin kolmella tapaa. Ensinn\u00e4kin sit\u00e4 voidaan sy\u00f6tt\u00e4\u00e4 n\u00e4pp\u00e4imist\u00f6lt\u00e4 &#8211; valitaan solu ja kirjoitetaan. Toiseksi tietoa voidaan kopioida soluihin liitt\u00e4m\u00e4ll\u00e4 leikep\u00f6yd\u00e4lt\u00e4 (v\u00e4limuistista) tai t\u00e4ytt\u00f6kahvan avulla. Kolmanneksi tieto voidaan johtaa toisista soluista kaavan avulla &#8211; t\u00e4st\u00e4 kerrotaan kappaleessa 5. Tiedon sy\u00f6tt\u00e4minen soluun n\u00e4pp\u00e4imist\u00f6ll\u00e4 tapahtuu joko itse solussa tai kaavarivill\u00e4. &hellip; <a href=\"https:\/\/coursepages2.tuni.fi\/tiey4\/teema-2-2\/4-tietojen-syottaminen\/\" class=\"more-link\">Jatka artikkeliin <span class=\"screen-reader-text\">4. Tietojen sy\u00f6tt\u00e4minen<\/span><\/a><\/p>\n","protected":false},"author":1,"featured_media":0,"parent":1925,"menu_order":4,"comment_status":"closed","ping_status":"closed","template":"","meta":{"footnotes":""},"class_list":["post-1944","page","type-page","status-publish","hentry"],"_links":{"self":[{"href":"https:\/\/coursepages2.tuni.fi\/tiey4\/wp-json\/wp\/v2\/pages\/1944","targetHints":{"allow":["GET"]}}],"collection":[{"href":"https:\/\/coursepages2.tuni.fi\/tiey4\/wp-json\/wp\/v2\/pages"}],"about":[{"href":"https:\/\/coursepages2.tuni.fi\/tiey4\/wp-json\/wp\/v2\/types\/page"}],"author":[{"embeddable":true,"href":"https:\/\/coursepages2.tuni.fi\/tiey4\/wp-json\/wp\/v2\/users\/1"}],"replies":[{"embeddable":true,"href":"https:\/\/coursepages2.tuni.fi\/tiey4\/wp-json\/wp\/v2\/comments?post=1944"}],"version-history":[{"count":3,"href":"https:\/\/coursepages2.tuni.fi\/tiey4\/wp-json\/wp\/v2\/pages\/1944\/revisions"}],"predecessor-version":[{"id":1982,"href":"https:\/\/coursepages2.tuni.fi\/tiey4\/wp-json\/wp\/v2\/pages\/1944\/revisions\/1982"}],"up":[{"embeddable":true,"href":"https:\/\/coursepages2.tuni.fi\/tiey4\/wp-json\/wp\/v2\/pages\/1925"}],"wp:attachment":[{"href":"https:\/\/coursepages2.tuni.fi\/tiey4\/wp-json\/wp\/v2\/media?parent=1944"}],"curies":[{"name":"wp","href":"https:\/\/api.w.org\/{rel}","templated":true}]}}