{"id":1942,"date":"2020-03-12T14:49:58","date_gmt":"2020-03-12T12:49:58","guid":{"rendered":"https:\/\/coursepages.uta.fi\/tiey4\/?page_id=1942"},"modified":"2020-03-13T01:15:30","modified_gmt":"2020-03-12T23:15:30","slug":"3-solujen-ja-solualueiden-muotoilu","status":"publish","type":"page","link":"https:\/\/coursepages2.tuni.fi\/tiey4\/teema-2-2\/3-solujen-ja-solualueiden-muotoilu\/","title":{"rendered":"3. Solujen muotoilu"},"content":{"rendered":"<p><span style=\"color: #4e008e\">\u00a9Juhani Linna, Aulikki Hyrskykari<\/span><\/p>\n<p>Soluja voidaan muotoilla (<em>format<\/em>) Exceliss\u00e4 periaatteessa kolmella tapaa. Ensinn\u00e4kin voidaan muotoilla solujen tietotyyppi\u00e4, toiseksi solujen ulkon\u00e4k\u00f6\u00e4 ja kolmanneksi solujen muokkausmahdollisuuksia. N\u00e4ist\u00e4 kaksi ensin mainittua ovat yleisimpi\u00e4. Osa muotoiluvalinnoista on n\u00e4kyviss\u00e4 Aloitus (<em>Home<\/em>) -v\u00e4lilehden ty\u00f6kalupainikkeina, loput saa esiin ty\u00f6kaluryhmien oikean alakulman pikkunuolesta (ympyr\u00f6ityn\u00e4 kuvassa alla).<\/p>\n<figure id=\"attachment_732\" aria-describedby=\"caption-attachment-732\" style=\"width: 600px\" class=\"wp-caption aligncenter\"><img loading=\"lazy\" decoding=\"async\" class=\"wp-image-732\" src=\"https:\/\/coursepages2.tuni.fi\/tiey4\/wp-content\/uploads\/sites\/39\/2018\/09\/T2-003-taulukko.png\" alt=\"\" width=\"600\" height=\"480\" srcset=\"https:\/\/coursepages2.tuni.fi\/tiey4\/wp-content\/uploads\/sites\/39\/2018\/09\/T2-003-taulukko.png 827w, https:\/\/coursepages2.tuni.fi\/tiey4\/wp-content\/uploads\/sites\/39\/2018\/09\/T2-003-taulukko-300x240.png 300w, https:\/\/coursepages2.tuni.fi\/tiey4\/wp-content\/uploads\/sites\/39\/2018\/09\/T2-003-taulukko-768x615.png 768w\" sizes=\"auto, (max-width: 600px) 100vw, 600px\" \/><figcaption id=\"caption-attachment-732\" class=\"wp-caption-text\">Solujen muotoiluvalinnat Exceliss\u00e4. Avoinna tietotyypin (Luku, Number) muotoiluv\u00e4lilehti.<\/figcaption><\/figure>\n<p><strong>Tietotyyppi<\/strong> (my\u00f6s Luku, <em>Number<\/em>) kertoo, miten solussa oleva tieto tulkitaan. Soluihin voi sy\u00f6tt\u00e4\u00e4 monentyyppist\u00e4 tietoa &#8211; kuten erityyppisi\u00e4 lukuja, teksti\u00e4 ja p\u00e4iv\u00e4m\u00e4\u00e4ri\u00e4 &#8211; jota esitet\u00e4\u00e4n ja k\u00e4sitell\u00e4\u00e4n eri tavoin. Solulla on aina jokin tietotyyppi, joka luodaan automaattisesti Excelin toimesta, mutta joka ei aina osu oikeaan. Tavallisin virhetilanne lienee, ett\u00e4 Excel tulkitsee p\u00e4iv\u00e4m\u00e4\u00e4r\u00e4ksi sy\u00f6tteen, joka on liukuluku. Ylh\u00e4\u00e4ll\u00e4 olevan kuvan esimerkiss\u00e4 soluissa B2:B8 on kaikissa sama sy\u00f6te 9,1 eri tietotyypeill\u00e4.<\/p>\n<p>Solujen <strong>ulkon\u00e4k\u00f6\u00e4<\/strong> voi muokata monin muista Office-ohjelmista tutuin keinoin. Tasaus (<em>Alignment<\/em>) -v\u00e4lilehdell\u00e4 voit m\u00e4\u00e4ritell\u00e4, miten solun sis\u00e4lt\u00f6 asettuu suhteessa sen reunoihin. Fontti (<em>Font<\/em>) v\u00e4lilehdell\u00e4 m\u00e4\u00e4ritell\u00e4\u00e4n kirjasintyyppi, -tyyli, -koko ja -v\u00e4ri. Reunaviiva (<em>Border<\/em>) -v\u00e4lilehdell\u00e4 valitaan reunuksen tyyli ja sijainti, ja T\u00e4ytt\u00f6 (<em>Fill<\/em>) -v\u00e4lilehdell\u00e4 solun taustav\u00e4ri.<\/p>\n<p>Viimeinen v\u00e4lilehti koskee solun <strong>suojausta<\/strong>. T\u00e4m\u00e4 on tarpeen esimerkiksi, kun muille k\u00e4ytt\u00e4jille ei haluta antaa mahdollisuutta muokata (vahingossa tai tahallisesti) tiettyj\u00e4 soluja tai n\u00e4hd\u00e4 kaavoja. Esimerkiksi pienyrityksess\u00e4, jossa ty\u00f6ntekij\u00e4t tekev\u00e4t tuntikirjauksensa itse Excel-ty\u00f6kirjaan, tulisi suojata ty\u00f6kirjan kaikki solut joita k\u00e4ytt\u00e4jien ei ole tarpeen muokata.<\/p>\n","protected":false},"excerpt":{"rendered":"<p>\u00a9Juhani Linna, Aulikki Hyrskykari Soluja voidaan muotoilla (format) Exceliss\u00e4 periaatteessa kolmella tapaa. Ensinn\u00e4kin voidaan muotoilla solujen tietotyyppi\u00e4, toiseksi solujen ulkon\u00e4k\u00f6\u00e4 ja kolmanneksi solujen muokkausmahdollisuuksia. N\u00e4ist\u00e4 kaksi ensin mainittua ovat yleisimpi\u00e4. Osa muotoiluvalinnoista on n\u00e4kyviss\u00e4 Aloitus (Home) -v\u00e4lilehden ty\u00f6kalupainikkeina, loput saa esiin ty\u00f6kaluryhmien oikean alakulman pikkunuolesta (ympyr\u00f6ityn\u00e4 kuvassa alla). Tietotyyppi (my\u00f6s Luku, Number) kertoo, miten solussa &hellip; <a href=\"https:\/\/coursepages2.tuni.fi\/tiey4\/teema-2-2\/3-solujen-ja-solualueiden-muotoilu\/\" class=\"more-link\">Jatka artikkeliin <span class=\"screen-reader-text\">3. Solujen muotoilu<\/span><\/a><\/p>\n","protected":false},"author":1,"featured_media":0,"parent":1925,"menu_order":3,"comment_status":"closed","ping_status":"closed","template":"","meta":{"footnotes":""},"class_list":["post-1942","page","type-page","status-publish","hentry"],"_links":{"self":[{"href":"https:\/\/coursepages2.tuni.fi\/tiey4\/wp-json\/wp\/v2\/pages\/1942","targetHints":{"allow":["GET"]}}],"collection":[{"href":"https:\/\/coursepages2.tuni.fi\/tiey4\/wp-json\/wp\/v2\/pages"}],"about":[{"href":"https:\/\/coursepages2.tuni.fi\/tiey4\/wp-json\/wp\/v2\/types\/page"}],"author":[{"embeddable":true,"href":"https:\/\/coursepages2.tuni.fi\/tiey4\/wp-json\/wp\/v2\/users\/1"}],"replies":[{"embeddable":true,"href":"https:\/\/coursepages2.tuni.fi\/tiey4\/wp-json\/wp\/v2\/comments?post=1942"}],"version-history":[{"count":4,"href":"https:\/\/coursepages2.tuni.fi\/tiey4\/wp-json\/wp\/v2\/pages\/1942\/revisions"}],"predecessor-version":[{"id":1996,"href":"https:\/\/coursepages2.tuni.fi\/tiey4\/wp-json\/wp\/v2\/pages\/1942\/revisions\/1996"}],"up":[{"embeddable":true,"href":"https:\/\/coursepages2.tuni.fi\/tiey4\/wp-json\/wp\/v2\/pages\/1925"}],"wp:attachment":[{"href":"https:\/\/coursepages2.tuni.fi\/tiey4\/wp-json\/wp\/v2\/media?parent=1942"}],"curies":[{"name":"wp","href":"https:\/\/api.w.org\/{rel}","templated":true}]}}