{"id":1938,"date":"2020-03-12T14:48:05","date_gmt":"2020-03-12T12:48:05","guid":{"rendered":"https:\/\/coursepages.uta.fi\/tiey4\/?page_id=1938"},"modified":"2020-03-16T15:24:11","modified_gmt":"2020-03-16T13:24:11","slug":"excelin-perusasiat-rivi-sarake-solu-ja-valinta","status":"publish","type":"page","link":"https:\/\/coursepages2.tuni.fi\/tiey4\/teema-2-2\/excelin-perusasiat-rivi-sarake-solu-ja-valinta\/","title":{"rendered":"2. Rivi, sarake, solu ja valinta"},"content":{"rendered":"<p><span style=\"color: #4e008e\">\u00a9Juhani Linna, Aulikki Hyrskykar<\/span><span style=\"color: #4e008e\">i<\/span><\/p>\n<p><img loading=\"lazy\" decoding=\"async\" class=\"alignright size-medium wp-image-727\" src=\"https:\/\/coursepages2.tuni.fi\/tiey4\/wp-content\/uploads\/sites\/39\/2018\/09\/T2-002-taulukko-300x225.png\" alt=\"\" width=\"300\" height=\"225\" srcset=\"https:\/\/coursepages2.tuni.fi\/tiey4\/wp-content\/uploads\/sites\/39\/2018\/09\/T2-002-taulukko-300x225.png 300w, https:\/\/coursepages2.tuni.fi\/tiey4\/wp-content\/uploads\/sites\/39\/2018\/09\/T2-002-taulukko.png 501w\" sizes=\"auto, (max-width: 300px) 100vw, 300px\" \/>Excel-tiedostoja kutsutaan <strong>ty\u00f6kirjoiksi<\/strong> (<em>workbook<\/em>) ja niiden tiedostop\u00e4\u00e4te on uudemmissa ohjelmissa <strong>.xlsx<\/strong> ja vanhemmissa .xls. Ty\u00f6kirjat kannattaa aina tallentaa uuteen muotoon, ellei ole perusteltua syyt\u00e4 tehd\u00e4 toisin. Yhdess\u00e4 ty\u00f6kirjassa voi olla yksi tai useampia <strong>lomakkeita<\/strong> (<em>sheets<\/em>), jotka ovat saman tiedoston eri v\u00e4lilehti\u00e4 (lomakkeita kutsutaan joissain yhteyksiss\u00e4 my\u00f6s tauluiksi).<\/p>\n<p>Exceliss\u00e4 tietoalkiot sijaitsevat soluissa (<em>cell<\/em>), joihin viitataan sarakkeen (<em>column<\/em>) kirjaimella ja rivin (<em>row<\/em>) numerolla. T\u00e4m\u00e4n viittauslogiikan ymm\u00e4rt\u00e4minen on aivan keskeist\u00e4. Esimerkiksi oheisessa, oikealla n\u00e4kyv\u00e4ss\u00e4 kuvassa valittuna (aktiivisena) on solu <strong>B3<\/strong>, jossa on luku <em>9,100<\/em>. Valitun solun viite n\u00e4kyy my\u00f6s kuvan yl\u00e4reunassa nimiruudussa (<em>name box<\/em>) ja sis\u00e4lt\u00f6 kaavarivill\u00e4 (<em>formula bar<\/em>). Solussa B7 on murtoluku<em> 9 1\/10<\/em>, solussa C5 teksti <em>P\u00e4iv\u00e4m\u00e4\u00e4r\u00e4 \/ Date<\/em> ja niin edelleen. Yhdess\u00e4 Excel 2016 lomakkeessa voi olla maksimissaan 16 384 saraketta ja 1 048 576 rivi\u00e4. Jos siis Excel-tiedosto sis\u00e4lt\u00e4isi esimerkiksi yhden henkil\u00f6n perustiedot yhdell\u00e4 rivill\u00e4, jokaisen viiden ja puolen miljoonan suomalaisen perustietojen tallentamiseen tarvittaisiin v\u00e4hint\u00e4\u00e4n kuusi lomaketta.<\/p>\n<p>Yksitt\u00e4isen solun voi <strong>valita<\/strong> hiirell\u00e4 klikkaamalla tai navigoimalla soluun n\u00e4pp\u00e4imist\u00f6n nuolin\u00e4pp\u00e4imill\u00e4. Usein on kuitenkin tarpeen valita kahden tai useamman solun muodostamia solualueita. Alla olevassa kuvassa on esimerkinomaisesti valittu kaikki sarakkeen D sek\u00e4 rivien 4 ja 13 solut, sek\u00e4 solualue A7:B10.<\/p>\n<p><img loading=\"lazy\" decoding=\"async\" class=\"aligncenter wp-image-730\" src=\"https:\/\/coursepages2.tuni.fi\/tiey4\/wp-content\/uploads\/sites\/39\/2018\/09\/T2-004-valinta.png\" alt=\"\" width=\"600\" height=\"402\" srcset=\"https:\/\/coursepages2.tuni.fi\/tiey4\/wp-content\/uploads\/sites\/39\/2018\/09\/T2-004-valinta.png 1052w, https:\/\/coursepages2.tuni.fi\/tiey4\/wp-content\/uploads\/sites\/39\/2018\/09\/T2-004-valinta-300x201.png 300w, https:\/\/coursepages2.tuni.fi\/tiey4\/wp-content\/uploads\/sites\/39\/2018\/09\/T2-004-valinta-768x515.png 768w, https:\/\/coursepages2.tuni.fi\/tiey4\/wp-content\/uploads\/sites\/39\/2018\/09\/T2-004-valinta-1024x686.png 1024w\" sizes=\"auto, (max-width: 600px) 100vw, 600px\" \/><\/p>\n<p>Sek\u00e4 Windows- ett\u00e4 macOS -koneilla solualueen voi valita yksinkertaisesti hiirell\u00e4 maalaamalla. Muita valinnan suorittamisen keinoja on listattu lyhyesti alla.<\/p>\n<ul>\n<li>Koko sarakkeen valinta: Klikkaa sarakeotsikkoa<\/li>\n<li>Koko rivin valinta: Klikkaa riviotsikkoa<\/li>\n<li>Vierekk\u00e4isten rivien tai sarakkeiden valinta: Valitse ensimm\u00e4inen rivi tai sarake, paina vaihton\u00e4pp\u00e4in (<em>shift<\/em>) pohjaan ja valitse viimeinen valintaan kuuluva rivi tai sarake.<\/li>\n<li>Erillisten rivien tai sarakkeiden valinta: Valitse ensimm\u00e4inen rivi tai sarake, paina control-n\u00e4pp\u00e4in (<em>ctrl, <\/em>macOs:ss\u00e4\u00a0\u2318-n\u00e4pp\u00e4in) pohjaan ja valitse seuraavat rivit tai sarakkeet<\/li>\n<li>Muiden erillisten solualueiden valinta: Valitse ensimm\u00e4inen solualue, paina control-n\u00e4pp\u00e4in (<em>ctrl, <\/em>macOs:ss\u00e4\u00a0\u2318-n\u00e4pp\u00e4in) pohjaan ja valitse seuraavat solualueet<\/li>\n<\/ul>\n","protected":false},"excerpt":{"rendered":"<p>\u00a9Juhani Linna, Aulikki Hyrskykari Excel-tiedostoja kutsutaan ty\u00f6kirjoiksi (workbook) ja niiden tiedostop\u00e4\u00e4te on uudemmissa ohjelmissa .xlsx ja vanhemmissa .xls. Ty\u00f6kirjat kannattaa aina tallentaa uuteen muotoon, ellei ole perusteltua syyt\u00e4 tehd\u00e4 toisin. Yhdess\u00e4 ty\u00f6kirjassa voi olla yksi tai useampia lomakkeita (sheets), jotka ovat saman tiedoston eri v\u00e4lilehti\u00e4 (lomakkeita kutsutaan joissain yhteyksiss\u00e4 my\u00f6s tauluiksi). Exceliss\u00e4 tietoalkiot sijaitsevat soluissa &hellip; <a href=\"https:\/\/coursepages2.tuni.fi\/tiey4\/teema-2-2\/excelin-perusasiat-rivi-sarake-solu-ja-valinta\/\" class=\"more-link\">Jatka artikkeliin <span class=\"screen-reader-text\">2. Rivi, sarake, solu ja valinta<\/span><\/a><\/p>\n","protected":false},"author":1,"featured_media":0,"parent":1925,"menu_order":2,"comment_status":"closed","ping_status":"closed","template":"","meta":{"footnotes":""},"class_list":["post-1938","page","type-page","status-publish","hentry"],"_links":{"self":[{"href":"https:\/\/coursepages2.tuni.fi\/tiey4\/wp-json\/wp\/v2\/pages\/1938","targetHints":{"allow":["GET"]}}],"collection":[{"href":"https:\/\/coursepages2.tuni.fi\/tiey4\/wp-json\/wp\/v2\/pages"}],"about":[{"href":"https:\/\/coursepages2.tuni.fi\/tiey4\/wp-json\/wp\/v2\/types\/page"}],"author":[{"embeddable":true,"href":"https:\/\/coursepages2.tuni.fi\/tiey4\/wp-json\/wp\/v2\/users\/1"}],"replies":[{"embeddable":true,"href":"https:\/\/coursepages2.tuni.fi\/tiey4\/wp-json\/wp\/v2\/comments?post=1938"}],"version-history":[{"count":7,"href":"https:\/\/coursepages2.tuni.fi\/tiey4\/wp-json\/wp\/v2\/pages\/1938\/revisions"}],"predecessor-version":[{"id":2009,"href":"https:\/\/coursepages2.tuni.fi\/tiey4\/wp-json\/wp\/v2\/pages\/1938\/revisions\/2009"}],"up":[{"embeddable":true,"href":"https:\/\/coursepages2.tuni.fi\/tiey4\/wp-json\/wp\/v2\/pages\/1925"}],"wp:attachment":[{"href":"https:\/\/coursepages2.tuni.fi\/tiey4\/wp-json\/wp\/v2\/media?parent=1938"}],"curies":[{"name":"wp","href":"https:\/\/api.w.org\/{rel}","templated":true}]}}