{"id":1932,"date":"2020-03-12T14:38:06","date_gmt":"2020-03-12T12:38:06","guid":{"rendered":"https:\/\/coursepages.uta.fi\/tiey4\/?page_id=1932"},"modified":"2020-03-27T16:58:29","modified_gmt":"2020-03-27T14:58:29","slug":"teema-3-2","status":"publish","type":"page","link":"https:\/\/coursepages2.tuni.fi\/tiey4\/teema-3-2\/","title":{"rendered":"TEEMA 3"},"content":{"rendered":"<p>\u00a9Juhani Linna, Aulikki Hyrskykari<\/p>\n<h1>Tekstidatan k\u00e4sittely ja julkaiseminen<\/h1>\n<p>Kolmas teema k\u00e4sitelee tekstimuotoisen datan hallintaa sek\u00e4 julkaisemista. Tekstin k\u00e4sittelyyn sek\u00e4 tekstidokumenttien ulkoasun muotoiluun ja julkaisemiseen eri kanavissa liittyv\u00e4t taidot ovat jokseenkin v\u00e4ltt\u00e4m\u00e4tt\u00f6mi\u00e4 korkeakoulutettavien opinto- ja ty\u00f6el\u00e4m\u00e4ss\u00e4.<\/p>\n<p><strong><span style=\"color: #0000ff\">1. <a href=\"https:\/\/coursepages2.tuni.fi\/tiey4\/1-tekstimuotoinen-data\/\">Tekstimuotoinen data<\/a><\/span><\/strong><\/p>\n<p><strong><span style=\"color: #0000ff\">2. <a href=\"https:\/\/coursepages2.tuni.fi\/tiey4\/merkki-kappale-osa-ja-koko-asiakirja\/\">Merkki, kappale, osa ja koko asiakirja<\/a><\/span><\/strong><\/p>\n<p><strong><span style=\"color: #0000ff\">3. <a href=\"https:\/\/coursepages2.tuni.fi\/tiey4\/merkki-kappale-osa-ja-koko-asiakirja\/\">Valinta<\/a><\/span><\/strong><\/p>\n<p><strong><span style=\"color: #0000ff\">4. <a href=\"https:\/\/coursepages2.tuni.fi\/tiey4\/4-kappaletyylit\/\">Kappaletyylit<\/a><\/span><\/strong><\/p>\n<p><strong><span style=\"color: #0000ff\">5. <a href=\"https:\/\/coursepages2.tuni.fi\/tiey4\/5-5-sisallysluettelo-yla-ja-alatunnisteet-seka-sivunumerot\/\/\">Sis\u00e4llysluettelo, yl\u00e4- ja alatunnisteet sek\u00e4 sivunumerot<\/a><\/span><\/strong><\/p>\n<p><strong><span style=\"color: #0000ff\">6. <a href=\"https:\/\/coursepages2.tuni.fi\/tiey4\/7-ohjeita-muualla-verkossa\/\">Viivaimen ja sarkainten k\u00e4ytt\u00f6<\/a><\/span><\/strong><\/p>\n<p><strong><span style=\"color: #0000ff\">7. <a href=\"https:\/\/coursepages2.tuni.fi\/tiey4\/7-ohjeita-muualla-verkossa\/\">Ohjeita muualla verkossa<\/a><\/span><\/strong><\/p>\n<p><span style=\"color: #0000ff\"><strong>8. <\/strong><\/span><a href=\"https:\/\/coursepages2.tuni.fi\/tiey4\/8-verkkojulkaiseminen\/\"><strong>Verkkojulkaiseminen<\/strong><\/a><\/p>\n","protected":false},"excerpt":{"rendered":"<p>\u00a9Juhani Linna, Aulikki Hyrskykari Tekstidatan k\u00e4sittely ja julkaiseminen Kolmas teema k\u00e4sitelee tekstimuotoisen datan hallintaa sek\u00e4 julkaisemista. Tekstin k\u00e4sittelyyn sek\u00e4 tekstidokumenttien ulkoasun muotoiluun ja julkaisemiseen eri kanavissa liittyv\u00e4t taidot ovat jokseenkin v\u00e4ltt\u00e4m\u00e4tt\u00f6mi\u00e4 korkeakoulutettavien opinto- ja ty\u00f6el\u00e4m\u00e4ss\u00e4. 1. Tekstimuotoinen data 2. Merkki, kappale, osa ja koko asiakirja 3. Valinta 4. Kappaletyylit 5. Sis\u00e4llysluettelo, yl\u00e4- ja alatunnisteet sek\u00e4 &hellip; <a href=\"https:\/\/coursepages2.tuni.fi\/tiey4\/teema-3-2\/\" class=\"more-link\">Jatka artikkeliin <span class=\"screen-reader-text\">TEEMA 3<\/span><\/a><\/p>\n","protected":false},"author":30,"featured_media":0,"parent":0,"menu_order":3,"comment_status":"closed","ping_status":"closed","template":"","meta":{"footnotes":""},"class_list":["post-1932","page","type-page","status-publish","hentry"],"_links":{"self":[{"href":"https:\/\/coursepages2.tuni.fi\/tiey4\/wp-json\/wp\/v2\/pages\/1932","targetHints":{"allow":["GET"]}}],"collection":[{"href":"https:\/\/coursepages2.tuni.fi\/tiey4\/wp-json\/wp\/v2\/pages"}],"about":[{"href":"https:\/\/coursepages2.tuni.fi\/tiey4\/wp-json\/wp\/v2\/types\/page"}],"author":[{"embeddable":true,"href":"https:\/\/coursepages2.tuni.fi\/tiey4\/wp-json\/wp\/v2\/users\/30"}],"replies":[{"embeddable":true,"href":"https:\/\/coursepages2.tuni.fi\/tiey4\/wp-json\/wp\/v2\/comments?post=1932"}],"version-history":[{"count":13,"href":"https:\/\/coursepages2.tuni.fi\/tiey4\/wp-json\/wp\/v2\/pages\/1932\/revisions"}],"predecessor-version":[{"id":2057,"href":"https:\/\/coursepages2.tuni.fi\/tiey4\/wp-json\/wp\/v2\/pages\/1932\/revisions\/2057"}],"wp:attachment":[{"href":"https:\/\/coursepages2.tuni.fi\/tiey4\/wp-json\/wp\/v2\/media?parent=1932"}],"curies":[{"name":"wp","href":"https:\/\/api.w.org\/{rel}","templated":true}]}}