{"id":1925,"date":"2020-03-12T14:18:20","date_gmt":"2020-03-12T12:18:20","guid":{"rendered":"https:\/\/coursepages.uta.fi\/tiey4\/?page_id=1925"},"modified":"2020-03-27T16:55:39","modified_gmt":"2020-03-27T14:55:39","slug":"teema-2-2","status":"publish","type":"page","link":"https:\/\/coursepages2.tuni.fi\/tiey4\/teema-2-2\/","title":{"rendered":"TEEMA 2"},"content":{"rendered":"<p><span style=\"color: #4e008e\">\u00a9Juhani Linna, Aulikki Hyrskykari<\/span><\/p>\n<h1>Taulukkomuotoisen datan k\u00e4sittely ja tiedon visualisointi<\/h1>\n<p>Toinen teema k\u00e4sitelee taulukkomuotoisen datan hallintaa sek\u00e4 tiedon visualisointia. Digitaalisen, taulukkomuotoisen datan k\u00e4sittely (taulukkolaskenta) on paitsi osa akateemisen opiskelun ja tutkimusty\u00f6n perusasioita, my\u00f6s monenlaisessa tietoty\u00f6ss\u00e4 tarvittava taito.<\/p>\n<h2>Sis\u00e4llysluettelo<\/h2>\n<p><strong><span style=\"color: #0000ff\">1. <a href=\"https:\/\/coursepages2.tuni.fi\/tiey4\/teema-2-2\/taulukkomuotoinen-data\/\">Taulukkomuotoinen data<\/a><\/span><\/strong><\/p>\n<p><strong><span style=\"color: #0000ff\">2. <a href=\"https:\/\/coursepages2.tuni.fi\/tiey4\/teema-2-2\/excelin-perusasiat-rivi-sarake-solu-ja-valinta\/\">Excelin perusasiat &#8211; rivi, sarake, solu ja valinta<\/a><\/span><\/strong><\/p>\n<p><strong><span style=\"color: #0000ff\">3. <a href=\"https:\/\/coursepages2.tuni.fi\/tiey4\/teema-2-2\/3-solujen-ja-solualueiden-muotoilu\/\">Solujen ja solualueiden muotoilu<\/a><\/span><\/strong><\/p>\n<p><strong><span style=\"color: #0000ff\">4. <a href=\"https:\/\/coursepages2.tuni.fi\/tiey4\/teema-2-2\/4-tietojen-syottaminen\/\">Tietojen sy\u00f6tt\u00e4minen<\/a><\/span><\/strong><\/p>\n<p><strong><span style=\"color: #0000ff\">5. <a href=\"https:\/\/coursepages2.tuni.fi\/tiey4\/teema-2-2\/5-viittaaminen-ja-kaavat\/\">Viittaaminen ja kaavat<\/a><\/span><\/strong><\/p>\n<p><strong><span style=\"color: #0000ff\">6. <a href=\"https:\/\/coursepages2.tuni.fi\/tiey4\/teema-2-2\/6-pivot-taulukot\/\">Pivot-taulukot<\/a><\/span><\/strong><\/p>\n<p><strong><span style=\"color: #0000ff\">7. <a href=\"https:\/\/coursepages2.tuni.fi\/tiey4\/teema-2-2\/7-ohjeita-muualla-verkossa\/\">Ohjeita muualla verkossa<\/a><\/span><\/strong><\/p>\n<p><strong><span style=\"color: #0000ff\">8. <a href=\"https:\/\/coursepages2.tuni.fi\/tiey4\/teema-2-2\/8-tiedon-visualisointi\/\">Tiedon visualisointi<\/a><\/span><\/strong><\/p>\n<p><strong><span style=\"color: #0000ff\">9. <a href=\"https:\/\/coursepages2.tuni.fi\/tiey4\/teema-2-2\/10-ohjeita-muualla-verkossa\/\">Ohjeita muualla verkossa<\/a><\/span><\/strong><\/p>\n","protected":false},"excerpt":{"rendered":"<p>\u00a9Juhani Linna, Aulikki Hyrskykari Taulukkomuotoisen datan k\u00e4sittely ja tiedon visualisointi Toinen teema k\u00e4sitelee taulukkomuotoisen datan hallintaa sek\u00e4 tiedon visualisointia. Digitaalisen, taulukkomuotoisen datan k\u00e4sittely (taulukkolaskenta) on paitsi osa akateemisen opiskelun ja tutkimusty\u00f6n perusasioita, my\u00f6s monenlaisessa tietoty\u00f6ss\u00e4 tarvittava taito. Sis\u00e4llysluettelo 1. Taulukkomuotoinen data 2. Excelin perusasiat &#8211; rivi, sarake, solu ja valinta 3. Solujen ja solualueiden muotoilu &hellip; <a href=\"https:\/\/coursepages2.tuni.fi\/tiey4\/teema-2-2\/\" class=\"more-link\">Jatka artikkeliin <span class=\"screen-reader-text\">TEEMA 2<\/span><\/a><\/p>\n","protected":false},"author":1,"featured_media":0,"parent":0,"menu_order":3,"comment_status":"closed","ping_status":"closed","template":"","meta":{"footnotes":""},"class_list":["post-1925","page","type-page","status-publish","hentry"],"_links":{"self":[{"href":"https:\/\/coursepages2.tuni.fi\/tiey4\/wp-json\/wp\/v2\/pages\/1925","targetHints":{"allow":["GET"]}}],"collection":[{"href":"https:\/\/coursepages2.tuni.fi\/tiey4\/wp-json\/wp\/v2\/pages"}],"about":[{"href":"https:\/\/coursepages2.tuni.fi\/tiey4\/wp-json\/wp\/v2\/types\/page"}],"author":[{"embeddable":true,"href":"https:\/\/coursepages2.tuni.fi\/tiey4\/wp-json\/wp\/v2\/users\/1"}],"replies":[{"embeddable":true,"href":"https:\/\/coursepages2.tuni.fi\/tiey4\/wp-json\/wp\/v2\/comments?post=1925"}],"version-history":[{"count":6,"href":"https:\/\/coursepages2.tuni.fi\/tiey4\/wp-json\/wp\/v2\/pages\/1925\/revisions"}],"predecessor-version":[{"id":2054,"href":"https:\/\/coursepages2.tuni.fi\/tiey4\/wp-json\/wp\/v2\/pages\/1925\/revisions\/2054"}],"wp:attachment":[{"href":"https:\/\/coursepages2.tuni.fi\/tiey4\/wp-json\/wp\/v2\/media?parent=1925"}],"curies":[{"name":"wp","href":"https:\/\/api.w.org\/{rel}","templated":true}]}}