{"id":1875,"date":"2020-03-03T01:19:16","date_gmt":"2020-03-02T23:19:16","guid":{"rendered":"https:\/\/coursepages.uta.fi\/tiey4\/?page_id=1875"},"modified":"2020-03-12T15:02:26","modified_gmt":"2020-03-12T13:02:26","slug":"7-tiedon-pakkaaminen","status":"publish","type":"page","link":"https:\/\/coursepages2.tuni.fi\/tiey4\/teema-1\/7-tiedon-pakkaaminen\/","title":{"rendered":"7. Tiedon pakkaaminen"},"content":{"rendered":"<p><span style=\"color: #4E008E\">\u00a9Juhani Linna, Aulikki Hyrskykari<\/span><\/p>\n<p>Informaation, tiedon ja tiedostojen pakkaaminen tarkoittaa yksinkertaisesti niiden tiivist\u00e4mist\u00e4 pienemp\u00e4\u00e4n tilaan. Tiivist\u00e4miseen on k\u00e4yt\u00f6ss\u00e4 eri tekniikoita. Koska tietoa siirrell\u00e4\u00e4n alinomaa paikasta toiseen tietokoneen sis\u00e4ll\u00e4 ja tietoverkkojen v\u00e4lityksell\u00e4, koolla on tehokkuuden kannalta iso merkitys.<\/p>\n<p>Pakkaamista tehd\u00e4\u00e4n sek\u00e4 automaattisesti ett\u00e4 k\u00e4ytt\u00e4j\u00e4n k\u00e4skyst\u00e4. Esimerkiksi useimmat mediatiedostomuodot kuten kuvien <em>.jpeg<\/em> ja .<em>png<\/em>, \u00e4\u00e4nen .<em>mp3<\/em> ja videoiden .<em>mp4 <\/em>pakkaavat tietoa automaattisesti ja ilman ett\u00e4 k\u00e4ytt\u00e4j\u00e4t juuri havainnoivat asiaa \u2013 se, ett\u00e4 mediatiedostot ovat pakatussa muodossa ei vaikuta niiden arkik\u00e4ytt\u00f6\u00f6n mitenk\u00e4\u00e4n. K\u00e4ytt\u00e4j\u00e4n k\u00e4skyst\u00e4 tapahtuva pakkaus tehd\u00e4\u00e4n joko k\u00e4ytt\u00f6j\u00e4rjestelm\u00e4\u00e4n sis\u00e4\u00e4nrakennetuilla ohjelmilla, tai erikseen ladattavilla pakkausohjelmilla.\u00a0Yleisin tiedostomuoto t\u00e4ss\u00e4 on <em>.zip<\/em>, ja puhekieless\u00e4 puhutaankin zip-paketeista viiteteen pakattuun tiedostopakettiin, sek\u00e4 zippaamisesta viitaten pakkaamiseen. Muita tiedostomuotoja pakatuille tiedostoille ovat <em>.rar<\/em>, <em>.jar<\/em> ja <em>.arj<\/em>. N\u00e4iss\u00e4 muodoissa olevat tiedostot t\u00e4ytyy purkaa, jotta niiden sis\u00e4lt\u00f6 on k\u00e4ytett\u00e4viss\u00e4.<\/p>\n<p>Tiedon pakkaaminen ja pakatun tiedon purkaminen on syyt\u00e4 osata paitsi siksi, ett\u00e4 pakkaaminen s\u00e4\u00e4st\u00e4\u00e4 tilaa, my\u00f6s siksi ett\u00e4 jotkin ohjelmat (kuten OneDrive online) pakkaavat tiedostoja joskus k\u00e4ytt\u00e4j\u00e4lt\u00e4 kysym\u00e4tt\u00e4 zip-paketeiksi. Edelleen, pakattuja tiedostoja voidaan suojata salasanalla, mik\u00e4 on joskus eritt\u00e4in hy\u00f6dyllist\u00e4.<\/p>\n<h3>Pakkaaminen ja purkaminen<\/h3>\n<p><img loading=\"lazy\" decoding=\"async\" class=\"alignright wp-image-686\" src=\"https:\/\/coursepages2.tuni.fi\/tiey4\/wp-content\/uploads\/sites\/39\/2018\/09\/T1-033-pakkaus.png\" alt=\"\" width=\"400\" height=\"139\" srcset=\"https:\/\/coursepages2.tuni.fi\/tiey4\/wp-content\/uploads\/sites\/39\/2018\/09\/T1-033-pakkaus.png 631w, https:\/\/coursepages2.tuni.fi\/tiey4\/wp-content\/uploads\/sites\/39\/2018\/09\/T1-033-pakkaus-300x104.png 300w\" sizes=\"auto, (max-width: 400px) 100vw, 400px\" \/>Windows-k\u00e4ytt\u00f6j\u00e4rjestelmiss\u00e4 pakkaaminen tehd\u00e4\u00e4n yksinkertaisesti valitsemalla kohde (tiedosto tai kansio) tai kohteet, klikkaamalla hiiren oikealla napilla pudotusvalikko auki ja valitsemalla kuvan tapaan\u00a0<em>L\u00e4het\u00e4 kohteeseen: Pakattu kansio (zip-tiedosto)<\/em> (<em>Send to: Compressed (zipped) file<\/em>). Purkaminen tehd\u00e4\u00e4n samansuuntaisesti: Klikataan kohde ja valitaan joku\u00a0<em>Pura\u00a0<\/em>(<em>Extract<\/em>) -komennoista. Jos olet asentanut koneellesi jonkun lukuisista pakkausohjelmista \u2013 kuten WinRAR:n tai 7-zipin, askeleet ovat samanlaiset mutta valikot hieman monipuolisempia.<\/p>\n<p>MacOS:ss\u00e4 kohteiden valinnan j\u00e4lkeisest\u00e4 pudotusvalikosta valitaan <em>Pakkaa<\/em> (<em>Compress<\/em>) pakkaamisessa, ja purkamisessa riitt\u00e4\u00e4 pakatun tiedoston kaksoisklikkaus.<\/p>\n<p>Microsoftin <a id=\"pakkaus\" href=\"https:\/\/support.microsoft.com\/fi-fi\/help\/14200\/windows-compress-uncompress-zip-files\">pakkaaminen ja purkaminen -ohjeet<\/a><br \/>\nApplen <a href=\"https:\/\/support.apple.com\/kb\/PH25411?locale=fi_FI\">pakkaaminen ja purkaminen ohjeet<\/a><\/p>\n","protected":false},"excerpt":{"rendered":"<p>\u00a9Juhani Linna, Aulikki Hyrskykari Informaation, tiedon ja tiedostojen pakkaaminen tarkoittaa yksinkertaisesti niiden tiivist\u00e4mist\u00e4 pienemp\u00e4\u00e4n tilaan. Tiivist\u00e4miseen on k\u00e4yt\u00f6ss\u00e4 eri tekniikoita. Koska tietoa siirrell\u00e4\u00e4n alinomaa paikasta toiseen tietokoneen sis\u00e4ll\u00e4 ja tietoverkkojen v\u00e4lityksell\u00e4, koolla on tehokkuuden kannalta iso merkitys. Pakkaamista tehd\u00e4\u00e4n sek\u00e4 automaattisesti ett\u00e4 k\u00e4ytt\u00e4j\u00e4n k\u00e4skyst\u00e4. Esimerkiksi useimmat mediatiedostomuodot kuten kuvien .jpeg ja .png, \u00e4\u00e4nen .mp3 ja &hellip; <a href=\"https:\/\/coursepages2.tuni.fi\/tiey4\/teema-1\/7-tiedon-pakkaaminen\/\" class=\"more-link\">Jatka artikkeliin <span class=\"screen-reader-text\">7. Tiedon pakkaaminen<\/span><\/a><\/p>\n","protected":false},"author":1,"featured_media":0,"parent":1856,"menu_order":7,"comment_status":"closed","ping_status":"closed","template":"","meta":{"footnotes":""},"class_list":["post-1875","page","type-page","status-publish","hentry"],"_links":{"self":[{"href":"https:\/\/coursepages2.tuni.fi\/tiey4\/wp-json\/wp\/v2\/pages\/1875","targetHints":{"allow":["GET"]}}],"collection":[{"href":"https:\/\/coursepages2.tuni.fi\/tiey4\/wp-json\/wp\/v2\/pages"}],"about":[{"href":"https:\/\/coursepages2.tuni.fi\/tiey4\/wp-json\/wp\/v2\/types\/page"}],"author":[{"embeddable":true,"href":"https:\/\/coursepages2.tuni.fi\/tiey4\/wp-json\/wp\/v2\/users\/1"}],"replies":[{"embeddable":true,"href":"https:\/\/coursepages2.tuni.fi\/tiey4\/wp-json\/wp\/v2\/comments?post=1875"}],"version-history":[{"count":3,"href":"https:\/\/coursepages2.tuni.fi\/tiey4\/wp-json\/wp\/v2\/pages\/1875\/revisions"}],"predecessor-version":[{"id":1965,"href":"https:\/\/coursepages2.tuni.fi\/tiey4\/wp-json\/wp\/v2\/pages\/1875\/revisions\/1965"}],"up":[{"embeddable":true,"href":"https:\/\/coursepages2.tuni.fi\/tiey4\/wp-json\/wp\/v2\/pages\/1856"}],"wp:attachment":[{"href":"https:\/\/coursepages2.tuni.fi\/tiey4\/wp-json\/wp\/v2\/media?parent=1875"}],"curies":[{"name":"wp","href":"https:\/\/api.w.org\/{rel}","templated":true}]}}