{"id":1868,"date":"2020-03-03T01:13:30","date_gmt":"2020-03-02T23:13:30","guid":{"rendered":"https:\/\/coursepages.uta.fi\/tiey4\/?page_id=1868"},"modified":"2020-03-12T14:59:48","modified_gmt":"2020-03-12T12:59:48","slug":"4-moodle","status":"publish","type":"page","link":"https:\/\/coursepages2.tuni.fi\/tiey4\/teema-1\/4-moodle\/","title":{"rendered":"4. Moodle"},"content":{"rendered":"<p><span style=\"color: #4E008E\">\u00a9Juhani Linna, Aulikki Hyrskykari<\/span><\/p>\n<p>Moodle on selaink\u00e4ytt\u00f6inen verkko-opetusalusta jota Tampereen yliopistossa k\u00e4ytet\u00e4\u00e4n laaja-alaisesti eri kursseilla mm. materiaalin jakamiseen, keskusteluun ja harjoitusteht\u00e4vien palauttamiseen.\u00a0Opiskelun onnistumisen kannalta Moodlen hallinta on siksi v\u00e4ltt\u00e4m\u00e4t\u00f6nt\u00e4. Moodle on Suomessa k\u00e4yt\u00f6ss\u00e4 muissakin korkeakouluissa, ja opiskelija voi tarvittaessa kirjautua Tampereen yliopiston tunnuksillaan my\u00f6s muiden korkeakoulujen Moodle-alueelle (ns. HAKA-kirjautuminen), mik\u00e4 helpottaa ristiinopiskelua. Vastaavasti Tampereen yliopiston Moodle-alueelle voi kirjautua my\u00f6s muiden korkeakoulujen tunnuksilla.<\/p>\n<h2>4.1 K\u00e4yt\u00f6n aloittaminen<\/h2>\n<p>Tampereen yliopistossa k\u00e4ytett\u00e4v\u00e4\u00e4n Moodleen p\u00e4\u00e4see osoitteella <a href=\"https:\/\/moodle.tuni.fi\">moodle.tuni.fi<\/a>. Suora linkki Tietotekniikkataidot-kurssin Moodle-sivulle l\u00f6ytyy etusivulta. Moodleen kirjaudutaan tuni-tunnuksella ja salasanalla. Moodlen etusivu n\u00e4ytt\u00e4\u00e4 jokseenkin allaolevalta.<\/p>\n<figure id=\"attachment_1458\" class=\"wp-caption aligncenter\"><img loading=\"lazy\" decoding=\"async\" class=\"wp-image-1458\" src=\"https:\/\/coursepages2.tuni.fi\/tiey4\/wp-content\/uploads\/sites\/39\/2019\/08\/T1-4-moodle-1.png\" alt=\"\" width=\"470\" height=\"442\" srcset=\"https:\/\/coursepages2.tuni.fi\/tiey4\/wp-content\/uploads\/sites\/39\/2019\/08\/T1-4-moodle-1.png 940w, https:\/\/coursepages2.tuni.fi\/tiey4\/wp-content\/uploads\/sites\/39\/2019\/08\/T1-4-moodle-1-300x282.png 300w, https:\/\/coursepages2.tuni.fi\/tiey4\/wp-content\/uploads\/sites\/39\/2019\/08\/T1-4-moodle-1-768x722.png 768w\" sizes=\"auto, (max-width: 470px) 100vw, 470px\" \/><figcaption class=\"wp-caption-text\">Esimerkki Moodlen etusivusta. Olennaisimpia toimintoja ovat (1) k\u00e4ytt\u00f6kielen vaihto, (2) ohjeet yleisimmist\u00e4 toiminnoista, (3) lista kursseista, joille olet liittynyt ja (4) oman tilin asetukset.<\/figcaption><\/figure>\n<p>Eri kurssialueille voi liitty\u00e4 periaatteessa kolmella tavalla. Ensinn\u00e4kin opettaja voi liitt\u00e4\u00e4 kurssin opiskelijat kurssialueelle automaattisesti. T\u00e4ll\u00f6in kurssi l\u00f6ytyy Omat kurssini -listauksesta heti, kun opiskelija kirjautuu Moodleen. Toiseksi opiskelija voi liitty\u00e4 suoraan sellaiselle kurssille, johon ei vaadita kurssiavainta. Kolmanneksi opiskelija voi liitty\u00e4 kurssille opettajan antaman avaimen avulla \u2013 kuten t\u00e4ll\u00e4 kurssilla ja Tietoturvaa opiskelijoille -kurssilla. T\u00e4m\u00e4 j\u00e4lkimm\u00e4inen tapa on yleisin.<\/p>\n<h2>4.2 Perustoiminnot<\/h2>\n<p>Moodlen eri kurssialueiden ulkoasusta ja sis\u00e4ll\u00f6st\u00e4 vastaavat kurssien opettajat, ja ne luonnollisesti vaihtelevat eri kurssin v\u00e4lill\u00e4. Perusrakenne on kuitenkin l\u00e4hes aina sama: vasemmalla ovat navigointiin ja asetuksiin liittyv\u00e4t toiminnot, keskell\u00e4 kurssin varsinainen sis\u00e4lt\u00f6 ja oikealla hakutoiminto ja lista viimeisimmist\u00e4 tapahtumista.<\/p>\n<figure id=\"attachment_1461\" class=\"wp-caption aligncenter\"><img loading=\"lazy\" decoding=\"async\" class=\"wp-image-1461\" src=\"https:\/\/coursepages2.tuni.fi\/tiey4\/wp-content\/uploads\/sites\/39\/2019\/08\/T1-4-moodle-2.png\" alt=\"Keskustelufoorumi Moodlessa\" width=\"380\" height=\"297\" srcset=\"https:\/\/coursepages2.tuni.fi\/tiey4\/wp-content\/uploads\/sites\/39\/2019\/08\/T1-4-moodle-2.png 760w, https:\/\/coursepages2.tuni.fi\/tiey4\/wp-content\/uploads\/sites\/39\/2019\/08\/T1-4-moodle-2-300x234.png 300w\" sizes=\"auto, (max-width: 380px) 100vw, 380px\" \/><figcaption class=\"wp-caption-text\">Moodlen kurssialueen perusrakenne: Navigointiin ja kurssiasetuksiin liittyv\u00e4t toiminnot (1), varsinainen kurssisis\u00e4lt\u00f6 (2) ja hakutoiminnot ja viimeisimm\u00e4t tapahtumat (3).<\/figcaption><\/figure>\n<p>Moodlen kurssisivuja k\u00e4ytet\u00e4\u00e4n p\u00e4\u00e4asiassa kolmeen tarkoitukseen: Erityyppisen materiaalin (dokumentit, videot, linkit) jakamiseen, keskusteluihin sek\u00e4 harjoitust\u00f6iden palauttamiseen. Ohjeita l\u00f6ytyy Moodlen etusivulta.<\/p>\n<p>Allaolevassa videossa on kuvattu keskustelualueen k\u00e4ytt\u00f6 viestin lis\u00e4\u00e4misest\u00e4 sen muokkaamiseen ja viestiin vastaamiseen. Moodlen ulkoasu on hiukan muuttunut, mutta viestin kirjoitus toimii nykyisinkin ihan vastaavasti. Siin\u00e4 kuvataan my\u00f6s kahden erityyppisen tiedoston \u2013 kuvan ja pdf-tiedoston \u2013 lataaminen vastaukseen.<\/p>\n<figure id=\"attachment_458\" class=\"wp-caption aligncenter\"><a class=\"no-lightbox\" href=\"https:\/\/youtu.be\/Oe8ioExepaI\"><img loading=\"lazy\" decoding=\"async\" class=\"wp-image-458\" src=\"https:\/\/coursepages2.tuni.fi\/tiey4\/wp-content\/uploads\/sites\/39\/2018\/08\/T1-video01-Moodle-1024x675.png\" alt=\"\" width=\"600\" height=\"395\" srcset=\"https:\/\/coursepages2.tuni.fi\/tiey4\/wp-content\/uploads\/sites\/39\/2018\/08\/T1-video01-Moodle-1024x675.png 1024w, https:\/\/coursepages2.tuni.fi\/tiey4\/wp-content\/uploads\/sites\/39\/2018\/08\/T1-video01-Moodle-300x198.png 300w, https:\/\/coursepages2.tuni.fi\/tiey4\/wp-content\/uploads\/sites\/39\/2018\/08\/T1-video01-Moodle-768x506.png 768w, https:\/\/coursepages2.tuni.fi\/tiey4\/wp-content\/uploads\/sites\/39\/2018\/08\/T1-video01-Moodle.png 1049w\" sizes=\"auto, (max-width: 600px) 100vw, 600px\" \/><\/a><figcaption class=\"wp-caption-text\">Viestin kirjoittaminen keskustelualueelle \u2013 klikkaa kuvaa siirty\u00e4ksesi videoon. Keskustelun aloittaminen (0:08), tiedoston lis\u00e4\u00e4minen (0:29), julkaistun viestin muokkaaminen (00:54), keskustelualueen viestiin vastaaminen (1:28) ja kuvan liitt\u00e4minen viestiin (1:43).<\/figcaption><\/figure>\n<h2>4.3 Moodle tietotekniikkataidot-kurssilla<\/h2>\n<p>Tietotekniikkataidot-kurssilla Moodlea k\u00e4ytet\u00e4\u00e4n keskusteluun. Sellaiset kysymykset, jotka eiv\u00e4t ole henkil\u00f6kohtaisia, tulee kysy\u00e4 Moodlessa asiaankuuluvan otsikon alla \u2013 esimerkiksi harjoitukseen 2 liittyv\u00e4t kysymykset harjoitukseen 2 liittyv\u00e4ll\u00e4 palstalla. Jos kysymyksesi liittyy useampaan otsikkoon tai sille ei tunnu olevan hyv\u00e4\u00e4 otsikkoa, kysy jonkin otsikon alla. P\u00e4\u00e4asia on, ettet j\u00e4\u00e4 ep\u00e4tietoisuuteen.<\/p>\n<h2>4.4 Moodle uudessa yliopistossa<\/h2>\n<p>Vuoden 2019 organisaatiomuutoksessa my\u00f6s Moodlea p\u00e4ivitettiin, ja joillakin kursseilla saattaa olla viel\u00e4 k\u00e4yt\u00f6ss\u00e4 vanha Moodlen versio. Eri versioiden eiv\u00e4t kuitenkaan poikkea toisistaan olennaisesti, erot ovat l\u00e4hinn\u00e4 ulkon\u00e4ollisi\u00e4.<\/p>\n","protected":false},"excerpt":{"rendered":"<p>\u00a9Juhani Linna, Aulikki Hyrskykari Moodle on selaink\u00e4ytt\u00f6inen verkko-opetusalusta jota Tampereen yliopistossa k\u00e4ytet\u00e4\u00e4n laaja-alaisesti eri kursseilla mm. materiaalin jakamiseen, keskusteluun ja harjoitusteht\u00e4vien palauttamiseen.\u00a0Opiskelun onnistumisen kannalta Moodlen hallinta on siksi v\u00e4ltt\u00e4m\u00e4t\u00f6nt\u00e4. Moodle on Suomessa k\u00e4yt\u00f6ss\u00e4 muissakin korkeakouluissa, ja opiskelija voi tarvittaessa kirjautua Tampereen yliopiston tunnuksillaan my\u00f6s muiden korkeakoulujen Moodle-alueelle (ns. HAKA-kirjautuminen), mik\u00e4 helpottaa ristiinopiskelua. Vastaavasti Tampereen yliopiston &hellip; <a href=\"https:\/\/coursepages2.tuni.fi\/tiey4\/teema-1\/4-moodle\/\" class=\"more-link\">Jatka artikkeliin <span class=\"screen-reader-text\">4. Moodle<\/span><\/a><\/p>\n","protected":false},"author":1,"featured_media":0,"parent":1856,"menu_order":4,"comment_status":"closed","ping_status":"closed","template":"","meta":{"footnotes":""},"class_list":["post-1868","page","type-page","status-publish","hentry"],"_links":{"self":[{"href":"https:\/\/coursepages2.tuni.fi\/tiey4\/wp-json\/wp\/v2\/pages\/1868","targetHints":{"allow":["GET"]}}],"collection":[{"href":"https:\/\/coursepages2.tuni.fi\/tiey4\/wp-json\/wp\/v2\/pages"}],"about":[{"href":"https:\/\/coursepages2.tuni.fi\/tiey4\/wp-json\/wp\/v2\/types\/page"}],"author":[{"embeddable":true,"href":"https:\/\/coursepages2.tuni.fi\/tiey4\/wp-json\/wp\/v2\/users\/1"}],"replies":[{"embeddable":true,"href":"https:\/\/coursepages2.tuni.fi\/tiey4\/wp-json\/wp\/v2\/comments?post=1868"}],"version-history":[{"count":4,"href":"https:\/\/coursepages2.tuni.fi\/tiey4\/wp-json\/wp\/v2\/pages\/1868\/revisions"}],"predecessor-version":[{"id":1961,"href":"https:\/\/coursepages2.tuni.fi\/tiey4\/wp-json\/wp\/v2\/pages\/1868\/revisions\/1961"}],"up":[{"embeddable":true,"href":"https:\/\/coursepages2.tuni.fi\/tiey4\/wp-json\/wp\/v2\/pages\/1856"}],"wp:attachment":[{"href":"https:\/\/coursepages2.tuni.fi\/tiey4\/wp-json\/wp\/v2\/media?parent=1868"}],"curies":[{"name":"wp","href":"https:\/\/api.w.org\/{rel}","templated":true}]}}