{"id":1859,"date":"2020-03-03T01:08:56","date_gmt":"2020-03-02T23:08:56","guid":{"rendered":"https:\/\/coursepages.uta.fi\/tiey4\/?page_id=1859"},"modified":"2020-03-30T19:51:39","modified_gmt":"2020-03-30T16:51:39","slug":"1-tietotekninen-ymparisto-yliopistolla","status":"publish","type":"page","link":"https:\/\/coursepages2.tuni.fi\/tiey4\/teema-1\/1-tietotekninen-ymparisto-yliopistolla\/","title":{"rendered":"1. Tietotekninen ymp\u00e4rist\u00f6 (TUNI)"},"content":{"rendered":"<p><span style=\"color: #4E008E\">\u00a9Juhani Linna, Aulikki Hyrskykari<\/span><\/p>\n<h3>Tampereen yliopiston tietohallinnon palvelut<\/h3>\n<p>Yliopiston tietoteknisest\u00e4 ymp\u00e4rist\u00f6st\u00e4 eli opiskelijoiden k\u00e4ytt\u00f6\u00f6n tarjottavista laitteista, ohjelmista ja s\u00e4hk\u00f6isist\u00e4 palveluista vastaa Tietohallinto &#8211; kirjastopalveluja ja joitakin erityispalveluja luukuunottamatta. Tietohallinnon palveluihin saa yhteyden<a href=\"https:\/\/www.tuni.fi\/it-palvelut\/kasikirja\/2693\/3218?\"> IT-Helpdeskin<\/a> kautta. T\u00e4rkeimm\u00e4t n\u00e4ist\u00e4 palveluista ovat<\/p>\n<ul>\n<li>K\u00e4ytt\u00e4j\u00e4tunnukset<\/li>\n<li>Kulkukortit<\/li>\n<li>S\u00e4hk\u00f6inen tenttipalvelu<\/li>\n<li>Moodle<\/li>\n<li>Tietokoneluokat<\/li>\n<li>Ohjelmistov\u00e4litys<\/li>\n<\/ul>\n<p>Edell\u00e4 lueteltuihin palveluihin p\u00e4\u00e4set k\u00e4siksi intran k\u00e4sikirjojen kautta (it-palveluihin liittyv\u00e4 <a href=\"https:\/\/intra.tuni.fi\/handbook\/2677\">k\u00e4sikirjakokoelma<\/a>).<\/p>\n<p>Opiskelijoiden k\u00e4yt\u00f6ss\u00e4 olevia mikroluokkia l\u00f6ytyy useimmista yliopiston toimitiloista. <strong>Keskustakampuksella<\/strong> luokkia l\u00f6ytyy P\u00e4\u00e4talosta, Pinnist\u00e4, Tietopinnist\u00e4, Linnasta\u00a0ja\u00a0Virrasta, <strong>Kaupissa <\/strong>Arvo-rakennuksesta ja <strong>Hervannassa<\/strong> Kampusareenalta,\u00a0 P\u00e4\u00e4rakennuksesta, sek\u00e4 S\u00e4hk\u00f6-, Tieto-, Rakennus- ja Konetalosta. Tarkemman luettelon yliopiston tietokoneluokista ja niiden sijainneista l\u00f6yd\u00e4t intrasta (<a href=\"https:\/\/www.tuni.fi\/it-palvelut\/kasikirja\/2708\/3348?\">opetustilojen tietokoneet ja esitystekniikka<\/a>).<\/p>\n<p>Mikroluokkiin p\u00e4\u00e4see kulkukortilla, ja kaikkien mikroluokkien koneet ovat t\u00e4t\u00e4 kirjoittaessa (elokuu 2019) k\u00e4ytett\u00e4viss\u00e4 UTA-tunnuksella eli nk. peruspalvelutunnuksella. Luokkiin p\u00e4\u00e4see tilojen aukioloaikoina poislukien Tietopinnin luokat ML 1, ML 7 ja ML 8, jotka ovat avoinna 24\/7. Joissakin luokissa j\u00e4rjestet\u00e4\u00e4n my\u00f6s opetusta (kuten t\u00e4ll\u00e4 kurssilla), ja luokkien ulkopuolella n\u00e4kyviin kalentereihin merkittyin\u00e4 opetusaikoina ne ovat vain ko. kurssilaisten k\u00e4yt\u00f6ss\u00e4.<\/p>\n<p>Tietokoneluokkien koneissa on k\u00e4ytt\u00f6j\u00e4rjestelm\u00e4n\u00e4 Windows 10. Kaikki kurssilla k\u00e4ytett\u00e4v\u00e4t ohjelmat l\u00f6ytyv\u00e4t luokkien koneilta &#8211; joissakin luokissa on lis\u00e4ksi k\u00e4yt\u00f6ss\u00e4 erityisohjelmistoja ja laitteita kuten Adobe PhotoShop ja Matlab sek\u00e4 skanneri ja sankakuulokkeet. Listat tietokoneluokkien <a href=\"https:\/\/www.tuni.fi\/it-palvelut\/kasikirja\/2708\/7659?\">vakio-<\/a> ja <a href=\"https:\/\/www.tuni.fi\/it-palvelut\/kasikirja\/2708\/7659?\">erityisvarustelusta<\/a> l\u00f6ytyv\u00e4t intrasta Tietohallinnon sivuilta.<\/p>\n<h3>Langattomat verkot<\/h3>\n<p>Opiskelijoille on tarjolla yliopiston alueella useita, maksuttomia <a href=\"https:\/\/www.tuni.fi\/it-palvelut\/kasikirja\/2742\/2765\">langattomia verkkoja<\/a>. Niist\u00e4 t\u00e4rkeimm\u00e4t ovat Eduroam, Roam.fi, Utapac, TUT-verkko, TAMK-GUEST ja TUNI-STAFF . Verkkojen voimakkuus vaihtelee hivenen eri rakennusten v\u00e4lill\u00e4, mutta on p\u00e4\u00e4osin hyv\u00e4. Toisinaan kirjautumisen voi joutua toistamaan ennen kuin yhteyden saa luotua. Jos langattoman verkon k\u00e4ytt\u00f6 ei meinaa onnistua, kannattaa katsoa Tietohallinnon <a href=\"https:\/\/www.tuni.fi\/it-palvelut\/kasikirja\/2742\/5352?\">FAQ<\/a>-ohjeet tai ottaa yhteytt\u00e4 IT-Helpdeskiin.<\/p>\n<figure id=\"attachment_1133\" aria-describedby=\"caption-attachment-1133\" style=\"width: 213px\" class=\"wp-caption alignright\"><img loading=\"lazy\" decoding=\"async\" class=\"wp-image-1133 size-medium\" src=\"https:\/\/coursepages2.tuni.fi\/tiey4\/wp-content\/uploads\/sites\/39\/2019\/03\/uT1-01-verkot-213x300.png\" alt=\"Keskustakampuksen langattomia verkkoja PinniB-rakennuksessa.\" width=\"213\" height=\"300\" srcset=\"https:\/\/coursepages2.tuni.fi\/tiey4\/wp-content\/uploads\/sites\/39\/2019\/03\/uT1-01-verkot-213x300.png 213w, https:\/\/coursepages2.tuni.fi\/tiey4\/wp-content\/uploads\/sites\/39\/2019\/03\/uT1-01-verkot.png 280w\" sizes=\"auto, (max-width: 213px) 100vw, 213px\" \/><figcaption id=\"caption-attachment-1133\" class=\"wp-caption-text\">Keskustakampuksen langattomia verkkoja PinniB-rakennuksessa.<\/figcaption><\/figure>\n<p><strong>Eduroam<\/strong> on kansainv\u00e4linen, turvallinen verkkovierailupalvelu, joka on Suomessa tarjolla l\u00e4hes jokaisessa korkeakoulussa. Toisin sanoin, voit kirjautua oman kotiorganisaatiosi &#8211; eli Tampereen yliopiston &#8211; tunnuksilla Eduroamiin kaikkialla miss\u00e4 se on saatavilla. Eduroamiin kirjaudutaan tuni-tunnuksella <em>etunimi.sukunimi@tuni.fi<\/em> ja tunnuksen salasanalla. Tietohallinto suosittelee k\u00e4ytt\u00e4m\u00e4\u00e4n ensisijaisesti Eduroamia.<\/p>\n<p><strong>Roam.fi<\/strong> on\u00a0suojattu langaton verkko, jota yll\u00e4pit\u00e4\u00e4 Suomen avoimien tietoj\u00e4rjestelmien keskus COSS ry. Palveluun kirjaudutaan tuni-tunnuksella <em>etunimi.sukunimi@tuni.fi<\/em> ja tunnuksen salasanalla.<\/p>\n<h3>Yliopiston kirjaston palvelut<\/h3>\n<p><a href=\"https:\/\/www.tuni.fi\/fi\/kirjasto\">Yliopiston kirjasto<\/a> tarjoaa fyysisten kirjojen lainauspalvelun lis\u00e4ksi kattavan valikoiman s\u00e4hk\u00f6isi\u00e4 tietokantoja, hakukoneen sek\u00e4 laajan sanakirjan. Kirjasto tarjoaa <a href=\"https:\/\/www.tuni.fi\/fi\/kirjasto\/opi-ja-tutki\/koulutus\/tiedonhankintataitojen-opetus\">koulutusta<\/a>, jolla perehdy\u00e4\u00e4n kirjaston palvelujen ja tiedonhankinnan perusteisiin, mutta <a href=\"https:\/\/libguides.tuni.fi\/thpkurssi\">oppimateriaali<\/a> on vapaasti saatavilla kirjaston (vanhoilla) sivuilla. Lis\u00e4ksi kirjasto tarjoaa kattavan valikoiman muita <a href=\"https:\/\/www.tuni.fi\/fi\/kirjasto\/opi-ja-tutki\/koulutus\">koulutuksia<\/a> sek\u00e4\u00a0<a href=\"https:\/\/libguides.tuni.fi\/etusivu\">oppaita<\/a>\u00a0tiedonhankintaan ja tarjoamiinsa tietokantoihin ja hakuty\u00f6kaluihin liittyen (vanhat sivut).<\/p>\n","protected":false},"excerpt":{"rendered":"<p>\u00a9Juhani Linna, Aulikki Hyrskykari Tampereen yliopiston tietohallinnon palvelut Yliopiston tietoteknisest\u00e4 ymp\u00e4rist\u00f6st\u00e4 eli opiskelijoiden k\u00e4ytt\u00f6\u00f6n tarjottavista laitteista, ohjelmista ja s\u00e4hk\u00f6isist\u00e4 palveluista vastaa Tietohallinto &#8211; kirjastopalveluja ja joitakin erityispalveluja luukuunottamatta. Tietohallinnon palveluihin saa yhteyden IT-Helpdeskin kautta. T\u00e4rkeimm\u00e4t n\u00e4ist\u00e4 palveluista ovat K\u00e4ytt\u00e4j\u00e4tunnukset Kulkukortit S\u00e4hk\u00f6inen tenttipalvelu Moodle Tietokoneluokat Ohjelmistov\u00e4litys Edell\u00e4 lueteltuihin palveluihin p\u00e4\u00e4set k\u00e4siksi intran k\u00e4sikirjojen kautta (it-palveluihin liittyv\u00e4 &hellip; <a href=\"https:\/\/coursepages2.tuni.fi\/tiey4\/teema-1\/1-tietotekninen-ymparisto-yliopistolla\/\" class=\"more-link\">Jatka artikkeliin <span class=\"screen-reader-text\">1. Tietotekninen ymp\u00e4rist\u00f6 (TUNI)<\/span><\/a><\/p>\n","protected":false},"author":1,"featured_media":0,"parent":1856,"menu_order":0,"comment_status":"closed","ping_status":"closed","template":"","meta":{"footnotes":""},"class_list":["post-1859","page","type-page","status-publish","hentry"],"_links":{"self":[{"href":"https:\/\/coursepages2.tuni.fi\/tiey4\/wp-json\/wp\/v2\/pages\/1859","targetHints":{"allow":["GET"]}}],"collection":[{"href":"https:\/\/coursepages2.tuni.fi\/tiey4\/wp-json\/wp\/v2\/pages"}],"about":[{"href":"https:\/\/coursepages2.tuni.fi\/tiey4\/wp-json\/wp\/v2\/types\/page"}],"author":[{"embeddable":true,"href":"https:\/\/coursepages2.tuni.fi\/tiey4\/wp-json\/wp\/v2\/users\/1"}],"replies":[{"embeddable":true,"href":"https:\/\/coursepages2.tuni.fi\/tiey4\/wp-json\/wp\/v2\/comments?post=1859"}],"version-history":[{"count":8,"href":"https:\/\/coursepages2.tuni.fi\/tiey4\/wp-json\/wp\/v2\/pages\/1859\/revisions"}],"predecessor-version":[{"id":2063,"href":"https:\/\/coursepages2.tuni.fi\/tiey4\/wp-json\/wp\/v2\/pages\/1859\/revisions\/2063"}],"up":[{"embeddable":true,"href":"https:\/\/coursepages2.tuni.fi\/tiey4\/wp-json\/wp\/v2\/pages\/1856"}],"wp:attachment":[{"href":"https:\/\/coursepages2.tuni.fi\/tiey4\/wp-json\/wp\/v2\/media?parent=1859"}],"curies":[{"name":"wp","href":"https:\/\/api.w.org\/{rel}","templated":true}]}}