{"id":1856,"date":"2020-03-03T01:02:47","date_gmt":"2020-03-02T23:02:47","guid":{"rendered":"https:\/\/coursepages.uta.fi\/tiey4\/?page_id=1856"},"modified":"2020-03-19T10:51:00","modified_gmt":"2020-03-19T08:51:00","slug":"teema-1","status":"publish","type":"page","link":"https:\/\/coursepages2.tuni.fi\/tiey4\/teema-1\/","title":{"rendered":"TEEMA 1"},"content":{"rendered":"<div>\u00a9Juhani Linna, Aulikki Hyrskykari<\/div>\n<h1>Tiedonhallinta yliopistoymp\u00e4rist\u00f6ss\u00e4<\/h1>\n<p>Ensimm\u00e4inen teema k\u00e4sitelee yliopiston keskustakampuksen tietoteknist\u00e4 ymp\u00e4rist\u00f6\u00e4, tiedonhallintaa, tietoturvaa ja opiskelun kannalta v\u00e4ltt\u00e4m\u00e4tt\u00f6mi\u00e4 ohjelmia &#8211; t\u00e4rkeimp\u00e4n\u00e4 Office 365 -ohjelmistopakettia. Office 365 ja muut Microsoftin Office-tuotteet ovat laajalle levinneit\u00e4 ja niiden hallinta on usein oletusarvo my\u00f6s ty\u00f6el\u00e4m\u00e4ss\u00e4.<\/p>\n<p>Teemaan kuuluu starttiluennon lis\u00e4ksi kaksi luentoa, kolme harjoitusta (H1, H2 ja H3) sek\u00e4 lyhyt, Tietoturvaa k\u00e4sittelev\u00e4 Moodle-kurssi. Syksyn kurssin nk. <em>perusk\u00e4ytt\u00f6harjoitukset<\/em> ovat my\u00f6s osa ensimm\u00e4ist\u00e4 teemaa &#8211; kev\u00e4\u00e4n kurssilla niit\u00e4 ei j\u00e4rjestet\u00e4. K\u00e4ytett\u00e4vi\u00e4 ohjelmia ovat esimerkiksi Office 365:n sis\u00e4lt\u00e4m\u00e4t Outlook, OneDrive, OneNote ja kalenteri, Word-tekstink\u00e4sittelyohjelma sek\u00e4 verkko-opiskelualusta Moodle. Harjoitusten palautusdeadlinet ovat ehdottomia ja ne selvi\u00e4v\u00e4t <span style=\"color: #000000\">aikataulusta<\/span>.<\/p>\n<p>Suosittelemme aloittamaan harjoituksesta 1 erityisesti, mik\u00e4li yliopiston tietotekninen ymp\u00e4rist\u00f6 ja Office 365 ovat sinulle suhteellisen tuntemattomia asioita. Jos olet sinut teeman asioiden kanssa, voit valita harjoituksista kiinnostavimmat teht\u00e4v\u00e4t. Pid\u00e4 kuitenkin huoli, ett\u00e4 saat riitt\u00e4v\u00e4sti pisteit\u00e4 teeman <a href=\"https:\/\/weto.sis.uta.fi\/weto5\/viewTask.action?taskId=456&amp;tabId=0&amp;dbId=3\" target=\"_blank\" rel=\"noopener\"><span style=\"color: #0000ff\">suoritusvaatimusten<\/span><\/a> mukaisesti.<\/p>\n","protected":false},"excerpt":{"rendered":"<p>\u00a9Juhani Linna, Aulikki Hyrskykari Tiedonhallinta yliopistoymp\u00e4rist\u00f6ss\u00e4 Ensimm\u00e4inen teema k\u00e4sitelee yliopiston keskustakampuksen tietoteknist\u00e4 ymp\u00e4rist\u00f6\u00e4, tiedonhallintaa, tietoturvaa ja opiskelun kannalta v\u00e4ltt\u00e4m\u00e4tt\u00f6mi\u00e4 ohjelmia &#8211; t\u00e4rkeimp\u00e4n\u00e4 Office 365 -ohjelmistopakettia. Office 365 ja muut Microsoftin Office-tuotteet ovat laajalle levinneit\u00e4 ja niiden hallinta on usein oletusarvo my\u00f6s ty\u00f6el\u00e4m\u00e4ss\u00e4. Teemaan kuuluu starttiluennon lis\u00e4ksi kaksi luentoa, kolme harjoitusta (H1, H2 ja H3) sek\u00e4 &hellip; <a href=\"https:\/\/coursepages2.tuni.fi\/tiey4\/teema-1\/\" class=\"more-link\">Jatka artikkeliin <span class=\"screen-reader-text\">TEEMA 1<\/span><\/a><\/p>\n","protected":false},"author":30,"featured_media":0,"parent":0,"menu_order":0,"comment_status":"closed","ping_status":"closed","template":"","meta":{"footnotes":""},"class_list":["post-1856","page","type-page","status-publish","hentry"],"_links":{"self":[{"href":"https:\/\/coursepages2.tuni.fi\/tiey4\/wp-json\/wp\/v2\/pages\/1856","targetHints":{"allow":["GET"]}}],"collection":[{"href":"https:\/\/coursepages2.tuni.fi\/tiey4\/wp-json\/wp\/v2\/pages"}],"about":[{"href":"https:\/\/coursepages2.tuni.fi\/tiey4\/wp-json\/wp\/v2\/types\/page"}],"author":[{"embeddable":true,"href":"https:\/\/coursepages2.tuni.fi\/tiey4\/wp-json\/wp\/v2\/users\/30"}],"replies":[{"embeddable":true,"href":"https:\/\/coursepages2.tuni.fi\/tiey4\/wp-json\/wp\/v2\/comments?post=1856"}],"version-history":[{"count":5,"href":"https:\/\/coursepages2.tuni.fi\/tiey4\/wp-json\/wp\/v2\/pages\/1856\/revisions"}],"predecessor-version":[{"id":2011,"href":"https:\/\/coursepages2.tuni.fi\/tiey4\/wp-json\/wp\/v2\/pages\/1856\/revisions\/2011"}],"wp:attachment":[{"href":"https:\/\/coursepages2.tuni.fi\/tiey4\/wp-json\/wp\/v2\/media?parent=1856"}],"curies":[{"name":"wp","href":"https:\/\/api.w.org\/{rel}","templated":true}]}}