{"id":5,"date":"2017-06-22T10:58:06","date_gmt":"2017-06-22T07:58:06","guid":{"rendered":"https:\/\/coursepages.uta.fi\/tiey2\/?page_id=5"},"modified":"2020-08-03T18:05:45","modified_gmt":"2020-08-03T15:05:45","slug":"paasivu","status":"publish","type":"page","link":"https:\/\/coursepages2.tuni.fi\/tiey2\/","title":{"rendered":"TIEY2 Johdatus tietojenk\u00e4sittelytieteisiin"},"content":{"rendered":"<h1>COMP.CS.050 Johdatus tietojenk\u00e4sittelytieteisiin<\/h1>\n<p><strong>Opintojakso on tarkoitettu tietojenk\u00e4sittelytieteiden tutkinto-ohjelman ensimm\u00e4isen vuoden opiskelijoille.<\/strong> Koska se on yleisopintoja, sit\u00e4 ei lasketa tietojenk\u00e4sittelytieteiden kokonaisarvosanaan (tiedoksi tietojenk\u00e4sittelytieteit\u00e4 valinnaisaineena opiskeleville).<\/p>\n<h2>Opintojakson suoritettuaan opiskelija<\/h2>\n<div id=\"course-unit-undefined-objective\" class=\"sc-bdVaJa Accordion__AccordionContent-zmrws6-2 dpSUAf\">\n<div class=\"Markup__StyledMarkup-sc-1xp321i-1 hdVMlC\">\n<p>Opintojakson suoritettuaan opiskelija<\/p>\n<ul>\n<li class=\"Markup__List-sc-1xp321i-0 gBIdQ\">tuntee tietojenk\u00e4sittelytieteiden keskeisi\u00e4 osa-alueita ja niihin liittyv\u00e4\u00e4 k\u00e4sitteist\u00f6\u00e4<\/li>\n<li class=\"Markup__List-sc-1xp321i-0 gBIdQ\">tuntee tietojenk\u00e4sittelytieteiden historian perusteita<\/li>\n<li class=\"Markup__List-sc-1xp321i-0 gBIdQ\">osaa hahmottaa tietojenk\u00e4sittelytieteiden kokonaisuuden sek\u00e4 ymm\u00e4rt\u00e4\u00e4 kuinka eri osa-alueet liittyv\u00e4t toisiinsa<\/li>\n<li class=\"Markup__List-sc-1xp321i-0 gBIdQ\">osaa tunnistaa tietojenk\u00e4sittelytieteiden sovelluksiin ja tietojenk\u00e4sittelyalan opintoihin ja ty\u00f6teht\u00e4viin liittyvi\u00e4 eettisi\u00e4 ongelmia<\/li>\n<\/ul>\n<\/div>\n<\/div>\n<h1>Sis\u00e4lt\u00f6<\/h1>\n<p>Tietojenk\u00e4sittelytieteiden keskeiset ideat. Tietojenk\u00e4sittelytieteiden historiaa ja suhteita muihin tieteenaloihin. Tietojenk\u00e4sittelytieteet Tampereen yliopistossa. Tietojenk\u00e4sittelyn eettisi\u00e4 kysymyksi\u00e4.<\/p>\n<h2>Opetus<\/h2>\n<p><strong>Kurssille on ilmoittauduttava Sisussa viimeist\u00e4\u00e4n 19.8.2020. <\/strong><\/p>\n<p>Kurssitoteutus ja ilmoittautuminen kurssille: Linkki kurssisivuille <a href=\"https:\/\/www.tuni.fi\/opiskelijanopas\/opintotiedot\/opintojaksot\/uta-ykoodi-39001?year=2020&amp;activeTab=1&amp;activeAssessmentItem=otm-24f6baa0-565f-4377-a029-6a1dfdd48e0d&amp;activeRealisation=otm-5d2997d6-cbce-4d96-9f2b-7178db93526d\">Opiskelijan oppaassa<\/a><\/p>\n<p>Avoimen yliopiston opiskelijoille: ks. <a href=\"https:\/\/www.tuni.fi\/fi\/tule-opiskelemaan\/johdatus-tietojenkasittelytieteisiin-luento-opetus#expander-trigger--\">hakemisohjeet<\/a>.<\/p>\n<p>Kurssille Sisussa hyv\u00e4ksytyt lis\u00e4t\u00e4\u00e4n automaattisesti kurssialueelle Moodleen. Jos my\u00f6h\u00e4styt ja ilmoittautuminen on jo sulkeutunut, ota yhteys Saila Ovaskaan s\u00e4hk\u00f6postitse, niin sinut lis\u00e4t\u00e4\u00e4n kurssille. Viimeist\u00e4\u00e4n pit\u00e4\u00e4 ilmoittautua syyskuun alussa!<\/p>\n<h2>Luento-opetus 25.8.\u20136.10.2020<\/h2>\n<p>Opintojakso toteutetaan seitsem\u00e4n\u00e4 luentokertana, joilla jokaisella on eri teema. My\u00f6s opettajat vaihtuvat luentokerroittain. Syksyll\u00e4 2020 luennot pidet\u00e4\u00e4n Zoom-videokokouksina alkujaan ilmoitettuna luentoaikana tiistaisin klo 14-16.<\/p>\n<h2>Opintop\u00e4iv\u00e4kirja<\/h2>\n<p>Luentokerran teemasta kirjoitetaan<\/p>\n<ul>\n<li><strong>omaa oppimista reflektoiva luentop\u00e4iv\u00e4kirja<\/strong>,<\/li>\n<\/ul>\n<h2>Vertaispalaute ty\u00f6pajoissa jokaisen luentokerran j\u00e4lkeen<\/h2>\n<p><strong>Ty\u00f6pajaty\u00f6skentelyyn osallistuminen on pakollista.<\/strong> Opiskelijan pit\u00e4\u00e4 tuoda oma kirjoitelmansa ty\u00f6pajaan viimeist\u00e4\u00e4n luentoa seuraavan perjantain aikana ja antaa palaute kahdelle kurssikaverille ty\u00f6pajassa ennen seuraavan luentokerran alkua. T\u00e4ll\u00e4 tavalla kurssin viimeinen ty\u00f6paja valmistuu 13.10. (luennot siis ensimm\u00e4isess\u00e4 periodissa!).<\/p>\n<h2>Loppuraportti arvostellaan<\/h2>\n<p>Kurssin lopuksi kaikki opintop\u00e4iv\u00e4kirjat viimeistell\u00e4\u00e4n ja kootaan <strong>yhdeksi raportiksi<\/strong>, joka annetaan luennot pit\u00e4neiden opettajien tarkastettavaksi. Raportti arvostellaan hyv\u00e4ksytty\/hyl\u00e4tty. Hyl\u00e4tyn raportin korjaamiseen annetaan lis\u00e4aika.<\/p>\n<h2>Materiaalit<\/h2>\n<p>Jokaiseen luentokertaan liittyy lukemisto, joka on saatavilla kurssialueella Moodlessa ennen luentokertaa. Lukemistoon tulee perehty\u00e4 ennen luentoa.<\/p>\n<h2>Kurssin itsen\u00e4inen suorittaminen ja AHOT-menettely<\/h2>\n<p>Ota yhteys kurssin vastuuopettajaan (Marko Junkkari @ tuni.fi).<\/p>\n<p>Sivun p\u00e4ivitys ja Moodle-yll\u00e4pito: Saila.Ovaska@tuni.fi<\/p>\n","protected":false},"excerpt":{"rendered":"<p>COMP.CS.050 Johdatus tietojenk\u00e4sittelytieteisiin Opintojakso on tarkoitettu tietojenk\u00e4sittelytieteiden tutkinto-ohjelman ensimm\u00e4isen vuoden opiskelijoille. Koska se on yleisopintoja, sit\u00e4 ei lasketa tietojenk\u00e4sittelytieteiden kokonaisarvosanaan (tiedoksi tietojenk\u00e4sittelytieteit\u00e4 valinnaisaineena opiskeleville). Opintojakson suoritettuaan opiskelija Opintojakson suoritettuaan opiskelija tuntee tietojenk\u00e4sittelytieteiden keskeisi\u00e4 osa-alueita ja niihin liittyv\u00e4\u00e4 k\u00e4sitteist\u00f6\u00e4 tuntee tietojenk\u00e4sittelytieteiden historian perusteita osaa hahmottaa tietojenk\u00e4sittelytieteiden kokonaisuuden sek\u00e4 ymm\u00e4rt\u00e4\u00e4 kuinka eri osa-alueet liittyv\u00e4t toisiinsa osaa tunnistaa &hellip; <a href=\"https:\/\/coursepages2.tuni.fi\/tiey2\/\" class=\"more-link\">Jatka artikkeliin <span class=\"screen-reader-text\">TIEY2 Johdatus tietojenk\u00e4sittelytieteisiin<\/span><\/a><\/p>\n","protected":false},"author":1,"featured_media":0,"parent":0,"menu_order":0,"comment_status":"closed","ping_status":"closed","template":"","meta":{"footnotes":""},"class_list":["post-5","page","type-page","status-publish","hentry"],"_links":{"self":[{"href":"https:\/\/coursepages2.tuni.fi\/tiey2\/wp-json\/wp\/v2\/pages\/5","targetHints":{"allow":["GET"]}}],"collection":[{"href":"https:\/\/coursepages2.tuni.fi\/tiey2\/wp-json\/wp\/v2\/pages"}],"about":[{"href":"https:\/\/coursepages2.tuni.fi\/tiey2\/wp-json\/wp\/v2\/types\/page"}],"author":[{"embeddable":true,"href":"https:\/\/coursepages2.tuni.fi\/tiey2\/wp-json\/wp\/v2\/users\/1"}],"replies":[{"embeddable":true,"href":"https:\/\/coursepages2.tuni.fi\/tiey2\/wp-json\/wp\/v2\/comments?post=5"}],"version-history":[{"count":23,"href":"https:\/\/coursepages2.tuni.fi\/tiey2\/wp-json\/wp\/v2\/pages\/5\/revisions"}],"predecessor-version":[{"id":45,"href":"https:\/\/coursepages2.tuni.fi\/tiey2\/wp-json\/wp\/v2\/pages\/5\/revisions\/45"}],"wp:attachment":[{"href":"https:\/\/coursepages2.tuni.fi\/tiey2\/wp-json\/wp\/v2\/media?parent=5"}],"curies":[{"name":"wp","href":"https:\/\/api.w.org\/{rel}","templated":true}]}}