{"id":5,"date":"2017-06-22T10:58:06","date_gmt":"2017-06-22T07:58:06","guid":{"rendered":"https:\/\/coursepages.uta.fi\/tieva36\/?page_id=5"},"modified":"2019-06-19T14:47:23","modified_gmt":"2019-06-19T11:47:23","slug":"paasivu","status":"publish","type":"page","link":"https:\/\/coursepages2.tuni.fi\/tieva36\/","title":{"rendered":"TIEVA36 Principles of Usability, User Experience and User Interfaces"},"content":{"rendered":"<h2>Who can take this course<\/h2>\n<p>This course<strong> gets you started<\/strong> in Interactive Technology and Human-Technology Interaction.<\/p>\n<ul>\n<li>Are you <strong>starting your studies in the HTI or other M.Sc. program<\/strong> and wish to take courses in Interactive Technology?<br \/>\nIf you do not have any background in Human-Technology Interaction and want to study Interactive Technology at TUNI, PUXUI can be a required course: it gives the basics. Ask your tutor teacher, if you should include PUXUI into your Personal study plan (HOPS).<\/li>\n<li>Are you <strong>an exchange student<\/strong> at TUNI (in any discipline)? You can take this course. It does not require knowledge of programming or previous studies in human-technology interaction.<\/li>\n<li>Are you a student interested in the field of Human-Technology Interaction? You can take PUXUI as part of &#8220;optional studies&#8221;, &#8220;vapaavalintaiset opinnot&#8221;.<\/li>\n<\/ul>\n<p><strong>Note to Finnish-speaking students in the Bachelor study program of Computer Science<br \/>\n<\/strong><\/p>\n<ul>\n<li>Corresponding course units &#8220;TIEP2 Johdatus vuorovaikutteiseen teknologiaan&#8221; and &#8220;TIEA1 K\u00e4ytt\u00f6liittymien perusteet&#8221; are arranged in Finnish and you should study according to their requirements. PUXUI combines their key points. Since their materials overlap, you cannot take PUXUI.<\/li>\n<\/ul>\n<h2>Learning outcomes<\/h2>\n<div class=\"opsi_toteuma_kentta\">\n<p>Upon completion of the course the student<\/p>\n<ul>\n<li>knows about important paradigms and milestones in the history of human-computer interaction<\/li>\n<li>understands the importance of user-centered design for the success of products<\/li>\n<li>understands basics of human perceptual and cognitive processes and motor functions, and their importance to interaction design<\/li>\n<li>recognizes basic controls and interaction styles in graphical user interfaces and is able to describe how they should be applied in web design<\/li>\n<li>knows where to look for information about platform specific user experience design guidelines for graphical user interfaces<\/li>\n<li>can apply principles of good design in expert evaluation and find design errors in user interfaces.<\/li>\n<\/ul>\n<\/div>\n<h2>Content<\/h2>\n<p>What will be covered: This course introduces many basic concepts (usability, user experience, accessibility, conceptual and mental models, user-centered design, human senses and computer input and output modalities, usability evaluation methods, mobile computing, ubiquitous computing, interaction styles and style guides).<\/p>\n<p>The information given in the Curricula Guide will be supplemented in Moodle with self-study material. No lectures or face-to-face meetings with the teacher will be arranged. The course can be taken online except the examination which requires access to an EXAM facility.<\/p>\n<p>The course book is Design of everyday things (revised and expanded edition) 2013.<\/p>\n<h2>Registration is non-stop<\/h2>\n<p>The course area in TUNI moodle is currently being revised. <strong>The area will be opened for students in middle of September 2019. <\/strong><\/p>\n<p>You can sign up to this course by sending an email to Saila Ovaska @tuni.fi with the heading: PUXUI sign-up. The course key will be sent to you by email.<\/p>\n<p>Technically, the course is scheduled for eight weeks self-study ending in an exam. Your own study pace can be slower; there are no set deadlines. There will be\u00a0 examination weeks in each semester in the electronic exam service, during which you can take the exam. The exams will be graded after the exam period, and you can retake it once if you did not pass.<\/p>\n<p>The course is graded with PASS \/ FAIL.<\/p>\n<h2>Overlapping course contents<\/h2>\n<p>Beware: there is overlap with courses such as<\/p>\n<ul>\n<li>TIEP2 Johdatus vuorovaikutteiseen teknologiaan and TIEA1 K\u00e4ytt\u00f6liittymien perusteet<\/li>\n<li>HTIS86 Fundamentals of Human-Technology Interaction (summer school course)<\/li>\n<li>At Hervanta Campus: UX Basics \/ K\u00e4ytt\u00e4j\u00e4kokemuksen perusteet.<\/li>\n<\/ul>\n<p>Because of the overlap, they cannot be included in the same Personal study plan.<\/p>\n","protected":false},"excerpt":{"rendered":"<p>Who can take this course This course gets you started in Interactive Technology and Human-Technology Interaction. Are you starting your studies in the HTI or other M.Sc. program and wish to take courses in Interactive Technology? If you do not have any background in Human-Technology Interaction and want to study Interactive Technology at TUNI, PUXUI &hellip; <a href=\"https:\/\/coursepages2.tuni.fi\/tieva36\/\" class=\"more-link\">Continue reading <span class=\"screen-reader-text\">TIEVA36 Principles of Usability, User Experience and User Interfaces<\/span><\/a><\/p>\n","protected":false},"author":1,"featured_media":0,"parent":0,"menu_order":0,"comment_status":"closed","ping_status":"closed","template":"","meta":{"footnotes":""},"class_list":["post-5","page","type-page","status-publish","hentry"],"_links":{"self":[{"href":"https:\/\/coursepages2.tuni.fi\/tieva36\/wp-json\/wp\/v2\/pages\/5","targetHints":{"allow":["GET"]}}],"collection":[{"href":"https:\/\/coursepages2.tuni.fi\/tieva36\/wp-json\/wp\/v2\/pages"}],"about":[{"href":"https:\/\/coursepages2.tuni.fi\/tieva36\/wp-json\/wp\/v2\/types\/page"}],"author":[{"embeddable":true,"href":"https:\/\/coursepages2.tuni.fi\/tieva36\/wp-json\/wp\/v2\/users\/1"}],"replies":[{"embeddable":true,"href":"https:\/\/coursepages2.tuni.fi\/tieva36\/wp-json\/wp\/v2\/comments?post=5"}],"version-history":[{"count":10,"href":"https:\/\/coursepages2.tuni.fi\/tieva36\/wp-json\/wp\/v2\/pages\/5\/revisions"}],"predecessor-version":[{"id":30,"href":"https:\/\/coursepages2.tuni.fi\/tieva36\/wp-json\/wp\/v2\/pages\/5\/revisions\/30"}],"wp:attachment":[{"href":"https:\/\/coursepages2.tuni.fi\/tieva36\/wp-json\/wp\/v2\/media?parent=5"}],"curies":[{"name":"wp","href":"https:\/\/api.w.org\/{rel}","templated":true}]}}