{"id":5,"date":"2017-06-22T10:58:06","date_gmt":"2017-06-22T07:58:06","guid":{"rendered":"https:\/\/coursepages.uta.fi\/tiets33\/?page_id=5"},"modified":"2017-06-22T12:03:02","modified_gmt":"2017-06-22T09:03:02","slug":"paasivu","status":"publish","type":"page","link":"https:\/\/coursepages2.tuni.fi\/tiets33\/","title":{"rendered":"P\u00e4\u00e4sivu"},"content":{"rendered":"<p>T\u00c4H\u00c4N johdantoteksti.<\/p>\n<h1>Sis\u00e4lt\u00f6<\/h1>\n<p>T\u00c4H\u00c4N kurssin kuvaus. T\u00c4H\u00c4N esimerkiksi linkki s\u00e4hk\u00f6iseen opetusohjelmaan.<\/p>\n<h1>Opetus<\/h1>\n<p>T\u00c4H\u00c4N Aikataulu- ja tilatiedot julkaistaan s\u00e4hk\u00f6isess\u00e4 opetusohjelmassa, jossa my\u00f6s ilmoittautuminen kurssille.<\/p>\n<h2>Luennot<\/h2>\n<p>T\u00c4H\u00c4N lis\u00e4tietoja luennoista<\/p>\n<h2>Harjoitukset<\/h2>\n<p>T\u00c4H\u00c4N lis\u00e4tietoja harjoituksista<\/p>\n<h2>Harjoitusty\u00f6t<\/h2>\n<p>T\u00c4H\u00c4N lis\u00e4tietoja harjoitust\u00f6ist\u00e4.<\/p>\n<h1>Materiaalit<\/h1>\n<p>T\u00c4H\u00c4N esimerkiksi linkkej\u00e4.<\/p>\n<p>&nbsp;<\/p>\n<p>&nbsp;<\/p>\n","protected":false},"excerpt":{"rendered":"<p>T\u00c4H\u00c4N johdantoteksti. Sis\u00e4lt\u00f6 T\u00c4H\u00c4N kurssin kuvaus. T\u00c4H\u00c4N esimerkiksi linkki s\u00e4hk\u00f6iseen opetusohjelmaan. Opetus T\u00c4H\u00c4N Aikataulu- ja tilatiedot julkaistaan s\u00e4hk\u00f6isess\u00e4 opetusohjelmassa, jossa my\u00f6s ilmoittautuminen kurssille. Luennot T\u00c4H\u00c4N lis\u00e4tietoja luennoista Harjoitukset T\u00c4H\u00c4N lis\u00e4tietoja harjoituksista Harjoitusty\u00f6t T\u00c4H\u00c4N lis\u00e4tietoja harjoitust\u00f6ist\u00e4. Materiaalit T\u00c4H\u00c4N esimerkiksi linkkej\u00e4. &nbsp; &nbsp;<\/p>\n","protected":false},"author":1,"featured_media":0,"parent":0,"menu_order":0,"comment_status":"closed","ping_status":"closed","template":"","meta":{"footnotes":""},"class_list":["post-5","page","type-page","status-publish","hentry"],"_links":{"self":[{"href":"https:\/\/coursepages2.tuni.fi\/tiets33\/wp-json\/wp\/v2\/pages\/5","targetHints":{"allow":["GET"]}}],"collection":[{"href":"https:\/\/coursepages2.tuni.fi\/tiets33\/wp-json\/wp\/v2\/pages"}],"about":[{"href":"https:\/\/coursepages2.tuni.fi\/tiets33\/wp-json\/wp\/v2\/types\/page"}],"author":[{"embeddable":true,"href":"https:\/\/coursepages2.tuni.fi\/tiets33\/wp-json\/wp\/v2\/users\/1"}],"replies":[{"embeddable":true,"href":"https:\/\/coursepages2.tuni.fi\/tiets33\/wp-json\/wp\/v2\/comments?post=5"}],"version-history":[{"count":3,"href":"https:\/\/coursepages2.tuni.fi\/tiets33\/wp-json\/wp\/v2\/pages\/5\/revisions"}],"predecessor-version":[{"id":13,"href":"https:\/\/coursepages2.tuni.fi\/tiets33\/wp-json\/wp\/v2\/pages\/5\/revisions\/13"}],"wp:attachment":[{"href":"https:\/\/coursepages2.tuni.fi\/tiets33\/wp-json\/wp\/v2\/media?parent=5"}],"curies":[{"name":"wp","href":"https:\/\/api.w.org\/{rel}","templated":true}]}}