{"id":36,"date":"2017-12-30T12:48:24","date_gmt":"2017-12-30T10:48:24","guid":{"rendered":"https:\/\/coursepages.uta.fi\/tieta7\/?page_id=36"},"modified":"2020-08-27T15:25:05","modified_gmt":"2020-08-27T12:25:05","slug":"ajankohtaista-2018","status":"publish","type":"page","link":"https:\/\/coursepages2.tuni.fi\/tieta7\/ajankohtaista-2018\/","title":{"rendered":"Ajankohtaista 2020"},"content":{"rendered":"<ul>\n<li>Ilmoittautuminen 14.9 tenttiin s\u00e4hk\u00f6postitse marko.junkkari@tuni.fi 9.9 menness\u00e4.<\/li>\n<li><a href=\"http:\/\/www.sis.uta.fi\/~tiko\/materiaali\/20\/koko_piste.pdf\" target=\"_blank\" rel=\"noopener noreferrer\">Suoritukset 18.5.2020<\/a><\/li>\n<li><a href=\"http:\/\/www.sis.uta.fi\/~tiko\/materiaali\/20\/ht_piste.xlsx\" target=\"_blank\" rel=\"noopener noreferrer\">Harjoitusty\u00f6n arvostelu<\/a><\/li>\n<li>Toinen uusintatentti j\u00e4rjestet\u00e4\u00e4n maanantaina 14.9. klo 14-16. T\u00e4m\u00e4 on opintojakson viimeinen uusintatenttimahdollisuus.<\/li>\n<li><a href=\"http:\/\/www.sis.uta.fi\/~tiko\/materiaali\/20\/tentti2.pdf\" target=\"_blank\" rel=\"noopener noreferrer\">Tentti 4.5 tulokset<\/a><\/li>\n<li>Uusintatentti ma. 4.5 klo 14-16. Ilmoittaudu Wetoon viimeist\u00e4\u00e4n 3.5.<\/li>\n<li><a href=\"http:\/\/www.sis.uta.fi\/~tiko\/materiaali\/20\/tentti1.pdf\" target=\"_blank\" rel=\"noopener noreferrer\">Tentti 23.3 tulokset<\/a><\/li>\n<li><strong>Tentti <span lang=\"fi\">23.3 klo 14.00 j\u00e4rjestet\u00e4\u00e4n et\u00e4tenttin\u00e4. Seuraa t\u00e4t\u00e4 palstaa ja tuni-s\u00e4hk\u00f6postia. <\/span><\/strong><a href=\"http:\/\/www.sis.uta.fi\/~tiko\/materiaali\/20\/etatenttiohje.pdf\" target=\"_blank\" rel=\"noopener noreferrer\">OHJEET TENTTIIN<\/a> .<\/li>\n<li><strong>Kaikille ryhmille on l\u00e4hetetty palautetta harjoitusty\u00f6n 1. vaiheesta (17.3)<\/strong><\/li>\n<li>Maanantain 16.3 harjoitukset j\u00e4jestet\u00e4\u00e4n et\u00e4n\u00e4. T\u00e4ll\u00e4 linkill\u00e4 p\u00e4\u00e4see liittym\u00e4\u00e4n harjoitusaikan Zoom-tapaamiseen: <a id=\"LPlnk700399\" href=\"https:\/\/tuni.zoom.us\/j\/311834042\" target=\"_blank\" rel=\"noopener noreferrer\">https:\/\/tuni.zoom.us\/j\/311834042<\/a> .<\/li>\n<li>Pakolliset harjoitukset l\u00f6ytyy Wetosta.<br \/>\nPalautusten takaraja on 6.3.<\/li>\n<li>Ma 20.1. luento siirertty <span lang=\"fi\">pe 24.1. klo 15-17, Pinni A1081<\/span><\/li>\n<li>Tentti <span lang=\"fi\">23.3 klo 14-17<\/span>, Pinni B1100<\/li>\n<li>12.1. SQL-l\u00e4ht\u00f6tasotesti\u00e4 voi alkaa tehd\u00e4 <a href=\"https:\/\/wetodev.sis.uta.fi\" target=\"_blank\" rel=\"noopener noreferrer\">WETOssa<\/a> (kohta Pakolliset teht\u00e4v\u00e4t: SQL-kertaus) heti, kun kurssin vastuuopettaja (Marko J) on hyv\u00e4ksynyt opiskelijan WETOn kurssialueelle. SQL-kertaus toivotaan teht\u00e4v\u00e4ksi sunnuntaihin 19.2. klo 16 menness\u00e4. Testi on teht\u00e4v\u00e4 viimeist\u00e4\u00e4n maaliskuun loppuun menness\u00e4.<\/li>\n<li>9.1. Kurssilla k\u00e4ytet\u00e4\u00e4n esimerkkitietokannanhallintaj\u00e4rjestelm\u00e4n\u00e4 PostgreSQL:\u00e4\u00e4. T\u00e4t\u00e4 varten k\u00e4y hakemassa osoitteessa id.tuni.fi k\u00e4ytt\u00f6oikeus TUNIn shell-palveluun palvelunimell\u00e4 \u201dLinux-palvelimet (LINUX-SERVERS) SSH-palvelimet\u201d ja tarkista oma TUNI-k\u00e4ytt\u00e4j\u00e4tunnuksesi (ei s\u00e4hk\u00f6postiosoite, vaan lyhyehk\u00f6 merkkijono) samassa osoitteessa. Katso lis\u00e4tietoja k\u00e4ytt\u00f6oikeuden hakemisesta <a href=\"http:\/\/www.sis.uta.fi\/~tiko\/materiaali\/20\/psql_ohje.pdf\" target=\"_blank\" rel=\"noopener noreferrer\">PostgreSQL- ja Linux-palvelin -ohjeista<\/a>.<\/li>\n<\/ul>\n","protected":false},"excerpt":{"rendered":"<p>Ilmoittautuminen 14.9 tenttiin s\u00e4hk\u00f6postitse marko.junkkari@tuni.fi 9.9 menness\u00e4. Suoritukset 18.5.2020 Harjoitusty\u00f6n arvostelu Toinen uusintatentti j\u00e4rjestet\u00e4\u00e4n maanantaina 14.9. klo 14-16. T\u00e4m\u00e4 on opintojakson viimeinen uusintatenttimahdollisuus. Tentti 4.5 tulokset Uusintatentti ma. 4.5 klo 14-16. Ilmoittaudu Wetoon viimeist\u00e4\u00e4n 3.5. Tentti 23.3 tulokset Tentti 23.3 klo 14.00 j\u00e4rjestet\u00e4\u00e4n et\u00e4tenttin\u00e4. Seuraa t\u00e4t\u00e4 palstaa ja tuni-s\u00e4hk\u00f6postia. OHJEET TENTTIIN . Kaikille ryhmille on &hellip; <a href=\"https:\/\/coursepages2.tuni.fi\/tieta7\/ajankohtaista-2018\/\" class=\"more-link\">Jatka artikkeliin <span class=\"screen-reader-text\">Ajankohtaista 2020<\/span><\/a><\/p>\n","protected":false},"author":28,"featured_media":0,"parent":0,"menu_order":0,"comment_status":"closed","ping_status":"closed","template":"","meta":{"footnotes":""},"class_list":["post-36","page","type-page","status-publish","hentry"],"_links":{"self":[{"href":"https:\/\/coursepages2.tuni.fi\/tieta7\/wp-json\/wp\/v2\/pages\/36","targetHints":{"allow":["GET"]}}],"collection":[{"href":"https:\/\/coursepages2.tuni.fi\/tieta7\/wp-json\/wp\/v2\/pages"}],"about":[{"href":"https:\/\/coursepages2.tuni.fi\/tieta7\/wp-json\/wp\/v2\/types\/page"}],"author":[{"embeddable":true,"href":"https:\/\/coursepages2.tuni.fi\/tieta7\/wp-json\/wp\/v2\/users\/28"}],"replies":[{"embeddable":true,"href":"https:\/\/coursepages2.tuni.fi\/tieta7\/wp-json\/wp\/v2\/comments?post=36"}],"version-history":[{"count":79,"href":"https:\/\/coursepages2.tuni.fi\/tieta7\/wp-json\/wp\/v2\/pages\/36\/revisions"}],"predecessor-version":[{"id":430,"href":"https:\/\/coursepages2.tuni.fi\/tieta7\/wp-json\/wp\/v2\/pages\/36\/revisions\/430"}],"wp:attachment":[{"href":"https:\/\/coursepages2.tuni.fi\/tieta7\/wp-json\/wp\/v2\/media?parent=36"}],"curies":[{"name":"wp","href":"https:\/\/api.w.org\/{rel}","templated":true}]}}