{"id":32,"date":"2017-12-30T12:43:03","date_gmt":"2017-12-30T10:43:03","guid":{"rendered":"https:\/\/coursepages.uta.fi\/tieta7\/?page_id=32"},"modified":"2020-04-09T14:40:48","modified_gmt":"2020-04-09T11:40:48","slug":"harjoitustyo","status":"publish","type":"page","link":"https:\/\/coursepages2.tuni.fi\/tieta7\/harjoitustyo\/","title":{"rendered":"Harjoitusty\u00f6"},"content":{"rendered":"<h6>Teht\u00e4v\u00e4nanto<\/h6>\n<ul>\n<li><a href=\"http:\/\/www.sis.uta.fi\/~tiko\/materiaali\/20\/Tiko 2020_ht.pdf\">Teht\u00e4v\u00e4nanto<\/a><\/li>\n<li><a href=\"http:\/\/www.sis.uta.fi\/~tiko\/materiaali\/20\/ominaisuudet.xls\">Ominaisuudet<\/a>\n<ul>\n<li>T\u00e4yt\u00e4 t\u00e4m\u00e4 ja liit\u00e4 vaiheen 2 palautukseen<\/li>\n<\/ul>\n<\/li>\n<\/ul>\n<h6>Ryhm\u00e4t<\/h6>\n<ul>\n<li><a href=\"http:\/\/www.sis.uta.fi\/~tiko\/materiaali\/20\/ryhmat_2020.pdf\">Ryhm\u00e4t ja numerot<\/a><\/li>\n<\/ul>\n<h6>Kysymyksi\u00e4<\/h6>\n<p>T\u00e4ytyyko valita jo suunnitteluvaiheessa tapahtumat, joita aikoo toteuttaa?<\/p>\n<ul>\n<li>Ei tarvitse, vaikka sit\u00e4 suosittelisinkin.<\/li>\n<\/ul>\n<p>Kuinka relaatiokaaviot palautetaan.<\/p>\n<ul>\n<li>Tekstimuoto, jossa avaimet ja viiteavaimet alleviivattuina riitt\u00e4\u00e4. Saa palauttaa my\u00f6s graafisen kuvauksen, jossa viiteavainsuhteet merkitty.<\/li>\n<\/ul>\n<p>Tarkoitetaanko n\u00e4kymill\u00e4 SQL:n n\u00e4kymi\u00e4, \u2019view\u2019, vai k\u00e4ytt\u00f6liittym\u00e4n k\u00e4ytt\u00e4jille n\u00e4kyv\u00e4\u00e4 osaa?<\/p>\n<ul>\n<li>SQL-n\u00e4kymi\u00e4.<\/li>\n<\/ul>\n<p>Kuinka\u00a0 toiminnot\/tapahtumat pit\u00e4\u00e4 kuvata?<\/p>\n<ul>\n<li>Tyyliin:<\/li>\n<\/ul>\n<ol>\n<li>Lue asiakkaan nimi ja osoite taulusta Asiakkaat.<\/li>\n<li>Lue ..<\/li>\n<li>&#8230;.<\/li>\n<li>P\u00e4ivit\u00e4 teoksen tila.<\/li>\n<\/ol>\n<p>&nbsp;<\/p>\n<p>&nbsp;<\/p>\n","protected":false},"excerpt":{"rendered":"<p>Teht\u00e4v\u00e4nanto Teht\u00e4v\u00e4nanto Ominaisuudet T\u00e4yt\u00e4 t\u00e4m\u00e4 ja liit\u00e4 vaiheen 2 palautukseen Ryhm\u00e4t Ryhm\u00e4t ja numerot Kysymyksi\u00e4 T\u00e4ytyyko valita jo suunnitteluvaiheessa tapahtumat, joita aikoo toteuttaa? Ei tarvitse, vaikka sit\u00e4 suosittelisinkin. Kuinka relaatiokaaviot palautetaan. Tekstimuoto, jossa avaimet ja viiteavaimet alleviivattuina riitt\u00e4\u00e4. Saa palauttaa my\u00f6s graafisen kuvauksen, jossa viiteavainsuhteet merkitty. Tarkoitetaanko n\u00e4kymill\u00e4 SQL:n n\u00e4kymi\u00e4, \u2019view\u2019, vai k\u00e4ytt\u00f6liittym\u00e4n k\u00e4ytt\u00e4jille n\u00e4kyv\u00e4\u00e4 &hellip; <a href=\"https:\/\/coursepages2.tuni.fi\/tieta7\/harjoitustyo\/\" class=\"more-link\">Jatka artikkeliin <span class=\"screen-reader-text\">Harjoitusty\u00f6<\/span><\/a><\/p>\n","protected":false},"author":3,"featured_media":0,"parent":0,"menu_order":2,"comment_status":"closed","ping_status":"closed","template":"","meta":{"footnotes":""},"class_list":["post-32","page","type-page","status-publish","hentry"],"_links":{"self":[{"href":"https:\/\/coursepages2.tuni.fi\/tieta7\/wp-json\/wp\/v2\/pages\/32","targetHints":{"allow":["GET"]}}],"collection":[{"href":"https:\/\/coursepages2.tuni.fi\/tieta7\/wp-json\/wp\/v2\/pages"}],"about":[{"href":"https:\/\/coursepages2.tuni.fi\/tieta7\/wp-json\/wp\/v2\/types\/page"}],"author":[{"embeddable":true,"href":"https:\/\/coursepages2.tuni.fi\/tieta7\/wp-json\/wp\/v2\/users\/3"}],"replies":[{"embeddable":true,"href":"https:\/\/coursepages2.tuni.fi\/tieta7\/wp-json\/wp\/v2\/comments?post=32"}],"version-history":[{"count":41,"href":"https:\/\/coursepages2.tuni.fi\/tieta7\/wp-json\/wp\/v2\/pages\/32\/revisions"}],"predecessor-version":[{"id":418,"href":"https:\/\/coursepages2.tuni.fi\/tieta7\/wp-json\/wp\/v2\/pages\/32\/revisions\/418"}],"wp:attachment":[{"href":"https:\/\/coursepages2.tuni.fi\/tieta7\/wp-json\/wp\/v2\/media?parent=32"}],"curies":[{"name":"wp","href":"https:\/\/api.w.org\/{rel}","templated":true}]}}