{"id":30,"date":"2017-12-30T12:42:52","date_gmt":"2017-12-30T10:42:52","guid":{"rendered":"https:\/\/coursepages.uta.fi\/tieta7\/?page_id=30"},"modified":"2020-03-11T13:17:59","modified_gmt":"2020-03-11T11:17:59","slug":"harjoitukset","status":"publish","type":"page","link":"https:\/\/coursepages2.tuni.fi\/tieta7\/harjoitukset\/","title":{"rendered":"Harjoitukset"},"content":{"rendered":"<p>Kurssilla on kahdeksat viikkoharjoitukset. Harjoitusteht\u00e4v\u00e4t julkaistaan t\u00e4ll\u00e4 sivulla.<\/p>\n<p>Harjoitusteht\u00e4v\u00e4t suoritetaan palauttamalla ratkaisut WETOon. Palauta kunkin teht\u00e4v\u00e4n vastaus omassa ratkaisudokumentissaan teht\u00e4v\u00e4n omaan palautuspaikkaan.<\/p>\n<p>Useimpien harjoitusteht\u00e4vien ratkaisut julkaistaan t\u00e4ll\u00e4 sivulla.<\/p>\n<ul>\n<li>Viikko 1\n<ul>\n<li><a href=\"http:\/\/www.sis.uta.fi\/~tiko\/materiaali\/20\/H1.pdf\">Teht\u00e4v\u00e4t<\/a><\/li>\n<li><a href=\"http:\/\/www.sis.uta.fi\/~tiko\/materiaali\/20\/H1_vastaus.pdf\">Vastauksia<\/a><\/li>\n<\/ul>\n<\/li>\n<li>Viikko 2\n<ul>\n<li><a href=\"http:\/\/www.sis.uta.fi\/~tiko\/materiaali\/20\/H2.pdf\" target=\"_blank\" rel=\"noopener\">Teht\u00e4v\u00e4t<\/a><\/li>\n<li>Viinitietokannan <a href=\"http:\/\/www.sis.uta.fi\/~tiko\/materiaali\/20\/tiko_viinikanta.sql\" target=\"_blank\" rel=\"noopener\">luontilauseet<\/a> ja <a href=\"http:\/\/www.sis.uta.fi\/~tiko\/materiaali\/20\/tiko_viinikanta_tila.pdf\" target=\"_blank\" rel=\"noopener\">tila<\/a><\/li>\n<li>Ilmailutietokannan <a href=\"http:\/\/www.sis.uta.fi\/~tiko\/materiaali\/20\/korjattulentoesimerkkikanta.txt\" target=\"_blank\" rel=\"noopener\">luontilauseet<\/a> ja <a href=\"http:\/\/www.sis.uta.fi\/~tiko\/materiaali\/20\/lentoesimerkkikanta.pdf\" target=\"_blank\" rel=\"noopener\">kuvaus ja tila<\/a><\/li>\n<li><a href=\"http:\/\/www.sis.uta.fi\/~tiko\/materiaali\/20\/H2_vastaus.pdf\">Vastauksia<\/a><\/li>\n<\/ul>\n<\/li>\n<li>Viikko 3\n<ul>\n<li><a href=\"http:\/\/www.sis.uta.fi\/~tiko\/materiaali\/20\/H3.pdf\" target=\"_blank\" rel=\"noopener\">Teht\u00e4v\u00e4t<\/a> <small> (Teht\u00e4v\u00e4 2 lis\u00e4tty 29.1. 19:20)<\/small> Teht\u00e4v\u00e4ss\u00e4 3 tarkoitetaan H2 ylim\u00e4\u00e4r\u00e4ist\u00e4 teht\u00e4v\u00e4\u00e4.<\/li>\n<li>Teht\u00e4v\u00e4ss\u00e4 1 tarvittava <a href=\"http:\/\/www.sis.uta.fi\/~tiko\/materiaali\/20\/tiko_h3_t1.sql\" target=\"_blank\" rel=\"noopener\">taulu<\/a><\/li>\n<li><a href=\"http:\/\/www.sis.uta.fi\/~tiko\/materiaali\/20\/H3_vastaus.pdf\">Vastauksia<\/a><\/li>\n<\/ul>\n<\/li>\n<\/ul>\n<ul>\n<li>Viikko 4\n<ul>\n<li><a href=\"http:\/\/www.sis.uta.fi\/~tiko\/materiaali\/20\/H4.pdf\" target=\"_blank\" rel=\"noopener\">Teht\u00e4v\u00e4t<\/a><\/li>\n<li><a href=\"http:\/\/www.sis.uta.fi\/~tiko\/materiaali\/20\/H4_vastaus.pdf\">Vastauksia<\/a><\/li>\n<\/ul>\n<\/li>\n<\/ul>\n<ul>\n<li>Viikko 5\n<ul>\n<li><a href=\"http:\/\/www.sis.uta.fi\/~tiko\/materiaali\/20\/H5.pdf\" target=\"_blank\" rel=\"noopener\">Teht\u00e4v\u00e4t<\/a> Pakollisten teht\u00e4vien takaraja on 6.3.<\/li>\n<\/ul>\n<\/li>\n<\/ul>\n<ul>\n<li>Viikko 6\n<ul>\n<li><a href=\"http:\/\/www.sis.uta.fi\/~tiko\/materiaali\/20\/H6.pdf\" target=\"_blank\" rel=\"noopener\">Teht\u00e4v\u00e4t<\/a><\/li>\n<li><a href=\"http:\/\/www.sis.uta.fi\/~tiko\/materiaali\/20\/H6_vastaus.pdf\" target=\"_blank\" rel=\"noopener\">Vastauksia<\/a><\/li>\n<\/ul>\n<\/li>\n<li>Viikko 7\n<ul>\n<li><a href=\"http:\/\/www.sis.uta.fi\/~tiko\/materiaali\/20\/H7.pdf\" target=\"_blank\" rel=\"noopener\">Teht\u00e4v\u00e4t<\/a><\/li>\n<li><a href=\"http:\/\/www.sis.uta.fi\/~tiko\/materiaali\/20\/H7_vastaus.pdf\" target=\"_blank\" rel=\"noopener\">Vastauksia<\/a><\/li>\n<\/ul>\n<\/li>\n<li>Viikko 8\n<ul>\n<li><a href=\"http:\/\/www.sis.uta.fi\/~tiko\/materiaali\/20\/H8.pdf\" target=\"_blank\" rel=\"noopener\">Teht\u00e4v\u00e4t<\/a><\/li>\n<\/ul>\n<\/li>\n<\/ul>\n","protected":false},"excerpt":{"rendered":"<p>Kurssilla on kahdeksat viikkoharjoitukset. Harjoitusteht\u00e4v\u00e4t julkaistaan t\u00e4ll\u00e4 sivulla. Harjoitusteht\u00e4v\u00e4t suoritetaan palauttamalla ratkaisut WETOon. Palauta kunkin teht\u00e4v\u00e4n vastaus omassa ratkaisudokumentissaan teht\u00e4v\u00e4n omaan palautuspaikkaan. Useimpien harjoitusteht\u00e4vien ratkaisut julkaistaan t\u00e4ll\u00e4 sivulla. Viikko 1 Teht\u00e4v\u00e4t Vastauksia Viikko 2 Teht\u00e4v\u00e4t Viinitietokannan luontilauseet ja tila Ilmailutietokannan luontilauseet ja kuvaus ja tila Vastauksia Viikko 3 Teht\u00e4v\u00e4t (Teht\u00e4v\u00e4 2 lis\u00e4tty 29.1. 19:20) Teht\u00e4v\u00e4ss\u00e4 &hellip; <a href=\"https:\/\/coursepages2.tuni.fi\/tieta7\/harjoitukset\/\" class=\"more-link\">Jatka artikkeliin <span class=\"screen-reader-text\">Harjoitukset<\/span><\/a><\/p>\n","protected":false},"author":3,"featured_media":0,"parent":0,"menu_order":1,"comment_status":"closed","ping_status":"closed","template":"","meta":{"footnotes":""},"class_list":["post-30","page","type-page","status-publish","hentry"],"_links":{"self":[{"href":"https:\/\/coursepages2.tuni.fi\/tieta7\/wp-json\/wp\/v2\/pages\/30","targetHints":{"allow":["GET"]}}],"collection":[{"href":"https:\/\/coursepages2.tuni.fi\/tieta7\/wp-json\/wp\/v2\/pages"}],"about":[{"href":"https:\/\/coursepages2.tuni.fi\/tieta7\/wp-json\/wp\/v2\/types\/page"}],"author":[{"embeddable":true,"href":"https:\/\/coursepages2.tuni.fi\/tieta7\/wp-json\/wp\/v2\/users\/3"}],"replies":[{"embeddable":true,"href":"https:\/\/coursepages2.tuni.fi\/tieta7\/wp-json\/wp\/v2\/comments?post=30"}],"version-history":[{"count":63,"href":"https:\/\/coursepages2.tuni.fi\/tieta7\/wp-json\/wp\/v2\/pages\/30\/revisions"}],"predecessor-version":[{"id":406,"href":"https:\/\/coursepages2.tuni.fi\/tieta7\/wp-json\/wp\/v2\/pages\/30\/revisions\/406"}],"wp:attachment":[{"href":"https:\/\/coursepages2.tuni.fi\/tieta7\/wp-json\/wp\/v2\/media?parent=30"}],"curies":[{"name":"wp","href":"https:\/\/api.w.org\/{rel}","templated":true}]}}