{"id":432,"date":"2018-10-24T23:43:46","date_gmt":"2018-10-24T20:43:46","guid":{"rendered":"https:\/\/coursepages.uta.fi\/tiep5\/?page_id=432"},"modified":"2019-01-22T00:24:56","modified_gmt":"2019-01-21T22:24:56","slug":"tehtavat","status":"publish","type":"page","link":"https:\/\/coursepages2.tuni.fi\/tiep5\/syksy-2018\/harjoitukset\/tehtavat\/","title":{"rendered":"Teht\u00e4v\u00e4t"},"content":{"rendered":"<p>Harjoitusteht\u00e4v\u00e4t pyrit\u00e4\u00e4n julkaisemaan keskiviikkoisin Adobe Acrobat (pdf) ja muun muassa Wordin ymm\u00e4rt\u00e4m\u00e4ss\u00e4 Rich Text Format (rtf) -muodossa. Kaikkien teht\u00e4vien mallivastaukset tulevat WETOon aina loppuviikosta.<\/p>\n<p>The folders have also English language versions of the exercises. These are intended for the foreign students only.<\/p>\n<p><a href=\"http:\/\/www.sis.uta.fi\/~laki2\/syksy-2018\/harjoitukset\/harjoitus01\/\">Harjoitus 1<\/a><\/p>\n<p><a href=\"http:\/\/www.sis.uta.fi\/~laki2\/syksy-2018\/harjoitukset\/harjoitus02\/\">Harjoitus 2<\/a><\/p>\n<ul>\n<li>Windows-k\u00e4ytt\u00e4jille: <a href=\"http:\/\/www.sis.uta.fi\/~laki2\/syksy-2018\/harjoitukset\/harjoitus02\/win-1252\/Dice.java\">Dice.java<\/a><\/li>\n<li>Mac- ja Linux-k\u00e4ytt\u00e4jille: <a href=\"http:\/\/www.sis.uta.fi\/~laki2\/syksy-2018\/harjoitukset\/harjoitus02\/utf-8\/Dice.java\">Dice.java<\/a><\/li>\n<\/ul>\n<p><a href=\"http:\/\/www.sis.uta.fi\/~laki2\/syksy-2018\/harjoitukset\/harjoitus03\/\">Harjoitus 3<\/a><\/p>\n<p><a href=\"http:\/\/www.sis.uta.fi\/~laki2\/syksy-2018\/harjoitukset\/harjoitus04\/\">Harjoitus 4<\/a><\/p>\n<p><a href=\"http:\/\/www.sis.uta.fi\/~laki2\/syksy-2018\/harjoitukset\/harjoitus05\/\">Harjoitus 5<\/a><\/p>\n<ul>\n<li>Windows-k\u00e4ytt\u00e4jille: <a href=\"http:\/\/www.sis.uta.fi\/~laki2\/syksy-2018\/harjoitukset\/harjoitus05\/win-1252\/Characters.java\">Characters.java<\/a><\/li>\n<li>Mac- ja Linux-k\u00e4ytt\u00e4jille: <a href=\"http:\/\/www.sis.uta.fi\/~laki2\/syksy-2018\/harjoitukset\/harjoitus05\/utf-8\/Characters.java\">Characters.java<\/a><\/li>\n<\/ul>\n<p><a href=\"http:\/\/www.sis.uta.fi\/~laki2\/syksy-2018\/harjoitukset\/harjoitus06\/\">Harjoitus 6<\/a><\/p>\n<p><a href=\"http:\/\/www.sis.uta.fi\/~laki2\/syksy-2018\/harjoitukset\/lisaharjoitukset\/\">Lis\u00e4harjoitukset<\/a><\/p>\n","protected":false},"excerpt":{"rendered":"<p>Harjoitusteht\u00e4v\u00e4t pyrit\u00e4\u00e4n julkaisemaan keskiviikkoisin Adobe Acrobat (pdf) ja muun muassa Wordin ymm\u00e4rt\u00e4m\u00e4ss\u00e4 Rich Text Format (rtf) -muodossa. Kaikkien teht\u00e4vien mallivastaukset tulevat WETOon aina loppuviikosta. The folders have also English language versions of the exercises. These are intended for the foreign students only. Harjoitus 1 Harjoitus 2 Windows-k\u00e4ytt\u00e4jille: Dice.java Mac- ja Linux-k\u00e4ytt\u00e4jille: Dice.java Harjoitus 3 Harjoitus &hellip; <a href=\"https:\/\/coursepages2.tuni.fi\/tiep5\/syksy-2018\/harjoitukset\/tehtavat\/\" class=\"more-link\">Jatka artikkeliin <span class=\"screen-reader-text\">Teht\u00e4v\u00e4t<\/span><\/a><\/p>\n","protected":false},"author":6,"featured_media":0,"parent":391,"menu_order":0,"comment_status":"closed","ping_status":"closed","template":"","meta":{"footnotes":""},"class_list":["post-432","page","type-page","status-publish","hentry"],"_links":{"self":[{"href":"https:\/\/coursepages2.tuni.fi\/tiep5\/wp-json\/wp\/v2\/pages\/432","targetHints":{"allow":["GET"]}}],"collection":[{"href":"https:\/\/coursepages2.tuni.fi\/tiep5\/wp-json\/wp\/v2\/pages"}],"about":[{"href":"https:\/\/coursepages2.tuni.fi\/tiep5\/wp-json\/wp\/v2\/types\/page"}],"author":[{"embeddable":true,"href":"https:\/\/coursepages2.tuni.fi\/tiep5\/wp-json\/wp\/v2\/users\/6"}],"replies":[{"embeddable":true,"href":"https:\/\/coursepages2.tuni.fi\/tiep5\/wp-json\/wp\/v2\/comments?post=432"}],"version-history":[{"count":14,"href":"https:\/\/coursepages2.tuni.fi\/tiep5\/wp-json\/wp\/v2\/pages\/432\/revisions"}],"predecessor-version":[{"id":700,"href":"https:\/\/coursepages2.tuni.fi\/tiep5\/wp-json\/wp\/v2\/pages\/432\/revisions\/700"}],"up":[{"embeddable":true,"href":"https:\/\/coursepages2.tuni.fi\/tiep5\/wp-json\/wp\/v2\/pages\/391"}],"wp:attachment":[{"href":"https:\/\/coursepages2.tuni.fi\/tiep5\/wp-json\/wp\/v2\/media?parent=432"}],"curies":[{"name":"wp","href":"https:\/\/api.w.org\/{rel}","templated":true}]}}