{"id":417,"date":"2018-10-21T22:48:19","date_gmt":"2018-10-21T19:48:19","guid":{"rendered":"https:\/\/coursepages.uta.fi\/tiep5\/?page_id=417"},"modified":"2018-11-25T20:36:47","modified_gmt":"2018-11-25T18:36:47","slug":"luennot","status":"publish","type":"page","link":"https:\/\/coursepages2.tuni.fi\/tiep5\/syksy-2018\/luennot\/","title":{"rendered":"Luennot"},"content":{"rendered":"<h1>Luennot<\/h1>\n<p>Luentoja on maanantaisin klo 10\u201312. Paikat:<\/p>\n<ul>\n<li>viikko 43: B1100 ja<\/li>\n<li>viikot 44\u201348: B1097.<\/li>\n<\/ul>\n<p>Viimeinen luento on maanantaina 26.11. Luentoja on yhteens\u00e4 6 \u00d7 2 = 12 tuntia.<\/p>\n<p>Luennoilla k\u00e4sitelt\u00e4v\u00e4 aines on koottu lukuihin jaetuksi luentorungoksi, joka on saatavilla MS PowerPoint (ppt) ja Adobe Acrobat (pdf) -muodossa luennon linkki\u00e4 alla olevassa taulukossa klikkaamalla. (Luentoon ei liity linkki\u00e4, jos aikaisemmin julkaistu materiaali kattaa luennon tai materiaalia ei ole viel\u00e4 julkaistu.) Laajemmat esimerkit ja satunnainen muu materiaali l\u00f6ytyv\u00e4t luennon <em>esimerkit<\/em>-kansiosta.<\/p>\n<p>Kuhunkin luentoon liittyv\u00e4 materiaali pyrit\u00e4\u00e4n julkaisemaan viimeist\u00e4\u00e4n luentoa edelt\u00e4v\u00e4n p\u00e4iv\u00e4n iltana. Uudesta materiaalista kerrotaan aina <a href=\"https:\/\/coursepages2.tuni.fi\/tiep5\/syksy-2018\/\"><em>Ajankohtaista<\/em><\/a>-palstalla.<\/p>\n<p>Luennoilla ei jaeta paperitulosteita. Materiaali pit\u00e4\u00e4 tarvittaessa tulostaa omatoimisesti paperille tai ladata omalle koneelle ennen luentoja.<\/p>\n<table rules=\"rows\" cellpadding=\"4\">\n<tbody>\n<tr align=\"left\" valign=\"middle\">\n<td style=\"border: 1px solid #000000\">Luento<\/td>\n<td style=\"border: 1px solid #000000\">Suunniteltu sis\u00e4lt\u00f6<\/td>\n<td style=\"border: 1px solid #000000\">Luentorungon luvut<\/td>\n<td style=\"border: 1px solid #000000\">Muuta huomioitavaa<\/td>\n<\/tr>\n<tr align=\"left\" valign=\"middle\">\n<td style=\"border: 1px solid #000000\"><a href=\"http:\/\/www.sis.uta.fi\/~laki2\/syksy-2018\/luennot\/luento01\/\">Luento\u00a01<\/a><\/td>\n<td style=\"border: 1px solid #000000\">Kurssin esittely. Omien operaatioiden m\u00e4\u00e4rittely ja kutsuminen.<\/td>\n<td style=\"border: 1px solid #000000\">1<\/td>\n<td style=\"border: 1px solid #000000\">Ensimm\u00e4isell\u00e4 luennolla on hyv\u00e4 olla paikalla, jotta kurssin k\u00e4yt\u00e4nteet tulisivat paremmin tutuiksi.<\/td>\n<\/tr>\n<tr align=\"left\" valign=\"middle\">\n<td style=\"border: 1px solid #000000\">Luento 2<\/td>\n<td style=\"border: 1px solid #000000\">Omien operaatioiden paluuarvot.<\/td>\n<td style=\"border: 1px solid #000000\">1<\/td>\n<td style=\"border: 1px solid #000000\">T\u00e4lle luennolle ei julkaista lis\u00e4\u00e4 luentorunkoa.<\/td>\n<\/tr>\n<tr align=\"left\" valign=\"middle\">\n<td style=\"border: 1px solid #000000\"><a href=\"http:\/\/www.sis.uta.fi\/~laki2\/syksy-2018\/luennot\/luento03\/\">Luento 3<\/a><\/td>\n<td style=\"border: 1px solid #000000\">Viel\u00e4 muutama huomio operaatioista. Taulukot.<\/td>\n<td style=\"border: 1px solid #000000\">2<\/td>\n<td style=\"border: 1px solid #000000\">Ole paikalla, jos taulukot vaikuttavat vaikeilta.<\/td>\n<\/tr>\n<tr align=\"left\" valign=\"middle\">\n<td style=\"border: 1px solid #000000\"><a href=\"http:\/\/www.sis.uta.fi\/~laki2\/syksy-2018\/luennot\/luento04\/\">Luento 4<\/a><\/td>\n<td style=\"border: 1px solid #000000\">Kaksiulotteiset taulukot. Komentoriviparametrit.<\/td>\n<td style=\"border: 1px solid #000000\">2 ja 3<\/td>\n<td style=\"border: 1px solid #000000\">Kaksiulotteisia taulukoita tarvitaan toisessa harjoitusty\u00f6ss\u00e4.<\/td>\n<\/tr>\n<tr align=\"left\" valign=\"middle\">\n<td style=\"border: 1px solid #000000\"><a href=\"http:\/\/www.sis.uta.fi\/~laki2\/syksy-2018\/luennot\/luento05\/\">Luento 5<\/a><\/td>\n<td style=\"border: 1px solid #000000\">Olio-ohjelmoinnista. Poikkeukset. Tekstitiedostojen k\u00e4sittely\u00e4.<\/td>\n<td style=\"border: 1px solid #000000\">4\u20136<\/td>\n<td style=\"border: 1px solid #000000\">&#8211;<\/td>\n<\/tr>\n<tr align=\"left\" valign=\"middle\">\n<td style=\"border: 1px solid #000000\"><a href=\"http:\/\/www.sis.uta.fi\/~laki2\/syksy-2018\/luennot\/luento06\/\">Luento 6<\/a><\/td>\n<td style=\"border: 1px solid #000000\">Tiedostojen tallennus. Hyv\u00e4 ohjelmointitapa yhteenvedettyn\u00e4. Rekursio.<\/td>\n<td style=\"border: 1px solid #000000\">6\u20138<\/td>\n<td style=\"border: 1px solid #000000\">Viimeinen luento. Toisen harjoitusty\u00f6n esittely.<\/td>\n<\/tr>\n<\/tbody>\n<\/table>\n","protected":false},"excerpt":{"rendered":"<p>Luennot Luentoja on maanantaisin klo 10\u201312. Paikat: viikko 43: B1100 ja viikot 44\u201348: B1097. Viimeinen luento on maanantaina 26.11. Luentoja on yhteens\u00e4 6 \u00d7 2 = 12 tuntia. Luennoilla k\u00e4sitelt\u00e4v\u00e4 aines on koottu lukuihin jaetuksi luentorungoksi, joka on saatavilla MS PowerPoint (ppt) ja Adobe Acrobat (pdf) -muodossa luennon linkki\u00e4 alla olevassa taulukossa klikkaamalla. (Luentoon ei &hellip; <a href=\"https:\/\/coursepages2.tuni.fi\/tiep5\/syksy-2018\/luennot\/\" class=\"more-link\">Jatka artikkeliin <span class=\"screen-reader-text\">Luennot<\/span><\/a><\/p>\n","protected":false},"author":6,"featured_media":0,"parent":381,"menu_order":2,"comment_status":"closed","ping_status":"closed","template":"","meta":{"footnotes":""},"class_list":["post-417","page","type-page","status-publish","hentry"],"_links":{"self":[{"href":"https:\/\/coursepages2.tuni.fi\/tiep5\/wp-json\/wp\/v2\/pages\/417","targetHints":{"allow":["GET"]}}],"collection":[{"href":"https:\/\/coursepages2.tuni.fi\/tiep5\/wp-json\/wp\/v2\/pages"}],"about":[{"href":"https:\/\/coursepages2.tuni.fi\/tiep5\/wp-json\/wp\/v2\/types\/page"}],"author":[{"embeddable":true,"href":"https:\/\/coursepages2.tuni.fi\/tiep5\/wp-json\/wp\/v2\/users\/6"}],"replies":[{"embeddable":true,"href":"https:\/\/coursepages2.tuni.fi\/tiep5\/wp-json\/wp\/v2\/comments?post=417"}],"version-history":[{"count":15,"href":"https:\/\/coursepages2.tuni.fi\/tiep5\/wp-json\/wp\/v2\/pages\/417\/revisions"}],"predecessor-version":[{"id":577,"href":"https:\/\/coursepages2.tuni.fi\/tiep5\/wp-json\/wp\/v2\/pages\/417\/revisions\/577"}],"up":[{"embeddable":true,"href":"https:\/\/coursepages2.tuni.fi\/tiep5\/wp-json\/wp\/v2\/pages\/381"}],"wp:attachment":[{"href":"https:\/\/coursepages2.tuni.fi\/tiep5\/wp-json\/wp\/v2\/media?parent=417"}],"curies":[{"name":"wp","href":"https:\/\/api.w.org\/{rel}","templated":true}]}}