{"id":405,"date":"2018-10-18T21:36:21","date_gmt":"2018-10-18T18:36:21","guid":{"rendered":"https:\/\/coursepages.uta.fi\/tiep5\/?page_id=405"},"modified":"2018-12-02T22:33:30","modified_gmt":"2018-12-02T20:33:30","slug":"yhteystiedot","status":"publish","type":"page","link":"https:\/\/coursepages2.tuni.fi\/tiep5\/syksy-2018\/yhteystiedot\/","title":{"rendered":"Yhteystiedot"},"content":{"rendered":"<p><b><a href=\"http:\/\/www.uta.fi\/sis\/yhteystiedot\/henkilokunta\/jormalaurikkala.html\">Jorma Laurikkala<\/a><\/b><\/p>\n<ul>\n<li value=\"0\">Kurssin vastuuopettaja.<\/li>\n<li value=\"0\">Luennot, ohjatut mikroharjoitukset ja tentit.<\/li>\n<li value=\"0\"><i>jorma.laurikkala@uta.fi<\/i><\/li>\n<li value=\"0\">Tavattavissa luentojen ja ohjattujen mikroharjoitusten (ke klo 12\u201314) yhteydess\u00e4 sek\u00e4 aina, kun paikalla ty\u00f6huoneessa B1025, jossa on my\u00f6s virallinen vastaanotto to klo 12\u201313.<\/li>\n<\/ul>\n<p><b>Kari Kuukka<\/b><\/p>\n<ul>\n<li value=\"0\">Harjoitukset. Harjoitust\u00f6iden ohjaus ja tarkistus.<\/li>\n<li value=\"0\"><i>sukunimi.etunimi.j@student.uta.fi<\/i><\/li>\n<li value=\"0\">Tavattavissa: harjoitusten (ti klo 14\u201316) yhteydess\u00e4 ja harjoitust\u00f6iden ohjausaikoina.<\/li>\n<\/ul>\n<p><b>Kimmo Ronkainen<\/b><\/p>\n<ul>\n<li value=\"0\">Harjoitukset. Harjoitust\u00f6iden ohjaus ja tarkistus.<\/li>\n<li value=\"0\"><i>etunimi.sukunimi@uta.fi<\/i><\/li>\n<li value=\"0\">Tavattavissa: harjoitusten (ma klo 12\u201314) yhteydess\u00e4 ja harjoitust\u00f6iden ohjausaikoina.<\/li>\n<\/ul>\n<p><b>Antti Sand<\/b><\/p>\n<ul>\n<li value=\"0\">Harjoitukset. Harjoitust\u00f6iden ohjaus ja tarkistus.<\/li>\n<li value=\"0\"><i>etunimi.sukunimi@uta.fi<\/i><\/li>\n<li value=\"0\">Tavattavissa: harjoitusten (ti klo 12\u201314) yhteydess\u00e4 ja harjoitust\u00f6iden ohjausaikoina.<\/li>\n<\/ul>\n<p><b>Jyrki Rasku<br \/>\n<\/b><\/p>\n<ul>\n<li value=\"0\">Toisen harjoitusty\u00f6n ohjaus ja laadinta.<\/li>\n<li value=\"0\"><i>etunimi.sukunimi@uta.fi<\/i><\/li>\n<li value=\"0\">Tavattavissa: harjoitusty\u00f6n ohjausaikoina.<\/li>\n<\/ul>\n","protected":false},"excerpt":{"rendered":"<p>Jorma Laurikkala Kurssin vastuuopettaja. Luennot, ohjatut mikroharjoitukset ja tentit. jorma.laurikkala@uta.fi Tavattavissa luentojen ja ohjattujen mikroharjoitusten (ke klo 12\u201314) yhteydess\u00e4 sek\u00e4 aina, kun paikalla ty\u00f6huoneessa B1025, jossa on my\u00f6s virallinen vastaanotto to klo 12\u201313. Kari Kuukka Harjoitukset. Harjoitust\u00f6iden ohjaus ja tarkistus. sukunimi.etunimi.j@student.uta.fi Tavattavissa: harjoitusten (ti klo 14\u201316) yhteydess\u00e4 ja harjoitust\u00f6iden ohjausaikoina. Kimmo Ronkainen Harjoitukset. Harjoitust\u00f6iden ohjaus &hellip; <a href=\"https:\/\/coursepages2.tuni.fi\/tiep5\/syksy-2018\/yhteystiedot\/\" class=\"more-link\">Jatka artikkeliin <span class=\"screen-reader-text\">Yhteystiedot<\/span><\/a><\/p>\n","protected":false},"author":6,"featured_media":0,"parent":381,"menu_order":6,"comment_status":"closed","ping_status":"closed","template":"","meta":{"footnotes":""},"class_list":["post-405","page","type-page","status-publish","hentry"],"_links":{"self":[{"href":"https:\/\/coursepages2.tuni.fi\/tiep5\/wp-json\/wp\/v2\/pages\/405","targetHints":{"allow":["GET"]}}],"collection":[{"href":"https:\/\/coursepages2.tuni.fi\/tiep5\/wp-json\/wp\/v2\/pages"}],"about":[{"href":"https:\/\/coursepages2.tuni.fi\/tiep5\/wp-json\/wp\/v2\/types\/page"}],"author":[{"embeddable":true,"href":"https:\/\/coursepages2.tuni.fi\/tiep5\/wp-json\/wp\/v2\/users\/6"}],"replies":[{"embeddable":true,"href":"https:\/\/coursepages2.tuni.fi\/tiep5\/wp-json\/wp\/v2\/comments?post=405"}],"version-history":[{"count":4,"href":"https:\/\/coursepages2.tuni.fi\/tiep5\/wp-json\/wp\/v2\/pages\/405\/revisions"}],"predecessor-version":[{"id":591,"href":"https:\/\/coursepages2.tuni.fi\/tiep5\/wp-json\/wp\/v2\/pages\/405\/revisions\/591"}],"up":[{"embeddable":true,"href":"https:\/\/coursepages2.tuni.fi\/tiep5\/wp-json\/wp\/v2\/pages\/381"}],"wp:attachment":[{"href":"https:\/\/coursepages2.tuni.fi\/tiep5\/wp-json\/wp\/v2\/media?parent=405"}],"curies":[{"name":"wp","href":"https:\/\/api.w.org\/{rel}","templated":true}]}}