{"id":396,"date":"2018-10-18T21:30:25","date_gmt":"2018-10-18T18:30:25","guid":{"rendered":"https:\/\/coursepages.uta.fi\/tiep5\/?page_id=396"},"modified":"2018-10-21T22:45:12","modified_gmt":"2018-10-21T19:45:12","slug":"harjoitustyot","status":"publish","type":"page","link":"https:\/\/coursepages2.tuni.fi\/tiep5\/syksy-2018\/harjoitustyot\/","title":{"rendered":"Harjoitusty\u00f6t"},"content":{"rendered":"<p>Kurssin kuuluu kaksi pakollista harjoitusty\u00f6t\u00e4, jotka tehd\u00e4\u00e4n yksin ja p\u00e4\u00e4osin omatoimisesti. Kurssin opettajat ohjaavat harjoitust\u00f6it\u00e4 mikroluokissa my\u00f6hemmin ilmoitettavina aikoina.<\/p>\n","protected":false},"excerpt":{"rendered":"<p>Kurssin kuuluu kaksi pakollista harjoitusty\u00f6t\u00e4, jotka tehd\u00e4\u00e4n yksin ja p\u00e4\u00e4osin omatoimisesti. Kurssin opettajat ohjaavat harjoitust\u00f6it\u00e4 mikroluokissa my\u00f6hemmin ilmoitettavina aikoina.<\/p>\n","protected":false},"author":6,"featured_media":0,"parent":381,"menu_order":3,"comment_status":"closed","ping_status":"closed","template":"","meta":{"footnotes":""},"class_list":["post-396","page","type-page","status-publish","hentry"],"_links":{"self":[{"href":"https:\/\/coursepages2.tuni.fi\/tiep5\/wp-json\/wp\/v2\/pages\/396","targetHints":{"allow":["GET"]}}],"collection":[{"href":"https:\/\/coursepages2.tuni.fi\/tiep5\/wp-json\/wp\/v2\/pages"}],"about":[{"href":"https:\/\/coursepages2.tuni.fi\/tiep5\/wp-json\/wp\/v2\/types\/page"}],"author":[{"embeddable":true,"href":"https:\/\/coursepages2.tuni.fi\/tiep5\/wp-json\/wp\/v2\/users\/6"}],"replies":[{"embeddable":true,"href":"https:\/\/coursepages2.tuni.fi\/tiep5\/wp-json\/wp\/v2\/comments?post=396"}],"version-history":[{"count":1,"href":"https:\/\/coursepages2.tuni.fi\/tiep5\/wp-json\/wp\/v2\/pages\/396\/revisions"}],"predecessor-version":[{"id":397,"href":"https:\/\/coursepages2.tuni.fi\/tiep5\/wp-json\/wp\/v2\/pages\/396\/revisions\/397"}],"up":[{"embeddable":true,"href":"https:\/\/coursepages2.tuni.fi\/tiep5\/wp-json\/wp\/v2\/pages\/381"}],"wp:attachment":[{"href":"https:\/\/coursepages2.tuni.fi\/tiep5\/wp-json\/wp\/v2\/media?parent=396"}],"curies":[{"name":"wp","href":"https:\/\/api.w.org\/{rel}","templated":true}]}}