{"id":391,"date":"2018-10-18T21:26:37","date_gmt":"2018-10-18T18:26:37","guid":{"rendered":"https:\/\/coursepages.uta.fi\/tiep5\/?page_id=391"},"modified":"2018-10-21T22:45:37","modified_gmt":"2018-10-21T19:45:37","slug":"harjoitukset","status":"publish","type":"page","link":"https:\/\/coursepages2.tuni.fi\/tiep5\/syksy-2018\/harjoitukset\/","title":{"rendered":"Harjoitukset"},"content":{"rendered":"<p>Harjoitukset on j\u00e4rjestet\u00e4\u00e4n pitk\u00e4lti Lausekielinen ohjelmointi I -kurssin harjoitusten tapaan. T\u00e4ll\u00e4kin kurssilla on runsaasti harjoitusteht\u00e4vi\u00e4, jotka julkaistaan kuutena viikkoharjoituksena. Teht\u00e4v\u00e4t ratkaistaan p\u00e4\u00e4osin itse. Opiskelijat voivat pohtia teht\u00e4vi\u00e4 kesken\u00e4\u00e4n, kunhan jokainen toteuttaa ohjelmansa itse. Ratkaisujen suora kopiointi (eli <a href=\"http:\/\/www.uta.fi\/opiskelunopas\/perustietoa\/opiskelu-yliopistossa\/opiskelun-etiikka-ja-hyva-tieteellinen-kaytanto\" target=\"_blank\" rel=\"noopener\">plagiointi<\/a>) on kielletty ja siit\u00e4 seuraa rangaistus.<\/p>\n<p>Lausekielinen ohjelmointi I -kurssista poiketen harjoituksista ei saa hyvityspisteit\u00e4, koska\u00a0Lausekielinen ohjelmointi II -kurssi arvioidaan asteikolla hyv\u00e4ksytty\/hyl\u00e4tty. Teht\u00e4vi\u00e4 on ratkaistava hyv\u00e4ksytysti m\u00e4\u00e4r\u00e4, joka riippuu siit\u00e4 kuinka monena viikkona opiskelija k\u00e4y harjoituksia tukevissa harjoitusryhmiss\u00e4. T\u00e4m\u00e4 raja on Lausekielinen ohjelmointi I -kurssia korkeampi, jotta my\u00f6s kurssin loppupuolen asioita tulisi harjoiteltua ennen toista harjoitusty\u00f6t\u00e4, jossa pit\u00e4\u00e4 osata soveltaa suurinta osaa kurssilla opetetusta aineksesta.<\/p>\n<p>Harjoitusten tekoa tai ryhmiin osallistumista ei kannata lopettaa, kun harjoitusten hyv\u00e4ksymisraja on saavutettu. Teht\u00e4vi\u00e4 tulisi ratkoa tasaisesti koko kurssin ajan, jotta kurssin toisen harjoitusty\u00f6n tekeminen sujuisi juohevammin.<\/p>\n<p>Ratkaisut palautetaan WETO-j\u00e4rjestelm\u00e4\u00e4n. Kurssin opettajat tarkkailevat ty\u00f6n laatua tarkistamalla palautuksia WETOsta k\u00e4sin.<\/p>\n<h2>Ryhm\u00e4t<\/h2>\n<p>Harjoitusryhm\u00e4t toimivat Lausekielinen ohjelmointi I -kurssin tapaan: ryhmiin osallistuminen on <em>vapaaehtoista<\/em> eik\u00e4 ryhmiss\u00e4 tarvitse esiinty\u00e4. Harjoitusryhmi\u00e4 on kahta tyyppi\u00e4. <strong>Mikroharjoituksissa<\/strong> ratkaistaan harjoitusteht\u00e4vi\u00e4 omatoimisesti. Harjoituksissa on paikalla opettaja, jolta voi kysy\u00e4 neuvoa ongelmatilanteissa. <strong>Ohjatussa mikroharjoitusryhm\u00e4ss\u00e4<\/strong> on tarjolla tukea hieman enemm\u00e4n kuin muissa mikroharjoitusryhmiss\u00e4. T\u00e4t\u00e4 ryhm\u00e4\u00e4 vet\u00e4\u00e4 kurssin vastuuopettaja.<\/p>\n<p>Harjoitusryhm\u00e4t pidet\u00e4\u00e4n harjoituksen julkaisua seuraavalla viikolla.<\/p>\n<p>Harjoitusryhmien ajat ja paikat l\u00f6ytyv\u00e4t <a href=\"https:\/\/www10.uta.fi\/opas\/opetusohjelma\/marjapuuro.htm?id=38567\" target=\"_blank\" rel=\"noopener\">opetusohjelmasta<\/a>.<\/p>\n<p>N\u00e4et loppullisen harjoitusryhm\u00e4si kurssin WETO-sivujen <em>Groups<\/em>-v\u00e4lilehdelt\u00e4. Kurssisivuilla ja kurssin s\u00e4hk\u00f6postilistalla tiedotetaan, kun WETO avautuu.<\/p>\n<h2>Hyv\u00e4ksymisraja<\/h2>\n<p>Harjoituksista on ker\u00e4tt\u00e4v\u00e4 tietty m\u00e4\u00e4r\u00e4 pisteit\u00e4. Kustakin hyv\u00e4ksytysti ratkaistusta teht\u00e4v\u00e4st\u00e4 saa yhden pisteen. Johonkin harjoituskerran harjoitusryhmist\u00e4 osallistumalla saa yhden l\u00e4sn\u00e4olopisteen. Harjoituskerralla voi k\u00e4yd\u00e4 my\u00f6s useammassa ryhm\u00e4ss\u00e4. N\u00e4in ei kuitenkaan saa lis\u00e4\u00e4 l\u00e4sn\u00e4olopisteit\u00e4, koska kustakin harjoituskerrasta saa korkeintaan yhden l\u00e4sn\u00e4olopisteen.<\/p>\n<p>Ratkaisuista ja l\u00e4sn\u00e4oloista saatujen pisteiden summan tulee olla <em>v\u00e4hint\u00e4\u00e4n 60 %<\/em> saatavilla olevien pisteiden kokonaism\u00e4\u00e4r\u00e4st\u00e4. Jos teht\u00e4vi\u00e4 annetaan esimerkiksi 51 kappaletta, niin saatavilla on yhteens\u00e4 51 + 6 = 57 pistett\u00e4. Harjoitusten suorittamiseen tarvittaisiin n\u00e4in v\u00e4hint\u00e4\u00e4n 35 pistett\u00e4, jotka voi ker\u00e4t\u00e4 esimerkiksi ratkomalla hyv\u00e4ksytysti 35 teht\u00e4v\u00e4\u00e4 harjoituksiin tulematta (35 + 0 = 35 pistett\u00e4), ratkomalla hyv\u00e4ksytysti 32 teht\u00e4v\u00e4\u00e4 ja k\u00e4ym\u00e4ll\u00e4 kolmella harjoituskerralla harjoituksissa (32 + 3 = 35 pistett\u00e4) tai vaikkapa ker\u00e4\u00e4m\u00e4ll\u00e4 29 ratkaisupistett\u00e4 ja k\u00e4ym\u00e4ll\u00e4 kaikilla harjoituskerroilla harjoituksissa (29 + 6 = 35 pistett\u00e4).<\/p>\n","protected":false},"excerpt":{"rendered":"<p>Harjoitukset on j\u00e4rjestet\u00e4\u00e4n pitk\u00e4lti Lausekielinen ohjelmointi I -kurssin harjoitusten tapaan. T\u00e4ll\u00e4kin kurssilla on runsaasti harjoitusteht\u00e4vi\u00e4, jotka julkaistaan kuutena viikkoharjoituksena. Teht\u00e4v\u00e4t ratkaistaan p\u00e4\u00e4osin itse. Opiskelijat voivat pohtia teht\u00e4vi\u00e4 kesken\u00e4\u00e4n, kunhan jokainen toteuttaa ohjelmansa itse. Ratkaisujen suora kopiointi (eli plagiointi) on kielletty ja siit\u00e4 seuraa rangaistus. Lausekielinen ohjelmointi I -kurssista poiketen harjoituksista ei saa hyvityspisteit\u00e4, koska\u00a0Lausekielinen ohjelmointi &hellip; <a href=\"https:\/\/coursepages2.tuni.fi\/tiep5\/syksy-2018\/harjoitukset\/\" class=\"more-link\">Jatka artikkeliin <span class=\"screen-reader-text\">Harjoitukset<\/span><\/a><\/p>\n","protected":false},"author":6,"featured_media":0,"parent":381,"menu_order":2,"comment_status":"closed","ping_status":"closed","template":"","meta":{"footnotes":""},"class_list":["post-391","page","type-page","status-publish","hentry"],"_links":{"self":[{"href":"https:\/\/coursepages2.tuni.fi\/tiep5\/wp-json\/wp\/v2\/pages\/391","targetHints":{"allow":["GET"]}}],"collection":[{"href":"https:\/\/coursepages2.tuni.fi\/tiep5\/wp-json\/wp\/v2\/pages"}],"about":[{"href":"https:\/\/coursepages2.tuni.fi\/tiep5\/wp-json\/wp\/v2\/types\/page"}],"author":[{"embeddable":true,"href":"https:\/\/coursepages2.tuni.fi\/tiep5\/wp-json\/wp\/v2\/users\/6"}],"replies":[{"embeddable":true,"href":"https:\/\/coursepages2.tuni.fi\/tiep5\/wp-json\/wp\/v2\/comments?post=391"}],"version-history":[{"count":3,"href":"https:\/\/coursepages2.tuni.fi\/tiep5\/wp-json\/wp\/v2\/pages\/391\/revisions"}],"predecessor-version":[{"id":394,"href":"https:\/\/coursepages2.tuni.fi\/tiep5\/wp-json\/wp\/v2\/pages\/391\/revisions\/394"}],"up":[{"embeddable":true,"href":"https:\/\/coursepages2.tuni.fi\/tiep5\/wp-json\/wp\/v2\/pages\/381"}],"wp:attachment":[{"href":"https:\/\/coursepages2.tuni.fi\/tiep5\/wp-json\/wp\/v2\/media?parent=391"}],"curies":[{"name":"wp","href":"https:\/\/api.w.org\/{rel}","templated":true}]}}