{"id":383,"date":"2018-10-18T20:02:40","date_gmt":"2018-10-18T17:02:40","guid":{"rendered":"https:\/\/coursepages.uta.fi\/tiep5\/?page_id=383"},"modified":"2018-10-29T13:05:13","modified_gmt":"2018-10-29T11:05:13","slug":"ilmoittautuminen","status":"publish","type":"page","link":"https:\/\/coursepages2.tuni.fi\/tiep5\/syksy-2018\/ilmoittautuminen\/","title":{"rendered":"Ilmoittautuminen"},"content":{"rendered":"<p><strong>Kurssi-ilmoittautuminen on suljettu. Ota yhteytt\u00e4 kurssin vastuuopettajaan, jos haluat ilmoittautua<\/strong>.<\/p>\n<p>Kaikkien kurssilaisten tulee ilmoittautua s\u00e4hk\u00f6isesti kahdessa vaiheessa. Ilmoittaudu ensin <a href=\"https:\/\/www10.uta.fi\/opas\/opetusohjelma\/marjapuuro.htm?id=38567\" target=\"_blank\" rel=\"noopener\">NettiOpsussa<\/a> ja t\u00e4yt\u00e4 t\u00e4m\u00e4n j\u00e4lkeen perjantaihin 26.10.2018 klo 12.00 (keskip\u00e4iv\u00e4) menness\u00e4 erillinen lomake, jolla tiedustellaan taustatietoja ja harjoitusryhm\u00e4valintasi. Edelliseen poikkeuksena ovat Tampereen avoimen yliopiston opiskelijat, jotka ilmoittautuvat NettiOpsun sijasta avoimen yliopiston j\u00e4rjestelm\u00e4n kautta. My\u00f6s avoimen yliopiston opiskelijoiden tulee t\u00e4ytt\u00e4\u00e4 lomake.<\/p>\n<p>Ilmoittautumislomakkeelle kirjaudutaan peruspalvelutunnuksella.<\/p>\n<p>Saat ilmoittautumisen j\u00e4lkeen yliopiston s\u00e4hk\u00f6postiisi viestin, jossa on antamasi tiedot ja linkki, jonka kautta voit perua ilmoittautumisesi. ELomake ei osaa p\u00e4ivitt\u00e4\u00e4 ilmoittautumistasi. Ryhm\u00e4n vaihtaminen on teht\u00e4v\u00e4 siksi perumalla alkuper\u00e4inen ilmoittautuminen ja t\u00e4ytt\u00e4m\u00e4ll\u00e4 lomake uudelleen, jotta j\u00e4rjestelm\u00e4\u00e4n ei tallentuisi kahta ilmoittautumista. Ryhm\u00e4 kannattaa valita harkiten, koska t\u00e4yttyneeseen ryhm\u00e4\u00e4n vaihtaminen ei onnistu. (T\u00e4yttynyt ryhm\u00e4 ei n\u00e4y lomakkeen valintalistassa.)<\/p>\n<p>Ilmoittautumisen voi perua koko ilmoittautumisajan. Ota lomakkeen sulkeutumisen j\u00e4lkeen yhteytt\u00e4 kurssin vastuuopettajaan s\u00e4hk\u00f6postitse, jos haluat ilmoittautua, vaihtaa ryhm\u00e4\u00e4 tai perua ilmoittautumisesi.<\/p>\n<p>Kuhunkin harjoitusryhm\u00e4saliin mahtuu noin 30 henkil\u00f6\u00e4. Jos ryhm\u00e4\u00e4n ilmoittautuu huomattavasti enemm\u00e4n opiskelijoita, niin kurssin vastuuopettaja saattaa siirt\u00e4\u00e4 ryhm\u00e4\u00e4n viimeksi ilmoittautuneet muihin ryhmiin.<\/p>\n<p>Ilmoittautumisen peruminen on t\u00e4rke\u00e4\u00e4, jos et aloita kurssia tai keskeyt\u00e4t kurssin. Ilman perumista k\u00e4ytt\u00e4m\u00e4t\u00f6n kurssipaikka n\u00e4kyy opintorekisteriss\u00e4 siten, ett\u00e4 arvosanaksesi kirjataan hyl\u00e4tty. Kurssiosallistuminen perutaan virallisesti erillisen <a href=\"https:\/\/elomake3.uta.fi\/lomakkeet\/22319\/lomake.html\" target=\"_blank\" rel=\"noopener\">lomakkeen<\/a> kautta.<\/p>\n","protected":false},"excerpt":{"rendered":"<p>Kurssi-ilmoittautuminen on suljettu. Ota yhteytt\u00e4 kurssin vastuuopettajaan, jos haluat ilmoittautua. Kaikkien kurssilaisten tulee ilmoittautua s\u00e4hk\u00f6isesti kahdessa vaiheessa. Ilmoittaudu ensin NettiOpsussa ja t\u00e4yt\u00e4 t\u00e4m\u00e4n j\u00e4lkeen perjantaihin 26.10.2018 klo 12.00 (keskip\u00e4iv\u00e4) menness\u00e4 erillinen lomake, jolla tiedustellaan taustatietoja ja harjoitusryhm\u00e4valintasi. Edelliseen poikkeuksena ovat Tampereen avoimen yliopiston opiskelijat, jotka ilmoittautuvat NettiOpsun sijasta avoimen yliopiston j\u00e4rjestelm\u00e4n kautta. My\u00f6s avoimen yliopiston &hellip; <a href=\"https:\/\/coursepages2.tuni.fi\/tiep5\/syksy-2018\/ilmoittautuminen\/\" class=\"more-link\">Jatka artikkeliin <span class=\"screen-reader-text\">Ilmoittautuminen<\/span><\/a><\/p>\n","protected":false},"author":6,"featured_media":0,"parent":381,"menu_order":0,"comment_status":"closed","ping_status":"closed","template":"","meta":{"footnotes":""},"class_list":["post-383","page","type-page","status-publish","hentry"],"_links":{"self":[{"href":"https:\/\/coursepages2.tuni.fi\/tiep5\/wp-json\/wp\/v2\/pages\/383","targetHints":{"allow":["GET"]}}],"collection":[{"href":"https:\/\/coursepages2.tuni.fi\/tiep5\/wp-json\/wp\/v2\/pages"}],"about":[{"href":"https:\/\/coursepages2.tuni.fi\/tiep5\/wp-json\/wp\/v2\/types\/page"}],"author":[{"embeddable":true,"href":"https:\/\/coursepages2.tuni.fi\/tiep5\/wp-json\/wp\/v2\/users\/6"}],"replies":[{"embeddable":true,"href":"https:\/\/coursepages2.tuni.fi\/tiep5\/wp-json\/wp\/v2\/comments?post=383"}],"version-history":[{"count":7,"href":"https:\/\/coursepages2.tuni.fi\/tiep5\/wp-json\/wp\/v2\/pages\/383\/revisions"}],"predecessor-version":[{"id":472,"href":"https:\/\/coursepages2.tuni.fi\/tiep5\/wp-json\/wp\/v2\/pages\/383\/revisions\/472"}],"up":[{"embeddable":true,"href":"https:\/\/coursepages2.tuni.fi\/tiep5\/wp-json\/wp\/v2\/pages\/381"}],"wp:attachment":[{"href":"https:\/\/coursepages2.tuni.fi\/tiep5\/wp-json\/wp\/v2\/media?parent=383"}],"curies":[{"name":"wp","href":"https:\/\/api.w.org\/{rel}","templated":true}]}}