{"id":5,"date":"2017-06-22T10:58:06","date_gmt":"2017-06-22T07:58:06","guid":{"rendered":"https:\/\/coursepages.uta.fi\/tiep5-1\/?page_id=5"},"modified":"2021-01-19T22:24:17","modified_gmt":"2021-01-19T20:24:17","slug":"paasivu","status":"publish","type":"page","link":"https:\/\/coursepages2.tuni.fi\/tiep5-1\/","title":{"rendered":"P\u00e4\u00e4sivu"},"content":{"rendered":"<p>N\u00e4m\u00e4 ovat TIEP5.1 Lausekielinen ohjelmointi II 5 op -kurssin (lyhemmin Laki 2) verkkosivut.<\/p>\n<h3>Syksy 2020<\/h3>\n<ul>\n<li><span style=\"background-color: #ffff99\">Kurssin materiaalit ja tiedotteet l\u00f6ytyv\u00e4t <a href=\"https:\/\/coursepages2.tuni.fi\/tiep5-1\/syksy-2020\/\">Syksy 2020 -sivulta<\/a><\/span>.<\/li>\n<\/ul>\n<h3>Syksy 2019<\/h3>\n<ul>\n<li>Kurssin virallinen <a href=\"https:\/\/www.tuni.fi\/opiskelijanopas\/opintotiedot\/opintojaksot\/otm-3e89365f-193c-4908-8be4-879d7b0b8a3b?year=2019\" target=\"_blank\" rel=\"noopener noreferrer\">kurssikuvaus<\/a> on annettu opetussuunnitelmassa ja <a href=\"https:\/\/www.tuni.fi\/opiskelijanopas\/opintotiedot\/toteutukset\/otm-772b03e0-242f-4fd6-b4c6-a4ca2c452dab?year=2019\" target=\"_blank\" rel=\"noopener noreferrer\">opetusajat<\/a> opetusohjelmassa.<\/li>\n<\/ul>\n<h3>Muuta<\/h3>\n<p>Jos olit mukana viime vuonna luennoidulla kurssilla, niin huomioi seuraavaa:<\/p>\n<ul>\n<li>Kurssi on uudistunut. Java esitell\u00e4\u00e4n kurssilla uutena kielen\u00e4 ja ensimm\u00e4inen harjoitusty\u00f6 on poistettu.<\/li>\n<li>Ase- tai siviilipalvelukseen l\u00e4hteneet voivat korvata t\u00e4m\u00e4n vuoden kurssin osasuorituksia (harjoitukset ja harjoitusty\u00f6) viime vuoden hyv\u00e4ksytyill\u00e4 osasuorituksilla (harjoitukset ja harjoitusty\u00f6). My\u00f6s vakava sairaus ja synnytys ovat hyv\u00e4ksytt\u00e4vi\u00e4 syit\u00e4 kurssin osien korvaamiseen.<\/li>\n<li>Vanha osasuoritus korvaa uuden vasta, kun olet ottanut yhteytt\u00e4 kurssin vastuuopettajaan vaikkapa s\u00e4hk\u00f6postilla. Muista, ett\u00e4 vastuuopettaja tarvitsee opiskelijanumerosi sek\u00e4 tiedon osasuorituksista, jotka haluat hy\u00f6dynt\u00e4\u00e4. Kurssin voi aloittaa uudestaan alusta ilman erityisi\u00e4 toimenpiteit\u00e4, koska vanhat osasuoritukset j\u00e4tet\u00e4\u00e4n huomiotta, mik\u00e4li yhteydenottoa ei kuulu.<\/li>\n<\/ul>\n<p>Kurssin sis\u00e4ll\u00f6st\u00e4 ja k\u00e4yt\u00e4nteist\u00e4 kerrotaan lis\u00e4\u00e4 ensimm\u00e4isell\u00e4 luennolla.<\/p>\n","protected":false},"excerpt":{"rendered":"<p>N\u00e4m\u00e4 ovat TIEP5.1 Lausekielinen ohjelmointi II 5 op -kurssin (lyhemmin Laki 2) verkkosivut. Syksy 2020 Kurssin materiaalit ja tiedotteet l\u00f6ytyv\u00e4t Syksy 2020 -sivulta. Syksy 2019 Kurssin virallinen kurssikuvaus on annettu opetussuunnitelmassa ja opetusajat opetusohjelmassa. Muuta Jos olit mukana viime vuonna luennoidulla kurssilla, niin huomioi seuraavaa: Kurssi on uudistunut. Java esitell\u00e4\u00e4n kurssilla uutena kielen\u00e4 ja ensimm\u00e4inen &hellip; <a href=\"https:\/\/coursepages2.tuni.fi\/tiep5-1\/\" class=\"more-link\">Jatka artikkeliin <span class=\"screen-reader-text\">P\u00e4\u00e4sivu<\/span><\/a><\/p>\n","protected":false},"author":6,"featured_media":0,"parent":0,"menu_order":0,"comment_status":"closed","ping_status":"closed","template":"","meta":{"footnotes":""},"class_list":["post-5","page","type-page","status-publish","hentry"],"_links":{"self":[{"href":"https:\/\/coursepages2.tuni.fi\/tiep5-1\/wp-json\/wp\/v2\/pages\/5","targetHints":{"allow":["GET"]}}],"collection":[{"href":"https:\/\/coursepages2.tuni.fi\/tiep5-1\/wp-json\/wp\/v2\/pages"}],"about":[{"href":"https:\/\/coursepages2.tuni.fi\/tiep5-1\/wp-json\/wp\/v2\/types\/page"}],"author":[{"embeddable":true,"href":"https:\/\/coursepages2.tuni.fi\/tiep5-1\/wp-json\/wp\/v2\/users\/6"}],"replies":[{"embeddable":true,"href":"https:\/\/coursepages2.tuni.fi\/tiep5-1\/wp-json\/wp\/v2\/comments?post=5"}],"version-history":[{"count":13,"href":"https:\/\/coursepages2.tuni.fi\/tiep5-1\/wp-json\/wp\/v2\/pages\/5\/revisions"}],"predecessor-version":[{"id":568,"href":"https:\/\/coursepages2.tuni.fi\/tiep5-1\/wp-json\/wp\/v2\/pages\/5\/revisions\/568"}],"wp:attachment":[{"href":"https:\/\/coursepages2.tuni.fi\/tiep5-1\/wp-json\/wp\/v2\/media?parent=5"}],"curies":[{"name":"wp","href":"https:\/\/api.w.org\/{rel}","templated":true}]}}