{"id":446,"date":"2020-10-26T11:26:50","date_gmt":"2020-10-26T09:26:50","guid":{"rendered":"https:\/\/coursepages.uta.fi\/tiep5-1\/?page_id=446"},"modified":"2021-02-12T14:04:56","modified_gmt":"2021-02-12T12:04:56","slug":"palaute","status":"publish","type":"page","link":"https:\/\/coursepages2.tuni.fi\/tiep5-1\/syksy-2020\/harjoitukset\/ratkaisujen-tarkistus\/palaute\/","title":{"rendered":"Palaute"},"content":{"rendered":"\r\n<p>Alla kunkin harjoituksen osalta Kimmon terveiset.<\/p>\r\n\r\n\r\n\r\n<h2 class=\"wp-block-heading\">Harjoitus 1<\/h2>\r\n\r\n\r\n\r\n<p>-Teht\u00e4v\u00e4t oli tehty hyvin ja niiss\u00e4 oli fiksusti nimettyj\u00e4 muuttujia ja koodia oli kommentoitu hyvin.<\/p>\r\n\r\n\r\n\r\n<p>Teht\u00e4vist\u00e4 tarkistettu 1, 3 ja 5.<\/p>\r\n\r\n\r\n\r\n<h2 class=\"wp-block-heading\">Harjoitus 2<\/h2>\r\n\r\n\r\n\r\n<p>&#8211; N\u00e4iss\u00e4kin harkoissa teht\u00e4v\u00e4t oli tehty p\u00e4\u00e4asiassa hyvin. Siell\u00e4 t\u00e4\u00e4ll\u00e4 n\u00e4kyi pieni\u00e4 virheit\u00e4 ulkoasussa mm. koodin sisennyksess\u00e4, eli kannattaa my\u00f6skin huomioida koodin ulkoasu toiminnallisuuden lis\u00e4ksi. Ty\u00f6el\u00e4m\u00e4ss\u00e4 koodiasi kuitenkin tulee lukemaan my\u00f6skin muut henkil\u00f6t, jolloin siisti ja hyvin kommentoitu koodi on t\u00e4rke\u00e4\u00e4. Nyt on hyv\u00e4 hetki oppia hyvi\u00e4 tapoja.<\/p>\r\n\r\n\r\n\r\n<p>Teht\u00e4vist\u00e4 tarkistettu 2, 4 ja 6.<\/p>\r\n\r\n\r\n\r\n<h2 class=\"wp-block-heading\">Harjoitus 3<\/h2>\r\n\r\n\r\n\r\n<p>&#8211; Teht\u00e4v\u00e4t oli tehty hyvin ja tyyliseikatkin p\u00e4\u00e4asiassa kunnossa. Joissakin palautuksissa koodissa oli vain tekij\u00e4n tiedot kommenteissa, eli jatkossa muista kommentoida koodia koodin sekaankin. Teht\u00e4vist\u00e4 tarkistettiin teht\u00e4v\u00e4t 1,2 ja 3.<\/p>\r\n\r\n\r\n\r\n<h2 class=\"wp-block-heading\">Harjoitus 4<\/h2>\r\n\r\n\r\n\r\n<p>&#8211; Sama kaava jatkuu, eli teht\u00e4v\u00e4t oli tehty p\u00e4\u00e4asiassa fiksusti. Tyyliseikat melkein kaikissa vastauksissa kunnossa, mutta voisin mainita tyhj\u00e4n tilan k\u00e4yt\u00f6st\u00e4. Eli koodia kannattaa jakaa tyhj\u00e4ll\u00e4 tilalla loogisiin &#8221;kappaleisiin&#8221;. T\u00e4m\u00e4 tyhj\u00e4 tila helpottaa lukijaa hahmottamaan samaan kokonaisuuteen kuuluvia koodirivej\u00e4. T\u00e4ss\u00e4k\u00e4\u00e4n ei kannata menn\u00e4 yli, vaan katsoa hieman milt\u00e4 koodi n\u00e4ytt\u00e4\u00e4 ihan luettavana tekstin\u00e4. Kukapa haluaisi lukea mit\u00e4 tahansa p\u00e4tk\u00e4\u00e4 teksti\u00e4 ilman kappalejakoja.<\/p>\r\n\r\n\r\n\r\n<p>Teht\u00e4vist\u00e4 tarkistettu 4, 5 ja 6.<\/p>\r\n\r\n\r\n\r\n<p>Teht\u00e4vien vaikeutuessa muistakaa maanantaina zoom-harkkaohjaus 12-14, jonne voi tulla kysym\u00e4\u00e4n neuvoa teht\u00e4vist\u00e4. Ohjeet zoomiin l\u00f6ytyv\u00e4t Wetosta.<\/p>\r\n\r\n\r\n\r\n<h2 class=\"wp-block-heading\">Harjoitus 5<\/h2>\r\n\r\n\r\n\r\n<p>&#8211; Hyvin tehty\u00e4 ja siisti\u00e4 koodia. V\u00e4lill\u00e4 kommentointi v\u00e4h\u00e4ist\u00e4 ja muutamassa palautuksessa oikeaan lopputulokseen p\u00e4\u00e4stiin kyll\u00e4 v\u00e4h\u00e4n &#8221;ei niin tehokasta&#8221; reitti\u00e4 pitkin. Mutta p\u00e4\u00e4asiassa j\u00e4lleen hyv\u00e4\u00e4 ty\u00f6t\u00e4.<\/p>\r\n\r\n\r\n\r\n<h2 class=\"wp-block-heading\">Harjoitus 6<\/h2>\r\n\r\n\r\n\r\n<p>&#8211; Teht\u00e4vi\u00e4 ei en\u00e4\u00e4 oltu tehty niin paljoa, mutta tehdyt olivat hyv\u00e4\u00e4 laatua. Pisteit\u00e4 poistettiin mahdollisesti palautukselta, jos koodia ei oltu kommentoitu riitt\u00e4v\u00e4sti. Esimerkiksi pelkk\u00e4 alun kommentti ei riitt\u00e4nyt. Viikkoteht\u00e4vien ohjeistuksen viimeinen kohta mainitsee, ett\u00e4 puutteellinen kommentointi voi tuottaa nollan teht\u00e4v\u00e4st\u00e4 joka olisi muuten hyv\u00e4ksytty.<\/p>\r\n<p>Muutamassa palautuksessa koko koodia oli kirjoitettu &#8221;yhteen kappaleeseen&#8221; eli koodia kannattaa pilkkoa tyhjill\u00e4 riveill\u00e4 loogisiin kokonaisuuksiin lukemisen helpottamiseksi.\u00a0<\/p>\r\n\r\n\r\n\r\n<p>&nbsp;<\/p>\r\n","protected":false},"excerpt":{"rendered":"<p>Alla kunkin harjoituksen osalta Kimmon terveiset. Harjoitus 1 -Teht\u00e4v\u00e4t oli tehty hyvin ja niiss\u00e4 oli fiksusti nimettyj\u00e4 muuttujia ja koodia oli kommentoitu hyvin. Teht\u00e4vist\u00e4 tarkistettu 1, 3 ja 5. Harjoitus 2 &#8211; N\u00e4iss\u00e4kin harkoissa teht\u00e4v\u00e4t oli tehty p\u00e4\u00e4asiassa hyvin. Siell\u00e4 t\u00e4\u00e4ll\u00e4 n\u00e4kyi pieni\u00e4 virheit\u00e4 ulkoasussa mm. koodin sisennyksess\u00e4, eli kannattaa my\u00f6skin huomioida koodin ulkoasu toiminnallisuuden &hellip; <a href=\"https:\/\/coursepages2.tuni.fi\/tiep5-1\/syksy-2020\/harjoitukset\/ratkaisujen-tarkistus\/palaute\/\" class=\"more-link\">Jatka artikkeliin <span class=\"screen-reader-text\">Palaute<\/span><\/a><\/p>\n","protected":false},"author":68,"featured_media":0,"parent":443,"menu_order":0,"comment_status":"closed","ping_status":"closed","template":"","meta":{"footnotes":""},"class_list":["post-446","page","type-page","status-publish","hentry"],"_links":{"self":[{"href":"https:\/\/coursepages2.tuni.fi\/tiep5-1\/wp-json\/wp\/v2\/pages\/446","targetHints":{"allow":["GET"]}}],"collection":[{"href":"https:\/\/coursepages2.tuni.fi\/tiep5-1\/wp-json\/wp\/v2\/pages"}],"about":[{"href":"https:\/\/coursepages2.tuni.fi\/tiep5-1\/wp-json\/wp\/v2\/types\/page"}],"author":[{"embeddable":true,"href":"https:\/\/coursepages2.tuni.fi\/tiep5-1\/wp-json\/wp\/v2\/users\/68"}],"replies":[{"embeddable":true,"href":"https:\/\/coursepages2.tuni.fi\/tiep5-1\/wp-json\/wp\/v2\/comments?post=446"}],"version-history":[{"count":6,"href":"https:\/\/coursepages2.tuni.fi\/tiep5-1\/wp-json\/wp\/v2\/pages\/446\/revisions"}],"predecessor-version":[{"id":571,"href":"https:\/\/coursepages2.tuni.fi\/tiep5-1\/wp-json\/wp\/v2\/pages\/446\/revisions\/571"}],"up":[{"embeddable":true,"href":"https:\/\/coursepages2.tuni.fi\/tiep5-1\/wp-json\/wp\/v2\/pages\/443"}],"wp:attachment":[{"href":"https:\/\/coursepages2.tuni.fi\/tiep5-1\/wp-json\/wp\/v2\/media?parent=446"}],"curies":[{"name":"wp","href":"https:\/\/api.w.org\/{rel}","templated":true}]}}