{"id":443,"date":"2020-10-26T11:22:14","date_gmt":"2020-10-26T09:22:14","guid":{"rendered":"https:\/\/coursepages.uta.fi\/tiep5-1\/?page_id=443"},"modified":"2020-10-26T11:40:52","modified_gmt":"2020-10-26T09:40:52","slug":"ratkaisujen-tarkistus","status":"publish","type":"page","link":"https:\/\/coursepages2.tuni.fi\/tiep5-1\/syksy-2020\/harjoitukset\/ratkaisujen-tarkistus\/","title":{"rendered":"Ratkaisujen tarkistus"},"content":{"rendered":"\n<p>Harjoitusryhm\u00e4n vet\u00e4j\u00e4 tarkistaa kullakin viikkoharjoituskerralla v\u00e4hint\u00e4\u00e4n kaksi teht\u00e4v\u00e4\u00e4. Tarkistus saattaa kohdistua satunnaisesti valittuun otokseen palautuksia, jolloin osa ratkaisuista j\u00e4\u00e4 tarkistamatta ja on mahdollista, ett\u00e4 tuurillakin voi saada pisteen. Tarkistuksen pohjalta  tehdyt huomiot julkaistaan <a href=\"https:\/\/coursepages2.tuni.fi\/tiep5-1\/syksy-2020\/harjoitukset\/ratkaisujen-tarkistus\/palaute\/\" data-type=\"URL\" data-id=\"https:\/\/coursepages2.tuni.fi\/tiep5-1\/syksy-2020\/harjoitukset\/ratkaisujen-tarkistus\/palaute\/\">koostettuna palautteena<\/a>. <strong>Tutustu palautteeseen ja mallivastauksiin<\/strong>, jotta mahdolliset puutteet omissa ratkaisussa eiv\u00e4t j\u00e4isi huomaamatta. Huomaa, ett\u00e4 <strong>ratkaisuja ei voi korjata<\/strong>. Nolla vaihtuu ykk\u00f6seksi vain, jos tarkistaja on tehnyt virheen.<\/p>\n\n\n\n<p>Varmin tapa hankkia ykk\u00f6nen on tehd\u00e4 kaikki teht\u00e4v\u00e4ss\u00e4 pyydetty ja testata ohjelmaa. Opettaja kirjoittaa WETOon kommentteja ainakin, kun nollan syy ei ole ilmiselv\u00e4. L\u00f6yd\u00e4t mahdolliset kommentit nollaan johtaneista syist\u00e4 teht\u00e4v\u00e4n <em>Grading<\/em>-v\u00e4lilehdelt\u00e4, jossa on viel\u00e4 napsautettava pisteen rivi\u00e4, jotta kommentti avautuu.<\/p>\n\n\n\n<p><strong>WETO auttaa opettajia ja opiskelijoita arvioimalla ohjelmointiteht\u00e4vien ratkaisuja<\/strong> <a href=\"https:\/\/coursepages2.tuni.fi\/tiep5-1\/syksy-2020\/harjoitukset\/ratkaisujen-tarkistus\/automaattinen\/\" data-type=\"URL\" data-id=\"https:\/\/coursepages2.tuni.fi\/tiep5-1\/syksy-2020\/harjoitukset\/ratkaisujen-tarkistus\/automaattinen\/\">automaattisesti<\/a>. WETO ei poista opettajaa tarkistusprosessista, vaan antaa h\u00e4nelle enemm\u00e4n aikaa arvioida ohjelman rakennetta ja tapaa, jolla ohjelma on toteutettu. Tutustu automaattisen tarkistuksen ohjeisiin tarkasti, koska WETO on tiukka arvioitsija, jonka antama hyv\u00e4ksynt\u00e4 on edellytys harjoituspisteen saamiseen opettajalta.<\/p>\n\n\n\n<p>Opiskelijoiden tulisi tarkistaa pisteens\u00e4 arvosteluvirheiden varalta aina, kun kurssin postilistalla ja <em>Ajankohtaista<\/em>-palstalla viestit\u00e4\u00e4n harjoituksen pisteiden olevan valmiit. N\u00e4et harjoituksen <em>X<\/em> pisteet WETOssa <em>Lausekielinen ohjelmointi II 2020<\/em> | <em>Viikkoharjoitukset<\/em> | <em>Harjoitus<\/em> <em>X<\/em> -kohdan <em>Grading<\/em>-v\u00e4lilehdelt\u00e4. Ota yhteytt\u00e4 harjoitusryhm\u00e4n vet\u00e4j\u00e4\u00e4n, mik\u00e4li ep\u00e4ilet tarkistuksessa tapahtuneen virheen.<\/p>\n","protected":false},"excerpt":{"rendered":"<p>Harjoitusryhm\u00e4n vet\u00e4j\u00e4 tarkistaa kullakin viikkoharjoituskerralla v\u00e4hint\u00e4\u00e4n kaksi teht\u00e4v\u00e4\u00e4. Tarkistus saattaa kohdistua satunnaisesti valittuun otokseen palautuksia, jolloin osa ratkaisuista j\u00e4\u00e4 tarkistamatta ja on mahdollista, ett\u00e4 tuurillakin voi saada pisteen. Tarkistuksen pohjalta tehdyt huomiot julkaistaan koostettuna palautteena. Tutustu palautteeseen ja mallivastauksiin, jotta mahdolliset puutteet omissa ratkaisussa eiv\u00e4t j\u00e4isi huomaamatta. Huomaa, ett\u00e4 ratkaisuja ei voi korjata. Nolla vaihtuu &hellip; <a href=\"https:\/\/coursepages2.tuni.fi\/tiep5-1\/syksy-2020\/harjoitukset\/ratkaisujen-tarkistus\/\" class=\"more-link\">Jatka artikkeliin <span class=\"screen-reader-text\">Ratkaisujen tarkistus<\/span><\/a><\/p>\n","protected":false},"author":6,"featured_media":0,"parent":424,"menu_order":1,"comment_status":"closed","ping_status":"closed","template":"","meta":{"footnotes":""},"class_list":["post-443","page","type-page","status-publish","hentry"],"_links":{"self":[{"href":"https:\/\/coursepages2.tuni.fi\/tiep5-1\/wp-json\/wp\/v2\/pages\/443","targetHints":{"allow":["GET"]}}],"collection":[{"href":"https:\/\/coursepages2.tuni.fi\/tiep5-1\/wp-json\/wp\/v2\/pages"}],"about":[{"href":"https:\/\/coursepages2.tuni.fi\/tiep5-1\/wp-json\/wp\/v2\/types\/page"}],"author":[{"embeddable":true,"href":"https:\/\/coursepages2.tuni.fi\/tiep5-1\/wp-json\/wp\/v2\/users\/6"}],"replies":[{"embeddable":true,"href":"https:\/\/coursepages2.tuni.fi\/tiep5-1\/wp-json\/wp\/v2\/comments?post=443"}],"version-history":[{"count":6,"href":"https:\/\/coursepages2.tuni.fi\/tiep5-1\/wp-json\/wp\/v2\/pages\/443\/revisions"}],"predecessor-version":[{"id":457,"href":"https:\/\/coursepages2.tuni.fi\/tiep5-1\/wp-json\/wp\/v2\/pages\/443\/revisions\/457"}],"up":[{"embeddable":true,"href":"https:\/\/coursepages2.tuni.fi\/tiep5-1\/wp-json\/wp\/v2\/pages\/424"}],"wp:attachment":[{"href":"https:\/\/coursepages2.tuni.fi\/tiep5-1\/wp-json\/wp\/v2\/media?parent=443"}],"curies":[{"name":"wp","href":"https:\/\/api.w.org\/{rel}","templated":true}]}}