{"id":428,"date":"2020-10-23T15:03:58","date_gmt":"2020-10-23T12:03:58","guid":{"rendered":"https:\/\/coursepages.uta.fi\/tiep5-1\/?page_id=428"},"modified":"2021-04-07T22:02:48","modified_gmt":"2021-04-07T19:02:48","slug":"tehtavat","status":"publish","type":"page","link":"https:\/\/coursepages2.tuni.fi\/tiep5-1\/syksy-2020\/harjoitukset\/tehtavat\/","title":{"rendered":"Teht\u00e4v\u00e4t"},"content":{"rendered":"\r\n<p><a href=\"https:\/\/homepages.tuni.fi\/jorma.laurikkala\/laki2\/syksy-2020\/harjoitukset\/harjoitus01\/\" data-type=\"URL\" data-id=\"https:\/\/homepages.tuni.fi\/jorma.laurikkala\/laki2\/syksy-2020\/harjoitukset\/harjoitus01\/\">Harjoitus 1<\/a><\/p>\r\n\r\n\r\n\r\n<ul class=\"wp-block-list\"><li>Windows-k\u00e4ytt\u00e4jille: <a href=\"https:\/\/homepages.tuni.fi\/jorma.laurikkala\/laki2\/syksy-2020\/harjoitukset\/harjoitus01\/windows\/Bugeja.java\" data-type=\"URL\" data-id=\"https:\/\/homepages.tuni.fi\/jorma.laurikkala\/laki2\/syksy-2020\/harjoitukset\/harjoitus01\/windows\/Bugeja.java\">Bugeja.java<\/a>.<\/li><li>Mac- ja Linux-k\u00e4ytt\u00e4jille: <a href=\"https:\/\/homepages.tuni.fi\/jorma.laurikkala\/laki2\/syksy-2020\/harjoitukset\/harjoitus01\/mac-linux\/Bugeja.java\" data-type=\"URL\" data-id=\"https:\/\/homepages.tuni.fi\/jorma.laurikkala\/laki2\/syksy-2020\/harjoitukset\/harjoitus01\/mac-linux\/Bugeja.java\">Bugeja.java<\/a>.<\/li><\/ul>\r\n\r\n\r\n\r\n<p><a href=\"https:\/\/homepages.tuni.fi\/jorma.laurikkala\/laki2\/syksy-2020\/harjoitukset\/harjoitus02\/\">Harjoitus 2<\/a><\/p>\r\n\r\n\r\n\r\n<p><a href=\"https:\/\/homepages.tuni.fi\/jorma.laurikkala\/laki2\/syksy-2020\/harjoitukset\/harjoitus03\/\">Harjoitus 3<\/a><\/p>\r\n\r\n\r\n\r\n<p><a href=\"https:\/\/homepages.tuni.fi\/jorma.laurikkala\/laki2\/syksy-2020\/harjoitukset\/harjoitus04\/\" data-type=\"URL\" data-id=\"https:\/\/homepages.tuni.fi\/jorma.laurikkala\/laki2\/syksy-2020\/harjoitukset\/harjoitus04\/\">Harjoitus 4<\/a><\/p>\r\n\r\n\r\n\r\n<p><a href=\"https:\/\/homepages.tuni.fi\/jorma.laurikkala\/laki2\/syksy-2020\/harjoitukset\/harjoitus05\/\" data-type=\"URL\" data-id=\"https:\/\/homepages.tuni.fi\/jorma.laurikkala\/laki2\/syksy-2020\/harjoitukset\/harjoitus05\/\">Harjoitus 5<\/a><\/p>\r\n\r\n\r\n\r\n<p><a href=\"https:\/\/homepages.tuni.fi\/jorma.laurikkala\/laki2\/syksy-2020\/harjoitukset\/harjoitus06\/\" data-type=\"URL\" data-id=\"https:\/\/homepages.tuni.fi\/jorma.laurikkala\/laki2\/syksy-2020\/harjoitukset\/harjoitus06\/\">Harjoitus 6<\/a><\/p>\r\n\r\n\r\n\r\n<ul class=\"wp-block-list\"><li>Windows-k\u00e4ytt\u00e4jille: <a href=\"https:\/\/homepages.tuni.fi\/jorma.laurikkala\/laki2\/syksy-2020\/harjoitukset\/harjoitus06\/windows\/x.txt\" data-type=\"URL\" data-id=\"https:\/\/homepages.tuni.fi\/jorma.laurikkala\/laki2\/syksy-2020\/harjoitukset\/harjoitus06\/windows\/x.txt\">x.txt<\/a>.<\/li><li>Mac- ja Linux-k\u00e4ytt\u00e4jille: <a href=\"https:\/\/homepages.tuni.fi\/jorma.laurikkala\/laki2\/syksy-2020\/harjoitukset\/harjoitus06\/mac-linux\/x.txt\" data-type=\"URL\" data-id=\"https:\/\/homepages.tuni.fi\/jorma.laurikkala\/laki2\/syksy-2020\/harjoitukset\/harjoitus06\/mac-linux\/x.txt\">x.txt<\/a>.<\/li><\/ul>\r\n\r\n\r\n\r\n<p><a href=\"https:\/\/homepages.tuni.fi\/jorma.laurikkala\/laki2\/syksy-2020\/harjoitukset\/lisaharjoitukset\/\" data-type=\"URL\" data-id=\"https:\/\/homepages.tuni.fi\/jorma.laurikkala\/laki2\/syksy-2020\/harjoitukset\/lisaharjoitukset\/\">Lis\u00e4harjoitukset<\/a><\/p>\r\n","protected":false},"excerpt":{"rendered":"<p>Harjoitus 1 Windows-k\u00e4ytt\u00e4jille: Bugeja.java. Mac- ja Linux-k\u00e4ytt\u00e4jille: Bugeja.java. Harjoitus 2 Harjoitus 3 Harjoitus 4 Harjoitus 5 Harjoitus 6 Windows-k\u00e4ytt\u00e4jille: x.txt. Mac- ja Linux-k\u00e4ytt\u00e4jille: x.txt. Lis\u00e4harjoitukset<\/p>\n","protected":false},"author":6,"featured_media":0,"parent":424,"menu_order":0,"comment_status":"closed","ping_status":"closed","template":"","meta":{"footnotes":""},"class_list":["post-428","page","type-page","status-publish","hentry"],"_links":{"self":[{"href":"https:\/\/coursepages2.tuni.fi\/tiep5-1\/wp-json\/wp\/v2\/pages\/428","targetHints":{"allow":["GET"]}}],"collection":[{"href":"https:\/\/coursepages2.tuni.fi\/tiep5-1\/wp-json\/wp\/v2\/pages"}],"about":[{"href":"https:\/\/coursepages2.tuni.fi\/tiep5-1\/wp-json\/wp\/v2\/types\/page"}],"author":[{"embeddable":true,"href":"https:\/\/coursepages2.tuni.fi\/tiep5-1\/wp-json\/wp\/v2\/users\/6"}],"replies":[{"embeddable":true,"href":"https:\/\/coursepages2.tuni.fi\/tiep5-1\/wp-json\/wp\/v2\/comments?post=428"}],"version-history":[{"count":10,"href":"https:\/\/coursepages2.tuni.fi\/tiep5-1\/wp-json\/wp\/v2\/pages\/428\/revisions"}],"predecessor-version":[{"id":586,"href":"https:\/\/coursepages2.tuni.fi\/tiep5-1\/wp-json\/wp\/v2\/pages\/428\/revisions\/586"}],"up":[{"embeddable":true,"href":"https:\/\/coursepages2.tuni.fi\/tiep5-1\/wp-json\/wp\/v2\/pages\/424"}],"wp:attachment":[{"href":"https:\/\/coursepages2.tuni.fi\/tiep5-1\/wp-json\/wp\/v2\/media?parent=428"}],"curies":[{"name":"wp","href":"https:\/\/api.w.org\/{rel}","templated":true}]}}