{"id":424,"date":"2020-10-23T14:59:04","date_gmt":"2020-10-23T11:59:04","guid":{"rendered":"https:\/\/coursepages.uta.fi\/tiep5-1\/?page_id=424"},"modified":"2020-10-23T15:45:05","modified_gmt":"2020-10-23T12:45:05","slug":"harjoitukset","status":"publish","type":"page","link":"https:\/\/coursepages2.tuni.fi\/tiep5-1\/syksy-2020\/harjoitukset\/","title":{"rendered":"Harjoitukset"},"content":{"rendered":"\n<p>Harjoitukset on j\u00e4rjestet\u00e4\u00e4n pitk\u00e4lti Lausekielinen ohjelmointi I -kurssin harjoitusten tapaan. T\u00e4ll\u00e4kin kurssilla on runsaasti harjoitusteht\u00e4vi\u00e4, jotka julkaistaan kuutena viikkoharjoituksena. Itsen\u00e4isen ty\u00f6skentelyn tukena on harjoitustyhm\u00e4. Opiskelijat voivat pohtia teht\u00e4vi\u00e4 kesken\u00e4\u00e4n, kunhan jokainen toteuttaa ohjelmansa itse. Ratkaisujen suora kopiointi (eli plagiointi) on kielletty ja siit\u00e4 seuraa rangaistus.<\/p>\n\n\n\n<p>Lausekielinen ohjelmointi I -kurssista poiketen harjoituksista ei saa hyvityspisteit\u00e4, koska&nbsp;Lausekielinen ohjelmointi II -kurssi arvioidaan asteikolla hyv\u00e4ksytty\/hyl\u00e4tty. Teht\u00e4vi\u00e4 on ratkaistava hyv\u00e4ksytysti tietty m\u00e4\u00e4r\u00e4. T\u00e4m\u00e4 raja on Lausekielinen ohjelmointi I -kurssia korkeampi, jotta my\u00f6s kurssin loppupuolen asioita tulisi harjoiteltua ennen harjoitusty\u00f6t\u00e4, jossa pit\u00e4\u00e4 osata soveltaa suurinta osaa kurssilla opetetusta aineksesta. Teht\u00e4vi\u00e4 tulisi luonnollisesti ratkoa tasaisesti koko kurssin ajan, jotta harjoitusty\u00f6n tekeminen sujuisi juohevammin.<\/p>\n\n\n\n<p>Huomaa, ett\u00e4 t\u00e4ll\u00e4 kurssitoteutuksella <strong>harjoitusryhm\u00e4\u00e4n osallistumisesta ei saa l\u00e4sn\u00e4olopistett\u00e4<\/strong>.<\/p>\n\n\n\n<p>Ratkaisut palautetaan WETO-j\u00e4rjestelm\u00e4\u00e4n l\u00e4hes <a href=\"https:\/\/coursepages2.tuni.fi\/tiep1-1\/syksy-2019\/harjoitukset\/ratkaisujen-palautus\/\" data-type=\"URL\" data-id=\"https:\/\/coursepages2.tuni.fi\/tiep1-1\/syksy-2019\/harjoitukset\/ratkaisujen-palautus\/\">samoin kuin edellisell\u00e4 kurssilla<\/a>.<\/p>\n\n\n\n<p> Kurssin opettajat tarkkailevat ty\u00f6n laatua tarkistamalla palautuksia WETOsta k\u00e4sin.<\/p>\n\n\n\n<p>Teht\u00e4vien mallivastaukset julkaistaan WETOssa palautusviikon lopulla.<\/p>\n\n\n\n<p><\/p>\n","protected":false},"excerpt":{"rendered":"<p>Harjoitukset on j\u00e4rjestet\u00e4\u00e4n pitk\u00e4lti Lausekielinen ohjelmointi I -kurssin harjoitusten tapaan. T\u00e4ll\u00e4kin kurssilla on runsaasti harjoitusteht\u00e4vi\u00e4, jotka julkaistaan kuutena viikkoharjoituksena. Itsen\u00e4isen ty\u00f6skentelyn tukena on harjoitustyhm\u00e4. Opiskelijat voivat pohtia teht\u00e4vi\u00e4 kesken\u00e4\u00e4n, kunhan jokainen toteuttaa ohjelmansa itse. Ratkaisujen suora kopiointi (eli plagiointi) on kielletty ja siit\u00e4 seuraa rangaistus. Lausekielinen ohjelmointi I -kurssista poiketen harjoituksista ei saa hyvityspisteit\u00e4, koska&nbsp;Lausekielinen &hellip; <a href=\"https:\/\/coursepages2.tuni.fi\/tiep5-1\/syksy-2020\/harjoitukset\/\" class=\"more-link\">Jatka artikkeliin <span class=\"screen-reader-text\">Harjoitukset<\/span><\/a><\/p>\n","protected":false},"author":6,"featured_media":0,"parent":408,"menu_order":1,"comment_status":"closed","ping_status":"closed","template":"","meta":{"footnotes":""},"class_list":["post-424","page","type-page","status-publish","hentry"],"_links":{"self":[{"href":"https:\/\/coursepages2.tuni.fi\/tiep5-1\/wp-json\/wp\/v2\/pages\/424","targetHints":{"allow":["GET"]}}],"collection":[{"href":"https:\/\/coursepages2.tuni.fi\/tiep5-1\/wp-json\/wp\/v2\/pages"}],"about":[{"href":"https:\/\/coursepages2.tuni.fi\/tiep5-1\/wp-json\/wp\/v2\/types\/page"}],"author":[{"embeddable":true,"href":"https:\/\/coursepages2.tuni.fi\/tiep5-1\/wp-json\/wp\/v2\/users\/6"}],"replies":[{"embeddable":true,"href":"https:\/\/coursepages2.tuni.fi\/tiep5-1\/wp-json\/wp\/v2\/comments?post=424"}],"version-history":[{"count":5,"href":"https:\/\/coursepages2.tuni.fi\/tiep5-1\/wp-json\/wp\/v2\/pages\/424\/revisions"}],"predecessor-version":[{"id":433,"href":"https:\/\/coursepages2.tuni.fi\/tiep5-1\/wp-json\/wp\/v2\/pages\/424\/revisions\/433"}],"up":[{"embeddable":true,"href":"https:\/\/coursepages2.tuni.fi\/tiep5-1\/wp-json\/wp\/v2\/pages\/408"}],"wp:attachment":[{"href":"https:\/\/coursepages2.tuni.fi\/tiep5-1\/wp-json\/wp\/v2\/media?parent=424"}],"curies":[{"name":"wp","href":"https:\/\/api.w.org\/{rel}","templated":true}]}}