{"id":756,"date":"2020-02-25T22:56:26","date_gmt":"2020-02-25T20:56:26","guid":{"rendered":"https:\/\/coursepages.uta.fi\/tiep3\/?page_id=756"},"modified":"2020-02-25T23:14:16","modified_gmt":"2020-02-25T21:14:16","slug":"kevat-2020","status":"publish","type":"page","link":"https:\/\/coursepages2.tuni.fi\/tiep3\/kevat-2020\/","title":{"rendered":"Kev\u00e4t 2020"},"content":{"rendered":"<p>Kev\u00e4\u00e4n 2020 toteutus luennoidaan Hervannan kampuksella. Ensimm\u00e4inen luento on tiistaina 3.3.2020 klo 11 \u2013 14 luentosalissa FA032 (Festia).<\/p>\n<p>Ensimm\u00e4iset tietokoneluokkaharjoitukset pidet\u00e4\u00e4n ke 4.3. ja to 5.3. Ilmoittautuminen harjoitusryhmiin avataan heti aloitusluennon j\u00e4lkeen POP:ssa. <\/p>\n<p>Toteutuksen materiaali julkaistaan <a href=\"https:\/\/wetodev.sis.uta.fi\/\" target=\"_blank\" rel=\"noopener\">WETO-j\u00e4rjestelm\u00e4ss\u00e4<\/a>.<\/p>\n<p>Toteutuksen WETO-alue (Tietokantojen perusteet kev\u00e4t 2020) on k\u00e4ytett\u00e4viss\u00e4 25.2.2020 alkaen ja sinne kirjaudutaan tuni-tunnuksella (Tampereen korkeakouluyhteis\u00f6n tuni-toimialueen k\u00e4ytt\u00e4j\u00e4tunnuksella).<\/p>\n<p>Jos et p\u00e4\u00e4se mukaan ensimm\u00e4iselle luennolle, lue sen kalvot WETO-j\u00e4rjestelm\u00e4st\u00e4.<\/p>\n<p>Kurssin vastuuopettaja on Kati Iltanen (kati.iltanen[at]tuni.fi; Pinni B1004).<\/p>\n","protected":false},"excerpt":{"rendered":"<p>Kev\u00e4\u00e4n 2020 toteutus luennoidaan Hervannan kampuksella. Ensimm\u00e4inen luento on tiistaina 3.3.2020 klo 11 \u2013 14 luentosalissa FA032 (Festia). Ensimm\u00e4iset tietokoneluokkaharjoitukset pidet\u00e4\u00e4n ke 4.3. ja to 5.3. Ilmoittautuminen harjoitusryhmiin avataan heti aloitusluennon j\u00e4lkeen POP:ssa. Toteutuksen materiaali julkaistaan WETO-j\u00e4rjestelm\u00e4ss\u00e4. Toteutuksen WETO-alue (Tietokantojen perusteet kev\u00e4t 2020) on k\u00e4ytett\u00e4viss\u00e4 25.2.2020 alkaen ja sinne kirjaudutaan tuni-tunnuksella (Tampereen korkeakouluyhteis\u00f6n tuni-toimialueen k\u00e4ytt\u00e4j\u00e4tunnuksella). &hellip; <a href=\"https:\/\/coursepages2.tuni.fi\/tiep3\/kevat-2020\/\" class=\"more-link\">Jatka artikkeliin <span class=\"screen-reader-text\">Kev\u00e4t 2020<\/span><\/a><\/p>\n","protected":false},"author":3,"featured_media":0,"parent":0,"menu_order":0,"comment_status":"closed","ping_status":"closed","template":"","meta":{"footnotes":""},"class_list":["post-756","page","type-page","status-publish","hentry"],"_links":{"self":[{"href":"https:\/\/coursepages2.tuni.fi\/tiep3\/wp-json\/wp\/v2\/pages\/756","targetHints":{"allow":["GET"]}}],"collection":[{"href":"https:\/\/coursepages2.tuni.fi\/tiep3\/wp-json\/wp\/v2\/pages"}],"about":[{"href":"https:\/\/coursepages2.tuni.fi\/tiep3\/wp-json\/wp\/v2\/types\/page"}],"author":[{"embeddable":true,"href":"https:\/\/coursepages2.tuni.fi\/tiep3\/wp-json\/wp\/v2\/users\/3"}],"replies":[{"embeddable":true,"href":"https:\/\/coursepages2.tuni.fi\/tiep3\/wp-json\/wp\/v2\/comments?post=756"}],"version-history":[{"count":5,"href":"https:\/\/coursepages2.tuni.fi\/tiep3\/wp-json\/wp\/v2\/pages\/756\/revisions"}],"predecessor-version":[{"id":765,"href":"https:\/\/coursepages2.tuni.fi\/tiep3\/wp-json\/wp\/v2\/pages\/756\/revisions\/765"}],"wp:attachment":[{"href":"https:\/\/coursepages2.tuni.fi\/tiep3\/wp-json\/wp\/v2\/media?parent=756"}],"curies":[{"name":"wp","href":"https:\/\/api.w.org\/{rel}","templated":true}]}}