{"id":719,"date":"2019-08-05T09:14:46","date_gmt":"2019-08-05T06:14:46","guid":{"rendered":"https:\/\/coursepages.uta.fi\/tiep3\/?page_id=719"},"modified":"2019-08-05T14:05:57","modified_gmt":"2019-08-05T11:05:57","slug":"syksy-2019","status":"publish","type":"page","link":"https:\/\/coursepages2.tuni.fi\/tiep3\/paasivu\/syksy-2019\/","title":{"rendered":"Syksy 2019"},"content":{"rendered":"<p>Syksyn 2019 toteutus luennoidaan keskustakampuksella.<\/p>\n<p>Tutkinto-opiskelijat ilmoittautuvat toteutukselle <a href=\"https:\/\/www10.uta.fi\/nettiopsu\/kurssi\/toteutus.htm?toteutusId=41018\" target=\"_blank\" rel=\"noopener\">NettiOpsussa<\/a> 22.8. menness\u00e4. NettiOpsuun kirjaudutaan <a href=\"https:\/\/www.tuni.fi\/it-palvelut\/kasikirja?page=2630\" target=\"_blank\" rel=\"noopener\">TUNI-tunnuksella<\/a>.<\/p>\n<p>Ensimm\u00e4inen luento on ma 26.8. klo 8.30-10.00 Pinni B1100. Opintojakson vastuuopettaja Kati Iltanen on tavattavissa luentosalissa klo 8.00 alkaen. Jos et p\u00e4\u00e4se mukaan ensimm\u00e4iselle luennolle, lue sen kalvot WETO-j\u00e4rjestelm\u00e4st\u00e4.<\/p>\n<p>Ensimm\u00e4iset harjoitusryhm\u00e4t pidet\u00e4\u00e4n to 29.8. klo 12.15-13.45 ja 14.15-15.45 ja pe 30.8. klo 8.15-9.45. Ilmoittautuminen to 29.8. ja pe 30.8. harjoitusryhmiin avataan ma 26.8. aloitusluennon j\u00e4lkeen (ilmoittautumislinkki l\u00f6ytyy jakson sivuilta WETO-j\u00e4rjestelm\u00e4st\u00e4). Ilmoittautuminen p\u00e4\u00e4ttyy ti 27.8. klo 16. Ryhm\u00e4jako ilmoitetaan ke 28.8. WETOssa.<\/p>\n<p>Toteutuksen materiaali julkaistaan <a href=\"https:\/\/wetodev.sis.uta.fi\/\" target=\"_blank\" rel=\"noopener\">WETO-j\u00e4rjestelm\u00e4ss\u00e4<\/a>. Toteutuksen WETO-alue (Tietokantojen perusteet syksy 2019) on k\u00e4ytett\u00e4viss\u00e4 19.8. alkaen ja sinne kirjaudutaan <a href=\"https:\/\/www.tuni.fi\/it-palvelut\/kasikirja?page=2630\" target=\"_blank\" rel=\"noopener\">TUNI-tunnuksella<\/a>.<\/p>\n<p>Opintojakson vastuuopettaja on Kati Iltanen (kati.iltanen[at]tuni.fi; Pinni B1004).<\/p>\n","protected":false},"excerpt":{"rendered":"<p>Syksyn 2019 toteutus luennoidaan keskustakampuksella. Tutkinto-opiskelijat ilmoittautuvat toteutukselle NettiOpsussa 22.8. menness\u00e4. NettiOpsuun kirjaudutaan TUNI-tunnuksella. Ensimm\u00e4inen luento on ma 26.8. klo 8.30-10.00 Pinni B1100. Opintojakson vastuuopettaja Kati Iltanen on tavattavissa luentosalissa klo 8.00 alkaen. Jos et p\u00e4\u00e4se mukaan ensimm\u00e4iselle luennolle, lue sen kalvot WETO-j\u00e4rjestelm\u00e4st\u00e4. Ensimm\u00e4iset harjoitusryhm\u00e4t pidet\u00e4\u00e4n to 29.8. klo 12.15-13.45 ja 14.15-15.45 ja pe 30.8. &hellip; <a href=\"https:\/\/coursepages2.tuni.fi\/tiep3\/paasivu\/syksy-2019\/\" class=\"more-link\">Jatka artikkeliin <span class=\"screen-reader-text\">Syksy 2019<\/span><\/a><\/p>\n","protected":false},"author":3,"featured_media":0,"parent":5,"menu_order":0,"comment_status":"closed","ping_status":"closed","template":"","meta":{"footnotes":""},"class_list":["post-719","page","type-page","status-publish","hentry"],"_links":{"self":[{"href":"https:\/\/coursepages2.tuni.fi\/tiep3\/wp-json\/wp\/v2\/pages\/719","targetHints":{"allow":["GET"]}}],"collection":[{"href":"https:\/\/coursepages2.tuni.fi\/tiep3\/wp-json\/wp\/v2\/pages"}],"about":[{"href":"https:\/\/coursepages2.tuni.fi\/tiep3\/wp-json\/wp\/v2\/types\/page"}],"author":[{"embeddable":true,"href":"https:\/\/coursepages2.tuni.fi\/tiep3\/wp-json\/wp\/v2\/users\/3"}],"replies":[{"embeddable":true,"href":"https:\/\/coursepages2.tuni.fi\/tiep3\/wp-json\/wp\/v2\/comments?post=719"}],"version-history":[{"count":12,"href":"https:\/\/coursepages2.tuni.fi\/tiep3\/wp-json\/wp\/v2\/pages\/719\/revisions"}],"predecessor-version":[{"id":750,"href":"https:\/\/coursepages2.tuni.fi\/tiep3\/wp-json\/wp\/v2\/pages\/719\/revisions\/750"}],"up":[{"embeddable":true,"href":"https:\/\/coursepages2.tuni.fi\/tiep3\/wp-json\/wp\/v2\/pages\/5"}],"wp:attachment":[{"href":"https:\/\/coursepages2.tuni.fi\/tiep3\/wp-json\/wp\/v2\/media?parent=719"}],"curies":[{"name":"wp","href":"https:\/\/api.w.org\/{rel}","templated":true}]}}