{"id":5,"date":"2017-06-22T10:58:06","date_gmt":"2017-06-22T07:58:06","guid":{"rendered":"https:\/\/coursepages.uta.fi\/tiep3\/?page_id=5"},"modified":"2020-06-08T09:11:56","modified_gmt":"2020-06-08T06:11:56","slug":"paasivu","status":"publish","type":"page","link":"https:\/\/coursepages2.tuni.fi\/tiep3\/","title":{"rendered":"P\u00e4\u00e4sivu"},"content":{"rendered":"<h3>Kes\u00e4n 2020 toteutus<\/h3>\n<p>Kes\u00e4ll\u00e4 2020 jaksosta j\u00e4rjestet\u00e4\u00e4n itsen\u00e4isesti opiskeltava toteutus. Ilmoittautuminen tapahtuu  <a href=\"https:\/\/www10.uta.fi\/nettiopsu\/login.htm\" target=\"_blank\"> NettiOpsun<\/a> kautta. Jos sinulla ei ole opiskeluoikeutta tai ristiinopiskeluoikeutta keskustakampukselle,  ota yhteytt\u00e4 <a href=\"https:\/\/www.tuni.fi\/opiskelijanopas\/kasikirja\/uni?search=opintotoimisto&amp;page=3041\" target=\"_blank\">opintotoimistoon<\/a>. Ilmoittautuminen on auki 7.6. asti.<\/p>\n<p>P\u00e4ivitys 8.6. 9.00: Kurssivalinta on tehty NettiOpsussa. Kaikki ilmoittautuneet on valittu kurssille mukaan. Kurssin vastuuopettaja l\u00e4hett\u00e4\u00e4 kurssilaisille ohjeistuksen s\u00e4hk\u00f6postitse t\u00e4n\u00e4\u00e4n 8.6. illalla. T\u00e4m\u00e4n j\u00e4lkeen voi kirjautua kurssilla k\u00e4ytett\u00e4v\u00e4\u00e4n WETO-j\u00e4rjestelm\u00e4\u00e4n kurssin toteutukselle.<\/p>\n<h3>Kev\u00e4\u00e4n 2020 toteutus<\/h3>\n<p>Kev\u00e4\u00e4n 2020 toteutuksen tiedot l\u00f6yd\u00e4t alikohdasta Kev\u00e4t 2020.<\/p>\n<h3>Syksyn 2019 toteutus<\/h3>\n<p>Syksyn 2019 toteutuksen tiedot l\u00f6yd\u00e4t alikohdasta Syksy 2019.<\/p>\n<h1>Opetussuunnitelma<\/h1>\n<p><a href=\"https:\/\/www.tuni.fi\/opiskelijanopas\/opintotiedot\/opintojaksot\/uta-ykoodi-25829?year=2019\" target=\"_blank\" rel=\"noopener\">Opintojakson kuvaus<\/a> opetussuunnitelmassa.<\/p>\n<p>Tietokantojen perusteet -jaksolla k\u00e4sitelt\u00e4vi\u00e4 aiheita ovat tietokannan perustaminen, p\u00e4ivitt\u00e4minen ja kyselyt SQL-kielell\u00e4, ER-kaaviot ja muunnos ER-kaaviosta SQL-tietokannan (relaatiorakenteisen tietokannan) kaavioksi.<\/p>\n<p>Opintojakson laajuus on 5 op.<\/p>\n<p>Opintojaksolla tarvitaan <a href=\"https:\/\/www.tuni.fi\/opiskelijanopas\/opintotiedot\/opintojaksot\/uta-ykoodi-27109?year=2019\" target=\"_blank\" rel=\"noopener\">Tietotekniikkataidot-opintojaksolla<\/a> saatavia tai vastaavia tietoja ja taitoja. Jakson voi suorittaa yht\u00e4 aikaa Tietotekniikkataidot-jakson kanssa.<\/p>\n<h3>Osaamistavoitteet<\/h3>\n<p>Opintojakson suoritettuaan opiskelija<\/p>\n<ul>\n<li>tuntee SQL-tietokantojen (relaatiorakenteisten tietokantojen) perusk\u00e4sitteet ja -rakenteet<\/li>\n<li>tuntee ER-mallinnuksen perusk\u00e4sitteet ja -periaatteet<\/li>\n<li>osaa mallintaa tietoa ER-kaavioilla<\/li>\n<li>osaa muuntaa ER-kaavion suoraviivaisesti SQL-tietokannan kaavioksi<\/li>\n<li>osaa perustaa tietokannan ja p\u00e4ivitt\u00e4\u00e4 ja hakea tietokannan tietoja SQL-kielen avulla. Kyselyist\u00e4 k\u00e4yd\u00e4\u00e4n l\u00e4pi\n<ul>\n<li>erilaisia liitosoperaatioita<\/li>\n<li>erilaisia joukko-operaatioita<\/li>\n<li>yhteenvetokyselyj\u00e4<\/li>\n<li>sis\u00e4kk\u00e4isi\u00e4 kyselyj\u00e4<\/li>\n<\/ul>\n<\/li>\n<\/ul>\n<h3>Suoritustapa ja ty\u00f6m\u00e4\u00e4r\u00e4<\/h3>\n<p>Opintojakso suoritetaan tekem\u00e4ll\u00e4 harjoitusteht\u00e4vi\u00e4, tentti ja harjoitusty\u00f6. Opintojakso on 5 op:n laajuinen, joten sen suorittamiseen tarvittava ty\u00f6m\u00e4\u00e4r\u00e4 on noin 135 h. (Yksi opintopiste vastaa noin 27 h ty\u00f6t\u00e4.) Arvio ty\u00f6m\u00e4\u00e4r\u00e4n jakautumisesta:<\/p>\n<ul>\n<li>Luennot 20 h<\/li>\n<li>Luentomateriaalin kertaaminen, harjoitusteht\u00e4vien tekeminen 6 * 8 h = 48 h<\/li>\n<li>Tietokoneluokassa pidett\u00e4v\u00e4t harjoitusryhm\u00e4t 6 * 2 h = 12 h<\/li>\n<li>Malliratkaisujen l\u00e4pik\u00e4yminen 6 * 2 h = 12 h<\/li>\n<li>Harjoitusty\u00f6n tekeminen ja harjoitusty\u00f6n ohjauksiin osallistuminen 25 h<\/li>\n<li>Tentti: valmistautuminen 15 h + tenttitilaisuus 3 h = 18 h<\/li>\n<\/ul>\n<p>Luennoille, tietokoneluokissa pidett\u00e4viin harjoitusryhmiin ja harjoitusty\u00f6n ohjaustilaisuuksiin osallistuminen on vapaaehtoista. <\/p>\n<p>Harjoitusteht\u00e4v\u00e4t, tentti ja harjoitusty\u00f6 on suoritettava hyv\u00e4ksytysti saman toteutuskerran aikana, jotta koko opintojakso on suoritettu hyv\u00e4ksytysti.<\/p>\n<p>Opintojakson voi suorittaa vaihtoehtoisesti n\u00e4ytt\u00f6kokeella.<\/p>\n<h3>Opintojakson materiaali<\/h3>\n<p>Opintojakson materiaali julkaistaan opintojakson toteutuksella k\u00e4ytett\u00e4v\u00e4ss\u00e4 oppimisymp\u00e4rist\u00f6ss\u00e4. Tietokannoista kiinnostuneille suositellaan oheislukemiseksi esimerkiksi kirjaa Elmasri R. &amp; Navathe, S.: Fundamentals of Database Systems, Benjamin\/Cummings, 1997, joka on k\u00e4yt\u00f6ss\u00e4 <a href=\"https:\/\/www.tuni.fi\/opiskelijanopas\/opintotiedot\/opintojaksot\/uta-ykoodi-25918?year=2019\" target=\"_blank\" rel=\"noopener\">Tietokantaohjelmointi-jaksolla<\/a>. Tietokantojen perusteet -jaksolla l\u00e4pik\u00e4yt\u00e4v\u00e4t asiat l\u00f6ytyv\u00e4t useimmista tietokantojen perusteita k\u00e4sittelevist\u00e4 oppikirjoista.<\/p>\n","protected":false},"excerpt":{"rendered":"<p>Kes\u00e4n 2020 toteutus Kes\u00e4ll\u00e4 2020 jaksosta j\u00e4rjestet\u00e4\u00e4n itsen\u00e4isesti opiskeltava toteutus. Ilmoittautuminen tapahtuu NettiOpsun kautta. Jos sinulla ei ole opiskeluoikeutta tai ristiinopiskeluoikeutta keskustakampukselle, ota yhteytt\u00e4 opintotoimistoon. Ilmoittautuminen on auki 7.6. asti. P\u00e4ivitys 8.6. 9.00: Kurssivalinta on tehty NettiOpsussa. Kaikki ilmoittautuneet on valittu kurssille mukaan. Kurssin vastuuopettaja l\u00e4hett\u00e4\u00e4 kurssilaisille ohjeistuksen s\u00e4hk\u00f6postitse t\u00e4n\u00e4\u00e4n 8.6. illalla. T\u00e4m\u00e4n j\u00e4lkeen voi &hellip; <a href=\"https:\/\/coursepages2.tuni.fi\/tiep3\/\" class=\"more-link\">Jatka artikkeliin <span class=\"screen-reader-text\">P\u00e4\u00e4sivu<\/span><\/a><\/p>\n","protected":false},"author":1,"featured_media":0,"parent":0,"menu_order":0,"comment_status":"closed","ping_status":"closed","template":"","meta":{"footnotes":""},"class_list":["post-5","page","type-page","status-publish","hentry"],"_links":{"self":[{"href":"https:\/\/coursepages2.tuni.fi\/tiep3\/wp-json\/wp\/v2\/pages\/5","targetHints":{"allow":["GET"]}}],"collection":[{"href":"https:\/\/coursepages2.tuni.fi\/tiep3\/wp-json\/wp\/v2\/pages"}],"about":[{"href":"https:\/\/coursepages2.tuni.fi\/tiep3\/wp-json\/wp\/v2\/types\/page"}],"author":[{"embeddable":true,"href":"https:\/\/coursepages2.tuni.fi\/tiep3\/wp-json\/wp\/v2\/users\/1"}],"replies":[{"embeddable":true,"href":"https:\/\/coursepages2.tuni.fi\/tiep3\/wp-json\/wp\/v2\/comments?post=5"}],"version-history":[{"count":65,"href":"https:\/\/coursepages2.tuni.fi\/tiep3\/wp-json\/wp\/v2\/pages\/5\/revisions"}],"predecessor-version":[{"id":775,"href":"https:\/\/coursepages2.tuni.fi\/tiep3\/wp-json\/wp\/v2\/pages\/5\/revisions\/775"}],"wp:attachment":[{"href":"https:\/\/coursepages2.tuni.fi\/tiep3\/wp-json\/wp\/v2\/media?parent=5"}],"curies":[{"name":"wp","href":"https:\/\/api.w.org\/{rel}","templated":true}]}}