{"id":984,"date":"2018-09-17T13:51:53","date_gmt":"2018-09-17T10:51:53","guid":{"rendered":"https:\/\/coursepages.uta.fi\/tiep1\/?page_id=984"},"modified":"2018-10-29T00:23:42","modified_gmt":"2018-10-28T22:23:42","slug":"ratkaisujen-tarkistus","status":"publish","type":"page","link":"https:\/\/coursepages2.tuni.fi\/tiep1\/syksy-2018\/harjoitukset\/ratkaisujen-tarkistus\/","title":{"rendered":"Ratkaisujen tarkistus"},"content":{"rendered":"<p>Kurssin opettajat tarkistavat kullakin viikkoharjoituskerralla v\u00e4hint\u00e4\u00e4n kaksi teht\u00e4v\u00e4\u00e4. Tarkistus kohdistuu satunnaisesti valittuun otokseen palautuksia, jolloin osa ratkaisuista j\u00e4\u00e4 tarkistamatta ja on mahdollista, ett\u00e4 tuurillakin voi saada pisteen. Opettajien huomiot julkaistaan <a href=\"https:\/\/coursepages2.tuni.fi\/tiep1\/syksy-2018\/harjoitukset\/ratkaisujen-tarkistus\/palaute\/\">koostettuna palautteena<\/a>. <strong>Tutustu palautteeseen ja mallivastauksiin<\/strong>, jotta mahdolliset virheet omassa ratkaisussa eiv\u00e4t j\u00e4isi huomaamatta. Huonolaatuinen ty\u00f6 n\u00e4kyy kuitenkin ennemmin tai my\u00f6hemmin nollina, koska otos on suuri. Huomaa, ett\u00e4 <strong>ratkaisuja ei voi korjata<\/strong>. Nolla vaihtuu ykk\u00f6seksi vain, jos tarkistaja on tehnyt virheen.<\/p>\n<p>Varmin tapa hankkia ykk\u00f6nen on tehd\u00e4 kaikki teht\u00e4v\u00e4ss\u00e4 pyydetty ja testata ohjelmaa. Opettajat kirjoittavat WETOon kommentteja vain, kun nollan syy ei ole ilmiselv\u00e4. L\u00f6yd\u00e4t mahdolliset kommentit nollaan johtaneista syist\u00e4 teht\u00e4v\u00e4n <em>Grading<\/em>-v\u00e4lilehdelt\u00e4, jossa on viel\u00e4 napsautettava pisteen rivi\u00e4, jotta kommentti avautuu. Kaikki muu palaute ratkaisuista annetaan koostettuna.<\/p>\n<p><strong>WETO auttaa opettajia ja opiskelijoita arvioimalla ohjelmointiteht\u00e4vien ratkaisuja<\/strong> <a href=\"https:\/\/coursepages2.tuni.fi\/tiep1\/syksy-2018\/harjoitukset\/ratkaisujen-tarkistus\/automaattinen\/\">automaattisesti<\/a>. WETO ei poista opettajaa tarkistusprosessista, vaan antaa h\u00e4nelle enemm\u00e4n aikaa arvioida ohjelman rakennetta ja tapaa, jolla ohjelma on toteutettu. Tutustu automaattisen tarkistuksen ohjeisiin tarkasti, koska WETO on tiukka arvioitsija, jonka antama hyv\u00e4ksynt\u00e4 on edellytys harjoituspisteen saamiseen opettajalta.<\/p>\n<p>Opiskelijoiden tulisi tarkistaa pisteens\u00e4 arvosteluvirheiden varalta aina, kun kurssin postilistalla ja <em>Ajankohtaista<\/em>-palstalla viestit\u00e4\u00e4n harjoituksen pisteiden olevan valmiit. N\u00e4et harjoituksen <em>X<\/em> pisteet WETOssa <em>Lausekielinen ohjelmointi I 2018<\/em> | <em>Viikkoharjoitukset<\/em> | <em>Harjoitus<\/em> <em>X<\/em> -kohdan <em>Grading<\/em>-v\u00e4lilehdelt\u00e4. Ota yhteytt\u00e4 teht\u00e4v\u00e4n tarkistajaan, mik\u00e4li ep\u00e4ilet tarkistuksessa tapahtuneen virheen. Ota yhteytt\u00e4 ryhm\u00e4n vet\u00e4neeseen opettajaan, jos l\u00e4sn\u00e4olopiste puuttuu.<\/p>\n","protected":false},"excerpt":{"rendered":"<p>Kurssin opettajat tarkistavat kullakin viikkoharjoituskerralla v\u00e4hint\u00e4\u00e4n kaksi teht\u00e4v\u00e4\u00e4. Tarkistus kohdistuu satunnaisesti valittuun otokseen palautuksia, jolloin osa ratkaisuista j\u00e4\u00e4 tarkistamatta ja on mahdollista, ett\u00e4 tuurillakin voi saada pisteen. Opettajien huomiot julkaistaan koostettuna palautteena. Tutustu palautteeseen ja mallivastauksiin, jotta mahdolliset virheet omassa ratkaisussa eiv\u00e4t j\u00e4isi huomaamatta. Huonolaatuinen ty\u00f6 n\u00e4kyy kuitenkin ennemmin tai my\u00f6hemmin nollina, koska otos on &hellip; <a href=\"https:\/\/coursepages2.tuni.fi\/tiep1\/syksy-2018\/harjoitukset\/ratkaisujen-tarkistus\/\" class=\"more-link\">Jatka artikkeliin <span class=\"screen-reader-text\">Ratkaisujen tarkistus<\/span><\/a><\/p>\n","protected":false},"author":6,"featured_media":0,"parent":848,"menu_order":2,"comment_status":"closed","ping_status":"closed","template":"","meta":{"footnotes":""},"class_list":["post-984","page","type-page","status-publish","hentry"],"_links":{"self":[{"href":"https:\/\/coursepages2.tuni.fi\/tiep1\/wp-json\/wp\/v2\/pages\/984","targetHints":{"allow":["GET"]}}],"collection":[{"href":"https:\/\/coursepages2.tuni.fi\/tiep1\/wp-json\/wp\/v2\/pages"}],"about":[{"href":"https:\/\/coursepages2.tuni.fi\/tiep1\/wp-json\/wp\/v2\/types\/page"}],"author":[{"embeddable":true,"href":"https:\/\/coursepages2.tuni.fi\/tiep1\/wp-json\/wp\/v2\/users\/6"}],"replies":[{"embeddable":true,"href":"https:\/\/coursepages2.tuni.fi\/tiep1\/wp-json\/wp\/v2\/comments?post=984"}],"version-history":[{"count":14,"href":"https:\/\/coursepages2.tuni.fi\/tiep1\/wp-json\/wp\/v2\/pages\/984\/revisions"}],"predecessor-version":[{"id":1186,"href":"https:\/\/coursepages2.tuni.fi\/tiep1\/wp-json\/wp\/v2\/pages\/984\/revisions\/1186"}],"up":[{"embeddable":true,"href":"https:\/\/coursepages2.tuni.fi\/tiep1\/wp-json\/wp\/v2\/pages\/848"}],"wp:attachment":[{"href":"https:\/\/coursepages2.tuni.fi\/tiep1\/wp-json\/wp\/v2\/media?parent=984"}],"curies":[{"name":"wp","href":"https:\/\/api.w.org\/{rel}","templated":true}]}}