{"id":964,"date":"2018-09-11T23:32:10","date_gmt":"2018-09-11T20:32:10","guid":{"rendered":"https:\/\/coursepages.uta.fi\/tiep1\/?page_id=964"},"modified":"2018-10-06T21:33:12","modified_gmt":"2018-10-06T18:33:12","slug":"koodit","status":"publish","type":"page","link":"https:\/\/coursepages2.tuni.fi\/tiep1\/syksy-2018\/koodit\/","title":{"rendered":"Koodit"},"content":{"rendered":"<p>Kurssilla julkaistaan jonkin verran Java-kielell\u00e4 kirjoitettuja esimerkkej\u00e4.<\/p>\n<p>Sy\u00f6tteiden lukemiseen k\u00e4ytet\u00e4\u00e4n <a href=\"http:\/\/www.sis.uta.fi\/~laki1\/koodit\/In.java\">In-luokkaa<\/a>, josta on saatavilla my\u00f6s Mac- ja Linux-k\u00e4ytt\u00e4jille <a href=\"http:\/\/www.sis.uta.fi\/~laki1\/koodit\/utf-8\/In.java\">versio UTF-8-koodatussa Unicode-merkist\u00f6ss\u00e4<\/a>.<\/p>\n","protected":false},"excerpt":{"rendered":"<p>Kurssilla julkaistaan jonkin verran Java-kielell\u00e4 kirjoitettuja esimerkkej\u00e4. Sy\u00f6tteiden lukemiseen k\u00e4ytet\u00e4\u00e4n In-luokkaa, josta on saatavilla my\u00f6s Mac- ja Linux-k\u00e4ytt\u00e4jille versio UTF-8-koodatussa Unicode-merkist\u00f6ss\u00e4.<\/p>\n","protected":false},"author":6,"featured_media":0,"parent":820,"menu_order":6,"comment_status":"closed","ping_status":"closed","template":"","meta":{"footnotes":""},"class_list":["post-964","page","type-page","status-publish","hentry"],"_links":{"self":[{"href":"https:\/\/coursepages2.tuni.fi\/tiep1\/wp-json\/wp\/v2\/pages\/964","targetHints":{"allow":["GET"]}}],"collection":[{"href":"https:\/\/coursepages2.tuni.fi\/tiep1\/wp-json\/wp\/v2\/pages"}],"about":[{"href":"https:\/\/coursepages2.tuni.fi\/tiep1\/wp-json\/wp\/v2\/types\/page"}],"author":[{"embeddable":true,"href":"https:\/\/coursepages2.tuni.fi\/tiep1\/wp-json\/wp\/v2\/users\/6"}],"replies":[{"embeddable":true,"href":"https:\/\/coursepages2.tuni.fi\/tiep1\/wp-json\/wp\/v2\/comments?post=964"}],"version-history":[{"count":1,"href":"https:\/\/coursepages2.tuni.fi\/tiep1\/wp-json\/wp\/v2\/pages\/964\/revisions"}],"predecessor-version":[{"id":965,"href":"https:\/\/coursepages2.tuni.fi\/tiep1\/wp-json\/wp\/v2\/pages\/964\/revisions\/965"}],"up":[{"embeddable":true,"href":"https:\/\/coursepages2.tuni.fi\/tiep1\/wp-json\/wp\/v2\/pages\/820"}],"wp:attachment":[{"href":"https:\/\/coursepages2.tuni.fi\/tiep1\/wp-json\/wp\/v2\/media?parent=964"}],"curies":[{"name":"wp","href":"https:\/\/api.w.org\/{rel}","templated":true}]}}