{"id":925,"date":"2018-09-06T08:24:59","date_gmt":"2018-09-06T05:24:59","guid":{"rendered":"https:\/\/coursepages.uta.fi\/tiep1\/?page_id=925"},"modified":"2018-10-06T21:33:43","modified_gmt":"2018-10-06T18:33:43","slug":"linkit","status":"publish","type":"page","link":"https:\/\/coursepages2.tuni.fi\/tiep1\/syksy-2018\/linkit\/","title":{"rendered":"Linkit"},"content":{"rendered":"<h2>ASCII-merkist\u00f6<\/h2>\n<p><a href=\"http:\/\/en.wikipedia.org\/wiki\/Ascii\"> American Standard Code for Information Interchange (ASCII) &#8211; From Wikipedia, the free encyclopedia<\/a>.<\/p>\n<h2>Bin\u00e4\u00e4riluvut ja lukuj\u00e4rjestelm\u00e4muunnokset<\/h2>\n<p><a href=\"http:\/\/en.wikipedia.org\/wiki\/Binary_numeral_system\" target=\"_top\"> Binary numeral system &#8211; From Wikipedia, the free encyclopedia <\/a><\/p>\n<h2>Java API<\/h2>\n<p>Java-kielen omat luokat kuvataan kielen <a href=\"http:\/\/docs.oracle.com\/javase\/8\/docs\/api\/\" target=\"_top\"> API-dokumentaatiossa<\/a>.<\/p>\n<h2>Kahden komplementti<\/h2>\n<p><a href=\"http:\/\/en.wikipedia.org\/wiki\/Two%27s_complement\" target=\"_top\"> Two&#8217;s complement &#8211; From Wikipedia, the free encyclopedia. <\/a><\/p>\n<h2>Liukuluvut<\/h2>\n<p><a href=\"http:\/\/en.wikipedia.org\/wiki\/IEEE_754\" target=\"_top\"> IEEE floating-point standard &#8211; From Wikipedia, the free encyclopedia. <\/a><\/p>\n<h2><a name=\"vuokaaviot\"><\/a>Vuokaaviot<\/h2>\n<p>Vuokaavioiden piirtoon voi k\u00e4ytt\u00e4\u00e4 t\u00e4h\u00e4n tarkoitukseen tehtyj\u00e4 ohjelmia, mutta vuokaavioita voi piirt\u00e4\u00e4 my\u00f6s muillakin ohjelmilla.<\/p>\n<p>Kaavioita saa aikaiseksi muun muassa yliopiston mikroluokista l\u00f6ytyv\u00e4ll\u00e4 Microsoft Office -ohjelmistolla. Esimerkiksi Microsoft Wordilla voi piirt\u00e4\u00e4 <a href=\"http:\/\/en.wikipedia.org\/wiki\/Vector_graphics\" target=\"_top\">vektorigrafiikkaa<\/a>. L\u00f6yd\u00e4t <em>Insert<\/em> | <em>Shapes<\/em>-valikosta kaavioihin sopivia symboleita. (P\u00e4\u00e4t\u00f6ssymboli on <em>Basic Shapes<\/em> -valikossa.)<\/p>\n<p>Kaavioita voi tuottaa my\u00f6s vektorigrafiikan taitavilla piirto-ohjelmilla. Ilmaiseen <a href=\"http:\/\/fi.libreoffice.org\/\" target=\"_top\">LibreOffice-ohjelmistoon<\/a> ja my\u00f6s <a href=\"http:\/\/fi.openoffice.org\/\" target=\"_top\">OpenOffice-ohjelmistoon<\/a> kuuluva Draw on t\u00e4llainen ohjelma. Samoin muun muassa <a href=\"http:\/\/www.inkscape.org\/\" target=\"_top\">Inskape<\/a>-ohjelma taitaa vektorigrafiikan. Kaavioiden piirt\u00e4mist\u00e4 bittikarttagrafiikalla esimerkiksi Microsoft Paint -ohjelmaa k\u00e4ytt\u00e4en ei suositella, koska t\u00e4llaisilla ohjelmilla piirt\u00e4minen on vaikeaa ja j\u00e4lki on melko rumaa.<\/p>\n<p>Jos k\u00e4ytett\u00e4viss\u00e4 olevasta ohjelmasta ei l\u00f6ydy juuri kurssimateriaalissa esitetyn kaltaisia symboleita, niin ne voi korvata &#8221;l\u00e4himm\u00e4ll\u00e4&#8221;. Esimerkiksi alku- ja loppusymbolit voi piirt\u00e4\u00e4 h\u00e4t\u00e4tilanteessa ellipseiksi.<\/p>\n<p>K\u00e4sinkin piirretyist\u00e4 kuvioista otetut skannaukset tai valokuvat kelpaavat my\u00f6s. Huomaa, ett\u00e4 kuvan on oltava WETOn hyv\u00e4ksym\u00e4\u00e4 muotoa.<\/p>\n<p><a href=\"http:\/\/live.gnome.org\/Dia\">Dia<\/a> on er\u00e4s ilmainen ohjelma vuokaavioiden ja paljon muunkin piirtoon. Linux-version lis\u00e4ksi l\u00f6ytyy my\u00f6s <a href=\"http:\/\/dia-installer.de\/index_en.html\" target=\"_top\"> versio Windowsille<\/a>. Dia on asennettu yliopiston mikroluokkiin.<\/p>\n<p>Kaavioiden piirtoon sopivista ohjelmista on my\u00f6s ilmaisversioita, joissa on yleens\u00e4 k\u00e4ytt\u00f6aikarajoitus. K\u00e4ytt\u00f6ajan loputtua ohjelmalla tehtyj\u00e4 kaavioita ei voi en\u00e4\u00e4 muokata. Esimerkiksi kaupallisesta <a href=\"http:\/\/www.rff.com\/\" target=\"_top\">RFFlow-ohjelmasta<\/a> on saatavilla ilmainen <a href=\"http:\/\/www.rff.com\/download.htm\" target=\"_top\">kokeiluversio<\/a>, jota voi k\u00e4ytt\u00e4\u00e4 30 p\u00e4iv\u00e4\u00e4.<\/p>\n<p>Piirto-ohjelmien lis\u00e4ksi kaavioita tehd\u00e4 verkkoselaimen kautta k\u00e4ytett\u00e4vill\u00e4 piirtopalveluilla, joista osa on ilmaisia.<\/p>\n<h2>Verkkokirjoja<\/h2>\n<p>David J. Eck: <a href=\"http:\/\/math.hws.edu\/javanotes\/\">Introduction to Programming Using Java<\/a>, Seventh Edition, Version 7.0, August 2014. Valitettavan nopeasti olio-ohjelmointiin etenev\u00e4 oppikirja. Kurssin kannalta oleellisinta aineista on luvuissa 1\u20133.<\/p>\n","protected":false},"excerpt":{"rendered":"<p>ASCII-merkist\u00f6 American Standard Code for Information Interchange (ASCII) &#8211; From Wikipedia, the free encyclopedia. Bin\u00e4\u00e4riluvut ja lukuj\u00e4rjestelm\u00e4muunnokset Binary numeral system &#8211; From Wikipedia, the free encyclopedia Java API Java-kielen omat luokat kuvataan kielen API-dokumentaatiossa. Kahden komplementti Two&#8217;s complement &#8211; From Wikipedia, the free encyclopedia. Liukuluvut IEEE floating-point standard &#8211; From Wikipedia, the free encyclopedia. Vuokaaviot &hellip; <a href=\"https:\/\/coursepages2.tuni.fi\/tiep1\/syksy-2018\/linkit\/\" class=\"more-link\">Jatka artikkeliin <span class=\"screen-reader-text\">Linkit<\/span><\/a><\/p>\n","protected":false},"author":6,"featured_media":0,"parent":820,"menu_order":7,"comment_status":"closed","ping_status":"closed","template":"","meta":{"footnotes":""},"class_list":["post-925","page","type-page","status-publish","hentry"],"_links":{"self":[{"href":"https:\/\/coursepages2.tuni.fi\/tiep1\/wp-json\/wp\/v2\/pages\/925","targetHints":{"allow":["GET"]}}],"collection":[{"href":"https:\/\/coursepages2.tuni.fi\/tiep1\/wp-json\/wp\/v2\/pages"}],"about":[{"href":"https:\/\/coursepages2.tuni.fi\/tiep1\/wp-json\/wp\/v2\/types\/page"}],"author":[{"embeddable":true,"href":"https:\/\/coursepages2.tuni.fi\/tiep1\/wp-json\/wp\/v2\/users\/6"}],"replies":[{"embeddable":true,"href":"https:\/\/coursepages2.tuni.fi\/tiep1\/wp-json\/wp\/v2\/comments?post=925"}],"version-history":[{"count":2,"href":"https:\/\/coursepages2.tuni.fi\/tiep1\/wp-json\/wp\/v2\/pages\/925\/revisions"}],"predecessor-version":[{"id":927,"href":"https:\/\/coursepages2.tuni.fi\/tiep1\/wp-json\/wp\/v2\/pages\/925\/revisions\/927"}],"up":[{"embeddable":true,"href":"https:\/\/coursepages2.tuni.fi\/tiep1\/wp-json\/wp\/v2\/pages\/820"}],"wp:attachment":[{"href":"https:\/\/coursepages2.tuni.fi\/tiep1\/wp-json\/wp\/v2\/media?parent=925"}],"curies":[{"name":"wp","href":"https:\/\/api.w.org\/{rel}","templated":true}]}}