{"id":922,"date":"2018-09-06T08:14:41","date_gmt":"2018-09-06T05:14:41","guid":{"rendered":"https:\/\/coursepages.uta.fi\/tiep1\/?page_id=922"},"modified":"2018-10-06T21:34:06","modified_gmt":"2018-10-06T18:34:06","slug":"yhteystiedot","status":"publish","type":"page","link":"https:\/\/coursepages2.tuni.fi\/tiep1\/syksy-2018\/yhteystiedot\/","title":{"rendered":"Yhteystiedot"},"content":{"rendered":"<p><b><a href=\"http:\/\/www.uta.fi\/sis\/yhteystiedot\/henkilokunta\/jormalaurikkala.html\">Jorma Laurikkala<\/a><\/b><\/p>\n<ul>\n<li value=\"0\">Kurssin vastuuopettaja.<\/li>\n<li value=\"0\">Luennot, ohjatut mikroharjoitukset ja tentit.<\/li>\n<li value=\"0\"><i>jorma.laurikkala@uta.fi<\/i><\/li>\n<li value=\"0\">Tavattavissa luentojen ja ohjattujen mikroharjoitusten (ke klo 12\u201314) yhteydess\u00e4 sek\u00e4 aina, kun paikalla ty\u00f6huoneessa B1025, jossa on my\u00f6s virallinen vastaanotto to klo 12\u201313.<\/li>\n<\/ul>\n<p><b>Kari Kuukka<\/b><\/p>\n<ul>\n<li value=\"0\">Harjoitukset.<\/li>\n<li value=\"0\"><i>sukunimi.etunimi.j@student.uta.fi<\/i><\/li>\n<li value=\"0\">Tavattavissa: harjoitusten (ti klo 14\u201316 ja ti klo 16\u201318) yhteydess\u00e4.<\/li>\n<\/ul>\n<p><b>Kimmo Ronkainen<\/b><\/p>\n<ul>\n<li value=\"0\">Harjoitukset.<\/li>\n<li value=\"0\"><i>etunimi.sukunimi@uta.fi<\/i><\/li>\n<li value=\"0\">Tavattavissa: harjoitusten (ma klo 12\u201314 ja ti klo 12\u201314) yhteydess\u00e4.<\/li>\n<\/ul>\n","protected":false},"excerpt":{"rendered":"<p>Jorma Laurikkala Kurssin vastuuopettaja. Luennot, ohjatut mikroharjoitukset ja tentit. jorma.laurikkala@uta.fi Tavattavissa luentojen ja ohjattujen mikroharjoitusten (ke klo 12\u201314) yhteydess\u00e4 sek\u00e4 aina, kun paikalla ty\u00f6huoneessa B1025, jossa on my\u00f6s virallinen vastaanotto to klo 12\u201313. Kari Kuukka Harjoitukset. sukunimi.etunimi.j@student.uta.fi Tavattavissa: harjoitusten (ti klo 14\u201316 ja ti klo 16\u201318) yhteydess\u00e4. Kimmo Ronkainen Harjoitukset. etunimi.sukunimi@uta.fi Tavattavissa: harjoitusten (ma klo &hellip; <a href=\"https:\/\/coursepages2.tuni.fi\/tiep1\/syksy-2018\/yhteystiedot\/\" class=\"more-link\">Jatka artikkeliin <span class=\"screen-reader-text\">Yhteystiedot<\/span><\/a><\/p>\n","protected":false},"author":6,"featured_media":0,"parent":820,"menu_order":8,"comment_status":"closed","ping_status":"closed","template":"","meta":{"footnotes":""},"class_list":["post-922","page","type-page","status-publish","hentry"],"_links":{"self":[{"href":"https:\/\/coursepages2.tuni.fi\/tiep1\/wp-json\/wp\/v2\/pages\/922","targetHints":{"allow":["GET"]}}],"collection":[{"href":"https:\/\/coursepages2.tuni.fi\/tiep1\/wp-json\/wp\/v2\/pages"}],"about":[{"href":"https:\/\/coursepages2.tuni.fi\/tiep1\/wp-json\/wp\/v2\/types\/page"}],"author":[{"embeddable":true,"href":"https:\/\/coursepages2.tuni.fi\/tiep1\/wp-json\/wp\/v2\/users\/6"}],"replies":[{"embeddable":true,"href":"https:\/\/coursepages2.tuni.fi\/tiep1\/wp-json\/wp\/v2\/comments?post=922"}],"version-history":[{"count":3,"href":"https:\/\/coursepages2.tuni.fi\/tiep1\/wp-json\/wp\/v2\/pages\/922\/revisions"}],"predecessor-version":[{"id":951,"href":"https:\/\/coursepages2.tuni.fi\/tiep1\/wp-json\/wp\/v2\/pages\/922\/revisions\/951"}],"up":[{"embeddable":true,"href":"https:\/\/coursepages2.tuni.fi\/tiep1\/wp-json\/wp\/v2\/pages\/820"}],"wp:attachment":[{"href":"https:\/\/coursepages2.tuni.fi\/tiep1\/wp-json\/wp\/v2\/media?parent=922"}],"curies":[{"name":"wp","href":"https:\/\/api.w.org\/{rel}","templated":true}]}}