{"id":876,"date":"2018-09-06T07:18:08","date_gmt":"2018-09-06T04:18:08","guid":{"rendered":"https:\/\/coursepages.uta.fi\/tiep1\/?page_id=876"},"modified":"2018-09-11T23:34:03","modified_gmt":"2018-09-11T20:34:03","slug":"ohjelmointivalineita","status":"publish","type":"page","link":"https:\/\/coursepages2.tuni.fi\/tiep1\/syksy-2018\/ohjelmointivalineita\/","title":{"rendered":"Ohjelmointiv\u00e4lineit\u00e4"},"content":{"rendered":"<p>Pienten Java-ohjelmien tuottaminen onnistuu varsin yksinkertaisilla v\u00e4lineill\u00e4. Tarvitaan k\u00e4\u00e4nt\u00e4j\u00e4 (javac), tulkki (java), komentoikkuna ja tekstieditori. Tekstieditori voi olla hyvin yksinkertainen, esimerkiksi Windowsissa Notepad, kunhan siin\u00e4 on toiminto, jolla n\u00e4kee rivinumeron.<\/p>\n","protected":false},"excerpt":{"rendered":"<p>Pienten Java-ohjelmien tuottaminen onnistuu varsin yksinkertaisilla v\u00e4lineill\u00e4. Tarvitaan k\u00e4\u00e4nt\u00e4j\u00e4 (javac), tulkki (java), komentoikkuna ja tekstieditori. Tekstieditori voi olla hyvin yksinkertainen, esimerkiksi Windowsissa Notepad, kunhan siin\u00e4 on toiminto, jolla n\u00e4kee rivinumeron.<\/p>\n","protected":false},"author":6,"featured_media":0,"parent":820,"menu_order":4,"comment_status":"closed","ping_status":"closed","template":"","meta":{"footnotes":""},"class_list":["post-876","page","type-page","status-publish","hentry"],"_links":{"self":[{"href":"https:\/\/coursepages2.tuni.fi\/tiep1\/wp-json\/wp\/v2\/pages\/876","targetHints":{"allow":["GET"]}}],"collection":[{"href":"https:\/\/coursepages2.tuni.fi\/tiep1\/wp-json\/wp\/v2\/pages"}],"about":[{"href":"https:\/\/coursepages2.tuni.fi\/tiep1\/wp-json\/wp\/v2\/types\/page"}],"author":[{"embeddable":true,"href":"https:\/\/coursepages2.tuni.fi\/tiep1\/wp-json\/wp\/v2\/users\/6"}],"replies":[{"embeddable":true,"href":"https:\/\/coursepages2.tuni.fi\/tiep1\/wp-json\/wp\/v2\/comments?post=876"}],"version-history":[{"count":1,"href":"https:\/\/coursepages2.tuni.fi\/tiep1\/wp-json\/wp\/v2\/pages\/876\/revisions"}],"predecessor-version":[{"id":877,"href":"https:\/\/coursepages2.tuni.fi\/tiep1\/wp-json\/wp\/v2\/pages\/876\/revisions\/877"}],"up":[{"embeddable":true,"href":"https:\/\/coursepages2.tuni.fi\/tiep1\/wp-json\/wp\/v2\/pages\/820"}],"wp:attachment":[{"href":"https:\/\/coursepages2.tuni.fi\/tiep1\/wp-json\/wp\/v2\/media?parent=876"}],"curies":[{"name":"wp","href":"https:\/\/api.w.org\/{rel}","templated":true}]}}