{"id":836,"date":"2018-08-31T18:15:01","date_gmt":"2018-08-31T15:15:01","guid":{"rendered":"https:\/\/coursepages.uta.fi\/tiep1\/?page_id=836"},"modified":"2018-10-19T16:43:53","modified_gmt":"2018-10-19T13:43:53","slug":"ilmoittautuminen","status":"publish","type":"page","link":"https:\/\/coursepages2.tuni.fi\/tiep1\/syksy-2018\/ilmoittautuminen\/","title":{"rendered":"Ilmoittautuminen"},"content":{"rendered":"<p><span style=\"background-color: #ffff99\">Ilmoittautuminen on suljettu. Ota yhteytt\u00e4 kurssin vastuuopettajaan, jos haluat j\u00e4lki-ilmoittautua tai perua kurssi-ilmoittautumisen.<\/span><\/p>\n<p>Kaikkien kurssilaisten tulee ilmoittautua s\u00e4hk\u00f6isesti kahdessa vaiheessa. Ilmoittaudu ensin <a href=\"https:\/\/www10.uta.fi\/opas\/opetusohjelma\/marjapuuro.htm?id=38552\" target=\"_blank\" rel=\"noopener\">NettiOpsussa<\/a> sunnuntaihin 2.9.2018 klo 23.59 menness\u00e4 ja t\u00e4yt\u00e4 t\u00e4m\u00e4n j\u00e4lkeen perjantaihin 7.9.2018 klo 12.00 (keskip\u00e4iv\u00e4) menness\u00e4 erillinen lomake, jolla tiedustellaan taustatietoja ja harjoitusryhm\u00e4valintasi. Edelliseen poikkeuksena Tampereen avoimen yliopiston opiskelijat, jotka ilmoittautuvat NettiOpsun sijasta avoimen yliopiston j\u00e4rjestelm\u00e4n kautta. My\u00f6s avoimen yliopiston opiskelijoiden tulee t\u00e4ytt\u00e4\u00e4 lomake. Lomakkeelle kirjaudutaan peruspalvelutunnuksella.<\/p>\n<p>Et voi muuttaa lomakkeen tietoja ilmoittautumisen j\u00e4lkeen. Muista siis laittaa yl\u00f6s valitsemasi harjoitusryhm\u00e4 ja tallenna lomakkeen t\u00e4yt\u00f6n j\u00e4lkeen saamasi s\u00e4hk\u00f6posti. Ota yhteytt\u00e4 vastuuopettajaan, jos haluat vaihtaa harjoitusryhm\u00e4\u00e4 tai perua ilmoittautumisesi.<\/p>\n<p>V\u00e4lt\u00e4 harjoitusryhm\u00e4paikan varaamista vain varmuuden vuoksi, koska turhaan varattu paikka voi olla pois toiselta kurssilaiselta.<\/p>\n<p>Kuhunkin harjoitusryhm\u00e4saliin mahtuu noin 30 henkil\u00f6\u00e4. Jos ryhm\u00e4\u00e4n ilmoittautuu huomattavasti enemm\u00e4n opiskelijoita, niin kurssin vastuuopettaja siirt\u00e4\u00e4 ryhm\u00e4\u00e4n viimeksi ilmoittautuneet heille toiseksi parhaiten sopiviin ryhmiin. Jos jokin ryhmist\u00e4 j\u00e4\u00e4 selv\u00e4sti vajaaksi, on mahdollista, ett\u00e4 kyseinen ryhm\u00e4 lakkautetaan ja siihen ilmoittautuneet opiskelijat siirret\u00e4\u00e4n heille toiseksi parhaiten sopiviin ryhmiin.<\/p>\n<p>Ilmoittautumisen peruminen on t\u00e4rke\u00e4\u00e4, jos et aloita kurssia tai keskeyt\u00e4t kurssin. Ilman perumista k\u00e4ytt\u00e4m\u00e4t\u00f6n kurssipaikka n\u00e4kyy opintorekisteriss\u00e4 siten, ett\u00e4 arvosanaksesi kirjataan hyl\u00e4tty. Ilmoittautumisen voi perua erillisell\u00e4 lomakkeella <span class=\"ajastettuJulkinen\">30.9.2018 klo 23.59 menness\u00e4<\/span>.<\/p>\n","protected":false},"excerpt":{"rendered":"<p>Ilmoittautuminen on suljettu. Ota yhteytt\u00e4 kurssin vastuuopettajaan, jos haluat j\u00e4lki-ilmoittautua tai perua kurssi-ilmoittautumisen. Kaikkien kurssilaisten tulee ilmoittautua s\u00e4hk\u00f6isesti kahdessa vaiheessa. Ilmoittaudu ensin NettiOpsussa sunnuntaihin 2.9.2018 klo 23.59 menness\u00e4 ja t\u00e4yt\u00e4 t\u00e4m\u00e4n j\u00e4lkeen perjantaihin 7.9.2018 klo 12.00 (keskip\u00e4iv\u00e4) menness\u00e4 erillinen lomake, jolla tiedustellaan taustatietoja ja harjoitusryhm\u00e4valintasi. Edelliseen poikkeuksena Tampereen avoimen yliopiston opiskelijat, jotka ilmoittautuvat NettiOpsun sijasta &hellip; <a href=\"https:\/\/coursepages2.tuni.fi\/tiep1\/syksy-2018\/ilmoittautuminen\/\" class=\"more-link\">Jatka artikkeliin <span class=\"screen-reader-text\">Ilmoittautuminen<\/span><\/a><\/p>\n","protected":false},"author":6,"featured_media":0,"parent":820,"menu_order":1,"comment_status":"closed","ping_status":"closed","template":"","meta":{"footnotes":""},"class_list":["post-836","page","type-page","status-publish","hentry"],"_links":{"self":[{"href":"https:\/\/coursepages2.tuni.fi\/tiep1\/wp-json\/wp\/v2\/pages\/836","targetHints":{"allow":["GET"]}}],"collection":[{"href":"https:\/\/coursepages2.tuni.fi\/tiep1\/wp-json\/wp\/v2\/pages"}],"about":[{"href":"https:\/\/coursepages2.tuni.fi\/tiep1\/wp-json\/wp\/v2\/types\/page"}],"author":[{"embeddable":true,"href":"https:\/\/coursepages2.tuni.fi\/tiep1\/wp-json\/wp\/v2\/users\/6"}],"replies":[{"embeddable":true,"href":"https:\/\/coursepages2.tuni.fi\/tiep1\/wp-json\/wp\/v2\/comments?post=836"}],"version-history":[{"count":14,"href":"https:\/\/coursepages2.tuni.fi\/tiep1\/wp-json\/wp\/v2\/pages\/836\/revisions"}],"predecessor-version":[{"id":1168,"href":"https:\/\/coursepages2.tuni.fi\/tiep1\/wp-json\/wp\/v2\/pages\/836\/revisions\/1168"}],"up":[{"embeddable":true,"href":"https:\/\/coursepages2.tuni.fi\/tiep1\/wp-json\/wp\/v2\/pages\/820"}],"wp:attachment":[{"href":"https:\/\/coursepages2.tuni.fi\/tiep1\/wp-json\/wp\/v2\/media?parent=836"}],"curies":[{"name":"wp","href":"https:\/\/api.w.org\/{rel}","templated":true}]}}