{"id":1210,"date":"2018-12-02T22:44:03","date_gmt":"2018-12-02T20:44:03","guid":{"rendered":"https:\/\/coursepages.uta.fi\/tiep1\/?page_id=1210"},"modified":"2018-12-02T22:58:50","modified_gmt":"2018-12-02T20:58:50","slug":"palaute","status":"publish","type":"page","link":"https:\/\/coursepages2.tuni.fi\/tiep1\/syksy-2018\/palaute\/","title":{"rendered":"Palaute"},"content":{"rendered":"<p>Palautteen antaminen on kurssin pakollinen osasuoritus. Kurssin suorittaminen vaatii harjoitusten ja tentin suorittamisen lis\u00e4ksi palautteen antoa.<\/p>\n<p><strong>Palaute on nimet\u00f6nt\u00e4<\/strong>.<\/p>\n<p>Anna palaute vain, mik\u00e4li olet lukenut alla annetut ohjeet.<\/p>\n<p>Palautetta antaessaan on hyv\u00e4 muistaa seuraavaa:<\/p>\n<ul>\n<li>Asiallinen ja rakentava kritiikki on aina tervetullutta.<\/li>\n<li>Risujen lis\u00e4si voi antaa ruusujakin. Jos katsot jonkin asian kehumisen arvoiseksi, niin sano ihmeess\u00e4.<\/li>\n<li>Lomakkeen voi t\u00e4ytt\u00e4\u00e4 vain kerran eik\u00e4 palautetta p\u00e4\u00e4se en\u00e4\u00e4 muuttamaan sen l\u00e4hett\u00e4misen j\u00e4lkeen.<\/li>\n<\/ul>\n<p>Jos lomakkeen j\u00e4tt\u00e4\u00e4 auki kovin pitk\u00e4ksi aikaa, niin j\u00e4rjestelm\u00e4 saattaa katsoa istunnon &#8221;vanhentuneen&#8221; eik\u00e4 hyv\u00e4ksy palautetta. Kirjoita varmuuden vuoksi pitempi tekstimuotoinen palaute ensin esimerkiksi Notepad-ohjelmaan ja kopioi teksti lomakkeelle. T\u00e4m\u00e4 edellytt\u00e4\u00e4 tietysti sit\u00e4, ett\u00e4 olet k\u00e4ynyt ensin lukemassa kysymykset lomakkeelta.<\/p>\n<p>Yliopiston s\u00e4hk\u00f6postiosoitteeseesi on l\u00e4hetetty 2.12. klo 22.47 viesti otsikolla &#8221;Annathan palautteen kurssista\/Please give feedback on &#8221;TIEP1 Lausekielinen ohjelmointi I 2018&#8243;&#8221;. Viestiss\u00e4 on henkil\u00f6kohtainen linkki palautelomakkeelle. Avaa lomake vain t\u00e4m\u00e4n linkin kautta, jotta palautej\u00e4rjestelm\u00e4 osaa rekister\u00f6id\u00e4 sinut palautteen antaneiden joukkoon. \u00c4l\u00e4 avaa lomaketta kenenk\u00e4\u00e4n muun kurssilaisen saaman linkin kautta, koska t\u00e4ll\u00f6in palautteen antajaksi rekister\u00f6ityy sinun sijastasi linkkins\u00e4 jakanut kurssilainen.<\/p>\n<p>Jos viesti ei l\u00f6ydy saapuneiden viestien kansiosta, niin tarkista ettei postiohjelmasi ole laittanut viesti\u00e4 roskapostilaatikkoon.<\/p>\n<p>J\u00e4rjestelm\u00e4 ei yhdist\u00e4 palautetta ja tietoa palautteen annosta toisiinsa. N\u00e4in opettaja voi tarkistaa onko palaute annettu, mutta ei voi t\u00e4m\u00e4n tiedon perusteella p\u00e4\u00e4tell\u00e4 mik\u00e4 palautteista on sinun antamasi.<\/p>\n<p>Laita s\u00e4hk\u00f6postia kurssin vastuuopettajalle, jos et ole saanut linkin sis\u00e4lt\u00e4v\u00e4\u00e4 postia, et p\u00e4\u00e4se lomakeelle, havaitset lomakkeen toiminnassa teknisen virheen tai jos sinulla on mit\u00e4 tahansa kysytt\u00e4v\u00e4\u00e4 palautteesta.<\/p>\n","protected":false},"excerpt":{"rendered":"<p>Palautteen antaminen on kurssin pakollinen osasuoritus. Kurssin suorittaminen vaatii harjoitusten ja tentin suorittamisen lis\u00e4ksi palautteen antoa. Palaute on nimet\u00f6nt\u00e4. Anna palaute vain, mik\u00e4li olet lukenut alla annetut ohjeet. Palautetta antaessaan on hyv\u00e4 muistaa seuraavaa: Asiallinen ja rakentava kritiikki on aina tervetullutta. Risujen lis\u00e4si voi antaa ruusujakin. Jos katsot jonkin asian kehumisen arvoiseksi, niin sano ihmeess\u00e4. &hellip; <a href=\"https:\/\/coursepages2.tuni.fi\/tiep1\/syksy-2018\/palaute\/\" class=\"more-link\">Jatka artikkeliin <span class=\"screen-reader-text\">Palaute<\/span><\/a><\/p>\n","protected":false},"author":6,"featured_media":0,"parent":820,"menu_order":6,"comment_status":"closed","ping_status":"closed","template":"","meta":{"footnotes":""},"class_list":["post-1210","page","type-page","status-publish","hentry"],"_links":{"self":[{"href":"https:\/\/coursepages2.tuni.fi\/tiep1\/wp-json\/wp\/v2\/pages\/1210","targetHints":{"allow":["GET"]}}],"collection":[{"href":"https:\/\/coursepages2.tuni.fi\/tiep1\/wp-json\/wp\/v2\/pages"}],"about":[{"href":"https:\/\/coursepages2.tuni.fi\/tiep1\/wp-json\/wp\/v2\/types\/page"}],"author":[{"embeddable":true,"href":"https:\/\/coursepages2.tuni.fi\/tiep1\/wp-json\/wp\/v2\/users\/6"}],"replies":[{"embeddable":true,"href":"https:\/\/coursepages2.tuni.fi\/tiep1\/wp-json\/wp\/v2\/comments?post=1210"}],"version-history":[{"count":6,"href":"https:\/\/coursepages2.tuni.fi\/tiep1\/wp-json\/wp\/v2\/pages\/1210\/revisions"}],"predecessor-version":[{"id":1220,"href":"https:\/\/coursepages2.tuni.fi\/tiep1\/wp-json\/wp\/v2\/pages\/1210\/revisions\/1220"}],"up":[{"embeddable":true,"href":"https:\/\/coursepages2.tuni.fi\/tiep1\/wp-json\/wp\/v2\/pages\/820"}],"wp:attachment":[{"href":"https:\/\/coursepages2.tuni.fi\/tiep1\/wp-json\/wp\/v2\/media?parent=1210"}],"curies":[{"name":"wp","href":"https:\/\/api.w.org\/{rel}","templated":true}]}}