{"id":1100,"date":"2018-10-06T21:34:48","date_gmt":"2018-10-06T18:34:48","guid":{"rendered":"https:\/\/coursepages.uta.fi\/tiep1\/?page_id=1100"},"modified":"2019-05-23T19:17:49","modified_gmt":"2019-05-23T16:17:49","slug":"tentit","status":"publish","type":"page","link":"https:\/\/coursepages2.tuni.fi\/tiep1\/syksy-2018\/tentit\/","title":{"rendered":"Tentit"},"content":{"rendered":"<p>Tentit tehd\u00e4\u00e4n s\u00e4hk\u00f6isesti mikroluokan koneella. Tentist\u00e4 on kerrottu lis\u00e4\u00e4 <a href=\"http:\/\/www.sis.uta.fi\/%7Elaki1\/syksy-2018\/tentit\/info\/\">infokalvoilta<\/a>.<\/p>\n<p>Lue ennen tentti\u00e4 my\u00f6s <a href=\"http:\/\/www.sis.uta.fi\/~laki1\/syksy-2018\/tentit\/ohjeet\/\">infokalvoja t\u00e4ydent\u00e4v\u00e4t ja tarkentavat tenttiohjeet<\/a>.<\/p>\n<p>Voit valmistautua tenttiin tekem\u00e4ll\u00e4 mallitentin (<a href=\"http:\/\/www.sis.uta.fi\/%7Elaki1\/syksy-2018\/tentit\/mallitentti\/laki1_2018_mallitentti.pdf\" target=\"_blank\" rel=\"noopener\">pdf<\/a>, <a href=\"http:\/\/www.sis.uta.fi\/%7Elaki1\/syksy-2018\/tentit\/mallitentti\/laki1_2018_mallitentti.rtf\" target=\"_blank\" rel=\"noopener\">rtf<\/a>) WETOssa.<\/p>\n<p>Tentteihin ilmoittaudutaan eLomakkeella. Ilmoittautuminen ei ole mahdollista NettiOpsussa, WENTTIss\u00e4 tai NettiRekassa. <strong>Ilmoittaudu vain, jos p\u00e4\u00e4set paikalle varmasti, koska konepaikkoja on rajallisesti<\/strong>.<strong>Samoin<\/strong> <strong>on t\u00e4rke\u00e4\u00e4, ett\u00e4 muistat perua ilmoittautumisesi esteen sattuessa<\/strong>, koska k\u00e4ytt\u00e4m\u00e4tt\u00e4 j\u00e4\u00e4nyt konepaikka voi hyvinkin olla pois toiselta kurssilaiselta.<\/p>\n<p>Voit valmistautua tenttiin tekem\u00e4ll\u00e4 WETOssa mallitentin. Tarkemmissa tenttiohjeissa kerrotaan luennoilla k\u00e4siteltyj\u00e4 infokalvoja enemm\u00e4n tenttik\u00e4yt\u00e4nteist\u00e4. Tenttiohje jaetaan paperilla tenttij\u00f6ille. Mallitentti ja tenttiohje julkaistaan my\u00f6hemmin.<\/p>\n<p>Uusintatenttien ajankohdat julkaistaan my\u00f6hemmin ja uusintoihin ilmoittaudutaan erillisell\u00e4 lomakkeella.<\/p>\n<h3>Lopputentti<\/h3>\n<p><strong>Lopputentti on tiistaina 23.10. klo 17\u201320<\/strong>.<\/p>\n<p>Ilmoittaudu tenttiin <a href=\"https:\/\/elomake3.uta.fi\/lomakkeet\/22218\/lomake.html\" target=\"_blank\" rel=\"noopener\">t\u00e4\u00e4ll\u00e4<\/a>.<\/p>\n<p>Saat ilmoittautumisen j\u00e4lkeen yliopiston s\u00e4hk\u00f6postiisi viestin, jossa on valitsemasi tentin tiedot ja linkki, jonka kautta voit perua ilmoittautumisesi. ELomake ei osaa p\u00e4ivitt\u00e4\u00e4 ilmoittautumistasi. Tenttitilan vaihtaminen tai muiden tietojen p\u00e4ivitt\u00e4minen on teht\u00e4v\u00e4 siksi perumalla alkuper\u00e4inen ilmoittautuminen ja t\u00e4ytt\u00e4m\u00e4ll\u00e4 lomake uudelleen, jotta j\u00e4rjestelm\u00e4\u00e4n ei tallentuisi kahta ilmoittautumista. Tenttitila kannattaa valita harkiten jo alunperin, koska t\u00e4yttyneeseen tilaan vaihtaminen ei onnistu.<\/p>\n<p>N\u00e4et valitsemasi tenttitilan WETOn l\u00e4hett\u00e4m\u00e4st\u00e4 viestist\u00e4, jos tila p\u00e4\u00e4see unohtumaan.Tilan voi palauttaa mieleen my\u00f6s ilmoittautumisen p\u00e4\u00e4tytty\u00e4 WETOn <em>Tentit<\/em>-kohdassa julkaistavassa listasta.<\/p>\n<p>Lopputenttiin ilmoittautuminen on auki sunnuntaihin 21.10. klo 23.55 saakka. Tentti-ilmoittautumisen voi my\u00f6s perua linkin kautta aina t\u00e4h\u00e4n saakka. Ota lomakkeen sulkeutumisen j\u00e4lkeen yhteytt\u00e4 kurssin vastuuopettajaan s\u00e4hk\u00f6postitse, jos haluat ilmoittautua tai perua ilmoittautumisesi.<\/p>\n<h3>Uusintatentit<\/h3>\n<p>Kurssilla on kaksi virallista uusintatentti\u00e4. Tarvittaessa j\u00e4rjestet\u00e4\u00e4n lis\u00e4uusintatentti (kolmas uusinta). My\u00f6s uusintatentit ovat s\u00e4hk\u00f6isi\u00e4.<\/p>\n<p>Ensimm\u00e4inen uusintatentti on keskiviikkona 28.11. klo 17\u201320 (ML1, ML7 ja ML8). Ilmoittaudu tenttiin <a href=\"https:\/\/elomake3.uta.fi\/lomakkeet\/22595\/lomake.html\" target=\"_blank\" rel=\"noopener\">t\u00e4\u00e4ll\u00e4<\/a> keskiviikkoon klo 12.00 (keskip\u00e4iv\u00e4) menness\u00e4, jos olet tulossa uusintaan.<\/p>\n<p>Toinen uusintatentti on tiistaina 22.1.2019 klo 16\u201319 (ML50). Ilmoittaudu tenttiin <a href=\"https:\/\/elomake3.uta.fi\/lomakkeet\/22868\/lomake.html\" target=\"_blank\" rel=\"noopener\">t\u00e4\u00e4ll\u00e4<\/a> maanantaihin 21.1. klo 12.00 (keskip\u00e4iv\u00e4) menness\u00e4, jos olet tulossa uusintaan. Ilmoittautumisen voi perua maanantaihin 21.1. klo 12.00 (keskip\u00e4iv\u00e4) saakka eLomakkeen kautta.<\/p>\n<p>Ylim\u00e4\u00e4r\u00e4inen uusintatentti on perjantaina 17.5. klo 12.30\u201315.30 mikroluokassa ML8 Olio-ohjelmoinnin perusteet I -kurssin tentin yhteydess\u00e4. lmoittaudu s\u00e4hk\u00f6postilla kurssin vastuuopettajalle, jos olet tulossa tenttiin.<\/p>\n<h2><a name=\"tulokset\"><\/a>Tulokset<\/h2>\n<p>Yksitt\u00e4isten tenttien tulokset l\u00f6ytyv\u00e4t WETOssa <em>Lausekielinen ohjelmointi I 2018<\/em> | <em>Tentit<\/em> -kohdan alikohtien <em>Grading<\/em>-v\u00e4lilehdilt\u00e4.<\/p>\n<p>WETOn <em>Lausekielinen ohjelmointi I 2018<\/em> | <em>Tentit<\/em> -kohdan <em>Grades<\/em>-v\u00e4lilehden <em>Tentit<\/em>-sarakkeessa n\u00e4kyy loppu- ja uusintatenttien suurin pistem\u00e4\u00e4r\u00e4 vain, jos ainakin yhdess\u00e4 tentiss\u00e4 pisteit\u00e4 on ollut v\u00e4hint\u00e4\u00e4n 12. Jos pisteet ovat j\u00e4\u00e4neet alle hyv\u00e4ksymisrajan, pistem\u00e4\u00e4r\u00e4 on <em>Unspecified<\/em>.<\/p>\n<p>Huomaa, ett\u00e4 n\u00e4ihin pisteisiin ei ole laskettu mukaan viikkoharjoituksista annettavia hyvityspisteit\u00e4. Ota yhteys kurssin vastuuopettajaan (jorma.laurikkala@uta.fi), mik\u00e4li ep\u00e4ilet arvostelussa tapahtuneen virheen. Tenttivastaukset ovat paperille tehtyjen vastausten tapaan n\u00e4ht\u00e4viss\u00e4 vastuuopettajan ty\u00f6huoneella B1025.<\/p>\n<p><strong>Lopputentti 23.10.2018<\/strong><\/p>\n<ul>\n<li>Ilmoittautuneita 227 kpl, saapuneita 217 kpl, saapumatta 10 kpl, hyv\u00e4ksyttyj\u00e4 175 kpl, hyl\u00e4ttyj\u00e4 39 kpl, luopuneita 3 kpl.<\/li>\n<li>Keskiarvo 17 pistett\u00e4 ja mediaani 19 pistett\u00e4.<\/li>\n<\/ul>\n<p><img loading=\"lazy\" decoding=\"async\" class=\"size-full wp-image-1195 aligncenter\" src=\"https:\/\/coursepages2.tuni.fi\/tiep1\/wp-content\/uploads\/sites\/6\/2018\/11\/pisteet_lopputentti.jpg\" alt=\"\" width=\"583\" height=\"345\" srcset=\"https:\/\/coursepages2.tuni.fi\/tiep1\/wp-content\/uploads\/sites\/6\/2018\/11\/pisteet_lopputentti.jpg 583w, https:\/\/coursepages2.tuni.fi\/tiep1\/wp-content\/uploads\/sites\/6\/2018\/11\/pisteet_lopputentti-300x178.jpg 300w\" sizes=\"auto, (max-width: 583px) 100vw, 583px\" \/><\/p>\n<p><strong>Ensimm\u00e4inen uusintatentti 28.11.2018<\/strong><\/p>\n<ul>\n<li>Ilmoittautuneita 38 kpl, saapuneita 34 kpl, saapumatta 4 kpl, hyv\u00e4ksyttyj\u00e4 25 kpl, hyl\u00e4ttyj\u00e4 7 kpl, luopuneita 2 kpl.<\/li>\n<li>Keskiarvo 15 pistett\u00e4 ja mediaani 15 pistett\u00e4.<\/li>\n<\/ul>\n<p><strong>Toinen uusintatentti 22.1.2019<\/strong><\/p>\n<ul>\n<li>Ilmoittautuneita 24 kpl, saapuneita 21 kpl, saapumatta 3 kpl, hyv\u00e4ksyttyj\u00e4 16 kpl, hyl\u00e4ttyj\u00e4 5 kpl, luopuneita 0 kpl.<\/li>\n<li>Keskiarvo 16 pistett\u00e4 ja mediaani 16 pistett\u00e4.<\/li>\n<\/ul>\n<p><strong>Ylim\u00e4\u00e4r\u00e4inen uusintatentti 17.5.2019<\/strong><\/p>\n<ul>\n<li>Ilmoittautuneita 6 kpl, saapuneita 3 kpl, saapumatta 3 kpl, hyv\u00e4ksyttyj\u00e4 3 kpl, hyl\u00e4ttyj\u00e4 0 kpl, luopuneita 0 kpl.<\/li>\n<li>Keskiarvo 20 pistett\u00e4 ja mediaani 24 pistett\u00e4.<\/li>\n<\/ul>\n","protected":false},"excerpt":{"rendered":"<p>Tentit tehd\u00e4\u00e4n s\u00e4hk\u00f6isesti mikroluokan koneella. Tentist\u00e4 on kerrottu lis\u00e4\u00e4 infokalvoilta. Lue ennen tentti\u00e4 my\u00f6s infokalvoja t\u00e4ydent\u00e4v\u00e4t ja tarkentavat tenttiohjeet. Voit valmistautua tenttiin tekem\u00e4ll\u00e4 mallitentin (pdf, rtf) WETOssa. Tentteihin ilmoittaudutaan eLomakkeella. Ilmoittautuminen ei ole mahdollista NettiOpsussa, WENTTIss\u00e4 tai NettiRekassa. Ilmoittaudu vain, jos p\u00e4\u00e4set paikalle varmasti, koska konepaikkoja on rajallisesti.Samoin on t\u00e4rke\u00e4\u00e4, ett\u00e4 muistat perua ilmoittautumisesi esteen &hellip; <a href=\"https:\/\/coursepages2.tuni.fi\/tiep1\/syksy-2018\/tentit\/\" class=\"more-link\">Jatka artikkeliin <span class=\"screen-reader-text\">Tentit<\/span><\/a><\/p>\n","protected":false},"author":6,"featured_media":0,"parent":820,"menu_order":5,"comment_status":"closed","ping_status":"closed","template":"","meta":{"footnotes":""},"class_list":["post-1100","page","type-page","status-publish","hentry"],"_links":{"self":[{"href":"https:\/\/coursepages2.tuni.fi\/tiep1\/wp-json\/wp\/v2\/pages\/1100","targetHints":{"allow":["GET"]}}],"collection":[{"href":"https:\/\/coursepages2.tuni.fi\/tiep1\/wp-json\/wp\/v2\/pages"}],"about":[{"href":"https:\/\/coursepages2.tuni.fi\/tiep1\/wp-json\/wp\/v2\/types\/page"}],"author":[{"embeddable":true,"href":"https:\/\/coursepages2.tuni.fi\/tiep1\/wp-json\/wp\/v2\/users\/6"}],"replies":[{"embeddable":true,"href":"https:\/\/coursepages2.tuni.fi\/tiep1\/wp-json\/wp\/v2\/comments?post=1100"}],"version-history":[{"count":35,"href":"https:\/\/coursepages2.tuni.fi\/tiep1\/wp-json\/wp\/v2\/pages\/1100\/revisions"}],"predecessor-version":[{"id":1270,"href":"https:\/\/coursepages2.tuni.fi\/tiep1\/wp-json\/wp\/v2\/pages\/1100\/revisions\/1270"}],"up":[{"embeddable":true,"href":"https:\/\/coursepages2.tuni.fi\/tiep1\/wp-json\/wp\/v2\/pages\/820"}],"wp:attachment":[{"href":"https:\/\/coursepages2.tuni.fi\/tiep1\/wp-json\/wp\/v2\/media?parent=1100"}],"curies":[{"name":"wp","href":"https:\/\/api.w.org\/{rel}","templated":true}]}}