{"id":80,"date":"2019-08-26T16:39:27","date_gmt":"2019-08-26T13:39:27","guid":{"rendered":"https:\/\/coursepages.uta.fi\/tiep1-1\/?page_id=80"},"modified":"2019-08-26T16:41:32","modified_gmt":"2019-08-26T13:41:32","slug":"harjoitukset","status":"publish","type":"page","link":"https:\/\/coursepages2.tuni.fi\/tiep1-1\/syksy-2019\/harjoitukset\/","title":{"rendered":"Harjoitukset"},"content":{"rendered":"<p>Ohjelmoimaan oppii vain ahkerasti harjoittelemalla. Siksi kurssilla on runsaasti harjoitusteht\u00e4vi\u00e4, jotka julkaistaan kuutena viikkoharjoituksena. Teht\u00e4v\u00e4t ratkaistaan p\u00e4\u00e4osin itse. Opiskelijat voivat pohtia teht\u00e4vi\u00e4 kesken\u00e4\u00e4n, kunhan jokainen toteuttaa ohjelmansa itse. Ratkaisujen suora kopiointi (eli <a href=\"https:\/\/www.tuni.fi\/opiskelijanopas\/kasikirja\/uni?page=3063\" target=\"_blank\" rel=\"noopener\">plagiointi<\/a>) on kielletty ja siit\u00e4 seuraa rangaistus. Teht\u00e4vi\u00e4 on ratkaistava hyv\u00e4ksytysti v\u00e4himm\u00e4ism\u00e4\u00e4r\u00e4, joka riippuu siit\u00e4 kuinka monena viikkona opiskelija k\u00e4y harjoituksia tukevissa harjoitusryhmiss\u00e4. Harjoitusten tekoa tai ryhmiin osallistumista ei kannata lopettaa, kun minimivaatimus on saavutettu. Teht\u00e4vi\u00e4 tulisi ratkoa tasaisesti koko kurssin ajan. Ratkaisut palautetaan WETO-j\u00e4rjestelm\u00e4\u00e4n. Kurssin opettajat tarkkailevat ty\u00f6n laatua tarkistamalla palautuksia WETOsta k\u00e4sin.<\/p>\n<h2>Ryhm\u00e4t<\/h2>\n<p>Harjoitusryhmiin <strong>osallistuminen on vapaaehtoista<\/strong> eik\u00e4 ryhmiss\u00e4 tarvitse esiinty\u00e4.<\/p>\n<p>Harjoitusryhmi\u00e4 on kahta tyyppi\u00e4. <strong>Mikroharjoituksissa<\/strong> ratkaistaan harjoitusteht\u00e4vi\u00e4 omatoimisesti. Harjoituksissa on paikalla opettaja, jolta voi kysy\u00e4 neuvoa ongelmatilanteissa. <strong>Ohjatussa mikroharjoitusryhm\u00e4ss\u00e4<\/strong> on tarjolla tukea hieman enemm\u00e4n kuin muissa mikroharjoitusryhmiss\u00e4.<\/p>\n<p>Harjoitusryhm\u00e4t pidet\u00e4\u00e4n harjoituksen julkaisua seuraavalla viikolla.<\/p>\n<p>Harjoitusryhmien ajat ja paikat l\u00f6ytyv\u00e4t opetusohjelmasta.<\/p>\n<p>Kurssin vastuuopettaja ilmoittaa s\u00e4hk\u00f6postitse ja n\u00e4iden sivujen <em>Ajankohtaista<\/em>-palstalla, kun WETO-j\u00e4rjestelm\u00e4 avataan opiskelijoille.<\/p>\n<p>N\u00e4et lopullisen harjoitusryhm\u00e4si kurssin WETO-sivuilta taustatietolomakkeen sulkeuduttua.<\/p>\n<h2>Pisteet<\/h2>\n<p>Harjoituksista on ker\u00e4tt\u00e4v\u00e4 tietty m\u00e4\u00e4r\u00e4 pisteit\u00e4. Kustakin hyv\u00e4ksytysti ratkaistusta teht\u00e4v\u00e4st\u00e4 saa yhden pisteen. Johonkin harjoituskerran harjoitusryhmist\u00e4 osallistumalla saa yhden l\u00e4sn\u00e4olopisteen. Harjoituskerralla voi k\u00e4yd\u00e4 my\u00f6s useammassa ryhm\u00e4ss\u00e4. N\u00e4in ei kuitenkaan saa lis\u00e4\u00e4 l\u00e4sn\u00e4olopisteit\u00e4: kustakin harjoituskerrasta saa korkeintaan yhden l\u00e4sn\u00e4olopisteen.<\/p>\n<p>Ratkaisuista ja l\u00e4sn\u00e4oloista saatujen pisteiden summan tulee olla <strong>v\u00e4hint\u00e4\u00e4n 40 %<\/strong> saatavilla olevien pisteiden kokonaism\u00e4\u00e4r\u00e4st\u00e4. Jos teht\u00e4vi\u00e4 annetaan esimerkiksi 51 kappaletta, niin saatavilla on yhteens\u00e4 51 + 6 = 57 pistett\u00e4. Harjoitusten suorittamiseen tarvittaisiin n\u00e4in v\u00e4hint\u00e4\u00e4n 23 pistett\u00e4, jotka voi ker\u00e4t\u00e4 esimerkiksi ratkomalla hyv\u00e4ksytysti 23 teht\u00e4v\u00e4\u00e4 harjoituksiin tulematta (23 + 0 = 23 pistett\u00e4), ratkomalla hyv\u00e4ksytysti 20 teht\u00e4v\u00e4\u00e4 ja k\u00e4ym\u00e4ll\u00e4 kolmella harjoituskerralla harjoituksissa (20 + 3 = 23 pistett\u00e4) tai vaikkapa ker\u00e4\u00e4m\u00e4ll\u00e4 17 ratkaisupistett\u00e4 ja k\u00e4ym\u00e4ll\u00e4 kaikilla harjoituskerroilla harjoituksissa (17 + 6 = 23 pistett\u00e4).<\/p>\n<p>Harjoitustusteht\u00e4vien ratkaisemisesta ja harjoitusryhmiin osallistumisesta palkitaan tenttipisteisiin lis\u00e4tt\u00e4vill\u00e4 hyvityspisteill\u00e4.<\/p>\n<p>Hyvityspisteet lasketaan 40 % -v\u00e4himm\u00e4israjan tapaan hyv\u00e4ksytysti ratkaistujen teht\u00e4vien ja l\u00e4sn\u00e4olojen summan perusteella seuraavasti:<\/p>\n<ul>\n<li>summa 60 % pisteiden kokonaism\u00e4\u00e4r\u00e4st\u00e4 \u2192 1 hyvityspiste,<\/li>\n<li>summa 70 % pisteiden kokonaism\u00e4\u00e4r\u00e4st\u00e4 \u2192 2 hyvityspistett\u00e4 ja<\/li>\n<li>summa 80 % pisteiden kokonaism\u00e4\u00e4r\u00e4st\u00e4 \u2192 3 hyvityspistett\u00e4.<\/li>\n<\/ul>\n<p>Huomaa, ett\u00e4 hyvityspisteet huomioidaan vain, jos tentiss\u00e4 on saanut v\u00e4hint\u00e4\u00e4n puolet pisteist\u00e4.<\/p>\n","protected":false},"excerpt":{"rendered":"<p>Ohjelmoimaan oppii vain ahkerasti harjoittelemalla. Siksi kurssilla on runsaasti harjoitusteht\u00e4vi\u00e4, jotka julkaistaan kuutena viikkoharjoituksena. Teht\u00e4v\u00e4t ratkaistaan p\u00e4\u00e4osin itse. Opiskelijat voivat pohtia teht\u00e4vi\u00e4 kesken\u00e4\u00e4n, kunhan jokainen toteuttaa ohjelmansa itse. Ratkaisujen suora kopiointi (eli plagiointi) on kielletty ja siit\u00e4 seuraa rangaistus. Teht\u00e4vi\u00e4 on ratkaistava hyv\u00e4ksytysti v\u00e4himm\u00e4ism\u00e4\u00e4r\u00e4, joka riippuu siit\u00e4 kuinka monena viikkona opiskelija k\u00e4y harjoituksia tukevissa harjoitusryhmiss\u00e4. &hellip; <a href=\"https:\/\/coursepages2.tuni.fi\/tiep1-1\/syksy-2019\/harjoitukset\/\" class=\"more-link\">Jatka artikkeliin <span class=\"screen-reader-text\">Harjoitukset<\/span><\/a><\/p>\n","protected":false},"author":6,"featured_media":0,"parent":53,"menu_order":4,"comment_status":"closed","ping_status":"closed","template":"","meta":{"footnotes":""},"class_list":["post-80","page","type-page","status-publish","hentry"],"_links":{"self":[{"href":"https:\/\/coursepages2.tuni.fi\/tiep1-1\/wp-json\/wp\/v2\/pages\/80","targetHints":{"allow":["GET"]}}],"collection":[{"href":"https:\/\/coursepages2.tuni.fi\/tiep1-1\/wp-json\/wp\/v2\/pages"}],"about":[{"href":"https:\/\/coursepages2.tuni.fi\/tiep1-1\/wp-json\/wp\/v2\/types\/page"}],"author":[{"embeddable":true,"href":"https:\/\/coursepages2.tuni.fi\/tiep1-1\/wp-json\/wp\/v2\/users\/6"}],"replies":[{"embeddable":true,"href":"https:\/\/coursepages2.tuni.fi\/tiep1-1\/wp-json\/wp\/v2\/comments?post=80"}],"version-history":[{"count":3,"href":"https:\/\/coursepages2.tuni.fi\/tiep1-1\/wp-json\/wp\/v2\/pages\/80\/revisions"}],"predecessor-version":[{"id":83,"href":"https:\/\/coursepages2.tuni.fi\/tiep1-1\/wp-json\/wp\/v2\/pages\/80\/revisions\/83"}],"up":[{"embeddable":true,"href":"https:\/\/coursepages2.tuni.fi\/tiep1-1\/wp-json\/wp\/v2\/pages\/53"}],"wp:attachment":[{"href":"https:\/\/coursepages2.tuni.fi\/tiep1-1\/wp-json\/wp\/v2\/media?parent=80"}],"curies":[{"name":"wp","href":"https:\/\/api.w.org\/{rel}","templated":true}]}}