{"id":70,"date":"2019-08-26T15:51:30","date_gmt":"2019-08-26T12:51:30","guid":{"rendered":"https:\/\/coursepages.uta.fi\/tiep1-1\/?page_id=70"},"modified":"2019-10-24T21:24:56","modified_gmt":"2019-10-24T18:24:56","slug":"ilmoittautuminen","status":"publish","type":"page","link":"https:\/\/coursepages2.tuni.fi\/tiep1-1\/syksy-2019\/ilmoittautuminen\/","title":{"rendered":"Ilmoittautuminen"},"content":{"rendered":"<p>Kaikkien kurssilaisten tulee ilmoittautua s\u00e4hk\u00f6isesti kahdessa vaiheessa.<\/p>\n<ol>\n<li>Ilmoittaudu yliopiston j\u00e4rjestelm\u00e4n kautta. Tampereen yliopiston opiskelijat ilmoittautuvat\u00a0NettiOpsussa ja Tampereen avoimen yliopiston opiskelijat omassa j\u00e4rjestelm\u00e4ss\u00e4\u00e4n. Avoimen yliopiston opiskelijoiden on oltava yhteyksiss\u00e4 yliopistonsa kansliaan, jos ilmoittautuminen avoimen yliopiston kautta on j\u00e4\u00e4nyt tekem\u00e4tt\u00e4.<\/li>\n<li>T\u00e4yt\u00e4 perjantaihin 30.8.2019 klo 12.00 (keskip\u00e4iv\u00e4) menness\u00e4 kurssin oma lis\u00e4tietolomake, jolla tiedustellaan taustatietoja ja harjoitusryhm\u00e4valintaa. Lomake on t\u00e4ytett\u00e4v\u00e4 riippumatta siit\u00e4 onko harjoitusryhmiin osallistuminen tarpeen vai ei.<\/li>\n<\/ol>\n<p><strong>Molemmat ilmoittautumisen vaiheet on suljettu. Kurssin vastuuopettaja ottaa yhteytt\u00e4 lomakkeen unohtaneisiin kurssilaisiin.<br \/>\n<\/strong><\/p>\n<p>Saat lomakkeen tallentamisen j\u00e4lkeen s\u00e4hk\u00f6postiisi viestin, jossa on antamasi tiedot. Viestiss\u00e4 on my\u00f6s linkki, jonka kautta voit voit poistaa tallentamasi tiedot. Poistoa tarvitaan, koska eLomake ei osaa p\u00e4ivitt\u00e4\u00e4 tietojasi. Ryhm\u00e4n vaihtaminen tai muiden tietojen p\u00e4ivitt\u00e4minen on teht\u00e4v\u00e4 poistamalla nykyinen tallennus ja tallentamalla uusilla tiedoilla t\u00e4ytetty lomake. Tietoja voi muokata niit\u00e4 poistamalla ja uudelleen tallentamalla lomakkeen sulkeutumiseen saakka.<\/p>\n<p>Huomaa, ett\u00e4 ryhm\u00e4valinta kannattaa tehd\u00e4 jo alunperin harkiten, koska pahimmassa tapauksessa voi k\u00e4yd\u00e4 siten, ett\u00e4 poiston ja uuden tallennuksen v\u00e4liss\u00e4 uusi ryhm\u00e4si ehtii t\u00e4ytty\u00e4 ja joku muu varaa vapauttamasi paikan vanhasta ryhm\u00e4st\u00e4si.<\/p>\n<p>Ota lomakkeen sulkeutumisen j\u00e4lkeen yhteytt\u00e4 kurssin vastuuopettajaan s\u00e4hk\u00f6postitse, jos haluat vaihtaa ryhm\u00e4\u00e4si tai p\u00e4ivitt\u00e4\u00e4 muuten tietojasi. Vastuuopettaja toivoo hyvin painokkaasti, ett\u00e4 kaikki muistavat t\u00e4ytt\u00e4\u00e4 lomakkeen ajoissa, koska jokainen j\u00e4lkitallennus vie ty\u00f6aikaa.<\/p>\n<p>Kuhunkin harjoitusryhm\u00e4saliin mahtuu noin 30 henkil\u00f6\u00e4. Jos ryhm\u00e4\u00e4n ilmoittautuu huomattavasti enemm\u00e4n opiskelijoita, niin kurssin vastuuopettaja siirt\u00e4\u00e4 ryhm\u00e4\u00e4n viimeksi ilmoittautuneet muihin ryhmiin. Jos jokin ryhmist\u00e4 j\u00e4\u00e4 selv\u00e4sti vajaaksi, on mahdollista, ett\u00e4 kyseinen ryhm\u00e4 lakkautetaan ja siihen ilmoittautuneet opiskelijat siiret\u00e4\u00e4n muihin ryhmiin.<\/p>\n<p>Ilmoittautumisen peruminen on t\u00e4rke\u00e4\u00e4, jos et aloita kurssia tai keskeyt\u00e4t kurssin. Ilman perumista k\u00e4ytt\u00e4m\u00e4t\u00f6n kurssipaikka n\u00e4kyy opintorekisteriss\u00e4 siten, ett\u00e4 arvosanaksesi kirjataan hyl\u00e4tty. Kurssiosallistuminen perutaan l\u00e4hett\u00e4m\u00e4ll\u00e4 s\u00e4hk\u00f6postia kurssin vastuuopettajalle.<\/p>\n","protected":false},"excerpt":{"rendered":"<p>Kaikkien kurssilaisten tulee ilmoittautua s\u00e4hk\u00f6isesti kahdessa vaiheessa. Ilmoittaudu yliopiston j\u00e4rjestelm\u00e4n kautta. Tampereen yliopiston opiskelijat ilmoittautuvat\u00a0NettiOpsussa ja Tampereen avoimen yliopiston opiskelijat omassa j\u00e4rjestelm\u00e4ss\u00e4\u00e4n. Avoimen yliopiston opiskelijoiden on oltava yhteyksiss\u00e4 yliopistonsa kansliaan, jos ilmoittautuminen avoimen yliopiston kautta on j\u00e4\u00e4nyt tekem\u00e4tt\u00e4. T\u00e4yt\u00e4 perjantaihin 30.8.2019 klo 12.00 (keskip\u00e4iv\u00e4) menness\u00e4 kurssin oma lis\u00e4tietolomake, jolla tiedustellaan taustatietoja ja harjoitusryhm\u00e4valintaa. Lomake on &hellip; <a href=\"https:\/\/coursepages2.tuni.fi\/tiep1-1\/syksy-2019\/ilmoittautuminen\/\" class=\"more-link\">Jatka artikkeliin <span class=\"screen-reader-text\">Ilmoittautuminen<\/span><\/a><\/p>\n","protected":false},"author":6,"featured_media":0,"parent":53,"menu_order":1,"comment_status":"closed","ping_status":"closed","template":"","meta":{"footnotes":""},"class_list":["post-70","page","type-page","status-publish","hentry"],"_links":{"self":[{"href":"https:\/\/coursepages2.tuni.fi\/tiep1-1\/wp-json\/wp\/v2\/pages\/70","targetHints":{"allow":["GET"]}}],"collection":[{"href":"https:\/\/coursepages2.tuni.fi\/tiep1-1\/wp-json\/wp\/v2\/pages"}],"about":[{"href":"https:\/\/coursepages2.tuni.fi\/tiep1-1\/wp-json\/wp\/v2\/types\/page"}],"author":[{"embeddable":true,"href":"https:\/\/coursepages2.tuni.fi\/tiep1-1\/wp-json\/wp\/v2\/users\/6"}],"replies":[{"embeddable":true,"href":"https:\/\/coursepages2.tuni.fi\/tiep1-1\/wp-json\/wp\/v2\/comments?post=70"}],"version-history":[{"count":12,"href":"https:\/\/coursepages2.tuni.fi\/tiep1-1\/wp-json\/wp\/v2\/pages\/70\/revisions"}],"predecessor-version":[{"id":455,"href":"https:\/\/coursepages2.tuni.fi\/tiep1-1\/wp-json\/wp\/v2\/pages\/70\/revisions\/455"}],"up":[{"embeddable":true,"href":"https:\/\/coursepages2.tuni.fi\/tiep1-1\/wp-json\/wp\/v2\/pages\/53"}],"wp:attachment":[{"href":"https:\/\/coursepages2.tuni.fi\/tiep1-1\/wp-json\/wp\/v2\/media?parent=70"}],"curies":[{"name":"wp","href":"https:\/\/api.w.org\/{rel}","templated":true}]}}