{"id":379,"date":"2019-10-08T14:53:54","date_gmt":"2019-10-08T11:53:54","guid":{"rendered":"https:\/\/coursepages.uta.fi\/tiep1-1\/?page_id=379"},"modified":"2020-06-17T01:56:56","modified_gmt":"2020-06-16T22:56:56","slug":"tentit","status":"publish","type":"page","link":"https:\/\/coursepages2.tuni.fi\/tiep1-1\/syksy-2019\/tentit\/","title":{"rendered":"Tentit"},"content":{"rendered":"<p>Tentit ovat s\u00e4hk\u00f6isi\u00e4. Tentist\u00e4 on kerrottu lis\u00e4\u00e4 <a href=\"http:\/\/www.sis.uta.fi\/%7Elaki1\/syksy-2019\/tentit\/info\/\">infokalvoilta<\/a>.<\/p>\n<p>Parasta harjoittelua tenttiin on harjoitusten tekeminen. Tenttiin voi valmistautua my\u00f6s tekem\u00e4ll\u00e4 <a href=\"http:\/\/www.sis.uta.fi\/%7Elaki1\/syksy-2019\/tentit\/mallitentti\/\">mallitentin<\/a>.<\/p>\n<p>Tentteihin ilmoittaudutaan eLomakkeella. Lomakkeelle kirjaudutaan s\u00e4hk\u00f6postitse l\u00e4hetetyll\u00e4 tunnuksella ja salasanalla. Lomakkeen osoite on annettu s\u00e4hk\u00f6postissa. Ota yhteytt\u00e4 kurssin vastuuopettajaan, jos et p\u00e4\u00e4se lomakkeelle. ELomake ei tulosta virheilmoitusta, kun tunnus tai salasana on v\u00e4\u00e4rin, vaan lataa lomakkeen kirjautumissivun uudelleen.<\/p>\n<p>Saat ilmoittautumisen j\u00e4lkeen yliopiston s\u00e4hk\u00f6postiisi viestin, jossa on antamasi tiedot ja linkki, jonka kautta voit perua ilmoittautumisesi. ELomake ei osaa p\u00e4ivitt\u00e4\u00e4 ilmoittautumistasi. Tenttitilan vaihtaminen tai muiden tietojen p\u00e4ivitt\u00e4minen on teht\u00e4v\u00e4 perumalla alkuper\u00e4inen ilmoittautuminen ja t\u00e4ytt\u00e4m\u00e4ll\u00e4 lomake uudelleen, jotta j\u00e4rjestelm\u00e4\u00e4n ei tallentuisi kahta ilmoittautumista. Tenttitila kannattaa valita harkiten, koska t\u00e4yttyneeseen tilaan vaihtaminen ei onnistu.<\/p>\n<p>Erityisj\u00e4rjestelyj\u00e4 ei voida taata my\u00f6h\u00e4ss\u00e4 ilmoittautuneille.<\/p>\n<p>Tentti-ilmoittautumisen voi perua eLomakkeen kautta niin pitk\u00e4\u00e4n kuin lomake on auki. On t\u00e4rke\u00e4\u00e4, ett\u00e4 muistat perua ilmoittautumisesi esteen sattuessa, koska k\u00e4ytt\u00e4m\u00e4tt\u00e4 j\u00e4\u00e4nyt tenttipaikka voi hyvinkin olla pois toiselta kurssilaiselta.<\/p>\n<p>Ota lomakkeen sulkeutumisen j\u00e4lkeen yhteytt\u00e4 kurssin vastuuopettajaan s\u00e4hk\u00f6postitse, jos haluat ilmoittautua tai perua ilmoittautumisesi.<\/p>\n<p>Tenttitilan voi palauttaa mieleen WETOn l\u00e4hett\u00e4m\u00e4st\u00e4 viestist\u00e4.<\/p>\n<h3>Lopputentti<\/h3>\n<p>Lopputentti j\u00e4rjestet\u00e4\u00e4n tiistaina 22.10. klo 17\u201320.<\/p>\n<p>Ilmoittautuminen on auki tiistaihin 22.10. klo 12.00 (keskip\u00e4iv\u00e4) saakka.<\/p>\n<h3><a name=\"uusinnat\"><\/a>Uusintatentit<\/h3>\n<p>Kurssilla on kaksi virallista uusintatentti\u00e4. Tarvittaessa j\u00e4rjestet\u00e4\u00e4n lis\u00e4uusintatentti (kolmas uusinta). My\u00f6s uusintatentit ovat s\u00e4hk\u00f6isi\u00e4. Uusintatenteiss\u00e4 voi korottaa lopputentin tai aiemman uusinnan arvosanaa. Arvosana ei laske, jos uusinnasta saatu tenttitulos on aiempaa tulosta huonompi.<\/p>\n<p>Ensimm\u00e4inen uusintatentti on perjantaina 31.1.2020 klo 12\u201315 keskustan kampuksen mikroluokissa ML1, ML7 (erityisj\u00e4rjestelyt) ja ML8. Kaikissa tentin tiloissa voi k\u00e4ytt\u00e4\u00e4 omaa kannettavaa tietokonetta.<\/p>\n<p><a href=\"https:\/\/elomake3.uta.fi\/lomakkeet\/24845\/lomake.html\" target=\"_blank\" rel=\"noopener\">Ilmoittautuminen<\/a> on auki torstaihin 30.10. klo 21.00 saakka.<\/p>\n<h2><a name=\"tulokset\"><\/a>Tulokset<\/h2>\n<p>Yksitt\u00e4isten tenttien tulokset l\u00f6ytyv\u00e4t WETOssa <em>Lausekielinen ohjelmointi I 2019<\/em> | <em>Tentit<\/em> -kohdan alikohtien <em>Grading<\/em>-v\u00e4lilehdilt\u00e4.<\/p>\n<p>WETOn <em>Lausekielinen ohjelmointi I 2019<\/em> | <em>Tentit<\/em> -kohdan <em>Grades<\/em>-v\u00e4lilehden <em>Tentit<\/em>-sarakkeessa n\u00e4kyy loppu- ja uusintatenttien suurin pistem\u00e4\u00e4r\u00e4 vain, jos ainakin yhdess\u00e4 tentiss\u00e4 pisteit\u00e4 on ollut v\u00e4hint\u00e4\u00e4n 12. Jos pisteet ovat j\u00e4\u00e4neet alle hyv\u00e4ksymisrajan, pistem\u00e4\u00e4r\u00e4 on <em>Unspecified<\/em>.<\/p>\n<p>Huomaa, ett\u00e4 n\u00e4ihin pisteisiin ei ole laskettu mukaan viikkoharjoituksista annettavia hyvityspisteit\u00e4. Ota yhteys kurssin vastuuopettajaan, mik\u00e4li ep\u00e4ilet arvostelussa tapahtuneen virheen. Tenttivastaukset ovat paperille tehtyjen vastausten tapaan n\u00e4ht\u00e4viss\u00e4 vastuuopettajan ty\u00f6huoneella B1025.<\/p>\n<p><strong>Lopputentti 22.10.2019<\/strong><\/p>\n<ul>\n<li>Ilmoittautuneita 175 kpl, saapuneita 171 kpl, saapumatta 4 kpl, hyv\u00e4ksyttyj\u00e4 148 kpl (87 %), hyl\u00e4ttyj\u00e4 23 kpl, luopuneita 0 kpl.<\/li>\n<li>Keskiarvo 19 pistett\u00e4 ja mediaani 23 pistett\u00e4.<\/li>\n<\/ul>\n<p><img loading=\"lazy\" decoding=\"async\" class=\"size-full wp-image-461 alignnone\" src=\"https:\/\/coursepages2.tuni.fi\/tiep1-1\/wp-content\/uploads\/sites\/113\/2019\/11\/lopputentti_pisteet.png\" alt=\"\" width=\"616\" height=\"362\" border=\"1\" srcset=\"https:\/\/coursepages2.tuni.fi\/tiep1-1\/wp-content\/uploads\/sites\/113\/2019\/11\/lopputentti_pisteet.png 616w, https:\/\/coursepages2.tuni.fi\/tiep1-1\/wp-content\/uploads\/sites\/113\/2019\/11\/lopputentti_pisteet-300x176.png 300w\" sizes=\"auto, (max-width: 616px) 100vw, 616px\" \/><\/p>\n<p><strong>Uusintatentti 31.1.2020<\/strong><\/p>\n<ul>\n<li>Ilmoittautuneita 18 kpl, saapuneita 16 kpl, saapumatta 2 kpl, hyv\u00e4ksyttyj\u00e4 10 kpl (63 %), hyl\u00e4ttyj\u00e4 6 kpl, luopuneita 0 kpl.<\/li>\n<li>Keskiarvo 15 pistett\u00e4 ja mediaani 13 pistett\u00e4.<\/li>\n<\/ul>\n<p><strong>Uusintatentti 15.6.2020<\/strong><\/p>\n<ul>\n<li>Ilmoittautuneita 4 kpl, saapuneita 4 kpl, saapumatta 0 kpl, hyv\u00e4ksyttyj\u00e4 2 kpl (50 %), hyl\u00e4ttyj\u00e4 2 kpl, luopuneita 0 kpl.<\/li>\n<li>Keskiarvo 15 pistett\u00e4 ja mediaani 15 pistett\u00e4.<\/li>\n<\/ul>\n","protected":false},"excerpt":{"rendered":"<p>Tentit ovat s\u00e4hk\u00f6isi\u00e4. Tentist\u00e4 on kerrottu lis\u00e4\u00e4 infokalvoilta. Parasta harjoittelua tenttiin on harjoitusten tekeminen. Tenttiin voi valmistautua my\u00f6s tekem\u00e4ll\u00e4 mallitentin. Tentteihin ilmoittaudutaan eLomakkeella. Lomakkeelle kirjaudutaan s\u00e4hk\u00f6postitse l\u00e4hetetyll\u00e4 tunnuksella ja salasanalla. Lomakkeen osoite on annettu s\u00e4hk\u00f6postissa. Ota yhteytt\u00e4 kurssin vastuuopettajaan, jos et p\u00e4\u00e4se lomakkeelle. ELomake ei tulosta virheilmoitusta, kun tunnus tai salasana on v\u00e4\u00e4rin, vaan lataa &hellip; <a href=\"https:\/\/coursepages2.tuni.fi\/tiep1-1\/syksy-2019\/tentit\/\" class=\"more-link\">Jatka artikkeliin <span class=\"screen-reader-text\">Tentit<\/span><\/a><\/p>\n","protected":false},"author":6,"featured_media":0,"parent":53,"menu_order":6,"comment_status":"closed","ping_status":"closed","template":"","meta":{"footnotes":""},"class_list":["post-379","page","type-page","status-publish","hentry"],"_links":{"self":[{"href":"https:\/\/coursepages2.tuni.fi\/tiep1-1\/wp-json\/wp\/v2\/pages\/379","targetHints":{"allow":["GET"]}}],"collection":[{"href":"https:\/\/coursepages2.tuni.fi\/tiep1-1\/wp-json\/wp\/v2\/pages"}],"about":[{"href":"https:\/\/coursepages2.tuni.fi\/tiep1-1\/wp-json\/wp\/v2\/types\/page"}],"author":[{"embeddable":true,"href":"https:\/\/coursepages2.tuni.fi\/tiep1-1\/wp-json\/wp\/v2\/users\/6"}],"replies":[{"embeddable":true,"href":"https:\/\/coursepages2.tuni.fi\/tiep1-1\/wp-json\/wp\/v2\/comments?post=379"}],"version-history":[{"count":24,"href":"https:\/\/coursepages2.tuni.fi\/tiep1-1\/wp-json\/wp\/v2\/pages\/379\/revisions"}],"predecessor-version":[{"id":500,"href":"https:\/\/coursepages2.tuni.fi\/tiep1-1\/wp-json\/wp\/v2\/pages\/379\/revisions\/500"}],"up":[{"embeddable":true,"href":"https:\/\/coursepages2.tuni.fi\/tiep1-1\/wp-json\/wp\/v2\/pages\/53"}],"wp:attachment":[{"href":"https:\/\/coursepages2.tuni.fi\/tiep1-1\/wp-json\/wp\/v2\/media?parent=379"}],"curies":[{"name":"wp","href":"https:\/\/api.w.org\/{rel}","templated":true}]}}