{"id":33,"date":"2019-08-21T13:26:37","date_gmt":"2019-08-21T10:26:37","guid":{"rendered":"https:\/\/coursepages.uta.fi\/tiep1-1\/?page_id=33"},"modified":"2020-01-16T22:41:49","modified_gmt":"2020-01-16T20:41:49","slug":"nayttokoe","status":"publish","type":"page","link":"https:\/\/coursepages2.tuni.fi\/tiep1-1\/syksy-2019\/nayttokoe\/","title":{"rendered":"N\u00e4ytt\u00f6koe"},"content":{"rendered":"<p style=\"text-align: left\">Kurssin voi suorittaa suorittamalla hyv\u00e4ksytysti n\u00e4ytt\u00f6kokeen. <a href=\"#syksy\">Syksyn n\u00e4ytt\u00f6koe<\/a> perustuu vanhan TIEP1-kurssin aineistoon. T\u00e4ss\u00e4 n\u00e4ytt\u00f6kokeessa k\u00e4ytet\u00e4\u00e4n <strong>vain<\/strong> <strong>Java<\/strong>-ohjelmointikielt\u00e4. <a href=\"#kevat\">Kev\u00e4\u00e4n n\u00e4ytt\u00f6koe<\/a> pohjautuu nyt ensimm\u00e4ist\u00e4 kertaa toteutettavaan TIEP1.1-kurssiin. Kev\u00e4\u00e4n n\u00e4ytt\u00f6kokeessa k\u00e4ytet\u00e4\u00e4n t\u00e4st\u00e4 syyst\u00e4 <strong>vain Python-kielt\u00e4<\/strong>. Molemmista n\u00e4ytt\u00f6kokeista on kerrottu lis\u00e4\u00e4 alempana.<\/p>\n<p>Kokeeseen tulee ilmoittautua. Ilmoittautuminen tapahtuu NettiOpsun (yliopiston opiskelijat) ja NettiRekan (avoimen yliopiston opiskelijat) kautta. Kev\u00e4\u00e4n n\u00e4ytt\u00f6kokeen ilmoittautuminen avautuu\u00a0 my\u00f6hemmin.<\/p>\n<p>Huomaa, ett\u00e4 aiemmat korkeakouluopinnot on suositeltavaa <a href=\"https:\/\/www.tuni.fi\/opiskelijanopas\/kasikirja\/uni?page=3127\" target=\"_blank\" rel=\"noopener\">hyv\u00e4ksilukea<\/a>. N\u00e4ytt\u00f6koe on tarkoitettu aiemman osaamisen tunnistamiseen (AHOT), joka on hankittu itse opiskellen, ty\u00f6el\u00e4m\u00e4ss\u00e4 tai toisen asteen koulutuksessa.<\/p>\n<p>N\u00e4ytt\u00f6kokeessa menestyminen vaatii v\u00e4hint\u00e4\u00e4n hyv\u00e4t tiedot ja taidot kurssin aihepiiriin liittyen. Harkitse kurssin suorittamista opetukseen osallistuen, jos olet ep\u00e4varma kuinka suoriudut n\u00e4ytt\u00f6kokeessa.<\/p>\n<p>N\u00e4ytt\u00f6koe koostuu nelj\u00e4st\u00e4 ohjelmointiteht\u00e4v\u00e4st\u00e4, jotka\u00a0ratkaistaan k\u00e4ytt\u00e4m\u00e4ll\u00e4 vain kyn\u00e4\u00e4 ja paperia. N\u00e4ytt\u00f6kokeessa ei saa k\u00e4ytt\u00e4\u00e4 tietokoneen tai laskimen tapaisia teknisi\u00e4 apuv\u00e4lineit\u00e4. Kokeeseen ei saa tuoda materiaalia. Muun muassa muistiinpanot ja kirjat ovat kiellettyj\u00e4. Omaa osaamistaan on suositeltavaa arvioida ennen ilmoittautumista tekem\u00e4ll\u00e4 yksi tai useampia esimerkkikokeista koetilanteen tapaisesti kyn\u00e4ll\u00e4 ja paperilla.<\/p>\n<p>N\u00e4ytt\u00f6kokeen teht\u00e4v\u00e4t on ajateltu ratkaistavaksi yksinkertaisella rakenteisella ohjelmoinnilla. Jos ratkaisussa k\u00e4ytt\u00e4\u00e4 edistyneempi\u00e4 tekniikoita, on esimerkiksi metodien nimet ja niiden parametrit muistettava t\u00e4ysin oikein.<\/p>\n<p>Ota mukaan kokeeseen <strong>kuvallinen<\/strong> dokumentti, josta k\u00e4y ilmi henkil\u00f6llisyytesi. Opiskelijakortti, henkil\u00f6kortti, passi tai ajokortti ovat suositeltavimpia.<\/p>\n<p>Jokaisesta teht\u00e4v\u00e4st\u00e4 voi saada 0\u20136 pistett\u00e4. N\u00e4ytt\u00f6kokeen hyv\u00e4ksymisraja on 12 pistett\u00e4.\u00a0N\u00e4ytt\u00f6koe arvostellaan kurssin muiden suoritustapojen tapaan arvosanalla 1\u20135. Arvosana m\u00e4\u00e4r\u00e4ytyy todenn\u00e4k\u00f6isesti seuraavasti: 12\u201314 pistett\u00e4 \u2192 1 (v\u00e4ltt\u00e4v\u00e4), 15\u201317 pistett\u00e4 \u2192 2 (tyydytt\u00e4v\u00e4), 18\u201320 pistett\u00e4 \u2192 3 (hyv\u00e4), 21 tai 22 pistett\u00e4 \u2192 4 (kiitett\u00e4v\u00e4) ja 23 tai 24 pistett\u00e4 \u2192 5 (erinomainen).<\/p>\n<p>Et voi osallistua n\u00e4ytt\u00f6kokeeseen, jos<\/p>\n<ul>\n<li>olet jo suorittanut Lausekielinen ohjelmointi I -kurssin tai vastaavan kurssin Tampereen yliopistossa. N\u00e4in arvosanan korottaminen n\u00e4ytt\u00f6kokeen kautta ei ole mahdollista.<\/li>\n<li>Olet osallistunut aiemmin n\u00e4ytt\u00f6kokeeseen \u2013 n\u00e4ytt\u00f6kokeeseen voi osallistua vain kerran. Osallistumiseksi katsotaan kokeeseen tuleminen riippumatta siit\u00e4 palautitko vastauksia vai et. Osallistumiseksi lasketaan my\u00f6s kokeesta pois j\u00e4\u00e4minen ilman ilmoittautumisen peruuttamista ennen koetilaisuutta.<\/li>\n<\/ul>\n<h2><a name=\"syksy\"><\/a>Syksyn n\u00e4ytt\u00f6koe<\/h2>\n<p>J\u00e4rjestet\u00e4\u00e4n perjantaina 30.8.2019 klo 12\u201315 (Pinni-B, sali B0016).\u00a0Ilmoittautuminen on auki NettiOpsussa sunnuntaihin 25.8. saakka.<\/p>\n<p>Kokeen teht\u00e4v\u00e4t\u00a0<strong>ratkaistaan Java-ohjelmointikielell\u00e4<\/strong>. Esimerkiksi Python-kielell\u00e4 ratkaistusta teht\u00e4v\u00e4st\u00e4 ei saa pisteit\u00e4. Saat tuntumaa n\u00e4ytt\u00f6kokeen sis\u00e4lt\u00f6\u00f6n ja vaikeustasoon tutustumalla <a href=\"http:\/\/www.sis.uta.fi\/~laki1\/nayttokoe\/\" target=\"_blank\" rel=\"noopener\">esimerkkikokeisiin<\/a>.<\/p>\n<p>Merkkijonoihin liittyvien teht\u00e4vien ratkaisuun riitt\u00e4\u00e4 <em>String<\/em>-luokan\u00a0<em>equals<\/em>-,\u00a0<em>length<\/em>&#8211; ja <em>charAt<\/em>-metodien tunteminen.<strong><br \/>\n<\/strong><\/p>\n<p>N\u00e4ytt\u00f6kokeen aihealue k\u00e4sitt\u00e4\u00e4 vanhan TIEP1-kurssin <a href=\"https:\/\/coursepages2.tuni.fi\/tiep1\/syksy-2018\/luennot\/\" target=\"_blank\" rel=\"noopener\">materiaalin<\/a> pois lukien vuokaaviot ja pseudokoodin.<\/p>\n<p>Voit tutustua Java-kieleen tai p\u00e4ivitt\u00e4\u00e4 tietojasi my\u00f6s kirjojen ja verkkol\u00e4hteiden avulla. Joitakin hy\u00f6dyllisiksi havaittuja l\u00e4hteit\u00e4 ovat:<\/p>\n<ul>\n<li>\n<div>\n<div class=\"O1\">Wikla: Ohjelmoinnin perusteet Java-kielell\u00e4.<\/div>\n<\/div>\n<\/li>\n<li>Deitel ja Deitel: Java How to Program tai Java How to Program (Late Objects Version).<\/li>\n<li>Oracle: <a href=\"http:\/\/docs.oracle.com\/javase\/tutorial\/\" target=\"_blank\" rel=\"noopener\">The Java Tutorials<\/a>.<\/li>\n<\/ul>\n<h2><a name=\"kevat\"><\/a>Kev\u00e4\u00e4n n\u00e4ytt\u00f6koe<\/h2>\n<p>J\u00e4rjestet\u00e4\u00e4n <a href=\"https:\/\/www.tuni.fi\/opiskelijanopas\/kasikirja\/uni?page=2196\">yleisess\u00e4 tentiss\u00e4<\/a> keskiviikkona 29.1.2020 klo 17\u201320. Tenttitoimisto ilmoittaa tentin salin noin viikkoa ennen tentti\u00e4. Ilmoittaudu n\u00e4ytt\u00f6kokeeseen NettiOpsussa v\u00e4hint\u00e4\u00e4n viikko (7 vuorokautta) ennen tentti\u00e4.<\/p>\n<p>Kokeen teht\u00e4v\u00e4t\u00a0<strong>ratkaistaan Python-ohjelmointikielell\u00e4<\/strong> kyn\u00e4\u00e4 ja paperia k\u00e4ytt\u00e4en. Esimerkiksi Java-kielell\u00e4 ratkaistusta teht\u00e4v\u00e4st\u00e4 ei saa pisteit\u00e4.<\/p>\n<p>N\u00e4ytt\u00f6kokeen aihealue k\u00e4sitt\u00e4\u00e4 uuden TIEP1.1-kurssin <a href=\"https:\/\/coursepages2.tuni.fi\/tiep1-1\/syksy-2019\/luennot\/\" rel=\"noopener\">materiaalin<\/a> pois lukien vuokaaviot.<\/p>\n<p>Saat tuntumaa n\u00e4ytt\u00f6kokeen sis\u00e4lt\u00f6\u00f6n ja vaikeustasoon tutustumalla\u00a0TIEP1.1-kurssin <a href=\"https:\/\/coursepages2.tuni.fi\/tiep1-1\/syksy-2019\/tentit\/\" rel=\"noopener\">mallitenttiin<\/a>.<\/p>\n","protected":false},"excerpt":{"rendered":"<p>Kurssin voi suorittaa suorittamalla hyv\u00e4ksytysti n\u00e4ytt\u00f6kokeen. Syksyn n\u00e4ytt\u00f6koe perustuu vanhan TIEP1-kurssin aineistoon. T\u00e4ss\u00e4 n\u00e4ytt\u00f6kokeessa k\u00e4ytet\u00e4\u00e4n vain Java-ohjelmointikielt\u00e4. Kev\u00e4\u00e4n n\u00e4ytt\u00f6koe pohjautuu nyt ensimm\u00e4ist\u00e4 kertaa toteutettavaan TIEP1.1-kurssiin. Kev\u00e4\u00e4n n\u00e4ytt\u00f6kokeessa k\u00e4ytet\u00e4\u00e4n t\u00e4st\u00e4 syyst\u00e4 vain Python-kielt\u00e4. Molemmista n\u00e4ytt\u00f6kokeista on kerrottu lis\u00e4\u00e4 alempana. Kokeeseen tulee ilmoittautua. Ilmoittautuminen tapahtuu NettiOpsun (yliopiston opiskelijat) ja NettiRekan (avoimen yliopiston opiskelijat) kautta. Kev\u00e4\u00e4n n\u00e4ytt\u00f6kokeen ilmoittautuminen &hellip; <a href=\"https:\/\/coursepages2.tuni.fi\/tiep1-1\/syksy-2019\/nayttokoe\/\" class=\"more-link\">Jatka artikkeliin <span class=\"screen-reader-text\">N\u00e4ytt\u00f6koe<\/span><\/a><\/p>\n","protected":false},"author":6,"featured_media":0,"parent":53,"menu_order":0,"comment_status":"closed","ping_status":"closed","template":"","meta":{"footnotes":""},"class_list":["post-33","page","type-page","status-publish","hentry"],"_links":{"self":[{"href":"https:\/\/coursepages2.tuni.fi\/tiep1-1\/wp-json\/wp\/v2\/pages\/33","targetHints":{"allow":["GET"]}}],"collection":[{"href":"https:\/\/coursepages2.tuni.fi\/tiep1-1\/wp-json\/wp\/v2\/pages"}],"about":[{"href":"https:\/\/coursepages2.tuni.fi\/tiep1-1\/wp-json\/wp\/v2\/types\/page"}],"author":[{"embeddable":true,"href":"https:\/\/coursepages2.tuni.fi\/tiep1-1\/wp-json\/wp\/v2\/users\/6"}],"replies":[{"embeddable":true,"href":"https:\/\/coursepages2.tuni.fi\/tiep1-1\/wp-json\/wp\/v2\/comments?post=33"}],"version-history":[{"count":23,"href":"https:\/\/coursepages2.tuni.fi\/tiep1-1\/wp-json\/wp\/v2\/pages\/33\/revisions"}],"predecessor-version":[{"id":478,"href":"https:\/\/coursepages2.tuni.fi\/tiep1-1\/wp-json\/wp\/v2\/pages\/33\/revisions\/478"}],"up":[{"embeddable":true,"href":"https:\/\/coursepages2.tuni.fi\/tiep1-1\/wp-json\/wp\/v2\/pages\/53"}],"wp:attachment":[{"href":"https:\/\/coursepages2.tuni.fi\/tiep1-1\/wp-json\/wp\/v2\/media?parent=33"}],"curies":[{"name":"wp","href":"https:\/\/api.w.org\/{rel}","templated":true}]}}