{"id":201,"date":"2019-09-02T09:44:35","date_gmt":"2019-09-02T06:44:35","guid":{"rendered":"https:\/\/coursepages.uta.fi\/tiep1-1\/?page_id=201"},"modified":"2019-09-02T13:28:06","modified_gmt":"2019-09-02T10:28:06","slug":"ratkaisujen-palautus","status":"publish","type":"page","link":"https:\/\/coursepages2.tuni.fi\/tiep1-1\/syksy-2019\/harjoitukset\/ratkaisujen-palautus\/","title":{"rendered":"Ratkaisujen palautus"},"content":{"rendered":"<p>Viikkoharjoitusten vastaukset palautetaan WETO-j\u00e4rjestelm\u00e4\u00e4n viimeist\u00e4\u00e4n harjoitusten julkaisua <strong>seuraavan viikon torstaina klo 23.55<\/strong> ellei toisin tiedoteta. Takarajasta joustetaan vain kunnon syyst\u00e4. Ota hyviss\u00e4 ajoin ennen palautusajan loppumista yhteytt\u00e4 ryhm\u00e4si vet\u00e4j\u00e4\u00e4n, mik\u00e4li tarvitset lis\u00e4aikaa.<\/p>\n<h2>Kurssin WETO-sivuille siirtyminen<\/h2>\n<p>Avaa WETOn aloitussivu (<a href=\"https:\/\/wetodev.sis.uta.fi\/\" target=\"_blank\" rel=\"noopener\">https:\/\/wetodev.sis.uta.fi\/<\/a>), kirjaudu j\u00e4rjestelm\u00e4\u00e4n TUNI-tunnuksella ja valitse <em>Lausekielinen ohjelmointi I 2019<\/em> -linkki. WETO kysyy haluatko rekister\u00f6ity\u00e4 kurssille, jos et ole kirjautunut aiemmin kurssilla k\u00e4ytett\u00e4v\u00e4\u00e4n WETOon. Vastaa t\u00e4ll\u00f6in <em>Register<\/em>.<\/p>\n<p>Huomaa, ett\u00e4 kurssilla k\u00e4ytetet\u00e4\u00e4n eri WETO-versiota kuin Tietotekniikkataidot-kurssilla. P\u00e4\u00e4dyt oikeaan paikkaan varmimmin seuraamalla t\u00e4ss\u00e4 kappaleessa ja harjoitusteht\u00e4viss\u00e4 annettua linkki\u00e4.<\/p>\n<h2>Navigointi<\/h2>\n<p>WETOssa siirryt\u00e4\u00e4n sivulta toiselle linkkej\u00e4 seuraamalla tai valitsemalla v\u00e4lilehti. WETO-sivun yl\u00e4reunassa on polku, jonka linkkej\u00e4 painamalla voi siirty\u00e4 sivustolla yl\u00f6sp\u00e4in. Sivun vasemmassa reunassa olevan navigointivalikon voi avata ja k\u00e4tke\u00e4 tarpeen mukaan.<\/p>\n<h2><a name=\"palautus\"><\/a>Teht\u00e4v\u00e4n ratkaisun palautus<\/h2>\n<p>Valitse kurssin WETO-sivuilla:<\/p>\n<p class=\"sisennys\"><em>Viikkoharjoitukset<\/em> | <em>Harjoitus X<\/em> | <em>Teht\u00e4v\u00e4 Y<\/em><\/p>\n<p>miss\u00e4 <em>X<\/em> on viikkoharjoituksen numero ja <em>Y<\/em> kyseess\u00e4 olevan harjoituksen teht\u00e4v\u00e4n numero.<\/p>\n<p>Valitun teht\u00e4v\u00e4n sivulla avataan <em>Submissions<\/em>-v\u00e4lilehti, jonka <em>Create new submission<\/em> -nappia klikkaamalla luodaan palautus. Palautus n\u00e4kyy k\u00e4ytt\u00e4j\u00e4lle &#8221;laatikkona&#8221;.<\/p>\n<p>Palautukseen liitet\u00e4\u00e4n ratkaisun sis\u00e4lt\u00e4v\u00e4 tiedosto (esimerkiksi pdf-muotoinen vuokaavio). Ratkaisutiedoston liitt\u00e4minen tapahtuu siten, ett\u00e4 tiedosto joko raahataan tiedosto palautuslaatikossa olevaan lis\u00e4yskentt\u00e4\u00e4n tai klikataan lis\u00e4yskentt\u00e4\u00e4 ja valitaan avautuvasta dialogista liitett\u00e4v\u00e4 tiedosto.<\/p>\n<p>Opettajien ty\u00f6n helpottamiseksi liitett\u00e4v\u00e4ss\u00e4 <strong>tiedostossa on oltava vastaus vain kyseiseen teht\u00e4v\u00e4\u00e4n<\/strong>.<\/p>\n<p><strong>Palautukseen tulee liitty\u00e4 aina vain yksi tiedosto<\/strong>. \u00c4l\u00e4 siis liit\u00e4 palatukseen eri versioista ratkaisustasi. Alla on kerrottu mit\u00e4 tehd\u00e4, jos haluat korjata ratkaisuasi.<\/p>\n<p>Kun palautus on valmis, se on viel\u00e4 suljettava klikkaamalla <em>Complete submission <\/em>-nappia. Sulkeminen osoittaa harjoitusryhm\u00e4n vet\u00e4j\u00e4lle, ett\u00e4 palautus on valmis. Sulkemisen j\u00e4lkeen palautuksen tila on <em>Accepted<\/em> ja sen v\u00e4ri on vihre\u00e4. Huomaa, ett\u00e4 <em>Accepted<\/em> ei tarkoita, ett\u00e4 saat palautuksesta pisteen. Kyseess\u00e4 on vain tieto siit\u00e4, ett\u00e4 ratkaisu on luotu onnistuneesti.<\/p>\n<p>Palautuksen tila on <em>Not submitted <\/em>ja sen v\u00e4ri keltainen, jos <em>Complete submission<\/em>-napin painallus unohtuu. Huomaa, ett\u00e4 jos tiedoston siirto on unohtunut, niin palautus on tyhj\u00e4 eik\u00e4 ratkaisua voi sulkea.<\/p>\n<p>Palautuslaatikon lis\u00e4yskent\u00e4ss\u00e4 on on lueteltu sallitut tiedostomuodot. Esimerkiksi vuokaavioita voi palauttaa tekstimuodossa ja kuvina sek\u00e4 pdf- ja rtf-dokumentteina. Microsoft Word -dokumentteja (eli <em>doc<\/em>&#8211; tai <em>docx<\/em>-p\u00e4\u00e4tteisi\u00e4 tiedostoja) ei oteta vastaan miss\u00e4\u00e4n teht\u00e4v\u00e4ss\u00e4.<\/p>\n<h2>Ratkaisun korjaaminen<\/h2>\n<p>Poista vanha ratkaisutiedosto j\u00e4rjestelm\u00e4st\u00e4, mik\u00e4li l\u00f6yd\u00e4t ratkaisusta virheen tai lis\u00e4hiomista vaativan kohdan.<\/p>\n<p>T\u00e4m\u00e4 onnistuu joko poistamalla koko palautus ja tekem\u00e4ll\u00e4 <a href=\"#palautus\">edell\u00e4 kuvatulla tavalla<\/a> uusi tai poistamalla palautuksen vanha tiedosto ja liitt\u00e4m\u00e4ll\u00e4 palautukseen uusi tiedosto.<\/p>\n<p>Koko palautuksen voi poistaa palautuslaatikon vasemmassa yl\u00e4reunassa olevaa rastia klikkaamalla ja valitsemalla <em>Delete<\/em>.<\/p>\n<p>Muista poistaa vanha ratkaisutiedosto, jos muokkaat palautusta. \u00c4l\u00e4 koskaan liit\u00e4 uutta tiedostoa vanhan tiedoston seuraksi samaan palautukseen, jotta opettaja osaa valita tarkistettavaksi oikean tiedoston.<\/p>\n<h2>J\u00e4rjestelm\u00e4st\u00e4 poistuminen<\/h2>\n<p>J\u00e4jestelm\u00e4st\u00e4 kirjaudutaan pois WETO-ikkunan vasemmassa yl\u00e4reunassa n\u00e4kyv\u00e4\u00e4 <em>Logout<\/em>-symbolia tai linkki\u00e4 klikkaamalla.<\/p>\n<h2>Pisteiden tarkistaminen<\/h2>\n<p>Kunkin harjoituskerran pisteet n\u00e4kyv\u00e4t teht\u00e4vitt\u00e4in kunkin harjoitussivun <em>Grading<\/em>-v\u00e4lilehdell\u00e4. Kurssisivujen <em>Ajankohtaista<\/em>-palstalla, kurssin s\u00e4hk\u00f6postilistalla ja luennoilla ilmoitetaan aina, kun pisteet ovat valmiit tarkistettaviksi. Ota yhteytt\u00e4 teht\u00e4v\u00e4n tarkistajaan, mik\u00e4li ep\u00e4ilet tarkistuksessa tapahtuneen virheen. Ota yhteytt\u00e4 ryhm\u00e4n vet\u00e4neeseen opettajaan, jos l\u00e4sn\u00e4olopiste puuttuu.<\/p>\n","protected":false},"excerpt":{"rendered":"<p>Viikkoharjoitusten vastaukset palautetaan WETO-j\u00e4rjestelm\u00e4\u00e4n viimeist\u00e4\u00e4n harjoitusten julkaisua seuraavan viikon torstaina klo 23.55 ellei toisin tiedoteta. Takarajasta joustetaan vain kunnon syyst\u00e4. Ota hyviss\u00e4 ajoin ennen palautusajan loppumista yhteytt\u00e4 ryhm\u00e4si vet\u00e4j\u00e4\u00e4n, mik\u00e4li tarvitset lis\u00e4aikaa. Kurssin WETO-sivuille siirtyminen Avaa WETOn aloitussivu (https:\/\/wetodev.sis.uta.fi\/), kirjaudu j\u00e4rjestelm\u00e4\u00e4n TUNI-tunnuksella ja valitse Lausekielinen ohjelmointi I 2019 -linkki. WETO kysyy haluatko rekister\u00f6ity\u00e4 kurssille, jos &hellip; <a href=\"https:\/\/coursepages2.tuni.fi\/tiep1-1\/syksy-2019\/harjoitukset\/ratkaisujen-palautus\/\" class=\"more-link\">Jatka artikkeliin <span class=\"screen-reader-text\">Ratkaisujen palautus<\/span><\/a><\/p>\n","protected":false},"author":6,"featured_media":0,"parent":80,"menu_order":1,"comment_status":"closed","ping_status":"closed","template":"","meta":{"footnotes":""},"class_list":["post-201","page","type-page","status-publish","hentry"],"_links":{"self":[{"href":"https:\/\/coursepages2.tuni.fi\/tiep1-1\/wp-json\/wp\/v2\/pages\/201","targetHints":{"allow":["GET"]}}],"collection":[{"href":"https:\/\/coursepages2.tuni.fi\/tiep1-1\/wp-json\/wp\/v2\/pages"}],"about":[{"href":"https:\/\/coursepages2.tuni.fi\/tiep1-1\/wp-json\/wp\/v2\/types\/page"}],"author":[{"embeddable":true,"href":"https:\/\/coursepages2.tuni.fi\/tiep1-1\/wp-json\/wp\/v2\/users\/6"}],"replies":[{"embeddable":true,"href":"https:\/\/coursepages2.tuni.fi\/tiep1-1\/wp-json\/wp\/v2\/comments?post=201"}],"version-history":[{"count":2,"href":"https:\/\/coursepages2.tuni.fi\/tiep1-1\/wp-json\/wp\/v2\/pages\/201\/revisions"}],"predecessor-version":[{"id":204,"href":"https:\/\/coursepages2.tuni.fi\/tiep1-1\/wp-json\/wp\/v2\/pages\/201\/revisions\/204"}],"up":[{"embeddable":true,"href":"https:\/\/coursepages2.tuni.fi\/tiep1-1\/wp-json\/wp\/v2\/pages\/80"}],"wp:attachment":[{"href":"https:\/\/coursepages2.tuni.fi\/tiep1-1\/wp-json\/wp\/v2\/media?parent=201"}],"curies":[{"name":"wp","href":"https:\/\/api.w.org\/{rel}","templated":true}]}}