{"id":111,"date":"2019-08-30T00:08:03","date_gmt":"2019-08-29T21:08:03","guid":{"rendered":"https:\/\/coursepages.uta.fi\/tiep1-1\/?page_id=111"},"modified":"2019-10-05T01:20:51","modified_gmt":"2019-10-04T22:20:51","slug":"tehtavat","status":"publish","type":"page","link":"https:\/\/coursepages2.tuni.fi\/tiep1-1\/syksy-2019\/harjoitukset\/tehtavat\/","title":{"rendered":"Teht\u00e4v\u00e4t"},"content":{"rendered":"<p>Harjoitusteht\u00e4v\u00e4t ovat saatavilla Adobe Acrobat (pdf) ja Rich Text Format (rtf) -muodossa. Teht\u00e4vien mallivastaukset julkaistaan WETOssa palautusviikon lopulla.<\/p>\n<p><a href=\"http:\/\/www.sis.uta.fi\/~laki1\/syksy-2019\/harjoitukset\/harjoitus01\/\">Harjoitus 1<\/a><\/p>\n<p><a href=\"http:\/\/www.sis.uta.fi\/~laki1\/syksy-2019\/harjoitukset\/harjoitus02\/\">Harjoitus 2<\/a><\/p>\n<ul>\n<li>Windows-k\u00e4ytt\u00e4jille: <a href=\"http:\/\/www.sis.uta.fi\/%7Elaki1\/syksy-2019\/harjoitukset\/harjoitus02\/windows\/bugeja.py\">bugeja.py<\/a>.<\/li>\n<li>Mac- ja Linux-k\u00e4ytt\u00e4jille: <a href=\"http:\/\/www.sis.uta.fi\/%7Elaki1\/syksy-2019\/harjoitukset\/harjoitus02\/mac-linux\/bugeja.py\">bugeja.py<\/a>.<\/li>\n<\/ul>\n<p><a href=\"http:\/\/www.sis.uta.fi\/~laki1\/syksy-2019\/harjoitukset\/harjoitus03\/\">Harjoitus 3<\/a><\/p>\n<p><a href=\"http:\/\/www.sis.uta.fi\/~laki1\/syksy-2019\/harjoitukset\/harjoitus04\/\">Harjoitus 4<\/a><\/p>\n<p><a href=\"http:\/\/www.sis.uta.fi\/~laki1\/syksy-2019\/harjoitukset\/harjoitus05\/\">Harjoitus 5<\/a><\/p>\n<p><a href=\"http:\/\/www.sis.uta.fi\/~laki1\/syksy-2019\/harjoitukset\/harjoitus06\/\">Harjoitus 6<\/a><\/p>\n","protected":false},"excerpt":{"rendered":"<p>Harjoitusteht\u00e4v\u00e4t ovat saatavilla Adobe Acrobat (pdf) ja Rich Text Format (rtf) -muodossa. Teht\u00e4vien mallivastaukset julkaistaan WETOssa palautusviikon lopulla. Harjoitus 1 Harjoitus 2 Windows-k\u00e4ytt\u00e4jille: bugeja.py. Mac- ja Linux-k\u00e4ytt\u00e4jille: bugeja.py. Harjoitus 3 Harjoitus 4 Harjoitus 5 Harjoitus 6<\/p>\n","protected":false},"author":6,"featured_media":0,"parent":80,"menu_order":0,"comment_status":"closed","ping_status":"closed","template":"","meta":{"footnotes":""},"class_list":["post-111","page","type-page","status-publish","hentry"],"_links":{"self":[{"href":"https:\/\/coursepages2.tuni.fi\/tiep1-1\/wp-json\/wp\/v2\/pages\/111","targetHints":{"allow":["GET"]}}],"collection":[{"href":"https:\/\/coursepages2.tuni.fi\/tiep1-1\/wp-json\/wp\/v2\/pages"}],"about":[{"href":"https:\/\/coursepages2.tuni.fi\/tiep1-1\/wp-json\/wp\/v2\/types\/page"}],"author":[{"embeddable":true,"href":"https:\/\/coursepages2.tuni.fi\/tiep1-1\/wp-json\/wp\/v2\/users\/6"}],"replies":[{"embeddable":true,"href":"https:\/\/coursepages2.tuni.fi\/tiep1-1\/wp-json\/wp\/v2\/comments?post=111"}],"version-history":[{"count":9,"href":"https:\/\/coursepages2.tuni.fi\/tiep1-1\/wp-json\/wp\/v2\/pages\/111\/revisions"}],"predecessor-version":[{"id":368,"href":"https:\/\/coursepages2.tuni.fi\/tiep1-1\/wp-json\/wp\/v2\/pages\/111\/revisions\/368"}],"up":[{"embeddable":true,"href":"https:\/\/coursepages2.tuni.fi\/tiep1-1\/wp-json\/wp\/v2\/pages\/80"}],"wp:attachment":[{"href":"https:\/\/coursepages2.tuni.fi\/tiep1-1\/wp-json\/wp\/v2\/media?parent=111"}],"curies":[{"name":"wp","href":"https:\/\/api.w.org\/{rel}","templated":true}]}}